{"id":65,"date":"2014-09-18T10:12:22","date_gmt":"2014-09-18T10:12:22","guid":{"rendered":"http:\/\/agora.xtec.cat\/cfa-ramonllull\/?page_id=65"},"modified":"2026-04-24T13:46:24","modified_gmt":"2026-04-24T11:46:24","slug":"serveis-digitals","status":"publish","type":"page","link":"https:\/\/agora.xtec.cat\/cfa-ramonllull\/serveis\/serveis-digitals\/","title":{"rendered":"Suports i col\u00b7laboracions en xarxa"},"content":{"rendered":"<p>El <strong>CFA Ramon Llull<\/strong>\u00a0<strong>col\u00b7labora i dona suport a<\/strong>:<\/p>\n<ul>\n<li>L&#8217;<a href=\"http:\/\/ioc.xtec.cat\/educacio\/\" target=\"_blank\" rel=\"noopener noreferrer\">Institut Obert de Catalunya<\/a> (<strong>IOC<\/strong>) permet una formaci\u00f3 a dist\u00e0ncia flexible en funci\u00f3 de la disponibilitat del temps de l&#8217;usuari o alumne.<\/li>\n<li>L&#8217;<a href=\"https:\/\/actic.gencat.cat\/ca\/inici\/\" target=\"_blank\" rel=\"noopener noreferrer\">Acreditaci\u00f3 en Compet\u00e8ncies de Tecnologies de la Informaci\u00f3 i la Comunicaci\u00f3<\/a> (<strong>ACTIC<\/strong>).<\/li>\n<li><a href=\"https:\/\/www.terrassaocupacio.cat\/ca\/inici\/\" target=\"_blank\" rel=\"noopener noreferrer\">Servei d&#8217;Ocupaci\u00f3 de l&#8217;Ajuntament de Terrassa. FOMENT de Terrassa<\/a> i els\u00a0<a href=\"https:\/\/www.terrassaocupacio.cat\/ca\/treball-als-barris\/\" target=\"_blank\" rel=\"noopener noreferrer\">Treball als barris.<\/a><\/li>\n<li><a href=\"https:\/\/www.terrassa.cat\/primera-acollida-ciutadania\" target=\"_blank\" rel=\"noopener\">Servei de Primera Acollida de l&#8217;Ajuntament de Terrassa.<\/a> Col\u00b7laboraci\u00f3 per atendre necessitats formatives de persones nouvingudes que volen aprendre la llengua catalana (des del curs 2025-26).<\/li>\n<li><a href=\"https:\/\/www.terrassa.cat\/consell-municipal-llengua\" target=\"_blank\" rel=\"noopener\">Consell Municipal per la Llengua Catalana de Terrassa<\/a>, a la Comissi\u00f3 de Nouvinguts.<\/li>\n<li>Mostra d&#8217;entitats del Districte 4 organitzada per AV Ca n&#8217;Aurell, per fer difusi\u00f3 del centre i de les seves activitats educatives (mostra anual).<\/li>\n<li><a href=\"https:\/\/www.terrassa.cat\/bd4\" target=\"_blank\" rel=\"noopener\">Biblioteca Districte 4<\/a>. Treball en xarxa per desplegar el pla lector del centre.<\/li>\n<li>Cap Oest del Districte 4 (Figura REBEC i nutricionista).<\/li>\n<li>Escoles de l&#8217;entorn proper per dur a terme activitats col\u00b7laboratives amb l&#8217;alumnat (Salesianes).<\/li>\n<li><a href=\"https:\/\/educacio.gencat.cat\/ca\/serveis-tramits\/formacio-digital\/\" target=\"_blank\" rel=\"noopener\">Xarxa de centres de capalcitaci\u00f3 digital de Catalunya.<\/a><\/li>\n<li>Col\u00b7laboraci\u00f3 amb el CENTRO QUALIFICA , <em>Instituto de Educa\u00e7\u00e3o e Forma\u00e7\u00e3o do Sorraia, Lda <\/em>Escola Profissional de Salvaterra de Magos de Portugal (Escola participant al projecte Erasmus+) com a centre acollidor durant el curs 2025-26. El centre visitant va participar en el programa d&#8217;activitats conjuntes planificades pel CFA Ramon Llull i en l&#8217;intercanvi d&#8217;experi\u00e8ncies.<\/li>\n<\/ul>\n","protected":false},"excerpt":{"rendered":"<p>El CFA Ramon Llull\u00a0col\u00b7labora i dona suport a:<\/p>\n<ul>\n<li>L&#8217;<a href=\"http:\/\/ioc.xtec.cat\/educacio\/\" target=\"_blank\" rel=\"noopener noreferrer\">Institut Obert de Catalunya<\/a> (IOC) permet una formaci\u00f3 a dist\u00e0ncia flexible en funci\u00f3 de la disponibilitat del temps de l&#8217;usuari o alumne.<\/li>\n<li>L&#8217;<a href=\"https:\/\/actic.gencat.cat\/ca\/inici\/\" target=\"_blank\" rel=\"noopener noreferrer\">Acreditaci\u00f3 en Compet\u00e8ncies de Tecnologies de la Informaci\u00f3 i&hellip;  <a href=\"https:\/\/agora.xtec.cat\/cfa-ramonllull\/serveis\/serveis-digitals\/\" title=\"Read Suports i col\u00b7laboracions en xarxa\">Llegeix m\u00e9s\u00bb<\/a><br \/>\n","protected":false},"author":1,"featured_media":0,"parent":63,"menu_order":8,"comment_status":"closed","ping_status":"closed","template":"page-templates\/side-menu.php","meta":{"_bbp_topic_count":0,"_bbp_reply_count":0,"_bbp_total_topic_count":0,"_bbp_total_reply_count":0,"_bbp_voice_count":0,"_bbp_anonymous_reply_count":0,"_bbp_topic_count_hidden":0,"_bbp_reply_count_hidden":0,"_bbp_forum_subforum_count":0,"footnotes":""},"class_list":["post-65","page","type-page","status-publish","hentry"],"post_mailing_queue_ids":[],"_links":{"self":[{"href":"https:\/\/agora.xtec.cat\/cfa-ramonllull\/wp-json\/wp\/v2\/pages\/65","targetHints":{"allow":["GET"]}}],"collection":[{"href":"https:\/\/agora.xtec.cat\/cfa-ramonllull\/wp-json\/wp\/v2\/pages"}],"about":[{"href":"https:\/\/agora.xtec.cat\/cfa-ramonllull\/wp-json\/wp\/v2\/types\/page"}],"author":[{"embeddable":true,"href":"https:\/\/agora.xtec.cat\/cfa-ramonllull\/wp-json\/wp\/v2\/users\/1"}],"replies":[{"embeddable":true,"href":"https:\/\/agora.xtec.cat\/cfa-ramonllull\/wp-json\/wp\/v2\/comments?post=65"}],"version-history":[{"count":6,"href":"https:\/\/agora.xtec.cat\/cfa-ramonllull\/wp-json\/wp\/v2\/pages\/65\/revisions"}],"predecessor-version":[{"id":2821,"href":"https:\/\/agora.xtec.cat\/cfa-ramonllull\/wp-json\/wp\/v2\/pages\/65\/revisions\/2821"}],"up":[{"embeddable":true,"href":"https:\/\/agora.xtec.cat\/cfa-ramonllull\/wp-json\/wp\/v2\/pages\/63"}],"wp:attachment":[{"href":"https:\/\/agora.xtec.cat\/cfa-ramonllull\/wp-json\/wp\/v2\/media?parent=65"}],"curies":[{"name":"wp","href":"https:\/\/api.w.org\/{rel}","templated":true}]}}