{"id":626,"date":"2016-05-13T15:36:05","date_gmt":"2016-05-13T14:36:05","guid":{"rendered":"http:\/\/agora.xtec.cat\/cfa-ramonllull\/?page_id=626"},"modified":"2025-07-16T16:09:27","modified_gmt":"2025-07-16T14:09:27","slug":"oferta-formativa","status":"publish","type":"page","link":"https:\/\/agora.xtec.cat\/cfa-ramonllull\/ensenyaments\/oferta-formativa\/","title":{"rendered":"Horaris de l&#8217;oferta formativa"},"content":{"rendered":"<p style=\"text-align: center;\"><span style=\"font-family: Calibri Light, sans-serif;\"><b><span style=\"font-size: large;\">HORARIS OFERTA FORMATIVA CURS 2025-2026<\/span><\/b><\/span><\/p>\n<table width=\"100%\" cellspacing=\"0\" cellpadding=\"6\">\n<tbody>\n<tr>\n<td style=\"background: #ffe994;\" colspan=\"3\" valign=\"top\" bgcolor=\"#ffe994\" width=\"100%\">\n<p lang=\"ca-ES\" align=\"center\"><span style=\"font-family: Calibri Light, sans-serif;\"><b>COMPETIC<\/b><\/span><\/p>\n<\/td>\n<\/tr>\n<tr valign=\"top\">\n<td style=\"background: #fff5ce;\" bgcolor=\"#fff5ce\" width=\"26%\">\n<p lang=\"ca-ES\" align=\"center\"><span style=\"font-family: Calibri Light, sans-serif;\"><b>GRUP<\/b><\/span><\/p>\n<\/td>\n<td style=\"background: #fff5ce;\" bgcolor=\"#fff5ce\" width=\"40%\">\n<p lang=\"ca-ES\" align=\"center\"><span style=\"font-family: Calibri Light, sans-serif;\"><b>DIES<\/b><\/span><\/p>\n<\/td>\n<td style=\"background: #fff5ce;\" bgcolor=\"#fff5ce\" width=\"33%\">\n<p lang=\"ca-ES\" align=\"center\"><span style=\"font-family: Calibri Light, sans-serif;\"><b>HORARI<\/b><\/span><\/p>\n<\/td>\n<\/tr>\n<tr>\n<td style=\"background: #fff5ce;\">\n<p lang=\"ca-ES\" align=\"left\"><span style=\"font-family: Calibri Light, sans-serif;\"><b>COMPETIC INICIAL TARDA<\/b><\/span><\/p>\n<\/td>\n<td>\n<p lang=\"ca-ES\" align=\"center\"><span style=\"font-family: Calibri Light, sans-serif;\">dimarts i dijous <\/span><\/p>\n<\/td>\n<td>\n<p lang=\"ca-ES\" align=\"center\"><span style=\"font-family: Calibri Light, sans-serif;\"><span style=\"font-size: medium;\">17.00-18.30<\/span><\/span><\/p>\n<\/td>\n<\/tr>\n<tr>\n<td style=\"background: #fff5ce;\" valign=\"top\" bgcolor=\"#fff5ce\" width=\"26%\">\n<p lang=\"ca-ES\" align=\"left\"><span style=\"font-family: Calibri Light, sans-serif;\"><b>COMPETIC 1 MAT\u00cd<\/b><\/span><\/p>\n<\/td>\n<td width=\"40%\">\n<p lang=\"ca-ES\" align=\"center\"><span style=\"font-family: Calibri Light, sans-serif;\">dimecres i divendres<\/span><\/p>\n<\/td>\n<td width=\"33%\">\n<p lang=\"ca-ES\" align=\"center\"><span style=\"font-family: Calibri Light, sans-serif;\"><span style=\"font-size: medium;\">9.00 -10.30<\/span><\/span><\/p>\n<\/td>\n<\/tr>\n<tr>\n<td style=\"background: #fff5ce;\" valign=\"top\" bgcolor=\"#fff5ce\" width=\"26%\">\n<p lang=\"ca-ES\" align=\"left\"><span style=\"font-family: Calibri Light, sans-serif;\"><b>COMPETIC 2 MAT\u00cd\u00a0 &#8211; <\/b><\/span><span style=\"font-family: Calibri Light, sans-serif;\"><b>semipresencial<\/b><\/span><\/p>\n<\/td>\n<td width=\"40%\">\n<p lang=\"ca-ES\" align=\"center\"><span style=\"font-family: Calibri Light, sans-serif;\">dimecres i divendres<\/span><\/p>\n<\/td>\n<td width=\"33%\">\n<p lang=\"ca-ES\" align=\"center\"><span style=\"font-family: Calibri Light, sans-serif;\"><span style=\"font-size: medium;\">10.30-12.30<\/span><\/span><\/p>\n<\/td>\n<\/tr>\n<tr>\n<td style=\"background: #fff5ce;\" valign=\"top\" bgcolor=\"#fff5ce\" width=\"26%\">\n<p lang=\"ca-ES\" align=\"left\"><span style=\"font-family: Calibri Light, sans-serif;\"><b>COMPETIC 2 TARDA\u00a0 &#8211; <\/b><\/span><span style=\"font-family: Calibri Light, sans-serif;\"><b>semipresencial<\/b><\/span><\/p>\n<\/td>\n<td width=\"40%\">\n<p lang=\"ca-ES\" align=\"center\"><span style=\"font-family: Calibri Light, sans-serif;\">dilluns i dimecres<\/span><\/p>\n<\/td>\n<td width=\"33%\">\n<p lang=\"ca-ES\" align=\"center\"><span style=\"font-family: Calibri Light, sans-serif;\"><span style=\"font-size: medium;\">15.00-17.00<\/span><\/span><\/p>\n<\/td>\n<\/tr>\n<tr>\n<td style=\"background: #fff5ce;\" valign=\"top\" bgcolor=\"#fff5ce\" width=\"26%\">\n<p lang=\"ca-ES\" align=\"left\"><span style=\"font-family: Calibri Light, sans-serif;\"><b>COMPETIC 3 TARDA\u00a0 &#8211; <\/b><\/span><span style=\"font-family: Calibri Light, sans-serif;\"><b>semipresencial<\/b><\/span><\/p>\n<\/td>\n<td width=\"40%\">\n<p lang=\"ca-ES\" align=\"center\"><span style=\"font-family: Calibri Light, sans-serif;\">dimarts i dijous<\/span><\/p>\n<\/td>\n<td width=\"33%\">\n<p lang=\"ca-ES\" align=\"center\"><span style=\"font-family: Calibri Light, sans-serif;\"><span style=\"font-size: medium;\">15.30-17.00<\/span><\/span><\/p>\n<\/td>\n<\/tr>\n<\/tbody>\n<\/table>\n<table width=\"100%\" cellspacing=\"0\" cellpadding=\"6\">\n<tbody>\n<tr>\n<td style=\"background: #d4ea6b;\" colspan=\"3\" valign=\"top\" bgcolor=\"#d4ea6b\" width=\"100%\">\n<p lang=\"ca-ES\" align=\"center\"><span style=\"font-family: Calibri Light, sans-serif;\"><b>ANGL\u00c8S<\/b><\/span><\/p>\n<\/td>\n<\/tr>\n<tr valign=\"top\">\n<td style=\"background: #e8f2a1;\" bgcolor=\"#e8f2a1\" width=\"26%\">\n<p lang=\"ca-ES\" align=\"center\"><span style=\"font-family: Calibri Light, sans-serif;\"><b>GRUP<\/b><\/span><\/p>\n<\/td>\n<td style=\"background: #e8f2a1;\" bgcolor=\"#e8f2a1\" width=\"40%\">\n<p lang=\"ca-ES\" align=\"center\"><span style=\"font-family: Calibri Light, sans-serif;\"><b>DIES<\/b><\/span><\/p>\n<\/td>\n<td style=\"background: #e8f2a1;\" bgcolor=\"#e8f2a1\" width=\"33%\">\n<p lang=\"ca-ES\" align=\"center\"><span style=\"font-family: Calibri Light, sans-serif;\"><b>HORARI<\/b><\/span><\/p>\n<\/td>\n<\/tr>\n<tr>\n<td style=\"background: #e8f2a1;\" valign=\"top\" bgcolor=\"#e8f2a1\" width=\"26%\">\n<p lang=\"ca-ES\" align=\"left\"><span style=\"font-family: Calibri Light, sans-serif;\"><b>ANGL\u00c8S 1 MAT\u00cd<\/b><\/span><\/p>\n<\/td>\n<td width=\"40%\">\n<p lang=\"ca-ES\" align=\"center\"><span style=\"font-family: Calibri Light, sans-serif;\"><span style=\"font-size: medium;\">dimarts i dijous<\/span><\/span><\/p>\n<\/td>\n<td width=\"33%\">\n<p lang=\"ca-ES\" align=\"center\"><span style=\"font-family: Calibri Light, sans-serif;\"><span style=\"font-size: medium;\">11.00-12.30<\/span><\/span><\/p>\n<\/td>\n<\/tr>\n<tr>\n<td style=\"background: #e8f2a1;\" valign=\"top\" bgcolor=\"#e8f2a1\" width=\"26%\">\n<p lang=\"ca-ES\" align=\"left\"><span style=\"font-family: Calibri Light, sans-serif;\"><b>ANGL\u00c8S 1 TARDA<\/b><\/span><\/p>\n<\/td>\n<td width=\"40%\">\n<p lang=\"ca-ES\" align=\"center\"><span style=\"font-family: Calibri Light, sans-serif;\"><span style=\"font-size: medium;\">dimarts i dijous<\/span><\/span><\/p>\n<\/td>\n<td width=\"33%\">\n<p lang=\"ca-ES\" align=\"center\"><span style=\"font-family: Calibri Light, sans-serif;\"><span style=\"font-size: medium;\">17.00-18.30<\/span><\/span><\/p>\n<\/td>\n<\/tr>\n<tr>\n<td style=\"background: #e8f2a1;\" valign=\"top\" bgcolor=\"#e8f2a1\" width=\"26%\">\n<p lang=\"ca-ES\" align=\"left\"><span style=\"font-family: Calibri Light, sans-serif;\"><b>ANGL\u00c8S 2 MAT\u00cd<\/b><\/span><\/p>\n<\/td>\n<td width=\"40%\">\n<p lang=\"ca-ES\" align=\"center\"><span style=\"font-family: Calibri Light, sans-serif;\"><span style=\"font-size: medium;\">dimecres i divendres<\/span><\/span><\/p>\n<\/td>\n<td width=\"33%\">\n<p lang=\"ca-ES\" align=\"center\"><span style=\"font-family: Calibri Light, sans-serif;\"><span style=\"font-size: medium;\">9.00-11.00<\/span><\/span><\/p>\n<\/td>\n<\/tr>\n<tr>\n<td style=\"background: #e8f2a1;\" valign=\"top\" bgcolor=\"#e8f2a1\" width=\"26%\">\n<p lang=\"ca-ES\" align=\"left\"><span style=\"font-family: Calibri Light, sans-serif;\"><b>ANGL\u00c8S 3 MAT\u00cd<\/b><\/span><\/p>\n<\/td>\n<td width=\"40%\">\n<p lang=\"ca-ES\" align=\"center\"><span style=\"font-family: Calibri Light, sans-serif;\"><span style=\"font-size: medium;\">dimecres i divendres<\/span><\/span><\/p>\n<\/td>\n<td width=\"33%\">\n<p lang=\"ca-ES\" align=\"center\"><span style=\"font-family: Calibri Light, sans-serif;\"><span style=\"font-size: medium;\">10.30-12.30<\/span><\/span><\/p>\n<\/td>\n<\/tr>\n<tr>\n<td style=\"background: #e8f2a1;\" valign=\"top\" bgcolor=\"#e8f2a1\" width=\"26%\">\n<p lang=\"ca-ES\" align=\"left\"><span style=\"font-family: Calibri Light, sans-serif;\"><b>ANGL\u00c8S 3 TARDA<\/b><\/span><\/p>\n<\/td>\n<td width=\"40%\">\n<p lang=\"ca-ES\" align=\"center\"><span style=\"font-family: Calibri Light, sans-serif;\"><span style=\"font-size: medium;\">dilluns i dimecres<\/span><\/span><\/p>\n<\/td>\n<td width=\"33%\">\n<p lang=\"ca-ES\" align=\"center\"><span style=\"font-family: Calibri Light, sans-serif;\"><span style=\"font-size: medium;\">18.00-20.00<\/span><\/span><\/p>\n<\/td>\n<\/tr>\n<\/tbody>\n<\/table>\n<h5><\/h5>\n<table width=\"100%\" cellspacing=\"0\" cellpadding=\"6\">\n<tbody>\n<tr>\n<td style=\"background: #f68ff1;\" colspan=\"3\" valign=\"top\" bgcolor=\"#f68ff1\" width=\"100%\">\n<p lang=\"ca-ES\" align=\"center\"><span style=\"font-family: Calibri Light, sans-serif;\"><b>CASTELL\u00c0<\/b><\/span><\/p>\n<\/td>\n<\/tr>\n<tr valign=\"top\">\n<td style=\"background: #f8c6f8;\" bgcolor=\"#f8c6f8\" width=\"26%\">\n<p lang=\"ca-ES\" align=\"center\"><span style=\"font-family: Calibri Light, sans-serif;\"><b>GRUP<\/b><\/span><\/p>\n<\/td>\n<td style=\"background: #f8c6f8;\" bgcolor=\"#f8c6f8\" width=\"40%\">\n<p lang=\"ca-ES\" align=\"center\"><span style=\"font-family: Calibri Light, sans-serif;\"><b>DIES<\/b><\/span><\/p>\n<\/td>\n<td style=\"background: #f8c6f8;\" bgcolor=\"#f8c6f8\" width=\"33%\">\n<p lang=\"ca-ES\" align=\"center\"><span style=\"font-family: Calibri Light, sans-serif;\"><b>HORARI<\/b><\/span><\/p>\n<\/td>\n<\/tr>\n<tr>\n<td style=\"background: #f8c6f8;\" valign=\"top\" bgcolor=\"#f8c6f8\" width=\"26%\">\n<p lang=\"ca-ES\" align=\"left\"><span style=\"font-family: Calibri Light, sans-serif;\"><b>CASTELL\u00c0 1 MAT\u00cd<\/b><\/span><\/p>\n<\/td>\n<td width=\"40%\">\n<p lang=\"ca-ES\" align=\"center\"><span style=\"font-family: Calibri Light, sans-serif;\"><span style=\"font-size: medium;\">dimecres i divendres<\/span><\/span><\/p>\n<\/td>\n<td width=\"33%\">\n<p lang=\"ca-ES\" align=\"center\"><span style=\"font-family: Calibri Light, sans-serif;\"><span style=\"font-size: medium;\">11.00-12.30<\/span><\/span><\/p>\n<\/td>\n<\/tr>\n<tr>\n<td style=\"background: #f8c6f8;\" valign=\"top\" bgcolor=\"#f8c6f8\" width=\"26%\">\n<p lang=\"ca-ES\" align=\"left\"><span style=\"font-family: Calibri Light, sans-serif;\"><b>CASTELL\u00c0 1 TARDA<\/b><\/span><\/p>\n<\/td>\n<td width=\"40%\">\n<p lang=\"ca-ES\" align=\"center\"><span style=\"font-family: Calibri Light, sans-serif;\"><span style=\"font-size: medium;\">dilluns i dimecres<\/span><\/span><\/p>\n<\/td>\n<td width=\"33%\">\n<p lang=\"ca-ES\" align=\"center\"><span style=\"font-family: Calibri Light, sans-serif;\"><span style=\"font-size: medium;\">15.00-16.30<\/span><\/span><\/p>\n<\/td>\n<\/tr>\n<tr>\n<td style=\"background: #f8c6f8;\" valign=\"top\" bgcolor=\"#f8c6f8\" width=\"26%\">\n<p lang=\"ca-ES\" align=\"left\"><span style=\"font-family: Calibri Light, sans-serif;\"><b>CASTELL\u00c0 2 TARDA<\/b><\/span><\/p>\n<\/td>\n<td width=\"40%\">\n<p lang=\"ca-ES\" align=\"center\"><span style=\"font-family: Calibri Light, sans-serif;\"><span style=\"font-size: medium;\">dimarts i dijous<\/span><\/span><\/p>\n<\/td>\n<td width=\"33%\">\n<p lang=\"ca-ES\" align=\"center\"><span style=\"font-family: Calibri Light, sans-serif;\"><span style=\"font-size: medium;\">15.00-17.00<\/span><\/span><\/p>\n<\/td>\n<\/tr>\n<tr>\n<td style=\"background: #f8c6f8;\" valign=\"top\" bgcolor=\"#f8c6f8\" width=\"26%\">\n<p lang=\"ca-ES\" align=\"left\"><span style=\"font-family: Calibri Light, sans-serif;\"><b>CASTELL\u00c0 3 TARDA<\/b><\/span><\/p>\n<\/td>\n<td width=\"40%\">\n<p lang=\"ca-ES\" align=\"center\"><span style=\"font-family: Calibri Light, sans-serif;\"><span style=\"font-size: medium;\">dilluns i dimecres<\/span><\/span><\/p>\n<\/td>\n<td width=\"33%\">\n<p lang=\"ca-ES\" align=\"center\"><span style=\"font-family: Calibri Light, sans-serif;\"><span style=\"font-size: medium;\">15.00-17.00<\/span><\/span><\/p>\n<\/td>\n<\/tr>\n<\/tbody>\n<\/table>\n<table width=\"100%\" cellspacing=\"0\" cellpadding=\"6\">\n<tbody>\n<tr>\n<td style=\"background: #40eafb;\" colspan=\"3\" valign=\"top\" bgcolor=\"#40eafb\" width=\"100%\">\n<p lang=\"ca-ES\" align=\"center\"><span style=\"font-family: Calibri Light, sans-serif;\"><b>CATAL\u00c0<\/b><\/span><\/p>\n<\/td>\n<\/tr>\n<tr valign=\"top\">\n<td style=\"background: #a5f1fb;\" bgcolor=\"#a5f1fb\" width=\"26%\">\n<p lang=\"ca-ES\" align=\"center\"><span style=\"font-family: Calibri Light, sans-serif;\"><b>GRUP<\/b><\/span><\/p>\n<\/td>\n<td style=\"background: #a5f1fb;\" bgcolor=\"#a5f1fb\" width=\"40%\">\n<p lang=\"ca-ES\" align=\"center\"><span style=\"font-family: Calibri Light, sans-serif;\"><b>DIES<\/b><\/span><\/p>\n<\/td>\n<td style=\"background: #a5f1fb;\" bgcolor=\"#a5f1fb\" width=\"33%\">\n<p lang=\"ca-ES\" align=\"center\"><span style=\"font-family: Calibri Light, sans-serif;\"><b>HORARI<\/b><\/span><\/p>\n<\/td>\n<\/tr>\n<tr>\n<td style=\"background: #a5f1fb;\" valign=\"top\" bgcolor=\"#a5f1fb\" width=\"26%\">\n<p lang=\"ca-ES\" align=\"left\"><span style=\"font-family: Calibri Light, sans-serif;\"><b>CATAL\u00c0 1 MAT\u00cd\u00a0 &#8211; QUADRIMESTRAL\u00a0 (setembre &#8211; gener)<\/b><\/span><\/p>\n<\/td>\n<td width=\"40%\">\n<p lang=\"ca-ES\" align=\"center\"><span style=\"font-family: Calibri Light, sans-serif;\"><span style=\"font-size: medium;\">dilluns, dimarts i dijous<\/span><\/span><\/p>\n<\/td>\n<td width=\"33%\">\n<p lang=\"ca-ES\" align=\"center\"><span style=\"font-family: Calibri Light, sans-serif;\"><span style=\"font-size: medium;\">9.00-11.00<\/span><\/span><\/p>\n<\/td>\n<\/tr>\n<tr>\n<td style=\"background: #a5f1fb;\">\n<p lang=\"ca-ES\" align=\"left\"><span style=\"font-family: Calibri Light, sans-serif;\"><b>CATAL\u00c0 1 MAT\u00cd\u00a0 &#8211; QUADRIMESTRAL\u00a0 (febrer- juny)<\/b><\/span><\/p>\n<\/td>\n<td>\n<p lang=\"ca-ES\" align=\"center\"><span style=\"font-family: Calibri Light, sans-serif;\"><span style=\"font-size: medium;\">dilluns, dimarts i dijous<\/span><\/span><\/p>\n<\/td>\n<td>\n<p lang=\"ca-ES\" align=\"center\"><span style=\"font-family: Calibri Light, sans-serif;\"><span style=\"font-size: medium;\">9.00-11.00<\/span><\/span><\/p>\n<\/td>\n<\/tr>\n<tr>\n<td style=\"background: #a5f1fb;\" valign=\"top\" bgcolor=\"#a5f1fb\" width=\"26%\">\n<p lang=\"ca-ES\" align=\"left\"><span style=\"font-family: Calibri Light, sans-serif;\"><b>CATAL\u00c0 2 MAT\u00cd<\/b><\/span><\/p>\n<\/td>\n<td width=\"40%\">\n<p lang=\"ca-ES\" align=\"center\"><span style=\"font-family: Calibri Light, sans-serif;\"><span style=\"font-size: medium;\">dimecres i divendres<\/span><\/span><\/p>\n<\/td>\n<td width=\"33%\">\n<p lang=\"ca-ES\" align=\"center\"><span style=\"font-family: Calibri Light, sans-serif;\"><span style=\"font-size: medium;\">9.00-11.00<\/span><\/span><\/p>\n<\/td>\n<\/tr>\n<tr>\n<td style=\"background: #a5f1fb;\" valign=\"top\" bgcolor=\"#a5f1fb\" width=\"26%\">\n<p lang=\"ca-ES\" align=\"left\"><span style=\"font-family: Calibri Light, sans-serif;\"><b>CATAL\u00c0 3 TARDA<\/b><\/span><\/p>\n<\/td>\n<td width=\"40%\">\n<p lang=\"ca-ES\" align=\"center\"><span style=\"font-family: Calibri Light, sans-serif;\"><span style=\"font-size: medium;\">dilluns i dimecres<\/span><\/span><\/p>\n<\/td>\n<td width=\"33%\">\n<p lang=\"ca-ES\" align=\"center\"><span style=\"font-family: Calibri Light, sans-serif;\"><span style=\"font-size: medium;\">15.00-17.00<\/span><\/span><\/p>\n<\/td>\n<\/tr>\n<\/tbody>\n<\/table>\n<table width=\"100%\" cellspacing=\"0\" cellpadding=\"6\">\n<tbody>\n<tr>\n<td style=\"background: #ff6d6d;\" colspan=\"3\" valign=\"top\" bgcolor=\"#ff6d6d\" width=\"100%\">\n<p lang=\"ca-ES\" align=\"center\"><span style=\"font-family: Calibri Light, sans-serif;\"><b>CURS DE PREPARACI\u00d3 PER A LES PROVES D\u2019ACC\u00c9S A CICLES FORMATIUS<\/b><\/span><\/p>\n<\/td>\n<\/tr>\n<tr valign=\"top\">\n<td style=\"background: #ffa6a6;\" bgcolor=\"#ffa6a6\" width=\"26%\">\n<p lang=\"ca-ES\" align=\"center\"><span style=\"font-family: Calibri Light, sans-serif;\"><b>GRUP<\/b><\/span><\/p>\n<\/td>\n<td style=\"background: #ffa6a6;\" bgcolor=\"#ffa6a6\" width=\"40%\">\n<p lang=\"ca-ES\" align=\"center\"><span style=\"font-family: Calibri Light, sans-serif;\"><b>DIES<\/b><\/span><\/p>\n<\/td>\n<td style=\"background: #ffa6a6;\" bgcolor=\"#ffa6a6\" width=\"33%\">\n<p lang=\"ca-ES\" align=\"center\"><span style=\"font-family: Calibri Light, sans-serif;\"><b>HORARI<\/b><\/span><\/p>\n<\/td>\n<\/tr>\n<tr>\n<td style=\"background: #ffa6a6;\" valign=\"top\" bgcolor=\"#ffa6a6\" width=\"26%\">\n<p lang=\"ca-ES\" align=\"left\"><span style=\"font-family: Calibri Light, sans-serif;\"><b>PPACFGM (grau mitj\u00e0)<\/b><\/span><\/p>\n<\/td>\n<td width=\"40%\">\n<p lang=\"ca-ES\" align=\"center\"><span style=\"font-family: Calibri Light, sans-serif;\"><span style=\"font-size: medium;\">De dilluns a dijous<\/span><\/span><\/p>\n<\/td>\n<td width=\"33%\">\n<p lang=\"ca-ES\" align=\"center\"><span style=\"font-family: Calibri Light, sans-serif;\"><span style=\"font-size: medium;\">De 17.00 -21.00 aprox.<\/span><\/span><\/p>\n<\/td>\n<\/tr>\n<tr>\n<td style=\"background: #ffa6a6;\" valign=\"top\" bgcolor=\"#ffa6a6\" width=\"26%\">\n<p lang=\"ca-ES\" align=\"left\"><span style=\"font-family: Calibri Light, sans-serif;\"><b>PPACFGS (grau superior)<\/b><\/span><\/p>\n<\/td>\n<td width=\"40%\">\n<p lang=\"ca-ES\" align=\"center\"><span style=\"font-family: Calibri Light, sans-serif;\"><span style=\"font-size: medium;\">De dilluns a dijous<\/span><\/span><\/p>\n<\/td>\n<td width=\"33%\">\n<p lang=\"ca-ES\" align=\"center\"><span style=\"font-family: Calibri Light, sans-serif;\"><span style=\"font-size: medium;\">De 17.00 -21.00 aprox.<\/span><\/span><\/p>\n<\/td>\n<\/tr>\n<\/tbody>\n<\/table>\n<table width=\"100%\" cellspacing=\"0\" cellpadding=\"6\">\n<tbody>\n<tr>\n<td style=\"background: #24fb9e;\" colspan=\"2\" valign=\"top\" bgcolor=\"#24fb9e\" width=\"100%\">\n<p lang=\"ca-ES\" align=\"center\"><span style=\"font-family: Calibri Light, sans-serif;\"><b>CENTRE COL\u00b7LABORADOR<\/b><\/span><\/p>\n<\/td>\n<\/tr>\n<tr>\n<td style=\"background: #a6ffcd;\" valign=\"top\" bgcolor=\"#a6ffcd\" width=\"26%\">\n<p lang=\"ca-ES\" align=\"left\"><span style=\"font-family: Calibri Light, sans-serif;\"><b>Graduat en Educaci\u00f3 <\/b><\/span><\/p>\n<p lang=\"ca-ES\" align=\"left\"><span style=\"font-family: Calibri Light, sans-serif;\"><b>Secund\u00e0ria <\/b><\/span><\/p>\n<\/td>\n<td width=\"74%\">\n<p lang=\"ca-ES\" align=\"center\"><span style=\"font-family: Calibri Light, sans-serif;\"><span style=\"font-size: medium;\">A dist\u00e0ncia a trav\u00e9s de l\u2019Institut Obert de Catalunya (IOC). El CFA Ramon Llull tutoritza la teva formaci\u00f3.<\/span><\/span><\/p>\n<\/td>\n<\/tr>\n<tr>\n<td style=\"background: #a6ffcd;\" valign=\"top\" bgcolor=\"#a6ffcd\" width=\"26%\">\n<p lang=\"ca-ES\" align=\"left\"><span style=\"font-family: Calibri Light, sans-serif;\"><b>PROVES ACTIC. Nivell b\u00e0sic, mitj\u00e0 i avan\u00e7at.<\/b><\/span><\/p>\n<\/td>\n<td width=\"74%\">\n<p lang=\"ca-ES\" align=\"center\"><span style=\"font-family: Calibri Light, sans-serif;\"><span style=\"font-size: medium;\">\u00daltim divendres de cada mes (10.00-12.30) al CFA Ramon Llull<\/span><\/span><\/p>\n<\/td>\n<\/tr>\n<tr>\n<td style=\"background: #a6ffcd;\">\n<p lang=\"ca-ES\" align=\"left\"><span style=\"font-family: Calibri Light, sans-serif;\"><b>Centre de capacitaci\u00f3 digital\u00a0 &#8211; cursos per a adults i joves de curta durada<\/b><\/span><\/p>\n<\/td>\n<td>\n<p lang=\"ca-ES\" align=\"center\"><span style=\"font-family: Calibri Light, sans-serif;\"><span style=\"font-size: medium;\">Dijous (9.00-11.00\/11.00-13.00)<\/span><\/span><\/p>\n<\/td>\n<\/tr>\n<\/tbody>\n<\/table>\n<p>&nbsp;<\/p>\n","protected":false},"excerpt":{"rendered":"<p>HORARIS OFERTA FORMATIVA CURS 2025-2026<\/p>\n<p>COMPETIC<\/p>\n<p>GRUP<\/p>\n<p>DIES<\/p>\n<p>HORARI<\/p>\n<p>COMPETIC INICIAL TARDA<\/p>\n<p>dimarts i dijous <\/p>\n<p>17.00-18.30<\/p>\n<p>COMPETIC 1 MAT\u00cd<\/p>\n<p>dimecres i divendres<\/p>\n<p>9.00 -10.30<\/p>\n<p>COMPETIC 2 MAT\u00cd\u00a0 &#8211; semipresencial<\/p>\n<p>dimecres i divendres<\/p>\n<p>10.30-12.30<\/p>\n<p>COMPETIC 2 TARDA\u00a0 &#8211; semipresencial<\/p>\n<p>dilluns i dimecres<\/p>\n<p>15.00-17.00<\/p>\n<p>COMPETIC 3 TARDA\u00a0 &#8211; semipresencial<\/p>\n<p>dimarts i dijous<\/p>\n<p>15.30-17.00<\/p>\n<p>ANGL\u00c8S<\/p>\n<p>GRUP<\/p>\n<p>DIES<\/p>\n<p>HORARI<\/p>\n<p>ANGL\u00c8S 1 MAT\u00cd<\/p>\n<p>dimarts i dijous<\/p>\n<p>11.00-12.30<\/p>\n<p>ANGL\u00c8S 1 TARDA<\/p>\n<p>dimarts i dijous<\/p>\n<p>17.00-18.30<\/p>\n<p>ANGL\u00c8S 2 MAT\u00cd<\/p>\n<p>dimecres i divendres<\/p>\n<p>9.00-11.00<\/p>\n<p>ANGL\u00c8S&hellip;  <a href=\"https:\/\/agora.xtec.cat\/cfa-ramonllull\/ensenyaments\/oferta-formativa\/\" title=\"Read Horaris de l&#8217;oferta formativa\">Llegeix m\u00e9s\u00bb<\/a><\/p>\n","protected":false},"author":1,"featured_media":0,"parent":274,"menu_order":1,"comment_status":"closed","ping_status":"closed","template":"page-templates\/side-menu.php","meta":{"_bbp_topic_count":0,"_bbp_reply_count":0,"_bbp_total_topic_count":0,"_bbp_total_reply_count":0,"_bbp_voice_count":0,"_bbp_anonymous_reply_count":0,"_bbp_topic_count_hidden":0,"_bbp_reply_count_hidden":0,"_bbp_forum_subforum_count":0,"footnotes":""},"class_list":["post-626","page","type-page","status-publish","hentry"],"post_mailing_queue_ids":[],"_links":{"self":[{"href":"https:\/\/agora.xtec.cat\/cfa-ramonllull\/wp-json\/wp\/v2\/pages\/626","targetHints":{"allow":["GET"]}}],"collection":[{"href":"https:\/\/agora.xtec.cat\/cfa-ramonllull\/wp-json\/wp\/v2\/pages"}],"about":[{"href":"https:\/\/agora.xtec.cat\/cfa-ramonllull\/wp-json\/wp\/v2\/types\/page"}],"author":[{"embeddable":true,"href":"https:\/\/agora.xtec.cat\/cfa-ramonllull\/wp-json\/wp\/v2\/users\/1"}],"replies":[{"embeddable":true,"href":"https:\/\/agora.xtec.cat\/cfa-ramonllull\/wp-json\/wp\/v2\/comments?post=626"}],"version-history":[{"count":6,"href":"https:\/\/agora.xtec.cat\/cfa-ramonllull\/wp-json\/wp\/v2\/pages\/626\/revisions"}],"predecessor-version":[{"id":2707,"href":"https:\/\/agora.xtec.cat\/cfa-ramonllull\/wp-json\/wp\/v2\/pages\/626\/revisions\/2707"}],"up":[{"embeddable":true,"href":"https:\/\/agora.xtec.cat\/cfa-ramonllull\/wp-json\/wp\/v2\/pages\/274"}],"wp:attachment":[{"href":"https:\/\/agora.xtec.cat\/cfa-ramonllull\/wp-json\/wp\/v2\/media?parent=626"}],"curies":[{"name":"wp","href":"https:\/\/api.w.org\/{rel}","templated":true}]}}