{"id":578,"date":"2016-05-10T17:50:19","date_gmt":"2016-05-10T16:50:19","guid":{"rendered":"http:\/\/agora.xtec.cat\/cfa-ramonllull\/?page_id=578"},"modified":"2022-02-08T16:27:57","modified_gmt":"2022-02-08T15:27:57","slug":"proves-dacces-als-cicles-formatius-de-grau-mitja-pacfgm","status":"publish","type":"page","link":"https:\/\/agora.xtec.cat\/cfa-ramonllull\/proves-dacces-als-cicles-formatius-de-grau-mitja-pacfgm\/","title":{"rendered":"Proves d&#8217;acc\u00e9s als cicles formatius de Grau Mitj\u00e0 (PACFGM)"},"content":{"rendered":"<p>El centre ofereix un curs de preparaci\u00f3 a les PACFGM de <strong>330h<\/strong> de durada, distribu\u00efdes de dilluns a dijous de <strong>17:30 a 20:30<\/strong> <strong>aprox<\/strong>.(12h\/setmana). Es comen\u00e7a la tercera setmana de setembre i finalitza la primera setmana de maig. El curs consta de 5 assignatures (catal\u00e0, castell\u00e0, angl\u00e8s, socials i matem\u00e0tiques) si es demostra un m\u00ednim d&#8217;1 any d&#8217;experi\u00e8ncia laboral, si no, s&#8217;han de cursar 2 assignatures m\u00e9s (naturals i tecnologia). \u00a0Finalment es realitza una prova per demostrar que s&#8217;ha seguit el curs amb sufici\u00e8ncia i s&#8217;han adquirit els coneixements necessaris per accedir al cicle formatiu desitjat.<\/p>\n<p><span style=\"text-decoration: underline;\"><strong>Requisits:<\/strong><\/span><\/p>\n<p>Per inscriure&#8217;s a la prova cal tenir\u00a017 anys\u00a0o m\u00e9s o complir-los l&#8217;any natural al qual et presentis \u00a0a fer <a href=\"https:\/\/educacio.gencat.cat\/ca\/serveis-tramits\/proves\/proves-acces\/gm-fp\/calendari\/\" target=\"_blank\" rel=\"noopener\">la prova d&#8217;acc\u00e9s<\/a>.<\/p>\n<p>No poden inscriure&#8217;s les persones que tenen la titulaci\u00f3 acad\u00e8mica o els ensenyaments que permeten l&#8217;acc\u00e9s directe als cicles formatius de grau mitj\u00e0\u00a0(ESO o equivalent, el curs espec\u00edfic d&#8217;acc\u00e9s,\u00a0formaci\u00f3 professional b\u00e0sica o un PQPI)<\/p>\n<ul>\n<li style=\"text-align: left;\">Informaci\u00f3 per accedir als <a href=\"http:\/\/agora.xtec.cat\/cfa-ramonllull\/wp-content\/uploads\/usu46\/2017\/04\/Proves_acc%C3%A9s_GM.pdf\" target=\"_blank\" rel=\"noopener noreferrer\">cicles formatius de grau mitj\u00e0 general<\/a><\/li>\n<li>Informaci\u00f3 per accedir als <a href=\"http:\/\/agora.xtec.cat\/cfa-ramonllull\/wp-content\/uploads\/usu46\/2017\/04\/Arts_pl\u00e0stiques_GM.pdf\" target=\"_blank\" rel=\"noopener noreferrer\">ensenyaments art\u00edstics d&#8217;arts pl\u00e0stiques i disseny<\/a><\/li>\n<li>Informaci\u00f3 per accedir als <a href=\"http:\/\/agora.xtec.cat\/cfa-ramonllull\/wp-content\/uploads\/usu46\/2017\/04\/Esportius_GM.pdf\" target=\"_blank\" rel=\"noopener noreferrer\">ensenyaments esportius<\/a><\/li>\n<\/ul>\n<h4><span style=\"text-decoration: underline;\">Curr\u00edculum i trets de les PACFGM<\/span><\/h4>\n<p>Trets modalitats:<\/p>\n<ul>\n<li><a href=\"http:\/\/ensenyament.gencat.cat\/ca\/serveis-tramits\/proves\/proves-acces\/gm-fp\/\" target=\"_blank\" rel=\"noopener noreferrer\">PACFGM General<\/a><\/li>\n<li><a href=\"http:\/\/ensenyament.gencat.cat\/ca\/serveis-tramits\/proves\/proves-acces\/gm-apd\/\" target=\"_blank\" rel=\"noopener noreferrer\">PACFGM Arts Pl\u00e0stiques i Disseny<\/a><\/li>\n<li><a href=\"http:\/\/ensenyament.gencat.cat\/ca\/serveis-tramits\/proves\/proves-acces\/gm-esportius\/\" target=\"_blank\" rel=\"noopener noreferrer\">PACFGM Ensenymanets Esportius<\/a><\/li>\n<\/ul>\n","protected":false},"excerpt":{"rendered":"<p>El centre ofereix un curs de preparaci\u00f3 a les PACFGM de 330h de durada, distribu\u00efdes de dilluns a dijous de 17:30 a 20:30 aprox.(12h\/setmana). Es comen\u00e7a la tercera setmana de setembre i finalitza la primera setmana de maig. El curs consta de 5 assignatures (catal\u00e0,&hellip;  <a href=\"https:\/\/agora.xtec.cat\/cfa-ramonllull\/proves-dacces-als-cicles-formatius-de-grau-mitja-pacfgm\/\" title=\"Read Proves d&#8217;acc\u00e9s als cicles formatius de Grau Mitj\u00e0 (PACFGM)\">Llegeix m\u00e9s\u00bb<\/a><\/p>\n","protected":false},"author":1,"featured_media":0,"parent":0,"menu_order":0,"comment_status":"closed","ping_status":"closed","template":"","meta":{"_bbp_topic_count":0,"_bbp_reply_count":0,"_bbp_total_topic_count":0,"_bbp_total_reply_count":0,"_bbp_voice_count":0,"_bbp_anonymous_reply_count":0,"_bbp_topic_count_hidden":0,"_bbp_reply_count_hidden":0,"_bbp_forum_subforum_count":0,"footnotes":""},"class_list":["post-578","page","type-page","status-publish","hentry"],"post_mailing_queue_ids":[],"_links":{"self":[{"href":"https:\/\/agora.xtec.cat\/cfa-ramonllull\/wp-json\/wp\/v2\/pages\/578","targetHints":{"allow":["GET"]}}],"collection":[{"href":"https:\/\/agora.xtec.cat\/cfa-ramonllull\/wp-json\/wp\/v2\/pages"}],"about":[{"href":"https:\/\/agora.xtec.cat\/cfa-ramonllull\/wp-json\/wp\/v2\/types\/page"}],"author":[{"embeddable":true,"href":"https:\/\/agora.xtec.cat\/cfa-ramonllull\/wp-json\/wp\/v2\/users\/1"}],"replies":[{"embeddable":true,"href":"https:\/\/agora.xtec.cat\/cfa-ramonllull\/wp-json\/wp\/v2\/comments?post=578"}],"version-history":[{"count":4,"href":"https:\/\/agora.xtec.cat\/cfa-ramonllull\/wp-json\/wp\/v2\/pages\/578\/revisions"}],"predecessor-version":[{"id":1928,"href":"https:\/\/agora.xtec.cat\/cfa-ramonllull\/wp-json\/wp\/v2\/pages\/578\/revisions\/1928"}],"wp:attachment":[{"href":"https:\/\/agora.xtec.cat\/cfa-ramonllull\/wp-json\/wp\/v2\/media?parent=578"}],"curies":[{"name":"wp","href":"https:\/\/api.w.org\/{rel}","templated":true}]}}