{"id":561,"date":"2016-05-10T16:23:08","date_gmt":"2016-05-10T15:23:08","guid":{"rendered":"http:\/\/agora.xtec.cat\/cfa-ramonllull\/?page_id=561"},"modified":"2026-04-09T16:59:26","modified_gmt":"2026-04-09T14:59:26","slug":"activitats-complementaries","status":"publish","type":"page","link":"https:\/\/agora.xtec.cat\/cfa-ramonllull\/serveis\/activitats-complementaries\/","title":{"rendered":"Activitats complement\u00e0ries"},"content":{"rendered":"<ul>\n<li>Sortida a L&#8217;Ametlla de Mar (14 i 15 de juny de 2017)<\/li>\n<\/ul>\n<p><a href=\"http:\/\/agora.xtec.cat\/cfa-ramonllull\/wp-content\/uploads\/usu46\/2017\/05\/Ametja_1.jpg\"><img loading=\"lazy\" decoding=\"async\" class=\"alignnone size-large wp-image-1086\" src=\"http:\/\/agora.xtec.cat\/cfa-ramonllull\/wp-content\/uploads\/usu46\/2017\/05\/Ametja_1-1024x540.jpg\" alt=\"Ametja_1\" width=\"1024\" height=\"540\" srcset=\"https:\/\/agora.xtec.cat\/cfa-ramonllull\/wp-content\/uploads\/usu46\/2017\/05\/Ametja_1-1024x540.jpg 1024w, https:\/\/agora.xtec.cat\/cfa-ramonllull\/wp-content\/uploads\/usu46\/2017\/05\/Ametja_1-300x158.jpg 300w, https:\/\/agora.xtec.cat\/cfa-ramonllull\/wp-content\/uploads\/usu46\/2017\/05\/Ametja_1-768x405.jpg 768w, https:\/\/agora.xtec.cat\/cfa-ramonllull\/wp-content\/uploads\/usu46\/2017\/05\/Ametja_1.jpg 1176w\" sizes=\"auto, (max-width: 1024px) 100vw, 1024px\" \/><\/a><\/p>\n<p><a href=\"http:\/\/agora.xtec.cat\/cfa-ramonllull\/wp-content\/uploads\/usu46\/2017\/05\/Ametja_2.jpg\"><img loading=\"lazy\" decoding=\"async\" class=\"alignnone size-large wp-image-1087\" src=\"http:\/\/agora.xtec.cat\/cfa-ramonllull\/wp-content\/uploads\/usu46\/2017\/05\/Ametja_2-1024x413.jpg\" alt=\"Ametja_2\" width=\"1024\" height=\"413\" srcset=\"https:\/\/agora.xtec.cat\/cfa-ramonllull\/wp-content\/uploads\/usu46\/2017\/05\/Ametja_2-1024x413.jpg 1024w, https:\/\/agora.xtec.cat\/cfa-ramonllull\/wp-content\/uploads\/usu46\/2017\/05\/Ametja_2-300x121.jpg 300w, https:\/\/agora.xtec.cat\/cfa-ramonllull\/wp-content\/uploads\/usu46\/2017\/05\/Ametja_2-768x309.jpg 768w, https:\/\/agora.xtec.cat\/cfa-ramonllull\/wp-content\/uploads\/usu46\/2017\/05\/Ametja_2.jpg 1221w\" sizes=\"auto, (max-width: 1024px) 100vw, 1024px\" \/><\/a><\/p>\n<p><a href=\"http:\/\/agora.xtec.cat\/cfa-ramonllull\/wp-content\/uploads\/usu46\/2017\/05\/Ametlla_3.jpg\"><img loading=\"lazy\" decoding=\"async\" class=\"alignnone size-large wp-image-1088\" src=\"http:\/\/agora.xtec.cat\/cfa-ramonllull\/wp-content\/uploads\/usu46\/2017\/05\/Ametlla_3-1024x392.jpg\" alt=\"Ametlla_3\" width=\"1024\" height=\"392\" srcset=\"https:\/\/agora.xtec.cat\/cfa-ramonllull\/wp-content\/uploads\/usu46\/2017\/05\/Ametlla_3-1024x392.jpg 1024w, https:\/\/agora.xtec.cat\/cfa-ramonllull\/wp-content\/uploads\/usu46\/2017\/05\/Ametlla_3-300x115.jpg 300w, https:\/\/agora.xtec.cat\/cfa-ramonllull\/wp-content\/uploads\/usu46\/2017\/05\/Ametlla_3-768x294.jpg 768w, https:\/\/agora.xtec.cat\/cfa-ramonllull\/wp-content\/uploads\/usu46\/2017\/05\/Ametlla_3.jpg 1179w\" sizes=\"auto, (max-width: 1024px) 100vw, 1024px\" \/><\/a><\/p>\n<p><a href=\"http:\/\/agora.xtec.cat\/cfa-ramonllull\/wp-content\/uploads\/usu46\/2017\/05\/Ametlla_4.jpg\"><img loading=\"lazy\" decoding=\"async\" class=\"alignnone size-full wp-image-1089\" src=\"http:\/\/agora.xtec.cat\/cfa-ramonllull\/wp-content\/uploads\/usu46\/2017\/05\/Ametlla_4.jpg\" alt=\"Ametlla_4\" width=\"1002\" height=\"570\" srcset=\"https:\/\/agora.xtec.cat\/cfa-ramonllull\/wp-content\/uploads\/usu46\/2017\/05\/Ametlla_4.jpg 1002w, https:\/\/agora.xtec.cat\/cfa-ramonllull\/wp-content\/uploads\/usu46\/2017\/05\/Ametlla_4-300x171.jpg 300w, https:\/\/agora.xtec.cat\/cfa-ramonllull\/wp-content\/uploads\/usu46\/2017\/05\/Ametlla_4-768x437.jpg 768w\" sizes=\"auto, (max-width: 1002px) 100vw, 1002px\" \/><\/a><\/p>\n<ul>\n<li>Cinef\u00f2rum: Dilluns 27 de mar\u00e7 de 2017<\/li>\n<\/ul>\n<p style=\"text-align: center;\"><a href=\"http:\/\/agora.xtec.cat\/cfa-ramonllull\/wp-content\/uploads\/usu46\/2016\/05\/Cinef\u00f2rum.jpg\"><img loading=\"lazy\" decoding=\"async\" class=\"alignnone size-full wp-image-1016\" src=\"http:\/\/agora.xtec.cat\/cfa-ramonllull\/wp-content\/uploads\/usu46\/2016\/05\/Cinef\u00f2rum.jpg\" alt=\"cineforum\" width=\"887\" height=\"667\" srcset=\"https:\/\/agora.xtec.cat\/cfa-ramonllull\/wp-content\/uploads\/usu46\/2016\/05\/Cinef\u00f2rum.jpg 887w, https:\/\/agora.xtec.cat\/cfa-ramonllull\/wp-content\/uploads\/usu46\/2016\/05\/Cinef\u00f2rum-300x226.jpg 300w, https:\/\/agora.xtec.cat\/cfa-ramonllull\/wp-content\/uploads\/usu46\/2016\/05\/Cinef\u00f2rum-768x578.jpg 768w, https:\/\/agora.xtec.cat\/cfa-ramonllull\/wp-content\/uploads\/usu46\/2016\/05\/Cinef\u00f2rum-200x150.jpg 200w\" sizes=\"auto, (max-width: 887px) 100vw, 887px\" \/><\/a><\/p>\n<ul>\n<li>Dimarts, 10 de maig de 2016, en el marc del 700\u00e8 aniversari de Ramon Llull es porta a terme la confer\u00e8ncia &#8220;Ramon Llull, un geni&#8221; per Antonia Carr\u00e9, professora de la UOC -Universitat Oberta de Catalunya-.\n<ul>\n<li><a href=\"http:\/\/agora.xtec.cat\/cfa-ramonllull\/wp-content\/uploads\/usu46\/2014\/09\/Ramon_Llull_un_geni.pdf\">Ramon_Llull_un_geni<\/a><\/li>\n<\/ul>\n<\/li>\n<\/ul>\n<p><a href=\"http:\/\/agora.xtec.cat\/cfa-ramonllull\/wp-content\/uploads\/usu46\/2016\/05\/Ramon_Llull_un_geni.jpg\"><img loading=\"lazy\" decoding=\"async\" class=\"alignnone size-full wp-image-565 aligncenter\" src=\"http:\/\/agora.xtec.cat\/cfa-ramonllull\/wp-content\/uploads\/usu46\/2016\/05\/Ramon_Llull_un_geni.jpg\" alt=\"Ramon_Llull_un_geni\" width=\"520\" height=\"736\" srcset=\"https:\/\/agora.xtec.cat\/cfa-ramonllull\/wp-content\/uploads\/usu46\/2016\/05\/Ramon_Llull_un_geni.jpg 520w, https:\/\/agora.xtec.cat\/cfa-ramonllull\/wp-content\/uploads\/usu46\/2016\/05\/Ramon_Llull_un_geni-212x300.jpg 212w\" sizes=\"auto, (max-width: 520px) 100vw, 520px\" \/><\/a><\/p>\n<ul>\n<li>Dimecres, 11 de maig, sortida a &#8220;Girona en flors&#8221;, a les 09:00 a la parada d&#8217;autob\u00fas de la Pla\u00e7a de l&#8217;Assemblea de Catalunya<\/li>\n<\/ul>\n<p><a href=\"http:\/\/agora.xtec.cat\/cfa-ramonllull\/wp-content\/uploads\/usu46\/2016\/05\/Girona_en_flors.jpg\"><img loading=\"lazy\" decoding=\"async\" class=\" size-large wp-image-564 aligncenter\" src=\"http:\/\/agora.xtec.cat\/cfa-ramonllull\/wp-content\/uploads\/usu46\/2016\/05\/Girona_en_flors-1024x711.jpg\" alt=\"Girona_en_flors\" width=\"1024\" height=\"711\" srcset=\"https:\/\/agora.xtec.cat\/cfa-ramonllull\/wp-content\/uploads\/usu46\/2016\/05\/Girona_en_flors-1024x711.jpg 1024w, https:\/\/agora.xtec.cat\/cfa-ramonllull\/wp-content\/uploads\/usu46\/2016\/05\/Girona_en_flors-300x208.jpg 300w, https:\/\/agora.xtec.cat\/cfa-ramonllull\/wp-content\/uploads\/usu46\/2016\/05\/Girona_en_flors.jpg 1141w\" sizes=\"auto, (max-width: 1024px) 100vw, 1024px\" \/><\/a><\/p>\n<p>&nbsp;<\/p>\n<ul>\n<li><strong>Cinef\u00f2rum<\/strong> per a la igualtat 2016: <em>Rastres de s\u00e0ndal\u00a0<\/em>el 23 de maig a les 16:30<\/li>\n<li><a href=\"http:\/\/agora.xtec.cat\/cfa-ramonllull\/wp-content\/uploads\/usu46\/2016\/05\/Rastres_s\u00e0ndal.jpg\"><img loading=\"lazy\" decoding=\"async\" class=\" size-full wp-image-571 aligncenter\" src=\"http:\/\/agora.xtec.cat\/cfa-ramonllull\/wp-content\/uploads\/usu46\/2016\/05\/Rastres_s\u00e0ndal.jpg\" alt=\"Rastres_s\u00e0ndal\" width=\"337\" height=\"480\" \/><\/a>\u00a0Entrega de premis del XXXII\u00e8 concurs literari\u00a0<em>Ramon Cardona\u00a0<\/em>de les escoles d&#8217;adults de Terrassa el 21 de maig a les 18h al Centre C\u00edvic Montserrat Roig:<\/li>\n<\/ul>\n<p style=\"text-align: center;\"><a href=\"http:\/\/agora.xtec.cat\/cfa-ramonllull\/wp-content\/uploads\/usu46\/2016\/05\/Concurs_literari.jpg\"><img loading=\"lazy\" decoding=\"async\" class=\"alignnone size-full wp-image-574\" src=\"http:\/\/agora.xtec.cat\/cfa-ramonllull\/wp-content\/uploads\/usu46\/2016\/05\/Concurs_literari.jpg\" alt=\"Concurs_literari\" width=\"522\" height=\"734\" srcset=\"https:\/\/agora.xtec.cat\/cfa-ramonllull\/wp-content\/uploads\/usu46\/2016\/05\/Concurs_literari.jpg 522w, https:\/\/agora.xtec.cat\/cfa-ramonllull\/wp-content\/uploads\/usu46\/2016\/05\/Concurs_literari-213x300.jpg 213w\" sizes=\"auto, (max-width: 522px) 100vw, 522px\" \/><\/a><\/p>\n<ul>\n<li style=\"text-align: left;\">Cinema en angl\u00e8s: el dimecres 18 de maig a les 11:30 anem al cinema Catalunya a veure la pel\u00b7l\u00edcula\u00a0<em>What we did on our holiday<\/em><\/li>\n<\/ul>\n<p><a href=\"http:\/\/agora.xtec.cat\/cfa-ramonllull\/wp-content\/uploads\/usu46\/2016\/05\/cinema_angl\u00e8s.jpg\"><img loading=\"lazy\" decoding=\"async\" class=\"alignnone size-full wp-image-619\" src=\"http:\/\/agora.xtec.cat\/cfa-ramonllull\/wp-content\/uploads\/usu46\/2016\/05\/cinema_angl\u00e8s.jpg\" alt=\"cinema_angl\u00e8s\" width=\"856\" height=\"469\" \/><\/a><\/p>\n<h5><span style=\"text-decoration: underline;\"><strong>Sortida a Santa Coloma de Farners, Platja d&#8217;Aro i Palam\u00f2s<\/strong><\/span><\/h5>\n<p style=\"text-align: center;\"><a href=\"http:\/\/agora.xtec.cat\/cfa-ramonllull\/wp-content\/uploads\/usu46\/2016\/05\/Platja.jpg\" rel=\"attachment wp-att-685\"><img loading=\"lazy\" decoding=\"async\" class=\"alignnone size-full wp-image-685\" src=\"http:\/\/agora.xtec.cat\/cfa-ramonllull\/wp-content\/uploads\/usu46\/2016\/05\/Platja.jpg\" alt=\"Platja\" width=\"677\" height=\"573\" srcset=\"https:\/\/agora.xtec.cat\/cfa-ramonllull\/wp-content\/uploads\/usu46\/2016\/05\/Platja.jpg 677w, https:\/\/agora.xtec.cat\/cfa-ramonllull\/wp-content\/uploads\/usu46\/2016\/05\/Platja-300x254.jpg 300w\" sizes=\"auto, (max-width: 677px) 100vw, 677px\" \/><\/a><\/p>\n<h5 style=\"text-align: left;\"><strong><span style=\"text-decoration: underline;\">Rondalles de <em>Ramon Llull<\/em>:<\/span><\/strong><\/h5>\n<p style=\"text-align: left;\"><a href=\"http:\/\/agora.xtec.cat\/cfa-ramonllull\/wp-content\/uploads\/usu46\/2016\/05\/Corb_serp.jpg\" rel=\"attachment wp-att-680\"><img loading=\"lazy\" decoding=\"async\" class=\"alignnone size-full wp-image-680\" src=\"http:\/\/agora.xtec.cat\/cfa-ramonllull\/wp-content\/uploads\/usu46\/2016\/05\/Corb_serp.jpg\" alt=\"Corb_serp\" width=\"263\" height=\"579\" srcset=\"https:\/\/agora.xtec.cat\/cfa-ramonllull\/wp-content\/uploads\/usu46\/2016\/05\/Corb_serp.jpg 263w, https:\/\/agora.xtec.cat\/cfa-ramonllull\/wp-content\/uploads\/usu46\/2016\/05\/Corb_serp-136x300.jpg 136w\" sizes=\"auto, (max-width: 263px) 100vw, 263px\" \/><\/a>\u00a0<a href=\"http:\/\/agora.xtec.cat\/cfa-ramonllull\/wp-content\/uploads\/usu46\/2016\/05\/Agr\u00f3.jpg\" rel=\"attachment wp-att-681\"><img loading=\"lazy\" decoding=\"async\" class=\"alignnone size-full wp-image-681\" src=\"http:\/\/agora.xtec.cat\/cfa-ramonllull\/wp-content\/uploads\/usu46\/2016\/05\/Agr\u00f3.jpg\" alt=\"Agr\u00f3\" width=\"259\" height=\"580\" srcset=\"https:\/\/agora.xtec.cat\/cfa-ramonllull\/wp-content\/uploads\/usu46\/2016\/05\/Agr\u00f3.jpg 259w, https:\/\/agora.xtec.cat\/cfa-ramonllull\/wp-content\/uploads\/usu46\/2016\/05\/Agr\u00f3-134x300.jpg 134w\" sizes=\"auto, (max-width: 259px) 100vw, 259px\" \/><\/a>\u00a0<a href=\"http:\/\/agora.xtec.cat\/cfa-ramonllull\/wp-content\/uploads\/usu46\/2016\/05\/Agr\u00f31.jpg\" rel=\"attachment wp-att-682\"><img loading=\"lazy\" decoding=\"async\" class=\"alignnone size-full wp-image-682\" src=\"http:\/\/agora.xtec.cat\/cfa-ramonllull\/wp-content\/uploads\/usu46\/2016\/05\/Agr\u00f31.jpg\" alt=\"Agr\u00f31\" width=\"262\" height=\"579\" srcset=\"https:\/\/agora.xtec.cat\/cfa-ramonllull\/wp-content\/uploads\/usu46\/2016\/05\/Agr\u00f31.jpg 262w, https:\/\/agora.xtec.cat\/cfa-ramonllull\/wp-content\/uploads\/usu46\/2016\/05\/Agr\u00f31-136x300.jpg 136w\" sizes=\"auto, (max-width: 262px) 100vw, 262px\" \/><\/a><\/p>\n<p>El grup de Catal\u00e0 3, del CFA Ramon Llull, en el marc de la setmana cultural del curs 2018\/2019, va representar l&#8217;obra que es mostra a continuaci\u00f3, &#8220;<a href=\"https:\/\/www.facebook.com\/CFARamonLlull\/videos\/708348379576307\/\" target=\"_blank\" rel=\"noopener noreferrer\">Casament passat per Bollywood<\/a>&#8220;, dirigida per la mestra S\u00edlvia Cabrerizo.<\/p>\n<p><a href=\"https:\/\/www.facebook.com\/CFARamonLlull\/videos\/708348379576307\/\" target=\"_blank\" rel=\"noopener noreferrer\"><img loading=\"lazy\" decoding=\"async\" class=\"alignnone wp-image-1287 size-large\" src=\"https:\/\/agora.xtec.cat\/cfa-ramonllull\/wp-content\/uploads\/usu46\/2019\/09\/IMG_9291-1024x768.jpg\" alt=\"\" width=\"1024\" height=\"768\" srcset=\"https:\/\/agora.xtec.cat\/cfa-ramonllull\/wp-content\/uploads\/usu46\/2019\/09\/IMG_9291-1024x768.jpg 1024w, https:\/\/agora.xtec.cat\/cfa-ramonllull\/wp-content\/uploads\/usu46\/2019\/09\/IMG_9291-300x225.jpg 300w, https:\/\/agora.xtec.cat\/cfa-ramonllull\/wp-content\/uploads\/usu46\/2019\/09\/IMG_9291-768x576.jpg 768w, https:\/\/agora.xtec.cat\/cfa-ramonllull\/wp-content\/uploads\/usu46\/2019\/09\/IMG_9291-200x150.jpg 200w\" sizes=\"auto, (max-width: 1024px) 100vw, 1024px\" \/><\/a><\/p>\n","protected":false},"excerpt":{"rendered":"<ul>\n<li>Sortida a L&#8217;Ametlla de Mar (14 i 15 de juny de 2017)<\/li>\n<\/ul>\n<p><a href=\"http:\/\/agora.xtec.cat\/cfa-ramonllull\/wp-content\/uploads\/usu46\/2017\/05\/Ametja_1.jpg\"><\/a><br \/>\n<a href=\"http:\/\/agora.xtec.cat\/cfa-ramonllull\/wp-content\/uploads\/usu46\/2017\/05\/Ametja_2.jpg\"><\/a><br \/>\n<a href=\"http:\/\/agora.xtec.cat\/cfa-ramonllull\/wp-content\/uploads\/usu46\/2017\/05\/Ametlla_3.jpg\"><\/a><br \/>\n<a href=\"http:\/\/agora.xtec.cat\/cfa-ramonllull\/wp-content\/uploads\/usu46\/2017\/05\/Ametlla_4.jpg\"><\/a><\/p>\n<ul>\n<li>Cinef\u00f2rum: Dilluns 27 de mar\u00e7 de 2017<\/li>\n<\/ul>\n<p><a href=\"http:\/\/agora.xtec.cat\/cfa-ramonllull\/wp-content\/uploads\/usu46\/2016\/05\/Cinef\u00f2rum.jpg\"><\/a><\/p>\n<ul>\n<li>Dimarts, 10 de maig de 2016, en el marc del 700\u00e8 aniversari de Ramon Llull es porta a terme la confer\u00e8ncia &#8220;Ramon Llull,&hellip;  <a href=\"https:\/\/agora.xtec.cat\/cfa-ramonllull\/serveis\/activitats-complementaries\/\" title=\"Read Activitats complement\u00e0ries\">Llegeix m\u00e9s\u00bb<\/a><br \/>\n","protected":false},"author":1,"featured_media":0,"parent":63,"menu_order":4,"comment_status":"closed","ping_status":"closed","template":"page-templates\/side-menu.php","meta":{"_bbp_topic_count":0,"_bbp_reply_count":0,"_bbp_total_topic_count":0,"_bbp_total_reply_count":0,"_bbp_voice_count":0,"_bbp_anonymous_reply_count":0,"_bbp_topic_count_hidden":0,"_bbp_reply_count_hidden":0,"_bbp_forum_subforum_count":0,"footnotes":""},"class_list":["post-561","page","type-page","status-publish","hentry"],"post_mailing_queue_ids":[],"_links":{"self":[{"href":"https:\/\/agora.xtec.cat\/cfa-ramonllull\/wp-json\/wp\/v2\/pages\/561","targetHints":{"allow":["GET"]}}],"collection":[{"href":"https:\/\/agora.xtec.cat\/cfa-ramonllull\/wp-json\/wp\/v2\/pages"}],"about":[{"href":"https:\/\/agora.xtec.cat\/cfa-ramonllull\/wp-json\/wp\/v2\/types\/page"}],"author":[{"embeddable":true,"href":"https:\/\/agora.xtec.cat\/cfa-ramonllull\/wp-json\/wp\/v2\/users\/1"}],"replies":[{"embeddable":true,"href":"https:\/\/agora.xtec.cat\/cfa-ramonllull\/wp-json\/wp\/v2\/comments?post=561"}],"version-history":[{"count":3,"href":"https:\/\/agora.xtec.cat\/cfa-ramonllull\/wp-json\/wp\/v2\/pages\/561\/revisions"}],"predecessor-version":[{"id":1288,"href":"https:\/\/agora.xtec.cat\/cfa-ramonllull\/wp-json\/wp\/v2\/pages\/561\/revisions\/1288"}],"up":[{"embeddable":true,"href":"https:\/\/agora.xtec.cat\/cfa-ramonllull\/wp-json\/wp\/v2\/pages\/63"}],"wp:attachment":[{"href":"https:\/\/agora.xtec.cat\/cfa-ramonllull\/wp-json\/wp\/v2\/media?parent=561"}],"curies":[{"name":"wp","href":"https:\/\/api.w.org\/{rel}","templated":true}]}}