{"id":49,"date":"2014-09-17T16:55:55","date_gmt":"2014-09-17T16:55:55","guid":{"rendered":"http:\/\/agora.xtec.cat\/cfa-ramonllull\/?page_id=49"},"modified":"2025-07-16T19:13:27","modified_gmt":"2025-07-16T17:13:27","slug":"normes-dorganitzacio-i-funcionament","status":"publish","type":"page","link":"https:\/\/agora.xtec.cat\/cfa-ramonllull\/el-centre\/normes-dorganitzacio-i-funcionament\/","title":{"rendered":"Preinscripci\u00f3 i matr\u00edcula"},"content":{"rendered":"<p><strong>Cursos de:<\/strong><\/p>\n<ul>\n<li><strong><a href=\"https:\/\/agora.xtec.cat\/cfa-ramonllull\/ensenyaments\/ensenyaments-inicials-i-formacio-basica\/llengua-catalana\/\" target=\"_blank\" rel=\"noopener noreferrer\">Llengua catalana<\/a><\/strong><\/li>\n<li><strong><a href=\"https:\/\/agora.xtec.cat\/cfa-ramonllull\/ensenyaments\/ensenyaments-inicials-i-formacio-basica\/llengua-castellana\/\" target=\"_blank\" rel=\"noopener noreferrer\">Llengua castellana<\/a><\/strong><\/li>\n<li><strong><a href=\"https:\/\/agora.xtec.cat\/cfa-ramonllull\/ensenyaments\/ensenyaments-transprofessionals\/llengua-anglesa\/\" target=\"_blank\" rel=\"noopener noreferrer\">Llengua anglesa <\/a><\/strong><\/li>\n<li><strong><a href=\"https:\/\/agora.xtec.cat\/cfa-ramonllull\/ensenyaments\/ensenyaments-transprofessionals\/competencia-digital-competic\/\" target=\"_blank\" rel=\"noopener noreferrer\">Inform\u00e0tica (COMPETIC<\/a> equivalent a l&#8217;<a href=\"https:\/\/agora.xtec.cat\/cfa-ramonllull\/ensenyaments\/ensenyaments-transprofessionals\/competic-vs-actic\/\" target=\"_blank\" rel=\"noopener noreferrer\">ACTIC<\/a>)<\/strong><\/li>\n<\/ul>\n<blockquote><p><strong>Requisits:<\/strong> Amb car\u00e0cter general cal tenir 18 anys o complir-los durant l&#8217;any en que s&#8217;inicia la formaci\u00f3. Tamb\u00e9 hi poden accedir les persones que hagin complert com a m\u00ednim 16 anys l&#8217;any natural en qu\u00e8 inicien la formaci\u00f3, si tenen un contracte laboral que els impedeixi assistir als centres educatius en r\u00e8gim ordinari, si es troben en proc\u00e9s d&#8217;obtenci\u00f3 d&#8217;un perm\u00eds de treball o si s\u00f3n esportistes d&#8217;alt rendiment. Per accedir a aquests cursos cal fer una entrevista i prova de nivell.<\/p><\/blockquote>\n<p><b>Curs de preparaci\u00f3:<\/b><\/p>\n<ul>\n<li><a href=\"https:\/\/agora.xtec.cat\/cfa-ramonllull\/ensenyaments\/ensenyaments-per-a-la-preparacio-de-proves-dacces\/a-cicles-formatius-de-grau-mitja\/\" target=\"_blank\" rel=\"noopener noreferrer\"><b>Prova d&#8217;Acc\u00e9s a Cicles Formatius de Grau Mitj\u00e0 (PACFGM)<\/b><\/a><\/li>\n<\/ul>\n<blockquote><p><strong>Requisits:<\/strong> Poden accedir a aquesta formaci\u00f3 les persones que hagin complert 17 anys o b\u00e9 que els compleixin durant l&#8217;any de la prova<\/p><\/blockquote>\n<p><b>Curs de preparaci\u00f3:<\/b><\/p>\n<ul>\n<li><a href=\"https:\/\/agora.xtec.cat\/cfa-ramonllull\/ensenyaments\/ensenyaments-per-a-la-preparacio-de-proves-dacces\/a-cicles-formatius-de-grau-superior\/\" target=\"_blank\" rel=\"noopener noreferrer\"><b>Prova d&#8217;Acc\u00e9s a Cicles Formatius de Grau Superior (PACFGS)<\/b><\/a><\/li>\n<\/ul>\n<blockquote>\n<p style=\"text-align: justify;\"><strong>Requisits:<\/strong> Els alumnes hauran d&#8217;haver complert 19 anys o b\u00e9 complir-los durant l&#8217;any de la prova. Tamb\u00e9 aquells alumnes que hagin complert 18 anys o b\u00e9 que els compleixin durant l&#8217;any de la prova i que tinguin el t\u00edtol de T\u00e8cnic\/a per haver superat un cicle formatiu de grau mitj\u00e0 de Formaci\u00f3 Professional o d&#8217;ensenyaments esportius de grau mitj\u00e0, del mateix grup d&#8217;itineraris.<\/p>\n<\/blockquote>\n<p><strong>Matriculaci\u00f3 dels alumnes preinscrits als nivells presencials i semipresencials:<\/strong><\/p>\n<ul>\n<li><strong>Preinscripci\u00f3<\/strong>: \u00daltima setmana de juny<\/li>\n<li><span style=\"color: #000000;\"><strong>Matricula<\/strong>: Primera setmana de setembre.<\/span><\/li>\n<\/ul>\n<p>Documentaci\u00f3 a presentar (amb car\u00e0cter general):<\/p>\n<ul>\n<li>Original i fotoc\u00f2pia del DNI de l&#8217;alumne\/a<\/li>\n<li>Tarja d&#8217;Identificaci\u00f3 Sanit\u00e0ria (TIS)<\/li>\n<li>Fotografia carnet<\/li>\n<li>Original i fotoc\u00f2pia dels t\u00edtols i\/o certificats vinculats als estudis demanats<\/li>\n<li>En cas dels alumnes menors d&#8217;edat: Fotoc\u00f2pia i original del DNI del pare, la mare o el\/la tutor\/a legal, document de Sol\u00b7licitud de preinscripci\u00f3 i document expedit al SOC (Servei d&#8217;Ocupaci\u00f3 Catal\u00e0)<\/li>\n<\/ul>\n<ul>\n<li><a href=\"https:\/\/agora.xtec.cat\/cfa-ramonllull\/ensenyaments\/ensenyaments-inicials-i-formacio-basica\/graduat-en-educacio-secundaria-per-adults\/\" target=\"_blank\" rel=\"noopener noreferrer\">Graduat en Educaci\u00f3 Secund\u00e0ria a dist\u00e0ncia<\/a> (GES)<\/li>\n<\/ul>\n<blockquote><p>Requisits: Amb car\u00e0cter general cal tenir 18 anys o complir-los durant l&#8217;any en que s&#8217;inicia la formaci\u00f3. Tamb\u00e9 hi poden accedir les persones que hagin complert com a m\u00ednim 16 anys l&#8217;any natural en qu\u00e8 inicien la formaci\u00f3, si tenen un contracte laboral que els impedeixi assistir als centres educatius en r\u00e8gim ordinari, si es troben en proc\u00e9s d&#8217;obtenci\u00f3 d&#8217;un perm\u00eds de treball o si s\u00f3n esportistes d&#8217;alt rendiment.<\/p><\/blockquote>\n<p><a href=\"https:\/\/ioc.xtec.cat\/educacio\/ges\" target=\"_blank\" rel=\"noopener noreferrer\">\u00a0 \u00a0 \u00a0Matriculaci\u00f3 del GES a dist\u00e0ncia<\/a>:.<\/p>\n<ul>\n<li style=\"list-style-type: none;\">\n<ul>\n<li><a href=\"https:\/\/ioc.xtec.cat\/educacio\/ges#matricula\" target=\"_blank\" rel=\"noopener\">Instruccions<\/a> per fe la preinscripci\u00f3<\/li>\n<li><a href=\"https:\/\/ioc.xtec.cat\/secretaria\/cpl\/MatTeleAlta.php\" target=\"_blank\" rel=\"noopener\"><strong>La preinscripci\u00f3<\/strong><\/a> \u00e9s en l\u00ednia.<\/li>\n<li>Cal demanar hora d&#8217;entrevista per efectuar<strong> l&#8217;elecci\u00f3 de l&#8217;itinerari. <\/strong>Consulteu el calendari i horari de les entrevistes presencials a la secci\u00f3 de<strong><a href=\"https:\/\/agora.xtec.cat\/cfa-ramonllull\/ensenyaments\/ensenyaments-inicials-i-formacio-basica\/graduat-en-educacio-secundaria-per-adults\/\" target=\"_blank\" rel=\"noopener\"> Graduat en Educaci\u00f3 Secund\u00e0ria (GES) a dist\u00e0ncia<\/a>.<\/strong><\/li>\n<\/ul>\n<\/li>\n<\/ul>\n<blockquote><p>Documentaci\u00f3 a presentar (amb car\u00e0cter general)<br \/>\n&#8211;\u00a0DNI<br \/>\n&#8211; En el cas dels alumnes menors d&#8217;edat,\u00a0original i c\u00f2pia del\u00a0DNI del pare, la mare o el\/la tutor\/a legal<br \/>\n&#8211; T\u00edtol, expedient acad\u00e8mic o certificat de notes dels estudis\u00a0realitzats<\/p><\/blockquote>\n","protected":false},"excerpt":{"rendered":"<p>Cursos de:<\/p>\n<ul>\n<li><a href=\"https:\/\/agora.xtec.cat\/cfa-ramonllull\/ensenyaments\/ensenyaments-inicials-i-formacio-basica\/llengua-catalana\/\" target=\"_blank\" rel=\"noopener noreferrer\">Llengua catalana<\/a><\/li>\n<li><a href=\"https:\/\/agora.xtec.cat\/cfa-ramonllull\/ensenyaments\/ensenyaments-inicials-i-formacio-basica\/llengua-castellana\/\" target=\"_blank\" rel=\"noopener noreferrer\">Llengua castellana<\/a><\/li>\n<li><a href=\"https:\/\/agora.xtec.cat\/cfa-ramonllull\/ensenyaments\/ensenyaments-transprofessionals\/llengua-anglesa\/\" target=\"_blank\" rel=\"noopener noreferrer\">Llengua anglesa <\/a><\/li>\n<li><a href=\"https:\/\/agora.xtec.cat\/cfa-ramonllull\/ensenyaments\/ensenyaments-transprofessionals\/competencia-digital-competic\/\" target=\"_blank\" rel=\"noopener noreferrer\">Inform\u00e0tica (COMPETIC<\/a> equivalent a l&#8217;<a href=\"https:\/\/agora.xtec.cat\/cfa-ramonllull\/ensenyaments\/ensenyaments-transprofessionals\/competic-vs-actic\/\" target=\"_blank\" rel=\"noopener noreferrer\">ACTIC<\/a>)<\/li>\n<\/ul>\n<p>Requisits: Amb car\u00e0cter general cal tenir 18 anys o complir-los durant l&#8217;any en que s&#8217;inicia la&hellip;  <a href=\"https:\/\/agora.xtec.cat\/cfa-ramonllull\/el-centre\/normes-dorganitzacio-i-funcionament\/\" title=\"Read Preinscripci\u00f3 i matr\u00edcula\">Llegeix m\u00e9s\u00bb<\/a><\/p>\n","protected":false},"author":1,"featured_media":0,"parent":261,"menu_order":5,"comment_status":"closed","ping_status":"closed","template":"page-templates\/side-menu.php","meta":{"_bbp_topic_count":0,"_bbp_reply_count":0,"_bbp_total_topic_count":0,"_bbp_total_reply_count":0,"_bbp_voice_count":0,"_bbp_anonymous_reply_count":0,"_bbp_topic_count_hidden":0,"_bbp_reply_count_hidden":0,"_bbp_forum_subforum_count":0,"footnotes":""},"class_list":["post-49","page","type-page","status-publish","hentry"],"post_mailing_queue_ids":[],"_links":{"self":[{"href":"https:\/\/agora.xtec.cat\/cfa-ramonllull\/wp-json\/wp\/v2\/pages\/49","targetHints":{"allow":["GET"]}}],"collection":[{"href":"https:\/\/agora.xtec.cat\/cfa-ramonllull\/wp-json\/wp\/v2\/pages"}],"about":[{"href":"https:\/\/agora.xtec.cat\/cfa-ramonllull\/wp-json\/wp\/v2\/types\/page"}],"author":[{"embeddable":true,"href":"https:\/\/agora.xtec.cat\/cfa-ramonllull\/wp-json\/wp\/v2\/users\/1"}],"replies":[{"embeddable":true,"href":"https:\/\/agora.xtec.cat\/cfa-ramonllull\/wp-json\/wp\/v2\/comments?post=49"}],"version-history":[{"count":4,"href":"https:\/\/agora.xtec.cat\/cfa-ramonllull\/wp-json\/wp\/v2\/pages\/49\/revisions"}],"predecessor-version":[{"id":2728,"href":"https:\/\/agora.xtec.cat\/cfa-ramonllull\/wp-json\/wp\/v2\/pages\/49\/revisions\/2728"}],"up":[{"embeddable":true,"href":"https:\/\/agora.xtec.cat\/cfa-ramonllull\/wp-json\/wp\/v2\/pages\/261"}],"wp:attachment":[{"href":"https:\/\/agora.xtec.cat\/cfa-ramonllull\/wp-json\/wp\/v2\/media?parent=49"}],"curies":[{"name":"wp","href":"https:\/\/api.w.org\/{rel}","templated":true}]}}