{"id":455,"date":"2016-03-29T16:33:40","date_gmt":"2016-03-29T15:33:40","guid":{"rendered":"http:\/\/agora.xtec.cat\/cfa-ramonllull\/?page_id=455"},"modified":"2026-04-22T11:23:47","modified_gmt":"2026-04-22T09:23:47","slug":"competic-vs-actic","status":"publish","type":"page","link":"https:\/\/agora.xtec.cat\/cfa-ramonllull\/ensenyaments\/ensenyaments-transprofessionals\/competic-vs-actic\/","title":{"rendered":"COMPETIC vs ACTIC"},"content":{"rendered":"<h4 align=\"justify\"><span style=\"text-decoration: underline;\">Equival\u00e8ncies entre COMPETIC i ACTIC<\/span><\/h4>\n<p class=\"style47\" align=\"justify\">El nom <em><strong>COMPETIC<\/strong><\/em> correspon a la denominaci\u00f3 &#8220;<em><strong>Compet\u00e8ncies en Tecnologies de la Informaci\u00f3 i la Comunicaci\u00f3<\/strong><\/em>&#8221; i el nom <strong><em>ACTIC<\/em>\u00a0<\/strong>a <strong>\u201c<em>Acreditaci\u00f3 de Compet\u00e8ncies en Tecnologies de la Informaci\u00f3 i la Comunicaci\u00f3<\/em>\u201d. <\/strong>El Diari Oficial de la Generalitat de Catalunya va publicar l&#8217;<a href=\"https:\/\/dogc.gencat.cat\/ca\/document-del-dogc\/?documentId=796541\" target=\"_blank\" rel=\"noopener noreferrer\">Ordre PRE\/206\/2017, de 4 de setembre<\/a>, de reconeixement de l&#8217;equival\u00e8ncia entre els certificats de COMPETIC i ACTIC.<\/p>\n<p class=\"style47\" align=\"justify\">Tant COMPETIC com ACTIC tenen certificaci\u00f3 acreditativa de la compet\u00e8ncia digital, entesa com la combinaci\u00f3 de coneixements, habilitats i actituds en l&#8217;\u00e0mbit de les tecnologies de la informaci\u00f3 i la comunicaci\u00f3 que les persones despleguen en situacions reals per assolir objectius determinats amb efic\u00e0cia i efici\u00e8ncia, i permet a qualsevol persona de m\u00e9s de 16 anys demostrar les seves compet\u00e8ncies TIC.<\/p>\n<p class=\"style47\" align=\"justify\">La formaci\u00f3 de<strong> COMPETIC<\/strong> t\u00e9 4 nivells de formaci\u00f3: Inicial (105h), 1 (105h), 2 (140h) i 3 (105h). Els nivells 1, 2 i 3 s\u00f3n equivalents als 3 nivells d&#8217;ACTIC, B\u00e0sic, Mitj\u00e0 i Avan\u00e7at, respectivament.<\/p>\n<p class=\"style47\" align=\"justify\">El CFA Ramon Llull ofereix els nivells 2 i 3 de COMPETIC en la modalitat semipresencial. L&#8217;alumnat treballa telem\u00e0ticament a trav\u00e9s de l&#8217;entorn virtual d&#8217;aprenentatge del centre i assisteix a una sessi\u00f3 d&#8217;acompanyament i seguiment presencial amb una periodicitat m\u00ednima quinzenal. Ha de realitzar un projecte final que es desenvolupa tamb\u00e9 presencialment.<\/p>\n<p class=\"style47\" align=\"justify\">Per mitj\u00e0 de<strong> COMPETIC <\/strong>o<strong> d&#8217;ACTIC<\/strong>, la persona titular pot acreditar, davant de qualsevol inst\u00e0ncia p\u00fablica o privada, les seves compet\u00e8ncies en tecnologies de la informaci\u00f3 i la comunicaci\u00f3.<\/p>\n<p class=\"style47\" align=\"justify\"><span class=\"style45 style46 style48\"><strong><span style=\"text-decoration: underline;\">Procediment per obtenir l&#8217;acreditaci\u00f3<\/span><\/strong>:<\/span><\/p>\n<p class=\"style47\" align=\"justify\"><strong>COMPETIC<\/strong> s\u00f3n 3<strong> nivells<\/strong> de 105h (nivells inicial, 1 i 3) i un nivell de 140h (nivell 2).<\/p>\n<p class=\"style47\" align=\"justify\">El\u00a0<strong>CFA Ramon Llull<\/strong>\u00a0<strong>col\u00b7labora i dona suport a\u00a0<\/strong>l\u2019<a href=\"https:\/\/actic.gencat.cat\/ca\/inici\/\" target=\"_blank\" rel=\"noopener noreferrer\">Acreditaci\u00f3 en Compet\u00e8ncies de Tecnologies de la Informaci\u00f3 i la Comunicaci\u00f3<\/a>\u00a0(<strong>ACTIC<\/strong>). Es tracta de\u00a0 la certificaci\u00f3 que acredita la compet\u00e8ncia digital d\u2019un usuari\/\u00e0ria o alumne\/a. Qualsevol persona de m\u00e9s de 16 anys pot venir al CFA Ramon Llull a fer una prova telem\u00e0tica \u00a0pr\u00e8via inscripci\u00f3 i sol\u00b7licitud online a la web d\u2019ACTIC. El <strong>CFA Ramon Llull<\/strong> \u00e9s centre col\u00b7laborador d&#8217;ACTIC des del curs 2010-2011.<\/p>\n<p align=\"justify\"><strong>ACTIC<\/strong> \u00e9s una <strong>prova\u00a0telem\u00e0tica<\/strong>. Pots realitzar-la <span style=\"text-decoration: underline;\"><strong><a href=\"https:\/\/actic.gencat.cat\/ca\/ciutadania\/inscripcio\/\" target=\"_blank\" rel=\"noopener noreferrer\">en el nostre centre<\/a><\/strong><\/span>.<\/p>\n<p class=\"style47\" align=\"justify\">ACTIC facilita un\u00a0<a href=\"https:\/\/actic.gencat.cat\/ca\/la-prova\/guia_prova\/\" target=\"_blank\" rel=\"noopener noreferrer\" data-saferedirecturl=\"https:\/\/www.google.com\/url?hl=ca&amp;q=http:\/\/actic.gencat.cat\/es\/actic_informacio\/guia_prova\/index.html&amp;source=gmail&amp;ust=1491577045661000&amp;usg=AFQjCNFFdbXFS55DcQab1vIBC_fndHT0mA\">v\u00eddeo guia\u00a0de la prova<\/a>\u00a0i el <a href=\"https:\/\/actic.gencat.cat\/web\/.content\/07_difusio\/documents\/arxius\/Fullet_ACTIC_2017.pdf\" target=\"_blank\" rel=\"noopener noreferrer\" data-saferedirecturl=\"https:\/\/www.google.com\/url?hl=ca&amp;q=http:\/\/actic.gencat.cat\/web\/.content\/07_difusio\/documents\/arxius\/fullet_actic.pdf&amp;source=gmail&amp;ust=1491577045661000&amp;usg=AFQjCNHPfrPBYQDbnhWjXYy9Hw3-r6Lbgw\">fullet\u00f3 ACTIC<\/a>.<\/p>\n","protected":false},"excerpt":{"rendered":"<p>Equival\u00e8ncies entre COMPETIC i ACTIC<br \/>\nEl nom COMPETIC correspon a la denominaci\u00f3 &#8220;Compet\u00e8ncies en Tecnologies de la Informaci\u00f3 i la Comunicaci\u00f3&#8221; i el nom ACTIC\u00a0a \u201cAcreditaci\u00f3 de Compet\u00e8ncies en Tecnologies de la Informaci\u00f3 i la Comunicaci\u00f3\u201d. El Diari Oficial de la Generalitat de Catalunya va publicar&hellip;  <a href=\"https:\/\/agora.xtec.cat\/cfa-ramonllull\/ensenyaments\/ensenyaments-transprofessionals\/competic-vs-actic\/\" title=\"Read COMPETIC vs ACTIC\">Llegeix m\u00e9s\u00bb<\/a><\/p>\n","protected":false},"author":1,"featured_media":0,"parent":286,"menu_order":2,"comment_status":"closed","ping_status":"closed","template":"page-templates\/side-menu.php","meta":{"_bbp_topic_count":0,"_bbp_reply_count":0,"_bbp_total_topic_count":0,"_bbp_total_reply_count":0,"_bbp_voice_count":0,"_bbp_anonymous_reply_count":0,"_bbp_topic_count_hidden":0,"_bbp_reply_count_hidden":0,"_bbp_forum_subforum_count":0,"footnotes":""},"class_list":["post-455","page","type-page","status-publish","hentry"],"post_mailing_queue_ids":[],"_links":{"self":[{"href":"https:\/\/agora.xtec.cat\/cfa-ramonllull\/wp-json\/wp\/v2\/pages\/455","targetHints":{"allow":["GET"]}}],"collection":[{"href":"https:\/\/agora.xtec.cat\/cfa-ramonllull\/wp-json\/wp\/v2\/pages"}],"about":[{"href":"https:\/\/agora.xtec.cat\/cfa-ramonllull\/wp-json\/wp\/v2\/types\/page"}],"author":[{"embeddable":true,"href":"https:\/\/agora.xtec.cat\/cfa-ramonllull\/wp-json\/wp\/v2\/users\/1"}],"replies":[{"embeddable":true,"href":"https:\/\/agora.xtec.cat\/cfa-ramonllull\/wp-json\/wp\/v2\/comments?post=455"}],"version-history":[{"count":6,"href":"https:\/\/agora.xtec.cat\/cfa-ramonllull\/wp-json\/wp\/v2\/pages\/455\/revisions"}],"predecessor-version":[{"id":2798,"href":"https:\/\/agora.xtec.cat\/cfa-ramonllull\/wp-json\/wp\/v2\/pages\/455\/revisions\/2798"}],"up":[{"embeddable":true,"href":"https:\/\/agora.xtec.cat\/cfa-ramonllull\/wp-json\/wp\/v2\/pages\/286"}],"wp:attachment":[{"href":"https:\/\/agora.xtec.cat\/cfa-ramonllull\/wp-json\/wp\/v2\/media?parent=455"}],"curies":[{"name":"wp","href":"https:\/\/api.w.org\/{rel}","templated":true}]}}