{"id":320,"date":"2015-01-28T11:35:13","date_gmt":"2015-01-28T10:35:13","guid":{"rendered":"http:\/\/agora.xtec.cat\/cfa-ramonllull\/?page_id=320"},"modified":"2024-07-10T19:28:35","modified_gmt":"2024-07-10T17:28:35","slug":"a-cicles-formatius-de-grau-superior","status":"publish","type":"page","link":"https:\/\/agora.xtec.cat\/cfa-ramonllull\/ensenyaments\/ensenyaments-per-a-la-preparacio-de-proves-dacces\/a-cicles-formatius-de-grau-superior\/","title":{"rendered":"Proves d&#8217;acc\u00e9s als cicles formatius de grau superior"},"content":{"rendered":"<p>El centre ofereix el curs de <strong>300h<\/strong> al vespre, <strong>entre les 17.00 i les 20:30 aprox.<\/strong>, de dilluns a dijous (10h\/setmana), per preparar la Prova d&#8217;Acc\u00e9s als Cicles Formatius de Grau Superior (PACFGS). Comen\u00e7a la tercera setmana de setembre i finalitza la segona setmana de maig. El curs de PACFGS consta de <strong>4 assignatures comunes<\/strong> (catal\u00e0, castell\u00e0, angl\u00e8s i matem\u00e0tiques) que s&#8217;estudien <strong>en format presencial<\/strong> i <strong>2 assignatures espec\u00edfiques en format telem\u00e0tic<\/strong> (amb el suport de l&#8217;Institut Obert de Catalunya -IOC-) i amb 1h a la setmana, dins de l&#8217;horari de classe, amb l&#8217;acompanyament presencial del professorat del centre. En finalitzar la formaci\u00f3 s&#8217;obt\u00e9 el certificat que <strong>aporta el 20% de la nota al resultat de la prova d&#8217;acc\u00e9s<\/strong> que es realitza <strong>la segona setmana de maig<\/strong> a l&#8217;institut.<\/p>\n<p><strong>Requisits per presentar-se a <a href=\"https:\/\/educacio.gencat.cat\/ca\/serveis-tramits\/proves\/proves-acces\/gs-fp\/\" target=\"_blank\" rel=\"noopener\">les proves d&#8217;acc\u00e9s<\/a><br \/>\n<\/strong><\/p>\n<div class=\"editor-indent\">\n<p>Per realitzar la <strong>preparaci\u00f3 a la prova d&#8217;acc\u00e9s<\/strong> cal tenir <strong>18 anys<\/strong> (o complir-los durant l&#8217;any natural en qu\u00e8 s&#8217;inicia la formaci\u00f3).<\/p>\n<p>Per realitzar la <strong>prova d&#8217;acc\u00e9s<\/strong> cal tenir<span style=\"font-family: inherit; font-size: 1em;\">\u00a0<strong>19 anys<\/strong> o m\u00e9s (o complir-los l&#8217;any natural en qu\u00e8 es presenta a la prova) i no tenir cap titulaci\u00f3 acad\u00e8mica o d&#8217;ensenyaments equivalents que permeten l&#8217;acc\u00e9s directe a la formaci\u00f3 professional (batxillerat o equivalent).<\/span><\/p>\n<\/div>\n<h4><span style=\"text-decoration: underline;\">Tres modalitats de proves d&#8217;acc\u00e9s:<\/span><\/h4>\n<p><span style=\"text-decoration: underline;\"><strong>Preparaci\u00f3 per a la prova d&#8217;acc\u00e9s als cicles formatius de <a href=\"http:\/\/ensenyament.gencat.cat\/ca\/serveis-tramits\/proves\/proves-acces\/gs-fp\/\" target=\"_blank\" rel=\"noopener noreferrer\">grau superior de formaci\u00f3 professional<\/a><\/strong><\/span><\/p>\n<div class=\"editor-indent\">\n<p>Aquesta modalitat de prova d&#8217;acc\u00e9s consta de dues parts: la <strong>comuna\u00a0<\/strong>i l&#8217;<strong>espec\u00edfica<\/strong>.<\/p>\n<p>a) La\u00a0<strong>part comuna<\/strong>\u00a0consta de quatre mat\u00e8ries:<\/p>\n<ul class=\"nolist\">\n<li>Llengua catalana<\/li>\n<li>Llengua castellana<\/li>\n<li>Llengua estrangera<\/li>\n<li>Matem\u00e0tiques<\/li>\n<\/ul>\n<p>b) La\u00a0<strong>part\u00a0<strong>espec\u00edfica<\/strong><\/strong>\u00a0consta de dues mat\u00e8ries. Segons el cicle formatiu a qu\u00e8 es vulgui accedir, caldr\u00e0 triar dues mat\u00e8ries d\u2019una de les opcions seg\u00fcents (A, B, C o D):<\/p>\n<\/div>\n<table>\n<tbody>\n<tr>\n<td><strong>Opcions i Fam\u00edlies professionals<\/strong><\/td>\n<td><strong>Mat\u00e8ries<\/strong><\/td>\n<\/tr>\n<tr>\n<td><strong>Opci\u00f3 A<br \/>\n<\/strong><\/p>\n<ul>\n<li>FP Arts gr\u00e0fiques<\/li>\n<li>FP Edificaci\u00f3 i obra civil<\/li>\n<li>FP Electricitat i electr\u00f2nica<\/li>\n<li>FP Energia i aigua<\/li>\n<li>FP Fabricaci\u00f3 mec\u00e0nica<\/li>\n<li>FP Fusta, moble i suro<\/li>\n<li>FP Imatge i so<\/li>\n<li>FP Ind\u00fastries extractives<\/li>\n<li>FP Inform\u00e0tica i comunicacions<\/li>\n<li>FP Instal\u00b7laci\u00f3 i manteniment<\/li>\n<li>FP Maritimopesquera<\/li>\n<li>FP T\u00e8xtil, confecci\u00f3 i pell<\/li>\n<li>FP Transport i manteniment de vehicles<\/li>\n<li>FP Vidre i cer\u00e0mica<\/li>\n<li>CFGS Prevenci\u00f3 de riscos professionals<\/li>\n<\/ul>\n<\/td>\n<td>\n<ul>\n<li>Dibuix t\u00e8cnic<\/li>\n<li>F\u00edsica<\/li>\n<li>Tecnologia industrial<\/li>\n<\/ul>\n<\/td>\n<\/tr>\n<tr>\n<td><strong>Opci\u00f3 B<br \/>\n<\/strong><\/p>\n<ul>\n<li>FP Activitats f\u00edsiques i esportives<\/li>\n<li>FP Agr\u00e0ria<\/li>\n<li>FP Imatge personal<\/li>\n<li>FP Ind\u00fastries aliment\u00e0ries<\/li>\n<li>FP Qu\u00edmica<\/li>\n<li>FP Sanitat<\/li>\n<li>FP Seguretat i medi ambient<\/li>\n<li>FP Serveis socioculturals i a la comunitat<\/li>\n<li>CFGS Prevenci\u00f3 de riscos professionals<\/li>\n<\/ul>\n<\/td>\n<td>\n<ul>\n<li>Biologia<\/li>\n<li>Ci\u00e8ncies de la terra i el medi ambient<\/li>\n<li>Qu\u00edmica<\/li>\n<\/ul>\n<\/td>\n<\/tr>\n<tr>\n<td><strong>Opci\u00f3 C<br \/>\n<\/strong><\/p>\n<ul>\n<li>FP Administraci\u00f3 i gesti\u00f3<\/li>\n<li>FP Comer\u00e7 i m\u00e0rqueting<\/li>\n<li>FP Hoteleria i turisme<\/li>\n<li>FP Inform\u00e0tica i comunicacions<\/li>\n<li>FP Serveis socioculturals i a la comunitat<\/li>\n<li>FP Seguretat i medi ambient<\/li>\n<li>CFGS Prevenci\u00f3 de riscos professionals<\/li>\n<\/ul>\n<\/td>\n<td>\n<ul>\n<li>Economia de l&#8217;empresa<\/li>\n<li>Geografia<\/li>\n<li>Psicologia i sociologia<\/li>\n<li>Segona llengua estrangera<\/li>\n<\/ul>\n<\/td>\n<\/tr>\n<tr>\n<td><strong>Opci\u00f3 D<br \/>\n<\/strong><\/p>\n<ul>\n<li>\u00a0Activitats f\u00edsiques i esportives<\/li>\n<\/ul>\n<\/td>\n<td>\n<ul>\n<li>Educaci\u00f3 f\u00edsica (obligat\u00f2ria)<\/li>\n<\/ul>\n<p>i una de les mat\u00e8ries seg\u00fcents:<\/p>\n<ul>\n<li>Biologia<\/li>\n<li>Ci\u00e8ncies de la terra i el medi ambient<\/li>\n<li>Qu\u00edmica<\/li>\n<\/ul>\n<\/td>\n<\/tr>\n<\/tbody>\n<\/table>\n<p><span style=\"text-decoration: underline;\"><strong>Preparaci\u00f3 per a la prova d&#8217;acc\u00e9s\u00a0als cicles formatius de<a href=\"http:\/\/ensenyament.gencat.cat\/ca\/serveis-tramits\/proves\/proves-acces\/gs-apd\/\" target=\"_blank\" rel=\"noopener noreferrer\"> grau superior d&#8217;arts pl\u00e0stiques i disseny<\/a><\/strong><\/span><\/p>\n<div class=\"editor-indent\">\n<p>Aquesta modalitat de prova d&#8217;acc\u00e9s (i el curs per preparar-la) consta de dues parts: la comuna i l&#8217;espec\u00edfica.<\/p>\n<p>a) La\u00a0<strong>part comuna<\/strong>\u00a0consta de quatre mat\u00e8ries:<\/p>\n<ul class=\"nolist\">\n<li>Llengua catalana<\/li>\n<li>Llengua castellana<\/li>\n<li>Llengua estrangera<\/li>\n<li>Matem\u00e0tiques o Hist\u00f2ria<\/li>\n<\/ul>\n<\/div>\n<div class=\"editor-indent\">b) La\u00a0<strong>part\u00a0<strong>espec\u00edfica<\/strong><\/strong>\u00a0consta de dues mat\u00e8ries. que s&#8217;han de triar entre les seg\u00fcents:<\/div>\n<p>&nbsp;<\/p>\n<table>\n<tbody>\n<tr>\n<td><strong>Fam\u00edlies d&#8217;arts pl\u00e0stiques i disseny<\/strong><\/td>\n<td><strong>Mat\u00e8ries<\/strong><\/td>\n<\/tr>\n<tr>\n<td>\n<ul>\n<li>Art floral<\/li>\n<li>Arts aplicades al llibre<\/li>\n<li>Arts aplicades de l&#8217;escultura<\/li>\n<li>Disseny d&#8217;interiors<\/li>\n<li>Disseny industrial<\/li>\n<li>Joieria d&#8217;art<\/li>\n<li>Arts aplicades a la indument\u00e0ria<\/li>\n<li>Arts aplicades al mur<\/li>\n<li>Cer\u00e0mica art\u00edstica<\/li>\n<li>Comunicaci\u00f3 gr\u00e0fica i audiovisual<\/li>\n<li>Esmalts art\u00edstics<\/li>\n<li>T\u00e8xtils art\u00edstics<\/li>\n<\/ul>\n<\/td>\n<td>\n<ul>\n<li>Dibuix art\u00edstic<\/li>\n<li>Dibuix t\u00e8cnic<\/li>\n<li>Cultura audiovisual<\/li>\n<li>Volum<\/li>\n<\/ul>\n<\/td>\n<\/tr>\n<\/tbody>\n<\/table>\n<p><span style=\"text-decoration: underline;\"><strong>Preparaci\u00f3 per a la prova general d&#8217;acc\u00e9s\u00a0als cicles formatius de <a href=\"http:\/\/ensenyament.gencat.cat\/ca\/serveis-tramits\/proves\/proves-acces\/gs-esportius\/\" target=\"_blank\" rel=\"noopener noreferrer\">grau superior dels ensenyaments esportius<\/a><\/strong><\/span><\/p>\n<div class=\"editor-indent\">\n<p>Aquesta modalitat de prova general d&#8217;acc\u00e9s (i el curs per preparar-la) consta de quatre mat\u00e8ries:<\/p>\n<ul class=\"nolist\">\n<li>Llengua catalana<\/li>\n<li>Llengua castellana<\/li>\n<li>Llengua estrangera<\/li>\n<li>Matem\u00e0tiques o Hist\u00f2ria<\/li>\n<\/ul>\n<\/div>\n<table>\n<tbody>\n<tr>\n<td><strong>Modalitats esportives\u00a0<\/strong><\/td>\n<td><strong>Observacions<\/strong><\/td>\n<\/tr>\n<tr>\n<td>\n<ul>\n<li>Atletisme<\/li>\n<li>Esports eq\u00fcestres<\/li>\n<li>Esports de vela<\/li>\n<li>Handbol<\/li>\n<li>Salvament i socorrisme<\/li>\n<li>Basquetbol<\/li>\n<li>Esports d&#8217;hivern<\/li>\n<li>Futbol i futbol sala<\/li>\n<li>Esports de muntanya i escalada<\/li>\n<\/ul>\n<\/td>\n<td>Cal:<\/p>\n<div class=\"editor-indent\">\n<ol>\n<li>tenir el t\u00edtol de t\u00e8cnic (CFGM) en la modalitat esportiva corresponent<\/li>\n<li>haver superat la prova general d&#8217;acc\u00e9s i,<\/li>\n<li>en els casos en qu\u00e8 s&#8217;estableixi, superar la prova de car\u00e0cter espec\u00edfic<br \/>\no acreditar els m\u00e8rits esportius corresponents (com ara a\u00a0futbol,\u00a0futbol sala,<br \/>\nalta muntanya\u00a0o\u00a0h\u00edpica).<\/li>\n<\/ol>\n<\/div>\n<\/td>\n<\/tr>\n<\/tbody>\n<\/table>\n<p><strong>Organitzaci\u00f3 de les assignautres espec\u00edfiques\u00a0a l&#8217;IOC<\/strong><\/p>\n<p>El contingut de cada mat\u00e8ria es divideix en dues parts, que a partir d&#8217;ara anomenarem semestre\u00a01 i semestre\u00a02, respectivament.<\/p>\n<div class=\"editor-indent\">\n<ul>\n<li>Doc\u00e8ncia del semestre 1 en cada mat\u00e8ria\n<ul class=\"nolist\">\n<li>S&#8217;imparteix durant la primera meitat del curs acad\u00e8mic.<\/li>\n<li>Consta de 5 lliuraments amb activitats avaluables.<\/li>\n<li>En finalitzar, l&#8217;estudiant ha de fer un examen on-line<\/li>\n<\/ul>\n<\/li>\n<\/ul>\n<ul>\n<li>Doc\u00e8ncia del semestre 2 en cada mat\u00e8ria\n<ul class=\"nolist\">\n<li>S&#8217;imparteix durant la segona meitat del curs acad\u00e8mic (a partir de gener).<\/li>\n<li>Consta de 5 lliuraments amb activitats avaluables.<\/li>\n<li>En acabar-lo (abril), l&#8217;alumne\/a ha de fer un examen presencial al CFA Ramon Llull, amb car\u00e0cter d&#8217;examen global de la mat\u00e8ria.<\/li>\n<\/ul>\n<\/li>\n<\/ul>\n<p>A la qualificaci\u00f3 final de cada semestre es tindran en compte les notes obtingudes en la realitzaci\u00f3 de les activitats avaluables proposades. La superaci\u00f3 de cada mat\u00e8ria ser\u00e0 el resultat de la valoraci\u00f3 ponderada de les notes de tots dos semestres.<\/p>\n<p><a href=\"http:\/\/agora.xtec.cat\/cfa-ramonllull\/proves-dacces-als-cicles-formatius-de-grau-superior-pacfgs\/\" target=\"_blank\" rel=\"noopener noreferrer\">M\u00e9s sobre les Proves d&#8217;Acc\u00e9s als Cicles Formatius de Grau Superior<\/a><\/p>\n<\/div>\n","protected":false},"excerpt":{"rendered":"<p>El centre ofereix el curs de 300h al vespre, entre les 17.00 i les 20:30 aprox., de dilluns a dijous (10h\/setmana), per preparar la Prova d&#8217;Acc\u00e9s als Cicles Formatius de Grau Superior (PACFGS). Comen\u00e7a la tercera setmana de setembre i finalitza la segona setmana de&hellip;  <a href=\"https:\/\/agora.xtec.cat\/cfa-ramonllull\/ensenyaments\/ensenyaments-per-a-la-preparacio-de-proves-dacces\/a-cicles-formatius-de-grau-superior\/\" title=\"Read Proves d&#8217;acc\u00e9s als cicles formatius de grau superior\">Llegeix m\u00e9s\u00bb<\/a><\/p>\n","protected":false},"author":1,"featured_media":0,"parent":288,"menu_order":2,"comment_status":"closed","ping_status":"closed","template":"page-templates\/side-menu.php","meta":{"_bbp_topic_count":0,"_bbp_reply_count":0,"_bbp_total_topic_count":0,"_bbp_total_reply_count":0,"_bbp_voice_count":0,"_bbp_anonymous_reply_count":0,"_bbp_topic_count_hidden":0,"_bbp_reply_count_hidden":0,"_bbp_forum_subforum_count":0,"footnotes":""},"class_list":["post-320","page","type-page","status-publish","hentry"],"post_mailing_queue_ids":[],"_links":{"self":[{"href":"https:\/\/agora.xtec.cat\/cfa-ramonllull\/wp-json\/wp\/v2\/pages\/320","targetHints":{"allow":["GET"]}}],"collection":[{"href":"https:\/\/agora.xtec.cat\/cfa-ramonllull\/wp-json\/wp\/v2\/pages"}],"about":[{"href":"https:\/\/agora.xtec.cat\/cfa-ramonllull\/wp-json\/wp\/v2\/types\/page"}],"author":[{"embeddable":true,"href":"https:\/\/agora.xtec.cat\/cfa-ramonllull\/wp-json\/wp\/v2\/users\/1"}],"replies":[{"embeddable":true,"href":"https:\/\/agora.xtec.cat\/cfa-ramonllull\/wp-json\/wp\/v2\/comments?post=320"}],"version-history":[{"count":4,"href":"https:\/\/agora.xtec.cat\/cfa-ramonllull\/wp-json\/wp\/v2\/pages\/320\/revisions"}],"predecessor-version":[{"id":1929,"href":"https:\/\/agora.xtec.cat\/cfa-ramonllull\/wp-json\/wp\/v2\/pages\/320\/revisions\/1929"}],"up":[{"embeddable":true,"href":"https:\/\/agora.xtec.cat\/cfa-ramonllull\/wp-json\/wp\/v2\/pages\/288"}],"wp:attachment":[{"href":"https:\/\/agora.xtec.cat\/cfa-ramonllull\/wp-json\/wp\/v2\/media?parent=320"}],"curies":[{"name":"wp","href":"https:\/\/api.w.org\/{rel}","templated":true}]}}