{"id":318,"date":"2015-01-28T11:34:47","date_gmt":"2015-01-28T10:34:47","guid":{"rendered":"http:\/\/agora.xtec.cat\/cfa-ramonllull\/?page_id=318"},"modified":"2024-07-10T19:28:09","modified_gmt":"2024-07-10T17:28:09","slug":"a-cicles-formatius-de-grau-mitja","status":"publish","type":"page","link":"https:\/\/agora.xtec.cat\/cfa-ramonllull\/ensenyaments\/ensenyaments-per-a-la-preparacio-de-proves-dacces\/a-cicles-formatius-de-grau-mitja\/","title":{"rendered":"Proves d&#8217;acc\u00e9s als cicles formatius de grau mitj\u00e0"},"content":{"rendered":"<p>El centre ofereix el curs de preparaci\u00f3 presencial a les PACFGM de <strong>330h<\/strong> de durada, <strong>de 17:00 a 20:30<\/strong> <strong>aprox<\/strong>. de dilluns a dijous (12h\/setmana). El curs comen\u00e7a la tercera setmana de setembre i finalitza la primera setmana de maig. Consta de 5 assignatures (catal\u00e0, castell\u00e0, angl\u00e8s, socials i matem\u00e0tiques) si es demostra un m\u00ednim d&#8217;1 any d&#8217;experi\u00e8ncia laboral, si no, s&#8217;han de realitzar 2 assignatures m\u00e9s (naturals i tecnologia).<\/p>\n<p>En finalitzar el curs s&#8217;obt\u00e9 el certificat que aporta el <strong>20% a la nota final de <a href=\"https:\/\/educacio.gencat.cat\/ca\/serveis-tramits\/proves\/proves-acces\/gm-fp\/calendari\/\" target=\"_blank\" rel=\"noopener\">la prova d&#8217;acc\u00e9s <\/a><\/strong>que es realitza la primera setmana de maig a l&#8217;institut.<\/p>\n<p><span style=\"text-decoration: underline;\"><strong>Requisits<\/strong><\/span><\/p>\n<p>Per inscriure&#8217;s a la prova cal tenir\u00a0<strong>17 anys<\/strong>\u00a0o m\u00e9s (o complir-los l&#8217;any natural en que es realitza la prova).<\/p>\n<p>No poden inscriure&#8217;s les persones que tenen la titulaci\u00f3 acad\u00e8mica o els ensenyaments que permeten l&#8217;acc\u00e9s directe als cicles formatius de grau mitj\u00e0 (ESO o equivalent, el curs espec\u00edfic d&#8217;acc\u00e9s, formaci\u00f3 professional b\u00e0sica).<\/p>\n<p><span style=\"text-decoration: underline;\"><strong>Contingut<\/strong><\/span><\/p>\n<p><strong>Part comunicativa i social<\/strong><\/p>\n<p>compet\u00e8ncia en llengua catalana<br \/>\ncompet\u00e8ncia\u00a0en llengua castellana<br \/>\ncompet\u00e8ncia\u00a0en llengua estrangera (angl\u00e8s o franc\u00e8s)<br \/>\ncompet\u00e8ncia social i ciutadana<\/p>\n<p><strong>Part cient\u00edficotecnol\u00f2gica<\/strong><\/p>\n<p>compet\u00e8ncia d&#8217;interacci\u00f3 amb el m\u00f3n f\u00edsic i en tecnologies<\/p>\n<p><strong>Part matem\u00e0tica<\/strong><\/p>\n<p>compet\u00e8ncia matem\u00e0tica<\/p>\n<p><span style=\"text-decoration: underline;\"><strong>Proves d&#8217;acc\u00e9s al Grau mitj\u00e0<\/strong><\/span><\/p>\n<ul>\n<li><a href=\"http:\/\/ensenyament.gencat.cat\/ca\/serveis-tramits\/proves\/proves-acces\/gm-fp\/\" target=\"_blank\" rel=\"noopener noreferrer\">Formaci\u00f3 professional. Grau mitj\u00e0<\/a><\/li>\n<li><a href=\"http:\/\/ensenyament.gencat.cat\/ca\/serveis-tramits\/proves\/proves-acces\/gm-apd\/\" target=\"_blank\" rel=\"noopener noreferrer\">Arts pl\u00e0stiques i disseny. Grau mitj\u00e0<\/a><\/li>\n<li><a href=\"http:\/\/ensenyament.gencat.cat\/ca\/serveis-tramits\/proves\/proves-acces\/gs-esportius\/\" target=\"_blank\" rel=\"noopener noreferrer\">Ensenyaments esportius. Grau mitj\u00e0 (prova general)<\/a><\/li>\n<\/ul>\n<p><span style=\"text-decoration: underline;\"><strong>Cicles de Grau mitj\u00e0<\/strong><\/span><\/p>\n<ul>\n<li><a href=\"http:\/\/queestudiar.gencat.cat\/ca\/estudis\/fp\/cicles\/gm\/\" target=\"_blank\" rel=\"noopener noreferrer\">Fam\u00edlies i trets dels\u00a0cicles de grau mitj\u00e0<\/a><\/li>\n<\/ul>\n","protected":false},"excerpt":{"rendered":"<p>El centre ofereix el curs de preparaci\u00f3 presencial a les PACFGM de 330h de durada, de 17:00 a 20:30 aprox. de dilluns a dijous (12h\/setmana). El curs comen\u00e7a la tercera setmana de setembre i finalitza la primera setmana de maig. Consta de 5 assignatures (catal\u00e0,&hellip;  <a href=\"https:\/\/agora.xtec.cat\/cfa-ramonllull\/ensenyaments\/ensenyaments-per-a-la-preparacio-de-proves-dacces\/a-cicles-formatius-de-grau-mitja\/\" title=\"Read Proves d&#8217;acc\u00e9s als cicles formatius de grau mitj\u00e0\">Llegeix m\u00e9s\u00bb<\/a><\/p>\n","protected":false},"author":1,"featured_media":0,"parent":288,"menu_order":1,"comment_status":"closed","ping_status":"closed","template":"page-templates\/side-menu.php","meta":{"_bbp_topic_count":0,"_bbp_reply_count":0,"_bbp_total_topic_count":0,"_bbp_total_reply_count":0,"_bbp_voice_count":0,"_bbp_anonymous_reply_count":0,"_bbp_topic_count_hidden":0,"_bbp_reply_count_hidden":0,"_bbp_forum_subforum_count":0,"footnotes":""},"class_list":["post-318","page","type-page","status-publish","hentry"],"post_mailing_queue_ids":[],"_links":{"self":[{"href":"https:\/\/agora.xtec.cat\/cfa-ramonllull\/wp-json\/wp\/v2\/pages\/318","targetHints":{"allow":["GET"]}}],"collection":[{"href":"https:\/\/agora.xtec.cat\/cfa-ramonllull\/wp-json\/wp\/v2\/pages"}],"about":[{"href":"https:\/\/agora.xtec.cat\/cfa-ramonllull\/wp-json\/wp\/v2\/types\/page"}],"author":[{"embeddable":true,"href":"https:\/\/agora.xtec.cat\/cfa-ramonllull\/wp-json\/wp\/v2\/users\/1"}],"replies":[{"embeddable":true,"href":"https:\/\/agora.xtec.cat\/cfa-ramonllull\/wp-json\/wp\/v2\/comments?post=318"}],"version-history":[{"count":4,"href":"https:\/\/agora.xtec.cat\/cfa-ramonllull\/wp-json\/wp\/v2\/pages\/318\/revisions"}],"predecessor-version":[{"id":1931,"href":"https:\/\/agora.xtec.cat\/cfa-ramonllull\/wp-json\/wp\/v2\/pages\/318\/revisions\/1931"}],"up":[{"embeddable":true,"href":"https:\/\/agora.xtec.cat\/cfa-ramonllull\/wp-json\/wp\/v2\/pages\/288"}],"wp:attachment":[{"href":"https:\/\/agora.xtec.cat\/cfa-ramonllull\/wp-json\/wp\/v2\/media?parent=318"}],"curies":[{"name":"wp","href":"https:\/\/api.w.org\/{rel}","templated":true}]}}