{"id":303,"date":"2015-01-28T11:23:05","date_gmt":"2015-01-28T10:23:05","guid":{"rendered":"http:\/\/agora.xtec.cat\/cfa-ramonllull\/?page_id=303"},"modified":"2025-07-02T14:17:08","modified_gmt":"2025-07-02T12:17:08","slug":"graduat-en-educacio-secundaria-per-adults","status":"publish","type":"page","link":"https:\/\/agora.xtec.cat\/cfa-ramonllull\/ensenyaments\/ensenyaments-inicials-i-formacio-basica\/graduat-en-educacio-secundaria-per-adults\/","title":{"rendered":"Graduat en Educaci\u00f3 Secund\u00e0ria (GES) a dist\u00e0ncia"},"content":{"rendered":"<p>El centre ofereix el GES a dist\u00e0ncia a trav\u00e9s de l&#8217;Institut Obert de Catalunya (IOC). Les <a href=\"https:\/\/ioc.xtec.cat\/educacio\/ges\" target=\"_blank\" rel=\"noopener noreferrer\">dates de matriculaci\u00f3<\/a> depenen si l&#8217;alumnat \u00e9s nou o antic.<\/p>\n<p>Consulta la informaci\u00f3 detallada sobre la <a href=\"https:\/\/agora.xtec.cat\/cfa-ramonllull\/wp-content\/uploads\/usu46\/2025\/07\/Matricula-nous_informacio.pdf\" target=\"_blank\" rel=\"noopener\">matr\u00edcula d&#8217;alumnat nou i les dates i horaris d&#8217;entrevista presencial al CFA Ramon Llull<\/a>, centre col\u00b7laborador de GES de l&#8217;IOC.<\/p>\n<ul>\n<li>\n<p class=\"style14\" align=\"justify\">Les persones <strong>majors de 18 anys<\/strong> (excepcionalment de 16 a 18 anys -pr\u00e8via <a href=\"https:\/\/agora.xtec.cat\/cfa-ramonllull\/wp-content\/uploads\/usu46\/2020\/06\/Sol\u00b7licitud_autoritzaci\u00f3.pdf\" target=\"_blank\" rel=\"noopener\">Sol\u00b7licitud_autoritzaci\u00f3<\/a> i ompliment de la <a href=\"https:\/\/agora.xtec.cat\/cfa-ramonllull\/wp-content\/uploads\/usu46\/2020\/06\/Carta_de_compromis_educatiu.pdf\" target=\"_blank\" rel=\"noopener\">Carta_de_compromis_educatiu<\/a>-) que no tenen el <strong>t\u00edtol de Graduat en Educaci\u00f3 Secund\u00e0ria<\/strong> poden obtenir-lo mitjan\u00e7ant formaci\u00f3 a dist\u00e0ncia online.<\/p>\n<p class=\"style14\" align=\"justify\">L&#8217;alumnat disposa d&#8217;un<em>a tutoria <\/em>que t&#8217;orienta en la teva formaci\u00f3.<\/p>\n<\/li>\n<\/ul>\n<p style=\"padding-left: 40px;\">Consulta <a href=\"https:\/\/ioc.xtec.cat\/educacio\/ges\" target=\"_blank\" rel=\"noopener noreferrer\">Informaci\u00f3 detallada de GES<\/a>.<\/p>\n<ul>\n<li>Una vegada obtingut el t\u00edtol de GES, l&#8217;alumnat t\u00e9 dret a demanar el <strong>t\u00edtol C1 de catal\u00e0 <\/strong>(<strong>Avan\u00e7at<\/strong>) aportant la documentaci\u00f3 adient segons la normativa (<a href=\"https:\/\/llengua.gencat.cat\/web\/.content\/documents\/certificats_de_catala\/arxius\/equiv_llista.pdf\" target=\"_blank\" rel=\"noopener noreferrer\">ORDRE VCP\/491\/2009, de 12 de novembre -DOGC n\u00fam. 5511, de 23.11.09-<\/a>). \u00c9s imprescindible haver comen\u00e7at els estudis d&#8217;EGB o Prim\u00e0ria, segons els casos, a partir del curs 1978\/1979.<\/li>\n<li>Una altra possibilitat per obtenir el Graduat en Secund\u00e0ria \u00e9s dur a terme la <a href=\"http:\/\/ensenyament.gencat.cat\/ca\/serveis-tramits\/proves\/proves-lliures-obtencio-titols\/obtencio-geso-mes-18-anys\/\" target=\"_blank\" rel=\"noopener noreferrer\">prova lliure de GES<\/a><\/li>\n<\/ul>\n","protected":false},"excerpt":{"rendered":"<p>El centre ofereix el GES a dist\u00e0ncia a trav\u00e9s de l&#8217;Institut Obert de Catalunya (IOC). Les <a href=\"https:\/\/ioc.xtec.cat\/educacio\/ges\" target=\"_blank\" rel=\"noopener noreferrer\">dates de matriculaci\u00f3<\/a> depenen si l&#8217;alumnat \u00e9s nou o antic.<br \/>\nConsulta la informaci\u00f3 detallada sobre la <a href=\"https:\/\/agora.xtec.cat\/cfa-ramonllull\/wp-content\/uploads\/usu46\/2025\/07\/Matricula-nous_informacio.pdf\" target=\"_blank\" rel=\"noopener\">matr\u00edcula d&#8217;alumnat nou i les dates i&hellip;  <a href=\"https:\/\/agora.xtec.cat\/cfa-ramonllull\/ensenyaments\/ensenyaments-inicials-i-formacio-basica\/graduat-en-educacio-secundaria-per-adults\/\" title=\"Read Graduat en Educaci\u00f3 Secund\u00e0ria (GES) a dist\u00e0ncia\">Llegeix m\u00e9s\u00bb<\/a><\/p>\n","protected":false},"author":1,"featured_media":0,"parent":283,"menu_order":1,"comment_status":"closed","ping_status":"closed","template":"page-templates\/side-menu.php","meta":{"_bbp_topic_count":0,"_bbp_reply_count":0,"_bbp_total_topic_count":0,"_bbp_total_reply_count":0,"_bbp_voice_count":0,"_bbp_anonymous_reply_count":0,"_bbp_topic_count_hidden":0,"_bbp_reply_count_hidden":0,"_bbp_forum_subforum_count":0,"footnotes":""},"class_list":["post-303","page","type-page","status-publish","hentry"],"post_mailing_queue_ids":[],"_links":{"self":[{"href":"https:\/\/agora.xtec.cat\/cfa-ramonllull\/wp-json\/wp\/v2\/pages\/303","targetHints":{"allow":["GET"]}}],"collection":[{"href":"https:\/\/agora.xtec.cat\/cfa-ramonllull\/wp-json\/wp\/v2\/pages"}],"about":[{"href":"https:\/\/agora.xtec.cat\/cfa-ramonllull\/wp-json\/wp\/v2\/types\/page"}],"author":[{"embeddable":true,"href":"https:\/\/agora.xtec.cat\/cfa-ramonllull\/wp-json\/wp\/v2\/users\/1"}],"replies":[{"embeddable":true,"href":"https:\/\/agora.xtec.cat\/cfa-ramonllull\/wp-json\/wp\/v2\/comments?post=303"}],"version-history":[{"count":7,"href":"https:\/\/agora.xtec.cat\/cfa-ramonllull\/wp-json\/wp\/v2\/pages\/303\/revisions"}],"predecessor-version":[{"id":2652,"href":"https:\/\/agora.xtec.cat\/cfa-ramonllull\/wp-json\/wp\/v2\/pages\/303\/revisions\/2652"}],"up":[{"embeddable":true,"href":"https:\/\/agora.xtec.cat\/cfa-ramonllull\/wp-json\/wp\/v2\/pages\/283"}],"wp:attachment":[{"href":"https:\/\/agora.xtec.cat\/cfa-ramonllull\/wp-json\/wp\/v2\/media?parent=303"}],"curies":[{"name":"wp","href":"https:\/\/api.w.org\/{rel}","templated":true}]}}