{"id":299,"date":"2015-01-28T11:21:22","date_gmt":"2015-01-28T10:21:22","guid":{"rendered":"http:\/\/agora.xtec.cat\/cfa-ramonllull\/?page_id=299"},"modified":"2025-07-16T19:06:24","modified_gmt":"2025-07-16T17:06:24","slug":"llengua-castellana","status":"publish","type":"page","link":"https:\/\/agora.xtec.cat\/cfa-ramonllull\/ensenyaments\/ensenyaments-inicials-i-formacio-basica\/llengua-castellana\/","title":{"rendered":"Llengua castellana"},"content":{"rendered":"<h4><span style=\"text-decoration: underline;\"><a href=\"http:\/\/queestudiar.gencat.cat\/ca\/estudis\/adults\/estudis\/llengua-castellana\/?p_id=2330&amp;estudi\" target=\"_blank\" rel=\"noopener noreferrer\">Curr\u00edculum i tres de &#8220;Llengua Castellana&#8221;<\/a><\/span><\/h4>\n<p>Aquests estudis tenen com a <strong>objectiu<\/strong> que les persones adultes assoleixin un <strong>grau de compet\u00e8ncia b\u00e0sica per a comunicar-se<\/strong> en llengua castellana i s&#8217;imparteixen en tres nivells: l<strong>A1<\/strong>, <strong>A2<\/strong> i <strong>B1<\/strong> del <strong>MECR<\/strong> (<strong><a href=\"https:\/\/llengua.gencat.cat\/web\/.content\/documents\/publicacions\/marc_europeu_comu_de_referencia_per_a_les_llengues\/arxius\/marc_cap3.pdf\" target=\"_blank\" rel=\"noopener noreferrer\">Marc europeu com\u00fa de refer\u00e8ncia per a les lleng\u00fces<\/a><\/strong>).<\/p>\n<h5>El centre ofereix actualment:<\/h5>\n<ul>\n<li><strong>Castell\u00e0 A1:<\/strong> Es correspon amb el <strong>nivell Usuari Inicial <\/strong>del MERC. \u00c9s un curs de <strong><span class=\"googie_link\">105\u202fh<\/span><\/strong> de duraci\u00f3 (de setembre a juny) repartides en <a href=\"https:\/\/agora.xtec.cat\/cfa-ramonllull\/wp-admin\/post.php?post=626&amp;action=edit&amp;classic-editor\" target=\"_blank\" rel=\"noopener noreferrer\"><strong>dues<\/strong> <strong>sessions d&#8217;1\u202fh i 30&#8242; setmanals<\/strong><\/a>. El nivell A1 persegueix que l&#8217;alumnat sigui capa\u00e7 de comprendre i utilitzar expressions quotidianes i familiars i frases molt senzilles encaminades a satisfer les primeres necessitats; presentar-se i presentar<br \/>\nuna tercera persona, formular i respondre preguntes sobre detalls personals com ara on viu, la gent que coneix i les coses que t\u00e9; interactuar d\u2019una manera senzilla a condici\u00f3 que l\u2019altra persona parli a poc a poc i amb claredat i que estigui disposada a ajudar.<\/li>\n<li><strong>Castell\u00e0 A2<\/strong>: Corresponent amb el <strong>nivell Usuari<\/strong> <strong>B\u00e0sic <\/strong>del MERC. Es tracta d&#8217;un curs de <strong>140\u202fh<\/strong> de duraci\u00f3 (de setembre a juny) repartides en <strong><a href=\"https:\/\/agora.xtec.cat\/cfa-ramonllull\/wp-admin\/post.php?post=626&amp;action=edit&amp;classic-editor\" target=\"_blank\" rel=\"noopener noreferrer\">dues sessions de 2 h setmanals<\/a>.\u00a0<\/strong>El nivell A2 persegueix que l&#8217;alumnat sigui capa\u00e7 de comprendre frases i expressions utilitzades habitualment i relacionades amb temes d\u2019import\u00e0ncia immediata i comunicar-se en situacions senzilles i habituals que exigeixin un intercanvi simple i directe d\u2019informaci\u00f3 sobre temes familiars i habituals, descriure, de manera senzilla, aspectes de la seva experi\u00e8ncia o bagatge personal, aspectes de l\u2019entorn immediat i assumptes relacionats amb necessitats immediates.<\/li>\n<li><strong>Castell\u00e0 B1<\/strong>: Correspon al\u00a0 nivell Llindar del MERC. Curs de <strong>140\u202fh<\/strong> distribu\u00efdes en <strong><a href=\"https:\/\/agora.xtec.cat\/cfa-ramonllull\/ensenyaments\/oferta-formativa\/\" target=\"_blank\" rel=\"noopener\">dues sessions de 2\u202fh setmanals<\/a><\/strong> (de setembre a juny). Capacita<span style=\"font-family: Open Sans, Arial, Helvetica, sans-serif;\"><span style=\"font-size: large;\">\u00a0en la comprensi\u00f3<\/span><\/span><span style=\"color: #000000;\"> <span style=\"font-family: inherit; font-size: 1em;\"><span style=\"font-family: Open Sans, Arial, Helvetica, sans-serif;\"><span style=\"font-size: large;\">de <\/span><\/span><\/span><span style=\"font-family: inherit; font-size: 1em;\"><span style=\"font-family: Open Sans, Arial, Helvetica, sans-serif;\"><span style=\"font-size: large;\">les idees principals d\u2019una informaci\u00f3 clara sobre temes relatius a la feina, a l\u2019escola, a l\u2019oci&#8230;, produ<\/span><\/span><\/span><span style=\"font-family: inherit; font-size: 1em;\"><span style=\"font-family: Open Sans, Arial, Helvetica, sans-serif;\"><span style=\"font-size: large;\">cci\u00f3 de <\/span><\/span><\/span><span style=\"font-family: inherit; font-size: 1em;\"><span style=\"font-family: Open Sans, Arial, Helvetica, sans-serif;\"><span style=\"font-size: large;\">discurs<\/span><\/span><\/span><span style=\"font-family: inherit; font-size: 1em;\"><span style=\"font-family: Open Sans, Arial, Helvetica, sans-serif;\"><span style=\"font-size: large;\">os<\/span><\/span><\/span><span style=\"font-family: inherit; font-size: 1em;\"><span style=\"font-family: Open Sans, Arial, Helvetica, sans-serif;\"><span style=\"font-size: large;\"> senzill<\/span><\/span><\/span><span style=\"font-family: inherit; font-size: 1em;\"><span style=\"font-family: Open Sans, Arial, Helvetica, sans-serif;\"><span style=\"font-size: large;\">s<\/span><\/span><\/span><span style=\"font-family: inherit; font-size: 1em;\"><span style=\"font-family: Open Sans, Arial, Helvetica, sans-serif;\"><span style=\"font-size: large;\"> i coherent<\/span><\/span><\/span><span style=\"font-family: inherit; font-size: 1em;\"><span style=\"font-family: Open Sans, Arial, Helvetica, sans-serif;\"><span style=\"font-size: large;\">s<\/span><\/span><\/span><span style=\"font-family: inherit; font-size: 1em;\"><span style=\"font-family: Open Sans, Arial, Helvetica, sans-serif;\"><span style=\"font-size: large;\"> sobre temes familiars o d\u2019inter\u00e8s personal.<\/span><\/span><\/span><\/span><span style=\"color: #660066;\"><span style=\"font-family: Open Sans, Arial, Helvetica, sans-serif;\"><span style=\"font-size: large;\"><span id=\"Marc2\" dir=\"ltr\"><\/span>&#8230;<\/span><\/span><\/span><\/li>\n<\/ul>\n","protected":false},"excerpt":{"rendered":"<p><a href=\"http:\/\/queestudiar.gencat.cat\/ca\/estudis\/adults\/estudis\/llengua-castellana\/?p_id=2330&amp;estudi\" target=\"_blank\" rel=\"noopener noreferrer\">Curr\u00edculum i tres de &#8220;Llengua Castellana&#8221;<\/a><br \/>\nAquests estudis tenen com a objectiu que les persones adultes assoleixin un grau de compet\u00e8ncia b\u00e0sica per a comunicar-se en llengua castellana i s&#8217;imparteixen en tres nivells: lA1, A2 i B1 del MECR (<a href=\"https:\/\/llengua.gencat.cat\/web\/.content\/documents\/publicacions\/marc_europeu_comu_de_referencia_per_a_les_llengues\/arxius\/marc_cap3.pdf\" target=\"_blank\"&hellip;  <a href=\"https:\/\/agora.xtec.cat\/cfa-ramonllull\/ensenyaments\/ensenyaments-inicials-i-formacio-basica\/llengua-castellana\/\" title=\"Read Llengua castellana\">Llegeix m\u00e9s\u00bb<\/a><\/p>\n","protected":false},"author":1,"featured_media":0,"parent":283,"menu_order":3,"comment_status":"closed","ping_status":"closed","template":"page-templates\/side-menu.php","meta":{"_bbp_topic_count":0,"_bbp_reply_count":0,"_bbp_total_topic_count":0,"_bbp_total_reply_count":0,"_bbp_voice_count":0,"_bbp_anonymous_reply_count":0,"_bbp_topic_count_hidden":0,"_bbp_reply_count_hidden":0,"_bbp_forum_subforum_count":0,"footnotes":""},"class_list":["post-299","page","type-page","status-publish","hentry"],"post_mailing_queue_ids":[],"_links":{"self":[{"href":"https:\/\/agora.xtec.cat\/cfa-ramonllull\/wp-json\/wp\/v2\/pages\/299","targetHints":{"allow":["GET"]}}],"collection":[{"href":"https:\/\/agora.xtec.cat\/cfa-ramonllull\/wp-json\/wp\/v2\/pages"}],"about":[{"href":"https:\/\/agora.xtec.cat\/cfa-ramonllull\/wp-json\/wp\/v2\/types\/page"}],"author":[{"embeddable":true,"href":"https:\/\/agora.xtec.cat\/cfa-ramonllull\/wp-json\/wp\/v2\/users\/1"}],"replies":[{"embeddable":true,"href":"https:\/\/agora.xtec.cat\/cfa-ramonllull\/wp-json\/wp\/v2\/comments?post=299"}],"version-history":[{"count":5,"href":"https:\/\/agora.xtec.cat\/cfa-ramonllull\/wp-json\/wp\/v2\/pages\/299\/revisions"}],"predecessor-version":[{"id":2726,"href":"https:\/\/agora.xtec.cat\/cfa-ramonllull\/wp-json\/wp\/v2\/pages\/299\/revisions\/2726"}],"up":[{"embeddable":true,"href":"https:\/\/agora.xtec.cat\/cfa-ramonllull\/wp-json\/wp\/v2\/pages\/283"}],"wp:attachment":[{"href":"https:\/\/agora.xtec.cat\/cfa-ramonllull\/wp-json\/wp\/v2\/media?parent=299"}],"curies":[{"name":"wp","href":"https:\/\/api.w.org\/{rel}","templated":true}]}}