{"id":296,"date":"2015-01-28T11:18:08","date_gmt":"2015-01-28T10:18:08","guid":{"rendered":"http:\/\/agora.xtec.cat\/cfa-ramonllull\/?page_id=296"},"modified":"2025-07-16T19:05:27","modified_gmt":"2025-07-16T17:05:27","slug":"llengua-catalana","status":"publish","type":"page","link":"https:\/\/agora.xtec.cat\/cfa-ramonllull\/ensenyaments\/ensenyaments-inicials-i-formacio-basica\/llengua-catalana\/","title":{"rendered":"Llengua catalana"},"content":{"rendered":"<h4><a href=\"http:\/\/queestudiar.gencat.cat\/web\/.content\/home\/estudis\/adults\/normativa\/resoluciocurriculumsllenguescfa.pdf\" target=\"_blank\" rel=\"noopener noreferrer\"><span style=\"text-decoration: underline;\">Curr\u00edculum i trets de &#8220;llengua catalana&#8221;<\/span><\/a><\/h4>\n<p>Aquests estudis tenen com a <strong>objectiu<\/strong> que les persones adultes assoleixin un <strong>grau de compet\u00e8ncia b\u00e0sica per a comunicar-se<\/strong> en llengua catalana i s&#8217;imparteixen en tres nivells que corresponen als <strong>nivells A1 (Inicial)<\/strong>, <strong>A2 (B\u00e0sic) -Usuari B\u00e0sic-<\/strong> i <strong>B1<\/strong> <strong>(Llindar <\/strong>-junt amb el B2, Avan\u00e7at, completen l&#8217;Usuari Independent<strong>&#8211;<\/strong>) del <strong>MCER<\/strong> (<strong><a href=\"https:\/\/llengua.gencat.cat\/web\/.content\/documents\/publicacions\/marc_europeu_comu_de_referencia_per_a_les_llengues\/arxius\/marc_cap3.pdf\" target=\"_blank\" rel=\"noopener noreferrer\">Marc Com\u00fa Europeu de Refer\u00e8ncia per a les lleng\u00fces<\/a><\/strong>).<\/p>\n<h5>El centre ofereix actualment:<\/h5>\n<ul style=\"list-style-type: disc;\">\n<li><span style=\"text-decoration: underline;\"><strong>CATAL\u00c0 A1<\/strong><\/span>: Corresponent amb el <strong>nivell Usuari Inicial<\/strong> del MCER. S&#8217;ofereix en format <strong>quadrimestral<\/strong>\u00a0de <strong>105\u202fh repartides en <a href=\"https:\/\/agora.xtec.cat\/cfa-ramonllull\/ensenyaments\/oferta-formativa\/\" target=\"_blank\" rel=\"noopener\">tres sessions setmanals <\/a><\/strong><strong><a href=\"https:\/\/agora.xtec.cat\/cfa-ramonllull\/ensenyaments\/oferta-formativa\/\" target=\"_blank\" rel=\"noopener\">de 2 h<\/a>. <\/strong>Es pot cursar durant el primer per\u00edode (de setembre a gener) o durant\u00a0 el segon (de febrer a juny). Persegueix que l&#8217;alumnat sigui capa\u00e7 de comprendre i utilitzar expressions quotidianes i familiars i frases molt senzilles encaminades a satisfer les primeres necessitats, presentar-se i presentar una tercera persona; formular i respondre preguntes sobre detalls personals com ara on viu, la gent que coneix i les coses que t\u00e9; interactuar d\u2019una manera senzilla a condici\u00f3 que l\u2019altra persona parli a poc a poc i amb claredat i que estigui disposada a ajudar.<\/li>\n<li><span class=\"style16\"><strong><span style=\"text-decoration: underline;\">CATAL\u00c0 A2<\/span>:\u00a0<\/strong><\/span>Corresponent amb el <strong>nivell Usuari B\u00e0sic <\/strong>del MCER. Es tracta d&#8217;un curs de <strong>140\u202fh<\/strong> de duraci\u00f3 (de setembre a juny) repartides en <strong><a href=\"https:\/\/agora.xtec.cat\/cfa-ramonllull\/ensenyaments\/oferta-formativa\/\" target=\"_blank\" rel=\"noopener\">dues sessions de 2 h<\/a>. <\/strong>El nivell A2 persegueix que l&#8217;alumnat sigui capa\u00e7 de comprendre frases i expressions utilitzades habitualment i relacionades amb temes d\u2019import\u00e0ncia immediata i comunicar-se en situacions senzilles i habituals que exigeixin un intercanvi simple i directe d\u2019informaci\u00f3 sobre temes familiars i habituals, descriure, de manera senzilla, aspectes de la seva experi\u00e8ncia o bagatge personal, aspectes de l\u2019entorn immediat i assumptes relacionats amb necessitats immediates.<\/li>\n<li><strong><span style=\"text-decoration: underline;\"><span class=\"style12\"><strong>CATAL\u00c0 B1<\/strong><\/span><\/span>: <\/strong><span class=\"style14\">Es correspon amb un <strong>nivell Llindar<\/strong> del MCER (junt amb el B2, Avan\u00e7at, conformen l&#8217;Usuari Independent). \u00c9s un curs de <strong>140\u202fh<\/strong> de durada\u00a0 repartit en <a href=\"https:\/\/agora.xtec.cat\/cfa-ramonllull\/ensenyaments\/oferta-formativa\/\" target=\"_blank\" rel=\"noopener\"><strong>dues sessions setmanals de 2\u202fh cadascuna<\/strong><\/a> (de setembre a juny). El nivell B1 persegueix que l&#8217;alumnat sigui capa\u00e7 de comprendre les idees principals d\u2019una informaci\u00f3 clara sobre temes relatius a la feina, a l\u2019escola, a l\u2019oci, etc.; fer front a la major part de situacions ling\u00fc\u00edstiques que poden apar\u00e8ixer quan es viatja en una zona on es parla la llengua objecte d\u2019aprenentatge; produir un discurs senzill i coherent sobre temes que li s\u00f3n familiars o d\u2019inter\u00e8s personal; descriure fets i experi\u00e8ncies, somnis, esperances i ambicions, i donar raons i explicacions de les opinions i projectes de manera breu.<\/span><\/li>\n<\/ul>\n","protected":false},"excerpt":{"rendered":"<p><a href=\"http:\/\/queestudiar.gencat.cat\/web\/.content\/home\/estudis\/adults\/normativa\/resoluciocurriculumsllenguescfa.pdf\" target=\"_blank\" rel=\"noopener noreferrer\">Curr\u00edculum i trets de &#8220;llengua catalana&#8221;<\/a><br \/>\nAquests estudis tenen com a objectiu que les persones adultes assoleixin un grau de compet\u00e8ncia b\u00e0sica per a comunicar-se en llengua catalana i s&#8217;imparteixen en tres nivells que corresponen als nivells A1 (Inicial), A2 (B\u00e0sic) -Usuari&hellip;  <a href=\"https:\/\/agora.xtec.cat\/cfa-ramonllull\/ensenyaments\/ensenyaments-inicials-i-formacio-basica\/llengua-catalana\/\" title=\"Read Llengua catalana\">Llegeix m\u00e9s\u00bb<\/a><\/p>\n","protected":false},"author":1,"featured_media":0,"parent":283,"menu_order":2,"comment_status":"closed","ping_status":"closed","template":"page-templates\/side-menu.php","meta":{"_bbp_topic_count":0,"_bbp_reply_count":0,"_bbp_total_topic_count":0,"_bbp_total_reply_count":0,"_bbp_voice_count":0,"_bbp_anonymous_reply_count":0,"_bbp_topic_count_hidden":0,"_bbp_reply_count_hidden":0,"_bbp_forum_subforum_count":0,"footnotes":""},"class_list":["post-296","page","type-page","status-publish","hentry"],"post_mailing_queue_ids":[],"_links":{"self":[{"href":"https:\/\/agora.xtec.cat\/cfa-ramonllull\/wp-json\/wp\/v2\/pages\/296","targetHints":{"allow":["GET"]}}],"collection":[{"href":"https:\/\/agora.xtec.cat\/cfa-ramonllull\/wp-json\/wp\/v2\/pages"}],"about":[{"href":"https:\/\/agora.xtec.cat\/cfa-ramonllull\/wp-json\/wp\/v2\/types\/page"}],"author":[{"embeddable":true,"href":"https:\/\/agora.xtec.cat\/cfa-ramonllull\/wp-json\/wp\/v2\/users\/1"}],"replies":[{"embeddable":true,"href":"https:\/\/agora.xtec.cat\/cfa-ramonllull\/wp-json\/wp\/v2\/comments?post=296"}],"version-history":[{"count":7,"href":"https:\/\/agora.xtec.cat\/cfa-ramonllull\/wp-json\/wp\/v2\/pages\/296\/revisions"}],"predecessor-version":[{"id":2725,"href":"https:\/\/agora.xtec.cat\/cfa-ramonllull\/wp-json\/wp\/v2\/pages\/296\/revisions\/2725"}],"up":[{"embeddable":true,"href":"https:\/\/agora.xtec.cat\/cfa-ramonllull\/wp-json\/wp\/v2\/pages\/283"}],"wp:attachment":[{"href":"https:\/\/agora.xtec.cat\/cfa-ramonllull\/wp-json\/wp\/v2\/media?parent=296"}],"curies":[{"name":"wp","href":"https:\/\/api.w.org\/{rel}","templated":true}]}}