{"id":2754,"date":"2026-04-09T14:05:46","date_gmt":"2026-04-09T12:05:46","guid":{"rendered":"https:\/\/agora.xtec.cat\/cfa-ramonllull\/?page_id=2754"},"modified":"2026-04-24T12:45:38","modified_gmt":"2026-04-24T10:45:38","slug":"aules-capacitacio-digital","status":"publish","type":"page","link":"https:\/\/agora.xtec.cat\/cfa-ramonllull\/serveis\/aules-capacitacio-digital\/","title":{"rendered":"Aules de capacitaci\u00f3 digital"},"content":{"rendered":"<p style=\"text-align: justify;\">La r\u00e0pida transformaci\u00f3 digital de l\u2019economia i la societat ha convertit les compet\u00e8ncies digitals en eines b\u00e0siques per poder aprofitar les oportunitats que ofereixen des del punt de vista econ\u00f2mic, social i ambiental.<\/p>\n<p style=\"text-align: justify;\">Per donar resposta a aquesta necessitat de formaci\u00f3 en compet\u00e8ncies digitals, el Departament d\u2019Educaci\u00f3 i Formaci\u00f3 Professional ha creat una\u00a0<strong>xarxa de centres de capacitaci\u00f3 digital<\/strong>, formada per instituts de formaci\u00f3 professional i escoles d\u2019adults d\u2019arreu de Catalunya que ha ofert un total de <strong>cinc cursos<\/strong>, des del nivell m\u00e9s b\u00e0sic fins a l\u2019\u00e0mbit professional.\u00a0<strong>Aquests cursos han estat gratu\u00efts<\/strong> i en finalitzar-los l&#8217;alumnat ha rebut una <strong>acreditaci\u00f3<\/strong>\u00a0del curs realitzat.<\/p>\n<p style=\"text-align: justify;\">El CFA Ramon Llull ha format part d&#8217; aquesta <strong>xarxa de centres de capacitaci\u00f3 digital<\/strong> durant els cursos 2024-25 i 2025-26 oferint els cinc cursos del programa. La col\u00b7laboraci\u00f3 amb el projecte ha contribu\u00eft a la\u00a0 millora de la inclusi\u00f3 digital tant de l&#8217;alumnat propi com de les persones del nostre entorn proper. La valoraci\u00f3 de la participaci\u00f3 al projecte ha estat molt positiva.<\/p>\n<p><a href=\"https:\/\/agora.xtec.cat\/cfa-ramonllull\/wp-content\/uploads\/usu46\/2024\/12\/Aules-de-capacitacio-digital-1.png\"><img loading=\"lazy\" decoding=\"async\" class=\"size-medium wp-image-2542 aligncenter\" src=\"https:\/\/agora.xtec.cat\/cfa-ramonllull\/wp-content\/uploads\/usu46\/2024\/12\/Aules-de-capacitacio-digital-1-300x300.png\" alt=\"\" width=\"300\" height=\"300\" srcset=\"https:\/\/agora.xtec.cat\/cfa-ramonllull\/wp-content\/uploads\/usu46\/2024\/12\/Aules-de-capacitacio-digital-1-300x300.png 300w, https:\/\/agora.xtec.cat\/cfa-ramonllull\/wp-content\/uploads\/usu46\/2024\/12\/Aules-de-capacitacio-digital-1-1024x1024.png 1024w, https:\/\/agora.xtec.cat\/cfa-ramonllull\/wp-content\/uploads\/usu46\/2024\/12\/Aules-de-capacitacio-digital-1-150x150.png 150w, https:\/\/agora.xtec.cat\/cfa-ramonllull\/wp-content\/uploads\/usu46\/2024\/12\/Aules-de-capacitacio-digital-1-768x768.png 768w, https:\/\/agora.xtec.cat\/cfa-ramonllull\/wp-content\/uploads\/usu46\/2024\/12\/Aules-de-capacitacio-digital-1.png 1080w\" sizes=\"auto, (max-width: 300px) 100vw, 300px\" \/><\/a><\/p>\n","protected":false},"excerpt":{"rendered":"<p>La r\u00e0pida transformaci\u00f3 digital de l\u2019economia i la societat ha convertit les compet\u00e8ncies digitals en eines b\u00e0siques per poder aprofitar les oportunitats que ofereixen des del punt de vista econ\u00f2mic, social i ambiental.<br \/>\nPer donar resposta a aquesta necessitat de formaci\u00f3 en compet\u00e8ncies digitals, el Departament&hellip;  <a href=\"https:\/\/agora.xtec.cat\/cfa-ramonllull\/serveis\/aules-capacitacio-digital\/\" title=\"Read Aules de capacitaci\u00f3 digital\">Llegeix m\u00e9s\u00bb<\/a><\/p>\n","protected":false},"author":1,"featured_media":0,"parent":63,"menu_order":3,"comment_status":"closed","ping_status":"closed","template":"page-templates\/side-menu.php","meta":{"_bbp_topic_count":0,"_bbp_reply_count":0,"_bbp_total_topic_count":0,"_bbp_total_reply_count":0,"_bbp_voice_count":0,"_bbp_anonymous_reply_count":0,"_bbp_topic_count_hidden":0,"_bbp_reply_count_hidden":0,"_bbp_forum_subforum_count":0,"footnotes":""},"class_list":["post-2754","page","type-page","status-publish","hentry"],"post_mailing_queue_ids":[],"_links":{"self":[{"href":"https:\/\/agora.xtec.cat\/cfa-ramonllull\/wp-json\/wp\/v2\/pages\/2754","targetHints":{"allow":["GET"]}}],"collection":[{"href":"https:\/\/agora.xtec.cat\/cfa-ramonllull\/wp-json\/wp\/v2\/pages"}],"about":[{"href":"https:\/\/agora.xtec.cat\/cfa-ramonllull\/wp-json\/wp\/v2\/types\/page"}],"author":[{"embeddable":true,"href":"https:\/\/agora.xtec.cat\/cfa-ramonllull\/wp-json\/wp\/v2\/users\/1"}],"replies":[{"embeddable":true,"href":"https:\/\/agora.xtec.cat\/cfa-ramonllull\/wp-json\/wp\/v2\/comments?post=2754"}],"version-history":[{"count":6,"href":"https:\/\/agora.xtec.cat\/cfa-ramonllull\/wp-json\/wp\/v2\/pages\/2754\/revisions"}],"predecessor-version":[{"id":2817,"href":"https:\/\/agora.xtec.cat\/cfa-ramonllull\/wp-json\/wp\/v2\/pages\/2754\/revisions\/2817"}],"up":[{"embeddable":true,"href":"https:\/\/agora.xtec.cat\/cfa-ramonllull\/wp-json\/wp\/v2\/pages\/63"}],"wp:attachment":[{"href":"https:\/\/agora.xtec.cat\/cfa-ramonllull\/wp-json\/wp\/v2\/media?parent=2754"}],"curies":[{"name":"wp","href":"https:\/\/api.w.org\/{rel}","templated":true}]}}