{"id":2752,"date":"2026-04-09T13:45:05","date_gmt":"2026-04-09T11:45:05","guid":{"rendered":"https:\/\/agora.xtec.cat\/cfa-ramonllull\/?page_id=2752"},"modified":"2026-04-22T11:23:42","modified_gmt":"2026-04-22T09:23:42","slug":"proves-actic","status":"publish","type":"page","link":"https:\/\/agora.xtec.cat\/cfa-ramonllull\/serveis\/proves-actic\/","title":{"rendered":"Centre col\u00b7laborador de proves ACTIC"},"content":{"rendered":"<p style=\"text-align: justify;\">El\u00a0<strong>CFA Ramon Llull<\/strong>\u00a0<strong>col\u00b7labora i dona suport a <\/strong>l\u2019<a href=\"https:\/\/actic.gencat.cat\/ca\/inici\/\" target=\"_blank\" rel=\"noopener noreferrer\">Acreditaci\u00f3 en Compet\u00e8ncies de Tecnologies de la Informaci\u00f3 i la Comunicaci\u00f3<\/a>\u00a0(<strong>ACTIC<\/strong>). El <strong>CFA Ramon Llull<\/strong> \u00e9s centre col\u00b7laborador d&#8217;ACTIC des del curs 2010-2011. Es tracta de\u00a0 la certificaci\u00f3 que acredita la compet\u00e8ncia digital d\u2019un usuari\/\u00e0ria o alumne\/a. Qualsevol persona de m\u00e9s de 16 anys pot venir al CFA Ramon Llull a fer una prova telem\u00e0tica \u00a0pr\u00e8via inscripci\u00f3 i sol\u00b7licitud online a la web d\u2019ACTIC.<\/p>\n<div class=\"ewa-rteLine\" style=\"text-align: justify;\">\n<p class=\"ewa-rteLine\">La sigla ACTIC correspon a la denominaci\u00f3 \u201cacreditaci\u00f3 de compet\u00e8ncies en tecnologies de la informaci\u00f3 i la comunicaci\u00f3\u201d.<\/p>\n<p class=\"ewa-rteLine\">L\u2019ACTIC \u00e9s la certificaci\u00f3 acreditativa de la compet\u00e8ncia digital, entesa com la combinaci\u00f3 de coneixements, habilitats i actituds en l\u2019\u00e0mbit de les tecnologies de la informaci\u00f3 i la comunicaci\u00f3 (TIC) que les persones despleguen en situacions reals per assolir objectius determinats amb efic\u00e0cia i efici\u00e8ncia.<\/p>\n<p class=\"ewa-rteLine\">L\u2019ACTIC permet a qualsevol persona demostrar les seves compet\u00e8ncies en TIC mitjan\u00e7ant una prova per ordinador que s\u2019avalua autom\u00e0ticament. La prova \u00e9s telem\u00e0tica, encara que s\u2019ha de fer en un centre col\u00b7laborador reconegut per la Generalitat, el qual garanteix que es fa en les condicions adequades. La sol\u00b7licitud d\u2019acreditaci\u00f3 i l\u2019obtenci\u00f3 del certificat tamb\u00e9 s\u00f3n telem\u00e0tics i no cal esperar cap convocat\u00f2ria per presentar la sol\u00b7licitud.<\/p>\n<p class=\"ewa-rteLine\">Les persones que superen satisfact\u00f2riament la prova obtenen un certificat (b\u00e0sic, mitj\u00e0 o avan\u00e7at) que emet la Generalitat, i que els possibilita acreditar un determinat nivell (1, 2 o 3, respectivament) de compet\u00e8ncies en TIC davant de qualsevol empresa o administraci\u00f3. Aquests certificats s\u00f3n, doncs, una eina que pot facilitar l&#8217;obtenci\u00f3 d&#8217;una feina, la promoci\u00f3 professional, l&#8217;acc\u00e9s a eines d\u2019aprenentatge virtual o l&#8217;obtenci\u00f3 d&#8217;una certificaci\u00f3 professional.<\/p>\n<p align=\"justify\"><strong>ACTIC<\/strong> \u00e9s una <strong>prova\u00a0telem\u00e0tica<\/strong>. Pots realitzar-la <span style=\"text-decoration: underline;\"><strong><a href=\"https:\/\/actic.gencat.cat\/ca\/ciutadania\/inscripcio\/\" target=\"_blank\" rel=\"noopener noreferrer\">en el nostre centre<\/a><\/strong><\/span>.<\/p>\n<p class=\"style47\" align=\"justify\">ACTIC facilita un\u00a0<a href=\"https:\/\/actic.gencat.cat\/ca\/la-prova\/guia_prova\/\" target=\"_blank\" rel=\"noopener noreferrer\" data-saferedirecturl=\"https:\/\/www.google.com\/url?hl=ca&amp;q=http:\/\/actic.gencat.cat\/es\/actic_informacio\/guia_prova\/index.html&amp;source=gmail&amp;ust=1491577045661000&amp;usg=AFQjCNFFdbXFS55DcQab1vIBC_fndHT0mA\">v\u00eddeo guia\u00a0de la prova<\/a>\u00a0i el <a href=\"https:\/\/actic.gencat.cat\/web\/.content\/07_difusio\/documents\/arxius\/Fullet_ACTIC_2017.pdf\" target=\"_blank\" rel=\"noopener noreferrer\" data-saferedirecturl=\"https:\/\/www.google.com\/url?hl=ca&amp;q=http:\/\/actic.gencat.cat\/web\/.content\/07_difusio\/documents\/arxius\/fullet_actic.pdf&amp;source=gmail&amp;ust=1491577045661000&amp;usg=AFQjCNHPfrPBYQDbnhWjXYy9Hw3-r6Lbgw\">fullet\u00f3 ACTIC<\/a>.<\/p>\n<\/div>\n<p style=\"text-align: center;\"><a href=\"https:\/\/agora.xtec.cat\/cfa-ramonllull\/wp-content\/uploads\/usu46\/2024\/07\/ACTIC-e1720637005457.png\"><img loading=\"lazy\" decoding=\"async\" class=\"size-full wp-image-2459 alignright\" src=\"https:\/\/agora.xtec.cat\/cfa-ramonllull\/wp-content\/uploads\/usu46\/2024\/07\/ACTIC-e1720637005457.png\" alt=\"\" width=\"170\" height=\"103\" \/><\/a><\/p>\n","protected":false},"excerpt":{"rendered":"<p>El\u00a0CFA Ramon Llull\u00a0col\u00b7labora i dona suport a l\u2019<a href=\"https:\/\/actic.gencat.cat\/ca\/inici\/\" target=\"_blank\" rel=\"noopener noreferrer\">Acreditaci\u00f3 en Compet\u00e8ncies de Tecnologies de la Informaci\u00f3 i la Comunicaci\u00f3<\/a>\u00a0(ACTIC). El CFA Ramon Llull \u00e9s centre col\u00b7laborador d&#8217;ACTIC des del curs 2010-2011. Es tracta de\u00a0 la certificaci\u00f3 que acredita la compet\u00e8ncia digital d\u2019un&hellip;  <a href=\"https:\/\/agora.xtec.cat\/cfa-ramonllull\/serveis\/proves-actic\/\" title=\"Read Centre col\u00b7laborador de proves ACTIC\">Llegeix m\u00e9s\u00bb<\/a><\/p>\n","protected":false},"author":1,"featured_media":0,"parent":63,"menu_order":2,"comment_status":"closed","ping_status":"closed","template":"page-templates\/side-menu.php","meta":{"_bbp_topic_count":0,"_bbp_reply_count":0,"_bbp_total_topic_count":0,"_bbp_total_reply_count":0,"_bbp_voice_count":0,"_bbp_anonymous_reply_count":0,"_bbp_topic_count_hidden":0,"_bbp_reply_count_hidden":0,"_bbp_forum_subforum_count":0,"footnotes":""},"class_list":["post-2752","page","type-page","status-publish","hentry"],"post_mailing_queue_ids":[],"_links":{"self":[{"href":"https:\/\/agora.xtec.cat\/cfa-ramonllull\/wp-json\/wp\/v2\/pages\/2752","targetHints":{"allow":["GET"]}}],"collection":[{"href":"https:\/\/agora.xtec.cat\/cfa-ramonllull\/wp-json\/wp\/v2\/pages"}],"about":[{"href":"https:\/\/agora.xtec.cat\/cfa-ramonllull\/wp-json\/wp\/v2\/types\/page"}],"author":[{"embeddable":true,"href":"https:\/\/agora.xtec.cat\/cfa-ramonllull\/wp-json\/wp\/v2\/users\/1"}],"replies":[{"embeddable":true,"href":"https:\/\/agora.xtec.cat\/cfa-ramonllull\/wp-json\/wp\/v2\/comments?post=2752"}],"version-history":[{"count":7,"href":"https:\/\/agora.xtec.cat\/cfa-ramonllull\/wp-json\/wp\/v2\/pages\/2752\/revisions"}],"predecessor-version":[{"id":2797,"href":"https:\/\/agora.xtec.cat\/cfa-ramonllull\/wp-json\/wp\/v2\/pages\/2752\/revisions\/2797"}],"up":[{"embeddable":true,"href":"https:\/\/agora.xtec.cat\/cfa-ramonllull\/wp-json\/wp\/v2\/pages\/63"}],"wp:attachment":[{"href":"https:\/\/agora.xtec.cat\/cfa-ramonllull\/wp-json\/wp\/v2\/media?parent=2752"}],"curies":[{"name":"wp","href":"https:\/\/api.w.org\/{rel}","templated":true}]}}