{"id":274,"date":"2015-01-27T17:56:20","date_gmt":"2015-01-27T16:56:20","guid":{"rendered":"http:\/\/agora.xtec.cat\/cfa-ramonllull\/?page_id=274"},"modified":"2024-07-10T19:22:21","modified_gmt":"2024-07-10T17:22:21","slug":"ensenyaments","status":"publish","type":"page","link":"https:\/\/agora.xtec.cat\/cfa-ramonllull\/ensenyaments\/","title":{"rendered":"Acc\u00e9s a la formaci\u00f3 i classificaci\u00f3 formativa"},"content":{"rendered":"<h4><a href=\"http:\/\/queestudiar.gencat.cat\/ca\/preinscripcio\/estudis\/adults\/info-general\/\" target=\"_blank\" rel=\"noopener noreferrer\"><span style=\"text-decoration: underline;\">Requisits d&#8217;acc\u00e9s a la formaci\u00f3 d&#8217;adults<\/span><\/a><\/h4>\n<h5>Classificaci\u00f3 dels diferents ensenyaments de la formaci\u00f3 d&#8217;adults:<\/h5>\n<ul class=\"sub-menu menu-odd menu-depth-1\">\n<li><a href=\"https:\/\/agora.xtec.cat\/cfa-ramonllull\/ensenyaments\/ensenyaments-inicials-i-formacio-basica\/\" target=\"_blank\" rel=\"noopener noreferrer\"><strong>Inicials i formaci\u00f3 b\u00e0sica<\/strong><\/a>\n<ul class=\"sub-menu menu-even sub-sub-menu menu-depth-2\">\n<li id=\"nav-menu-item-298\" class=\"sub-menu-item sub-sub-menu-item menu-item-even menu-item-depth-2 menu-item menu-item-type-post_type menu-item-object-page\">Llengua catalana<\/li>\n<li id=\"nav-menu-item-310\" class=\"sub-menu-item sub-sub-menu-item menu-item-even menu-item-depth-2 menu-item menu-item-type-post_type menu-item-object-page\">Llengua castellana<\/li>\n<li id=\"nav-menu-item-308\" class=\"sub-menu-item sub-sub-menu-item menu-item-even menu-item-depth-2 menu-item menu-item-type-post_type menu-item-object-page\">Graduat en Educaci\u00f3 Secund\u00e0ria (GES) a dist\u00e0ncia<\/li>\n<\/ul>\n<\/li>\n<li id=\"nav-menu-item-291\" class=\"sub-menu-item menu-item-odd menu-item-depth-1 menu-item menu-item-type-post_type menu-item-object-page menu-item-has-children\"><a href=\"https:\/\/agora.xtec.cat\/cfa-ramonllull\/ensenyaments\/ensenyaments-transprofessionals\/\" target=\"_blank\" rel=\"noopener noreferrer\"><strong>Transprofessionals<\/strong><\/a>\n<ul class=\"sub-menu menu-even sub-sub-menu menu-depth-2\">\n<li class=\"sub-menu-item sub-sub-menu-item menu-item-even menu-item-depth-2 menu-item menu-item-type-post_type menu-item-object-page menu-item-has-children\">Llengua anglesa<\/li>\n<li id=\"nav-menu-item-324\" class=\"sub-menu-item sub-sub-menu-item menu-item-even menu-item-depth-2 menu-item menu-item-type-post_type menu-item-object-page menu-item-has-children\">COMPETIC (Compet\u00e8ncies en tecnologies de la Informaci\u00f3 i la comunicaci\u00f3)\n<ul class=\"sub-menu menu-odd sub-sub-menu menu-depth-3\">\n<li id=\"nav-menu-item-462\" class=\"sub-menu-item sub-sub-menu-item menu-item-odd menu-item-depth-3 menu-item menu-item-type-post_type menu-item-object-page\">COMPETIC vs ACTIC<\/li>\n<\/ul>\n<\/li>\n<\/ul>\n<\/li>\n<li id=\"nav-menu-item-290\" class=\"sub-menu-item menu-item-odd menu-item-depth-1 menu-item menu-item-type-post_type menu-item-object-page menu-item-has-children\"><a href=\"https:\/\/agora.xtec.cat\/cfa-ramonllull\/ensenyaments\/ensenyaments-per-a-la-preparacio-de-proves-dacces\/\" target=\"_blank\" rel=\"noopener noreferrer\"><strong>Per a la preparaci\u00f3 de proves d\u2019acc\u00e9s als cicles formatius mitj\u00e0\/superior<\/strong><\/a>\n<ul class=\"sub-menu menu-even sub-sub-menu menu-depth-2\">\n<li id=\"nav-menu-item-583\" class=\"sub-menu-item sub-sub-menu-item menu-item-even menu-item-depth-2 menu-item menu-item-type-post_type menu-item-object-page\">Proves d\u2019Acc\u00e9s als Cicles Formatius de Grau Mitj\u00e0 (PACFGM)<\/li>\n<li id=\"nav-menu-item-582\" class=\"sub-menu-item sub-sub-menu-item menu-item-even menu-item-depth-2 menu-item menu-item-type-post_type menu-item-object-page\">Proves d\u2019Acc\u00e9s als Cicles Formatius de Grau Superior (PACFGS)<\/li>\n<\/ul>\n<\/li>\n<\/ul>\n","protected":false},"excerpt":{"rendered":"<p><a href=\"http:\/\/queestudiar.gencat.cat\/ca\/preinscripcio\/estudis\/adults\/info-general\/\" target=\"_blank\" rel=\"noopener noreferrer\">Requisits d&#8217;acc\u00e9s a la formaci\u00f3 d&#8217;adults<\/a><br \/>\nClassificaci\u00f3 dels diferents ensenyaments de la formaci\u00f3 d&#8217;adults:<\/p>\n<ul class=\"sub-menu menu-odd menu-depth-1\">\n<li><a href=\"https:\/\/agora.xtec.cat\/cfa-ramonllull\/ensenyaments\/ensenyaments-inicials-i-formacio-basica\/\" target=\"_blank\" rel=\"noopener noreferrer\">Inicials i formaci\u00f3 b\u00e0sica<\/a>\n<ul class=\"sub-menu menu-even sub-sub-menu menu-depth-2\">\n<li id=\"nav-menu-item-298\" class=\"sub-menu-item sub-sub-menu-item menu-item-even menu-item-depth-2 menu-item menu-item-type-post_type menu-item-object-page\">Llengua catalana<\/li>\n<li id=\"nav-menu-item-310\" class=\"sub-menu-item sub-sub-menu-item menu-item-even menu-item-depth-2&hellip;  <a href=\"https:\/\/agora.xtec.cat\/cfa-ramonllull\/ensenyaments\/\" title=\"Read Acc\u00e9s a la formaci\u00f3 i classificaci\u00f3 formativa\">Llegeix m\u00e9s\u00bb<\/a><br \/>\n","protected":false},"author":1,"featured_media":0,"parent":0,"menu_order":0,"comment_status":"closed","ping_status":"closed","template":"page-templates\/side-menu.php","meta":{"_bbp_topic_count":0,"_bbp_reply_count":0,"_bbp_total_topic_count":0,"_bbp_total_reply_count":0,"_bbp_voice_count":0,"_bbp_anonymous_reply_count":0,"_bbp_topic_count_hidden":0,"_bbp_reply_count_hidden":0,"_bbp_forum_subforum_count":0,"footnotes":""},"class_list":["post-274","page","type-page","status-publish","hentry"],"post_mailing_queue_ids":[],"_links":{"self":[{"href":"https:\/\/agora.xtec.cat\/cfa-ramonllull\/wp-json\/wp\/v2\/pages\/274","targetHints":{"allow":["GET"]}}],"collection":[{"href":"https:\/\/agora.xtec.cat\/cfa-ramonllull\/wp-json\/wp\/v2\/pages"}],"about":[{"href":"https:\/\/agora.xtec.cat\/cfa-ramonllull\/wp-json\/wp\/v2\/types\/page"}],"author":[{"embeddable":true,"href":"https:\/\/agora.xtec.cat\/cfa-ramonllull\/wp-json\/wp\/v2\/users\/1"}],"replies":[{"embeddable":true,"href":"https:\/\/agora.xtec.cat\/cfa-ramonllull\/wp-json\/wp\/v2\/comments?post=274"}],"version-history":[{"count":4,"href":"https:\/\/agora.xtec.cat\/cfa-ramonllull\/wp-json\/wp\/v2\/pages\/274\/revisions"}],"predecessor-version":[{"id":1822,"href":"https:\/\/agora.xtec.cat\/cfa-ramonllull\/wp-json\/wp\/v2\/pages\/274\/revisions\/1822"}],"wp:attachment":[{"href":"https:\/\/agora.xtec.cat\/cfa-ramonllull\/wp-json\/wp\/v2\/media?parent=274"}],"curies":[{"name":"wp","href":"https:\/\/api.w.org\/{rel}","templated":true}]}}