{"id":27,"date":"2014-09-17T16:24:03","date_gmt":"2014-09-17T16:24:03","guid":{"rendered":"http:\/\/agora.xtec.cat\/cfa-ramonllull\/?page_id=27"},"modified":"2024-07-10T18:32:52","modified_gmt":"2024-07-10T16:32:52","slug":"historia","status":"publish","type":"page","link":"https:\/\/agora.xtec.cat\/cfa-ramonllull\/el-centre\/historia\/","title":{"rendered":"Algunes dates"},"content":{"rendered":"<p style=\"text-align: justify;\">El Centre de Formaci\u00f3 de Persones Adultes Ramon Llull de Terrassa va <strong>iniciar la seva acci\u00f3 formativa<\/strong>, l\u2019any <strong>1985<\/strong>, com a instrument per a donar resposta a les necessitats educatives de l\u2019entorn.\u00a0Situat, en un principi, al carrer Ramon Llull (geni mallorqu\u00ed del s. XIII), l\u2019escola rep el nom del que fou el primer gran propulsor de la prosa liter\u00e0ria en catal\u00e0.<\/p>\n<p style=\"text-align: justify;\">L\u2019any <strong>1994<\/strong>, com a conseq\u00fc\u00e8ncia de les defici\u00e8ncies estructurals de l\u2019edifici del carrer Ramon Llull, l\u2019escola es trasllad\u00e0 al carrer <strong>Atenes n\u00fam. 59<\/strong>, per ocupar les tres aules i el \u00a0pati del parvulari de l&#8217;antic CEIP Germans Amat, i la casa del conserge.<\/p>\n<p style=\"text-align: justify;\">Al llarg del curs <strong>2001\/2002<\/strong> l\u2019Excel\u00b7lent\u00edssim Ajuntament de Terrassa va dur a terme les reformes estructurals que donen l\u2019<a href=\"http:\/\/agora.xtec.cat\/cfa-ramonllull\/el-centre\/instal%C2%B7lacions\/\" target=\"_blank\" rel=\"noopener\"><strong>aparen\u00e7a actual del centre<\/strong><\/a>.<\/p>\n<p style=\"text-align: justify;\"><strong>El dia 23 de gener de 2003<\/strong>, el CFA Ramon Llull, <strong>va ser inaugurat<\/strong>, de fet, com a \u201cnou centre\u201d, en pres\u00e8ncia de l\u2019Honorable senyora Irene Rigau i Oliver, consellera del Departament de Benestar i Fam\u00edlia de la Generalitat de Catalunya, i l\u2019Il\u00b7lustr\u00edssim senyor Pere Navarro i Morera, alcalde de Terrassa.<\/p>\n<p style=\"text-align: justify;\"><strong>El curs 2003\/2004<\/strong> el CFA Ramon Llull va passar a dependre del <strong>Departament d\u2019Educaci\u00f3<\/strong> dins de la Direcci\u00f3 General de Formaci\u00f3 Professional i Educaci\u00f3 Permanent.<\/p>\n<p style=\"text-align: justify;\">El curs 2005\/2006, en el <strong>DOGC n\u00fam. 4479 de 29 de setembre de 2005<\/strong> (p\u00e0g. N\u00fam. 30422), en el <a href=\"http:\/\/legislacion.derecho.com\/decret-201-2005-27-setiembre-2005-departament-d-educacio-110856\" target=\"_blank\" rel=\"noopener\">Decret 201\/2005 de 27 de setembre<\/a>, l\u2019Escola Ramon Llull ha estat <strong>reconeguda jur\u00eddicament<\/strong> com a Centre de formaci\u00f3 de persones adultes <strong>amb el nom de CFA Ramon Llull<\/strong>.<\/p>\n","protected":false},"excerpt":{"rendered":"<p>El Centre de Formaci\u00f3 de Persones Adultes Ramon Llull de Terrassa va iniciar la seva acci\u00f3 formativa, l\u2019any 1985, com a instrument per a donar resposta a les necessitats educatives de l\u2019entorn.\u00a0Situat, en un principi, al carrer Ramon Llull (geni mallorqu\u00ed del s. XIII), l\u2019escola&hellip;  <a href=\"https:\/\/agora.xtec.cat\/cfa-ramonllull\/el-centre\/historia\/\" title=\"Read Algunes dates\">Llegeix m\u00e9s\u00bb<\/a><\/p>\n","protected":false},"author":1,"featured_media":0,"parent":261,"menu_order":3,"comment_status":"closed","ping_status":"closed","template":"page-templates\/side-menu.php","meta":{"_bbp_topic_count":0,"_bbp_reply_count":0,"_bbp_total_topic_count":0,"_bbp_total_reply_count":0,"_bbp_voice_count":0,"_bbp_anonymous_reply_count":0,"_bbp_topic_count_hidden":0,"_bbp_reply_count_hidden":0,"_bbp_forum_subforum_count":0,"footnotes":""},"class_list":["post-27","page","type-page","status-publish","hentry"],"post_mailing_queue_ids":[],"_links":{"self":[{"href":"https:\/\/agora.xtec.cat\/cfa-ramonllull\/wp-json\/wp\/v2\/pages\/27","targetHints":{"allow":["GET"]}}],"collection":[{"href":"https:\/\/agora.xtec.cat\/cfa-ramonllull\/wp-json\/wp\/v2\/pages"}],"about":[{"href":"https:\/\/agora.xtec.cat\/cfa-ramonllull\/wp-json\/wp\/v2\/types\/page"}],"author":[{"embeddable":true,"href":"https:\/\/agora.xtec.cat\/cfa-ramonllull\/wp-json\/wp\/v2\/users\/1"}],"replies":[{"embeddable":true,"href":"https:\/\/agora.xtec.cat\/cfa-ramonllull\/wp-json\/wp\/v2\/comments?post=27"}],"version-history":[{"count":5,"href":"https:\/\/agora.xtec.cat\/cfa-ramonllull\/wp-json\/wp\/v2\/pages\/27\/revisions"}],"predecessor-version":[{"id":2447,"href":"https:\/\/agora.xtec.cat\/cfa-ramonllull\/wp-json\/wp\/v2\/pages\/27\/revisions\/2447"}],"up":[{"embeddable":true,"href":"https:\/\/agora.xtec.cat\/cfa-ramonllull\/wp-json\/wp\/v2\/pages\/261"}],"wp:attachment":[{"href":"https:\/\/agora.xtec.cat\/cfa-ramonllull\/wp-json\/wp\/v2\/media?parent=27"}],"curies":[{"name":"wp","href":"https:\/\/api.w.org\/{rel}","templated":true}]}}