{"id":265,"date":"2015-01-27T17:28:56","date_gmt":"2015-01-27T16:28:56","guid":{"rendered":"http:\/\/agora.xtec.cat\/cfa-ramonllull\/?page_id=265"},"modified":"2026-02-27T22:44:07","modified_gmt":"2026-02-27T21:44:07","slug":"organitzacio-interna","status":"publish","type":"page","link":"https:\/\/agora.xtec.cat\/cfa-ramonllull\/el-centre\/organitzacio-interna\/","title":{"rendered":"Equip Educatiu"},"content":{"rendered":"<p style=\"text-align: center;\">La comunitat educativa del CFA Ramon Llull est\u00e0 formada per 6 docents, una auxiliar administrativa, un conserge i m\u00e9s de 300 alumnes.<\/p>\n<p><span style=\"color: #800080;\"><em><strong>Equip directiu<\/strong><\/em><\/span><\/p>\n<ul>\n<li>Directora: Silvia Cabrerizo \u00c1lvarez<\/li>\n<li>Cap d&#8217;estudis: N\u00faria de Lucas Val<\/li>\n<li>Secret\u00e0ria: Nieves Andr\u00e9s Bosque<\/li>\n<\/ul>\n<p><span style=\"color: #800080;\"><strong><em>Professorat curs 2025-2026<\/em><\/strong><\/span><\/p>\n<ul>\n<li>Araceli L\u00f3pez Mu\u00f1oz<\/li>\n<li>M\u00f2nica Oca\u00f1a Revert\u00e9<\/li>\n<li>Sonia Ruiz Salazar<\/li>\n<\/ul>\n<p><span style=\"color: #800080;\"><strong><em>Administraci\u00f3 i serveis<\/em><\/strong><\/span><\/p>\n<ul>\n<li>Auxiliar administrativa: Imma Navas Caballero<\/li>\n<li>Recepci\u00f3 i tasques polivalents: Xavier Puig i Lorenzo<\/li>\n<\/ul>\n<p>&nbsp;<\/p>\n","protected":false},"excerpt":{"rendered":"<p>La comunitat educativa del CFA Ramon Llull est\u00e0 formada per 6 docents, una auxiliar administrativa, un conserge i m\u00e9s de 300 alumnes.<br \/>\nEquip directiu<\/p>\n<ul>\n<li>Directora: Silvia Cabrerizo \u00c1lvarez<\/li>\n<li>Cap d&#8217;estudis: N\u00faria de Lucas Val<\/li>\n<li>Secret\u00e0ria: Nieves Andr\u00e9s Bosque<\/li>\n<\/ul>\n<p>Professorat curs 2025-2026<\/p>\n<ul>\n<li>Araceli L\u00f3pez Mu\u00f1oz<\/li>\n<li>M\u00f2nica Oca\u00f1a Revert\u00e9<\/li>\n<li>Sonia Ruiz Salazar<\/li>\n<\/ul>\n<p>Administraci\u00f3 i serveis<\/p>\n<ul>\n<li>Auxiliar administrativa:&hellip;  <a href=\"https:\/\/agora.xtec.cat\/cfa-ramonllull\/el-centre\/organitzacio-interna\/\" title=\"Read Equip Educatiu\">Llegeix m\u00e9s\u00bb<\/a><br \/>\n","protected":false},"author":1,"featured_media":0,"parent":261,"menu_order":4,"comment_status":"closed","ping_status":"closed","template":"page-templates\/side-menu.php","meta":{"_bbp_topic_count":0,"_bbp_reply_count":0,"_bbp_total_topic_count":0,"_bbp_total_reply_count":0,"_bbp_voice_count":0,"_bbp_anonymous_reply_count":0,"_bbp_topic_count_hidden":0,"_bbp_reply_count_hidden":0,"_bbp_forum_subforum_count":0,"footnotes":""},"class_list":["post-265","page","type-page","status-publish","hentry"],"post_mailing_queue_ids":[],"_links":{"self":[{"href":"https:\/\/agora.xtec.cat\/cfa-ramonllull\/wp-json\/wp\/v2\/pages\/265","targetHints":{"allow":["GET"]}}],"collection":[{"href":"https:\/\/agora.xtec.cat\/cfa-ramonllull\/wp-json\/wp\/v2\/pages"}],"about":[{"href":"https:\/\/agora.xtec.cat\/cfa-ramonllull\/wp-json\/wp\/v2\/types\/page"}],"author":[{"embeddable":true,"href":"https:\/\/agora.xtec.cat\/cfa-ramonllull\/wp-json\/wp\/v2\/users\/1"}],"replies":[{"embeddable":true,"href":"https:\/\/agora.xtec.cat\/cfa-ramonllull\/wp-json\/wp\/v2\/comments?post=265"}],"version-history":[{"count":7,"href":"https:\/\/agora.xtec.cat\/cfa-ramonllull\/wp-json\/wp\/v2\/pages\/265\/revisions"}],"predecessor-version":[{"id":2736,"href":"https:\/\/agora.xtec.cat\/cfa-ramonllull\/wp-json\/wp\/v2\/pages\/265\/revisions\/2736"}],"up":[{"embeddable":true,"href":"https:\/\/agora.xtec.cat\/cfa-ramonllull\/wp-json\/wp\/v2\/pages\/261"}],"wp:attachment":[{"href":"https:\/\/agora.xtec.cat\/cfa-ramonllull\/wp-json\/wp\/v2\/media?parent=265"}],"curies":[{"name":"wp","href":"https:\/\/api.w.org\/{rel}","templated":true}]}}