{"id":2436,"date":"2024-07-10T18:06:57","date_gmt":"2024-07-10T16:06:57","guid":{"rendered":"https:\/\/agora.xtec.cat\/cfa-ramonllull\/?page_id=2436"},"modified":"2026-04-24T12:54:30","modified_gmt":"2026-04-24T10:54:30","slug":"fem-teatre","status":"publish","type":"page","link":"https:\/\/agora.xtec.cat\/cfa-ramonllull\/projectes-i-activitats-de-lescola\/fem-teatre\/","title":{"rendered":"Fem teatre"},"content":{"rendered":"<p style=\"text-align: justify;\">El curs 2018-19 el CFA Ramon Llull va iniciar un nou projecte &#8220;Fem teatre&#8221; dinamitzat per la mestra S\u00edlvia Cabrerizo. Malauradament, es va veure interromput amb motiu de la pand\u00e8mia. El curs 2023-24 hem repr\u00e8s amb molta il\u00b7lusi\u00f3 aquesta activitat. L&#8217;objectiu de &#8220;Fem teatre&#8221; \u00e9s fomentar l&#8217;aprenentatge competencial de la llengua i les metodologies actives. L&#8217;alumnat de diferents grups dels ensenyaments de llengua de l&#8217;escola prepara al llarg del curs dramatitzacions (petites obres i role-plays) que s\u00f3n representades durant les jornades culturals del centre.<\/p>\n<table style=\"height: 64px; width: 100%; border-collapse: collapse;\">\n<tbody>\n<tr style=\"height: 32px; background-color: #ffddaa;\">\n<td style=\"width: 100%; height: 32px; text-align: center;\"><strong><span style=\"color: #000000;\">Curs 2018-19: &#8220;Un casament passat per Bollywood&#8221;\u00a0<\/span><\/strong><\/td>\n<\/tr>\n<tr style=\"height: 32px;\">\n<td style=\"width: 100%; height: 32px; background-color: #ecc5fa;\"><a href=\"https:\/\/www.facebook.com\/CFARamonLlull\/videos\/708348379576307\/\" target=\"_blank\" rel=\"noopener\"><img loading=\"lazy\" decoding=\"async\" class=\"wp-image-1287 aligncenter\" src=\"https:\/\/agora.xtec.cat\/cfa-ramonllull\/wp-content\/uploads\/usu46\/2019\/09\/IMG_9291-300x225.jpg\" alt=\"\" width=\"400\" height=\"300\" srcset=\"https:\/\/agora.xtec.cat\/cfa-ramonllull\/wp-content\/uploads\/usu46\/2019\/09\/IMG_9291-300x225.jpg 300w, https:\/\/agora.xtec.cat\/cfa-ramonllull\/wp-content\/uploads\/usu46\/2019\/09\/IMG_9291-768x576.jpg 768w, https:\/\/agora.xtec.cat\/cfa-ramonllull\/wp-content\/uploads\/usu46\/2019\/09\/IMG_9291-1024x768.jpg 1024w, https:\/\/agora.xtec.cat\/cfa-ramonllull\/wp-content\/uploads\/usu46\/2019\/09\/IMG_9291-200x150.jpg 200w\" sizes=\"auto, (max-width: 400px) 100vw, 400px\" \/><\/a><\/td>\n<\/tr>\n<\/tbody>\n<\/table>\n<p>&nbsp;<\/p>\n<table style=\"height: 64px; width: 100%; border-collapse: collapse;\">\n<tbody>\n<tr style=\"height: 32px;\">\n<td style=\"width: 100%; height: 32px; background-color: #fadb93; text-align: center;\" colspan=\"2\"><strong>Curs 2023-24:\u00a0 D&#8217;un gran mal en surt un gran b\u00e9\u00a0 \/\u00a0 A Mystery Message<\/strong><\/td>\n<\/tr>\n<tr style=\"height: 32px;\">\n<td style=\"width: 50%; height: 32px; background-color: #ecc5fa;\"><a href=\"https:\/\/agora.xtec.cat\/cfa-ramonllull\/wp-content\/uploads\/usu46\/2024\/07\/IMG-20240612-WA0012.jpg\"><img loading=\"lazy\" decoding=\"async\" class=\"wp-image-2479 aligncenter\" src=\"https:\/\/agora.xtec.cat\/cfa-ramonllull\/wp-content\/uploads\/usu46\/2024\/07\/IMG-20240612-WA0012-300x169.jpg\" alt=\"\" width=\"581\" height=\"327\" srcset=\"https:\/\/agora.xtec.cat\/cfa-ramonllull\/wp-content\/uploads\/usu46\/2024\/07\/IMG-20240612-WA0012-300x169.jpg 300w, https:\/\/agora.xtec.cat\/cfa-ramonllull\/wp-content\/uploads\/usu46\/2024\/07\/IMG-20240612-WA0012-1024x576.jpg 1024w, https:\/\/agora.xtec.cat\/cfa-ramonllull\/wp-content\/uploads\/usu46\/2024\/07\/IMG-20240612-WA0012-768x432.jpg 768w, https:\/\/agora.xtec.cat\/cfa-ramonllull\/wp-content\/uploads\/usu46\/2024\/07\/IMG-20240612-WA0012-1536x864.jpg 1536w, https:\/\/agora.xtec.cat\/cfa-ramonllull\/wp-content\/uploads\/usu46\/2024\/07\/IMG-20240612-WA0012-2048x1152.jpg 2048w\" sizes=\"auto, (max-width: 581px) 100vw, 581px\" \/><\/a><\/td>\n<td style=\"width: 50%; height: 32px; background-color: #ecc5fa;\"><a href=\"https:\/\/agora.xtec.cat\/cfa-ramonllull\/wp-content\/uploads\/usu46\/2024\/07\/20240612_103019-scaled.jpg\"><img loading=\"lazy\" decoding=\"async\" class=\"wp-image-2481 aligncenter\" src=\"https:\/\/agora.xtec.cat\/cfa-ramonllull\/wp-content\/uploads\/usu46\/2024\/07\/20240612_103019-300x165.jpg\" alt=\"\" width=\"606\" height=\"333\" srcset=\"https:\/\/agora.xtec.cat\/cfa-ramonllull\/wp-content\/uploads\/usu46\/2024\/07\/20240612_103019-300x165.jpg 300w, https:\/\/agora.xtec.cat\/cfa-ramonllull\/wp-content\/uploads\/usu46\/2024\/07\/20240612_103019-1024x563.jpg 1024w, https:\/\/agora.xtec.cat\/cfa-ramonllull\/wp-content\/uploads\/usu46\/2024\/07\/20240612_103019-768x423.jpg 768w, https:\/\/agora.xtec.cat\/cfa-ramonllull\/wp-content\/uploads\/usu46\/2024\/07\/20240612_103019-1536x845.jpg 1536w, https:\/\/agora.xtec.cat\/cfa-ramonllull\/wp-content\/uploads\/usu46\/2024\/07\/20240612_103019-2048x1127.jpg 2048w\" sizes=\"auto, (max-width: 606px) 100vw, 606px\" \/><\/a><\/td>\n<\/tr>\n<\/tbody>\n<\/table>\n<table style=\"border-collapse: collapse; width: 100%;\">\n<tbody>\n<tr style=\"background-color: #ffddaa;\">\n<td style=\"width: 50%; text-align: center;\" colspan=\"2\"><strong>Curs 2025-26: Un casament accidentat<\/strong><strong><br \/>\n<\/strong><\/td>\n<\/tr>\n<tr>\n<td style=\"width: 50%; background-color: #ecc5fa;\"><a href=\"https:\/\/agora.xtec.cat\/cfa-ramonllull\/wp-content\/uploads\/usu46\/2026\/04\/IMG-20250609-WA0003.jpg\"><img loading=\"lazy\" decoding=\"async\" class=\"wp-image-2749 aligncenter\" src=\"https:\/\/agora.xtec.cat\/cfa-ramonllull\/wp-content\/uploads\/usu46\/2026\/04\/IMG-20250609-WA0003-300x225.jpg\" alt=\"\" width=\"393\" height=\"295\" srcset=\"https:\/\/agora.xtec.cat\/cfa-ramonllull\/wp-content\/uploads\/usu46\/2026\/04\/IMG-20250609-WA0003-300x225.jpg 300w, https:\/\/agora.xtec.cat\/cfa-ramonllull\/wp-content\/uploads\/usu46\/2026\/04\/IMG-20250609-WA0003-1024x768.jpg 1024w, https:\/\/agora.xtec.cat\/cfa-ramonllull\/wp-content\/uploads\/usu46\/2026\/04\/IMG-20250609-WA0003-768x576.jpg 768w, https:\/\/agora.xtec.cat\/cfa-ramonllull\/wp-content\/uploads\/usu46\/2026\/04\/IMG-20250609-WA0003-1536x1152.jpg 1536w, https:\/\/agora.xtec.cat\/cfa-ramonllull\/wp-content\/uploads\/usu46\/2026\/04\/IMG-20250609-WA0003-200x150.jpg 200w, https:\/\/agora.xtec.cat\/cfa-ramonllull\/wp-content\/uploads\/usu46\/2026\/04\/IMG-20250609-WA0003.jpg 1600w\" sizes=\"auto, (max-width: 393px) 100vw, 393px\" \/><\/a><\/td>\n<td style=\"width: 50%; background-color: #ecc5fa;\"><a href=\"https:\/\/agora.xtec.cat\/cfa-ramonllull\/wp-content\/uploads\/usu46\/2026\/04\/IMG-20250609-WA0008-1.jpg\"><img loading=\"lazy\" decoding=\"async\" class=\" wp-image-2818 aligncenter\" src=\"https:\/\/agora.xtec.cat\/cfa-ramonllull\/wp-content\/uploads\/usu46\/2026\/04\/IMG-20250609-WA0008-1-300x224.jpg\" alt=\"\" width=\"397\" height=\"296\" srcset=\"https:\/\/agora.xtec.cat\/cfa-ramonllull\/wp-content\/uploads\/usu46\/2026\/04\/IMG-20250609-WA0008-1-300x224.jpg 300w, https:\/\/agora.xtec.cat\/cfa-ramonllull\/wp-content\/uploads\/usu46\/2026\/04\/IMG-20250609-WA0008-1-1024x766.jpg 1024w, https:\/\/agora.xtec.cat\/cfa-ramonllull\/wp-content\/uploads\/usu46\/2026\/04\/IMG-20250609-WA0008-1-768x575.jpg 768w, https:\/\/agora.xtec.cat\/cfa-ramonllull\/wp-content\/uploads\/usu46\/2026\/04\/IMG-20250609-WA0008-1-1536x1149.jpg 1536w, https:\/\/agora.xtec.cat\/cfa-ramonllull\/wp-content\/uploads\/usu46\/2026\/04\/IMG-20250609-WA0008-1-200x150.jpg 200w, https:\/\/agora.xtec.cat\/cfa-ramonllull\/wp-content\/uploads\/usu46\/2026\/04\/IMG-20250609-WA0008-1.jpg 2048w\" sizes=\"auto, (max-width: 397px) 100vw, 397px\" \/><\/a><\/td>\n<\/tr>\n<\/tbody>\n<\/table>\n","protected":false},"excerpt":{"rendered":"<p>El curs 2018-19 el CFA Ramon Llull va iniciar un nou projecte &#8220;Fem teatre&#8221; dinamitzat per la mestra S\u00edlvia Cabrerizo. Malauradament, es va veure interromput amb motiu de la pand\u00e8mia. El curs 2023-24 hem repr\u00e8s amb molta il\u00b7lusi\u00f3 aquesta activitat. L&#8217;objectiu de &#8220;Fem teatre&#8221; \u00e9s&hellip;  <a href=\"https:\/\/agora.xtec.cat\/cfa-ramonllull\/projectes-i-activitats-de-lescola\/fem-teatre\/\" title=\"Read Fem teatre\">Llegeix m\u00e9s\u00bb<\/a><\/p>\n","protected":false},"author":1,"featured_media":0,"parent":2433,"menu_order":3,"comment_status":"closed","ping_status":"closed","template":"page-templates\/side-menu.php","meta":{"_bbp_topic_count":0,"_bbp_reply_count":0,"_bbp_total_topic_count":0,"_bbp_total_reply_count":0,"_bbp_voice_count":0,"_bbp_anonymous_reply_count":0,"_bbp_topic_count_hidden":0,"_bbp_reply_count_hidden":0,"_bbp_forum_subforum_count":0,"footnotes":""},"class_list":["post-2436","page","type-page","status-publish","hentry"],"post_mailing_queue_ids":[],"_links":{"self":[{"href":"https:\/\/agora.xtec.cat\/cfa-ramonllull\/wp-json\/wp\/v2\/pages\/2436","targetHints":{"allow":["GET"]}}],"collection":[{"href":"https:\/\/agora.xtec.cat\/cfa-ramonllull\/wp-json\/wp\/v2\/pages"}],"about":[{"href":"https:\/\/agora.xtec.cat\/cfa-ramonllull\/wp-json\/wp\/v2\/types\/page"}],"author":[{"embeddable":true,"href":"https:\/\/agora.xtec.cat\/cfa-ramonllull\/wp-json\/wp\/v2\/users\/1"}],"replies":[{"embeddable":true,"href":"https:\/\/agora.xtec.cat\/cfa-ramonllull\/wp-json\/wp\/v2\/comments?post=2436"}],"version-history":[{"count":6,"href":"https:\/\/agora.xtec.cat\/cfa-ramonllull\/wp-json\/wp\/v2\/pages\/2436\/revisions"}],"predecessor-version":[{"id":2819,"href":"https:\/\/agora.xtec.cat\/cfa-ramonllull\/wp-json\/wp\/v2\/pages\/2436\/revisions\/2819"}],"up":[{"embeddable":true,"href":"https:\/\/agora.xtec.cat\/cfa-ramonllull\/wp-json\/wp\/v2\/pages\/2433"}],"wp:attachment":[{"href":"https:\/\/agora.xtec.cat\/cfa-ramonllull\/wp-json\/wp\/v2\/media?parent=2436"}],"curies":[{"name":"wp","href":"https:\/\/api.w.org\/{rel}","templated":true}]}}