{"id":2434,"date":"2024-07-10T18:06:57","date_gmt":"2024-07-10T16:06:57","guid":{"rendered":"https:\/\/agora.xtec.cat\/cfa-ramonllull\/?page_id=2434"},"modified":"2025-05-16T09:53:43","modified_gmt":"2025-05-16T07:53:43","slug":"intercanvis-linguistics","status":"publish","type":"page","link":"https:\/\/agora.xtec.cat\/cfa-ramonllull\/projectes-i-activitats-de-lescola\/intercanvis-linguistics\/","title":{"rendered":"Intercanvis ling\u00fc\u00edstics"},"content":{"rendered":"<p style=\"text-align: justify;\">Des del curs 2023-24 el CFA Ramon Llull ha iniciat el nou projecte d&#8217;intercanvis ling\u00fc\u00edstics. Es tracta d&#8217;una a<span style=\"color: #222222;\"><span style=\"font-family: Arial, sans-serif;\"><span style=\"font-size: medium;\">ctivitat complement\u00e0ria fora de l\u2019aula ordin\u00e0ria que duem a terme amb la col\u00b7laboraci\u00f3 d&#8217;alumnat voluntari del centre. Un\/a docent s&#8217;encarrega de guiar i dinamitzar l&#8217;activitat durant del curs. El nostre objectiu \u00e9s poder millorar l\u2019expressi\u00f3 oral en les lleng\u00fces impartides i fomentar l\u2019intercanvi cultural i ling\u00fc\u00edstic de l&#8217;alumnat.\u00a0<\/span><\/span><\/span><\/p>\n<p style=\"text-align: justify;\">Anima&#8217;t a participar! Demana informaci\u00f3 al teu tutor\/a i inscriu-te a un dels grups de conversa.<\/p>\n<table style=\"width: 100%; border-collapse: collapse; background-color: #e7b6fc;\">\n<tbody>\n<tr>\n<td style=\"width: 50%;\"><a href=\"https:\/\/agora.xtec.cat\/cfa-ramonllull\/wp-content\/uploads\/usu46\/2024\/07\/Intercanvis-linguistics.png\"><img loading=\"lazy\" decoding=\"async\" class=\" wp-image-2468 aligncenter\" src=\"https:\/\/agora.xtec.cat\/cfa-ramonllull\/wp-content\/uploads\/usu46\/2024\/07\/Intercanvis-linguistics-300x212.png\" alt=\"\" width=\"313\" height=\"221\" srcset=\"https:\/\/agora.xtec.cat\/cfa-ramonllull\/wp-content\/uploads\/usu46\/2024\/07\/Intercanvis-linguistics-300x212.png 300w, https:\/\/agora.xtec.cat\/cfa-ramonllull\/wp-content\/uploads\/usu46\/2024\/07\/Intercanvis-linguistics-1024x724.png 1024w, https:\/\/agora.xtec.cat\/cfa-ramonllull\/wp-content\/uploads\/usu46\/2024\/07\/Intercanvis-linguistics-768x543.png 768w, https:\/\/agora.xtec.cat\/cfa-ramonllull\/wp-content\/uploads\/usu46\/2024\/07\/Intercanvis-linguistics-1536x1086.png 1536w, https:\/\/agora.xtec.cat\/cfa-ramonllull\/wp-content\/uploads\/usu46\/2024\/07\/Intercanvis-linguistics-2048x1448.png 2048w\" sizes=\"auto, (max-width: 313px) 100vw, 313px\" \/><\/a><\/td>\n<td style=\"width: 50%;\"><a href=\"https:\/\/agora.xtec.cat\/cfa-ramonllull\/wp-content\/uploads\/usu46\/2024\/07\/Practica-intercanvis-linguistics.jpg\"><img loading=\"lazy\" decoding=\"async\" class=\"wp-image-2469 aligncenter\" src=\"https:\/\/agora.xtec.cat\/cfa-ramonllull\/wp-content\/uploads\/usu46\/2024\/07\/Practica-intercanvis-linguistics-300x169.jpg\" alt=\"\" width=\"446\" height=\"251\" srcset=\"https:\/\/agora.xtec.cat\/cfa-ramonllull\/wp-content\/uploads\/usu46\/2024\/07\/Practica-intercanvis-linguistics-300x169.jpg 300w, https:\/\/agora.xtec.cat\/cfa-ramonllull\/wp-content\/uploads\/usu46\/2024\/07\/Practica-intercanvis-linguistics-1024x576.jpg 1024w, https:\/\/agora.xtec.cat\/cfa-ramonllull\/wp-content\/uploads\/usu46\/2024\/07\/Practica-intercanvis-linguistics-768x432.jpg 768w, https:\/\/agora.xtec.cat\/cfa-ramonllull\/wp-content\/uploads\/usu46\/2024\/07\/Practica-intercanvis-linguistics-1536x864.jpg 1536w, https:\/\/agora.xtec.cat\/cfa-ramonllull\/wp-content\/uploads\/usu46\/2024\/07\/Practica-intercanvis-linguistics.jpg 2000w\" sizes=\"auto, (max-width: 446px) 100vw, 446px\" \/><\/a><\/td>\n<\/tr>\n<\/tbody>\n<\/table>\n","protected":false},"excerpt":{"rendered":"<p>Des del curs 2023-24 el CFA Ramon Llull ha iniciat el nou projecte d&#8217;intercanvis ling\u00fc\u00edstics. Es tracta d&#8217;una activitat complement\u00e0ria fora de l\u2019aula ordin\u00e0ria que duem a terme amb la col\u00b7laboraci\u00f3 d&#8217;alumnat voluntari del centre. Un\/a docent s&#8217;encarrega de guiar i dinamitzar l&#8217;activitat durant del&hellip;  <a href=\"https:\/\/agora.xtec.cat\/cfa-ramonllull\/projectes-i-activitats-de-lescola\/intercanvis-linguistics\/\" title=\"Read Intercanvis ling\u00fc\u00edstics\">Llegeix m\u00e9s\u00bb<\/a><\/p>\n","protected":false},"author":1,"featured_media":0,"parent":2433,"menu_order":1,"comment_status":"closed","ping_status":"closed","template":"page-templates\/side-menu.php","meta":{"_bbp_topic_count":0,"_bbp_reply_count":0,"_bbp_total_topic_count":0,"_bbp_total_reply_count":0,"_bbp_voice_count":0,"_bbp_anonymous_reply_count":0,"_bbp_topic_count_hidden":0,"_bbp_reply_count_hidden":0,"_bbp_forum_subforum_count":0,"footnotes":""},"class_list":["post-2434","page","type-page","status-publish","hentry"],"post_mailing_queue_ids":[],"_links":{"self":[{"href":"https:\/\/agora.xtec.cat\/cfa-ramonllull\/wp-json\/wp\/v2\/pages\/2434","targetHints":{"allow":["GET"]}}],"collection":[{"href":"https:\/\/agora.xtec.cat\/cfa-ramonllull\/wp-json\/wp\/v2\/pages"}],"about":[{"href":"https:\/\/agora.xtec.cat\/cfa-ramonllull\/wp-json\/wp\/v2\/types\/page"}],"author":[{"embeddable":true,"href":"https:\/\/agora.xtec.cat\/cfa-ramonllull\/wp-json\/wp\/v2\/users\/1"}],"replies":[{"embeddable":true,"href":"https:\/\/agora.xtec.cat\/cfa-ramonllull\/wp-json\/wp\/v2\/comments?post=2434"}],"version-history":[{"count":6,"href":"https:\/\/agora.xtec.cat\/cfa-ramonllull\/wp-json\/wp\/v2\/pages\/2434\/revisions"}],"predecessor-version":[{"id":2636,"href":"https:\/\/agora.xtec.cat\/cfa-ramonllull\/wp-json\/wp\/v2\/pages\/2434\/revisions\/2636"}],"up":[{"embeddable":true,"href":"https:\/\/agora.xtec.cat\/cfa-ramonllull\/wp-json\/wp\/v2\/pages\/2433"}],"wp:attachment":[{"href":"https:\/\/agora.xtec.cat\/cfa-ramonllull\/wp-json\/wp\/v2\/media?parent=2434"}],"curies":[{"name":"wp","href":"https:\/\/api.w.org\/{rel}","templated":true}]}}