{"id":2302,"date":"2024-03-04T20:47:15","date_gmt":"2024-03-04T19:47:15","guid":{"rendered":"https:\/\/agora.xtec.cat\/cfa-ramonllull\/?page_id=2302"},"modified":"2026-04-10T11:53:48","modified_gmt":"2026-04-10T09:53:48","slug":"revista-de-centre","status":"publish","type":"page","link":"https:\/\/agora.xtec.cat\/cfa-ramonllull\/projectes-i-activitats-de-lescola\/revista-de-centre\/","title":{"rendered":"Revistes de Sant Jordi del CFA Ramon Llull"},"content":{"rendered":"<p style=\"text-align: justify;\">Recull de revistes del CFA Ramon Llull elaborades per l&#8217;alumnat del centre. Es tracta d&#8217;un projecte col\u00b7lectiu i compartit amb la participaci\u00f3 de tots els ensenyaments i nivells que pret\u00e9n desenvolupar la compet\u00e8ncia en llengua escrita de l&#8217;alumnat.\u00a0 Es publica una revista anual que \u00e9s lliurada per la Diada de Sant Jordi.<\/p>\n<p>&nbsp;<\/p>\n<table style=\"height: 128px; width: 100%; border-collapse: collapse; background-color: #ecc5fa; border-style: solid;\">\n<tbody>\n<tr style=\"height: 32px;\">\n<td style=\"width: 25%; height: 32px;\"><a href=\"https:\/\/heyzine.com\/flip-book\/e5448670eb.html\" target=\"_blank\" rel=\"noopener\"><img loading=\"lazy\" decoding=\"async\" class=\"alignnone size-medium wp-image-2428\" src=\"https:\/\/agora.xtec.cat\/cfa-ramonllull\/wp-content\/uploads\/usu46\/2024\/07\/Revista-Sant-Jordi-2021-231x300.jpg\" alt=\"\" width=\"231\" height=\"300\" srcset=\"https:\/\/agora.xtec.cat\/cfa-ramonllull\/wp-content\/uploads\/usu46\/2024\/07\/Revista-Sant-Jordi-2021-231x300.jpg 231w, https:\/\/agora.xtec.cat\/cfa-ramonllull\/wp-content\/uploads\/usu46\/2024\/07\/Revista-Sant-Jordi-2021.jpg 691w\" sizes=\"auto, (max-width: 231px) 100vw, 231px\" \/><\/a><\/td>\n<td style=\"width: 25%; height: 32px;\"><a href=\"https:\/\/heyzine.com\/flip-book\/bb8870dc72.html\" target=\"_blank\" rel=\"noopener\"><img loading=\"lazy\" decoding=\"async\" class=\"alignnone size-medium wp-image-2429\" src=\"https:\/\/agora.xtec.cat\/cfa-ramonllull\/wp-content\/uploads\/usu46\/2024\/07\/Revista-Sant-jordi-2022-214x300.jpg\" alt=\"\" width=\"214\" height=\"300\" srcset=\"https:\/\/agora.xtec.cat\/cfa-ramonllull\/wp-content\/uploads\/usu46\/2024\/07\/Revista-Sant-jordi-2022-214x300.jpg 214w, https:\/\/agora.xtec.cat\/cfa-ramonllull\/wp-content\/uploads\/usu46\/2024\/07\/Revista-Sant-jordi-2022.jpg 636w\" sizes=\"auto, (max-width: 214px) 100vw, 214px\" \/><\/a><\/td>\n<td style=\"width: 25%; height: 32px;\"><a href=\"https:\/\/heyzine.com\/flip-book\/8e92fab6ff.html\" target=\"_blank\" rel=\"noopener\"><img loading=\"lazy\" decoding=\"async\" class=\"alignnone size-medium wp-image-2431\" src=\"https:\/\/agora.xtec.cat\/cfa-ramonllull\/wp-content\/uploads\/usu46\/2024\/07\/Revista-Sant-Jordi-2023-1-215x300.jpg\" alt=\"\" width=\"215\" height=\"300\" srcset=\"https:\/\/agora.xtec.cat\/cfa-ramonllull\/wp-content\/uploads\/usu46\/2024\/07\/Revista-Sant-Jordi-2023-1-215x300.jpg 215w, https:\/\/agora.xtec.cat\/cfa-ramonllull\/wp-content\/uploads\/usu46\/2024\/07\/Revista-Sant-Jordi-2023-1.jpg 635w\" sizes=\"auto, (max-width: 215px) 100vw, 215px\" \/><\/a><\/td>\n<td style=\"width: 25%; height: 32px;\"><a href=\"https:\/\/heyzine.com\/flip-book\/5c3ecce126.html\" target=\"_blank\" rel=\"noopener\"><img loading=\"lazy\" decoding=\"async\" class=\"alignnone size-medium wp-image-2343\" src=\"https:\/\/agora.xtec.cat\/cfa-ramonllull\/wp-content\/uploads\/usu46\/2024\/05\/Portada_2023_2024-212x300.jpg\" alt=\"\" width=\"212\" height=\"300\" \/><\/a><\/td>\n<\/tr>\n<tr style=\"height: 32px;\">\n<td style=\"width: 25%; height: 32px; text-align: center; border-style: solid; background-color: #fadb93;\">Revista curs 2020-21<\/td>\n<td style=\"width: 25%; height: 32px; text-align: center; border-style: solid; background-color: #fadb93;\">Revista curs 2021-22<\/td>\n<td style=\"width: 25%; height: 32px; text-align: center; border-style: solid; background-color: #fadb93;\">Revista curs 2022-23<\/td>\n<td style=\"width: 25%; height: 32px; text-align: center; border-style: solid; background-color: #fadb93;\">Revista curs 2023-24<\/td>\n<\/tr>\n<tr style=\"background-color: ##ecc5fa;\">\n<td style=\"height: 32px;\"><a href=\"https:\/\/heyzine.com\/flip-book\/95c9d07a20.html\" target=\"_blank\" rel=\"noopener\"><img loading=\"lazy\" decoding=\"async\" class=\"size-medium wp-image-2555 aligncenter\" src=\"https:\/\/agora.xtec.cat\/cfa-ramonllull\/wp-content\/uploads\/usu46\/2025\/04\/Portada-2024-2025-212x300.jpg\" alt=\"\" width=\"212\" height=\"300\" srcset=\"https:\/\/agora.xtec.cat\/cfa-ramonllull\/wp-content\/uploads\/usu46\/2025\/04\/Portada-2024-2025-212x300.jpg 212w, https:\/\/agora.xtec.cat\/cfa-ramonllull\/wp-content\/uploads\/usu46\/2025\/04\/Portada-2024-2025.jpg 669w\" sizes=\"auto, (max-width: 212px) 100vw, 212px\" \/><\/a><\/td>\n<td style=\"height: 32px;\"><a href=\"https:\/\/heyzine.com\/flip-book\/2d6a62e340.html\" target=\"_blank\" rel=\"noopener\"><img loading=\"lazy\" decoding=\"async\" class=\" wp-image-2781 aligncenter\" src=\"https:\/\/agora.xtec.cat\/cfa-ramonllull\/wp-content\/uploads\/usu46\/2026\/04\/Revista_2026-211x300.jpg\" alt=\"\" width=\"213\" height=\"303\" srcset=\"https:\/\/agora.xtec.cat\/cfa-ramonllull\/wp-content\/uploads\/usu46\/2026\/04\/Revista_2026-211x300.jpg 211w, https:\/\/agora.xtec.cat\/cfa-ramonllull\/wp-content\/uploads\/usu46\/2026\/04\/Revista_2026.jpg 453w\" sizes=\"auto, (max-width: 213px) 100vw, 213px\" \/><\/a><\/td>\n<td style=\"height: 32px;\"><\/td>\n<td style=\"height: 32px;\"><\/td>\n<\/tr>\n<tr style=\"background-color: #fadb93; height: 32px;\">\n<td style=\"height: 32px; text-align: center;\">Revista curs 2024-25<\/td>\n<td style=\"height: 32px; text-align: center;\">Revista curs 2025-26<\/td>\n<td style=\"height: 32px;\"><\/td>\n<td style=\"height: 32px;\"><\/td>\n<\/tr>\n<\/tbody>\n<\/table>\n","protected":false},"excerpt":{"rendered":"<p>Recull de revistes del CFA Ramon Llull elaborades per l&#8217;alumnat del centre. Es tracta d&#8217;un projecte col\u00b7lectiu i compartit amb la participaci\u00f3 de tots els ensenyaments i nivells que pret\u00e9n desenvolupar la compet\u00e8ncia en llengua escrita de l&#8217;alumnat.\u00a0 Es publica una revista anual que \u00e9s&hellip;  <a href=\"https:\/\/agora.xtec.cat\/cfa-ramonllull\/projectes-i-activitats-de-lescola\/revista-de-centre\/\" title=\"Read Revistes de Sant Jordi del CFA Ramon Llull\">Llegeix m\u00e9s\u00bb<\/a><\/p>\n","protected":false},"author":1,"featured_media":0,"parent":2433,"menu_order":2,"comment_status":"closed","ping_status":"closed","template":"page-templates\/side-menu.php","meta":{"_bbp_topic_count":0,"_bbp_reply_count":0,"_bbp_total_topic_count":0,"_bbp_total_reply_count":0,"_bbp_voice_count":0,"_bbp_anonymous_reply_count":0,"_bbp_topic_count_hidden":0,"_bbp_reply_count_hidden":0,"_bbp_forum_subforum_count":0,"footnotes":""},"class_list":["post-2302","page","type-page","status-publish","hentry"],"post_mailing_queue_ids":[],"_links":{"self":[{"href":"https:\/\/agora.xtec.cat\/cfa-ramonllull\/wp-json\/wp\/v2\/pages\/2302","targetHints":{"allow":["GET"]}}],"collection":[{"href":"https:\/\/agora.xtec.cat\/cfa-ramonllull\/wp-json\/wp\/v2\/pages"}],"about":[{"href":"https:\/\/agora.xtec.cat\/cfa-ramonllull\/wp-json\/wp\/v2\/types\/page"}],"author":[{"embeddable":true,"href":"https:\/\/agora.xtec.cat\/cfa-ramonllull\/wp-json\/wp\/v2\/users\/1"}],"replies":[{"embeddable":true,"href":"https:\/\/agora.xtec.cat\/cfa-ramonllull\/wp-json\/wp\/v2\/comments?post=2302"}],"version-history":[{"count":6,"href":"https:\/\/agora.xtec.cat\/cfa-ramonllull\/wp-json\/wp\/v2\/pages\/2302\/revisions"}],"predecessor-version":[{"id":2784,"href":"https:\/\/agora.xtec.cat\/cfa-ramonllull\/wp-json\/wp\/v2\/pages\/2302\/revisions\/2784"}],"up":[{"embeddable":true,"href":"https:\/\/agora.xtec.cat\/cfa-ramonllull\/wp-json\/wp\/v2\/pages\/2433"}],"wp:attachment":[{"href":"https:\/\/agora.xtec.cat\/cfa-ramonllull\/wp-json\/wp\/v2\/media?parent=2302"}],"curies":[{"name":"wp","href":"https:\/\/api.w.org\/{rel}","templated":true}]}}