{"id":21,"date":"2014-09-17T16:14:14","date_gmt":"2014-09-17T16:14:14","guid":{"rendered":"http:\/\/agora.xtec.cat\/cfa-ramonllull\/?page_id=21"},"modified":"2024-07-10T18:34:42","modified_gmt":"2024-07-10T16:34:42","slug":"on-som","status":"publish","type":"page","link":"https:\/\/agora.xtec.cat\/cfa-ramonllull\/el-centre\/on-som\/","title":{"rendered":"On som"},"content":{"rendered":"<table style=\"height: 225px;\" border=\"0\" width=\"831\">\n<tbody>\n<tr>\n<td>\n<p style=\"text-align: center;\"><strong>CFA\u00a0Ramon Llull<\/strong><br \/>\nC\\ Atenes,\u00a0\u00a059<br \/>\n08224\u00a0Terrassa<\/p>\n<p style=\"text-align: center;\">Tel.\u00a0937887949<br \/>\ncfa-ramonllull@xtec.cat<\/p>\n<\/td>\n<td><a href=\"http:\/\/agora.xtec.cat\/cfa-ramonllull\/wp-content\/uploads\/usu46\/2014\/09\/qr-geolocalitzaci\u00f3.png\" rel=\"attachment wp-att-674\"><img loading=\"lazy\" decoding=\"async\" class=\"size-full wp-image-674 aligncenter\" src=\"http:\/\/agora.xtec.cat\/cfa-ramonllull\/wp-content\/uploads\/usu46\/2014\/09\/qr-geolocalitzaci\u00f3.png\" alt=\"qr-geolocalitzaci\u00f3\" width=\"198\" height=\"198\" srcset=\"https:\/\/agora.xtec.cat\/cfa-ramonllull\/wp-content\/uploads\/usu46\/2014\/09\/qr-geolocalitzaci\u00f3.png 198w, https:\/\/agora.xtec.cat\/cfa-ramonllull\/wp-content\/uploads\/usu46\/2014\/09\/qr-geolocalitzaci\u00f3-150x150.png 150w\" sizes=\"auto, (max-width: 198px) 100vw, 198px\" \/><\/a><\/td>\n<\/tr>\n<\/tbody>\n<\/table>\n<p><iframe loading=\"lazy\" style=\"border: 0;\" src=\"https:\/\/www.google.com\/maps\/embed?pb=!1m18!1m12!1m3!1d2985.505954341496!2d1.9959105154311036!3d41.558293179248885!2m3!1f0!2f0!3f0!3m2!1i1024!2i768!4f13.1!3m3!1m2!1s0x12a49290a7c4635d%3A0xd0d3715f5f0ae88f!2sCentre+de+Formaci%C3%B3+de+Persones+Adultes+Ramon+Llull!5e0!3m2!1sca!2ses!4v1490035043639\" width=\"600\" height=\"450\" frameborder=\"0\" allowfullscreen=\"allowfullscreen\"><\/iframe><br \/>\n<strong><span style=\"text-decoration: underline;\">Com arribar-hi:<\/span><br \/>\n<\/strong><\/p>\n<ul>\n<li>\n<p class=\"style3 style6\" align=\"justify\">L&#8217;escola est\u00e0 molt ben comunicada si veniu en transport particular; a m\u00e9s, s&#8217;hi troba aparcament amb facilitat.<\/p>\n<\/li>\n<li>\n<p class=\"style3 style6\" align=\"justify\">Si voleu fer servir el transport p\u00fablic:<\/p>\n<p class=\"style3 style6\" align=\"justify\"><span class=\"style12\"><strong>&#8211; AUTOB\u00daS: <\/strong>Davant de l&#8217;escola hi ha una parada del 3.<\/span><\/p>\n<p class=\"style3 style6\" align=\"justify\"><span class=\"style12\">&#8211; <strong>FERROCARRILS DE LA GENERALITAT<\/strong>: Estaci\u00f3 de Terrassa-Rambla (fins a l&#8217;escola hi ha uns 10 minuts caminant)<\/span><\/p>\n<p class=\"style7\" align=\"justify\">&#8211; <strong>RENFE<\/strong>: Estaci\u00f3 de Terrassa-Nord (fins a l&#8217;escola hi ha uns 30 minuts caminant). Tamb\u00e9 podeu agafar l&#8217;autob\u00fas de la l\u00ednia 3.<\/p>\n<\/li>\n<\/ul>\n","protected":false},"excerpt":{"rendered":"<p>CFA\u00a0Ramon Llull<br \/>\nC\\ Atenes,\u00a0\u00a059<br \/>\n08224\u00a0Terrassa<br \/>\nTel.\u00a0937887949<br \/>\ncfa-ramonllull@xtec.cat<\/p>\n<p><a href=\"http:\/\/agora.xtec.cat\/cfa-ramonllull\/wp-content\/uploads\/usu46\/2014\/09\/qr-geolocalitzaci\u00f3.png\" rel=\"attachment wp-att-674\"><\/a><\/p>\n<p>Com arribar-hi:<\/p>\n<ul>\n<li>\nL&#8217;escola est\u00e0 molt ben comunicada si veniu en transport particular; a m\u00e9s, s&#8217;hi troba aparcament amb facilitat.\n<\/li>\n<li>\nSi voleu fer servir el transport p\u00fablic:<br \/>\n&#8211; AUTOB\u00daS: Davant de l&#8217;escola hi ha una parada del 3.<br \/>\n&#8211; FERROCARRILS DE LA GENERALITAT: Estaci\u00f3 de&hellip;  <a href=\"https:\/\/agora.xtec.cat\/cfa-ramonllull\/el-centre\/on-som\/\" title=\"Read On som\">Llegeix m\u00e9s\u00bb<\/a><\/p>\n","protected":false},"author":1,"featured_media":0,"parent":261,"menu_order":7,"comment_status":"closed","ping_status":"closed","template":"page-templates\/side-menu.php","meta":{"_bbp_topic_count":0,"_bbp_reply_count":0,"_bbp_total_topic_count":0,"_bbp_total_reply_count":0,"_bbp_voice_count":0,"_bbp_anonymous_reply_count":0,"_bbp_topic_count_hidden":0,"_bbp_reply_count_hidden":0,"_bbp_forum_subforum_count":0,"footnotes":""},"class_list":["post-21","page","type-page","status-publish","hentry"],"post_mailing_queue_ids":[],"_links":{"self":[{"href":"https:\/\/agora.xtec.cat\/cfa-ramonllull\/wp-json\/wp\/v2\/pages\/21","targetHints":{"allow":["GET"]}}],"collection":[{"href":"https:\/\/agora.xtec.cat\/cfa-ramonllull\/wp-json\/wp\/v2\/pages"}],"about":[{"href":"https:\/\/agora.xtec.cat\/cfa-ramonllull\/wp-json\/wp\/v2\/types\/page"}],"author":[{"embeddable":true,"href":"https:\/\/agora.xtec.cat\/cfa-ramonllull\/wp-json\/wp\/v2\/users\/1"}],"replies":[{"embeddable":true,"href":"https:\/\/agora.xtec.cat\/cfa-ramonllull\/wp-json\/wp\/v2\/comments?post=21"}],"version-history":[{"count":4,"href":"https:\/\/agora.xtec.cat\/cfa-ramonllull\/wp-json\/wp\/v2\/pages\/21\/revisions"}],"predecessor-version":[{"id":978,"href":"https:\/\/agora.xtec.cat\/cfa-ramonllull\/wp-json\/wp\/v2\/pages\/21\/revisions\/978"}],"up":[{"embeddable":true,"href":"https:\/\/agora.xtec.cat\/cfa-ramonllull\/wp-json\/wp\/v2\/pages\/261"}],"wp:attachment":[{"href":"https:\/\/agora.xtec.cat\/cfa-ramonllull\/wp-json\/wp\/v2\/media?parent=21"}],"curies":[{"name":"wp","href":"https:\/\/api.w.org\/{rel}","templated":true}]}}