{"id":2056,"date":"2022-10-27T12:03:28","date_gmt":"2022-10-27T10:03:28","guid":{"rendered":"https:\/\/agora.xtec.cat\/cfa-ramonllull\/?page_id=2056"},"modified":"2024-07-09T14:49:44","modified_gmt":"2024-07-09T12:49:44","slug":"cultura-digital","status":"publish","type":"page","link":"https:\/\/agora.xtec.cat\/cfa-ramonllull\/estrategia-digital-de-centre\/cultura-digital\/","title":{"rendered":"Cultura Digital"},"content":{"rendered":"<p style=\"text-align: justify;\"><strong>La Cultura Digital<\/strong> \u00e9s el conjunt d&#8217;accions, procediments, protocols i acords relacionats amb tots els \u00e0mbits digitals del centre.<\/p>\n<p class=\"CDt4Ke zfr3Q\" dir=\"ltr\" style=\"text-align: justify;\"><strong>La Cultura Digital \u00e9s el marc que oferim al nostre Centre per al desenvolupament de l&#8217;EDC.<\/strong> Aquest marc fa viables i facilita l&#8217;assoliment dels objectius plantejats i l&#8217;execuci\u00f3 de les activitats planificades.<\/p>\n<p class=\"CDt4Ke zfr3Q\" dir=\"ltr\" style=\"text-align: justify;\">Aix\u00ed mateix, la Cultura Digital s&#8217;anir\u00e0 construint a mesura que el Centre avanci en la seva transformaci\u00f3. Per tant, les diferents activitats planificades tamb\u00e9 revertiran en l&#8217;evoluci\u00f3 digital del Centre.<\/p>\n<p class=\"CDt4Ke zfr3Q\" dir=\"ltr\" style=\"text-align: justify;\">Per \u00faltim, cal tenir en compte que les decisions i documents que conformen la Cultura Digital tamb\u00e9 hauran de tenir el seu espai en els principals documents que defineixen qui som, cap a on volem anar, com aprenem, com ens relacionem&#8230; \u00c9s a dir, el Projecte Educatiu de Centre, la Normativa d&#8217;Organitzaci\u00f3 i Funcionament, el Projecte de Direcci\u00f3 i\u00a0 la Programaci\u00f3 General Anual.<\/p>\n<p style=\"text-align: justify;\"><a href=\"https:\/\/agora.xtec.cat\/cfa-ramonllull\/wp-content\/uploads\/usu46\/2023\/05\/Segell-Logos-Pa\u0300gina-Horitzontal-1-1.jpg\"><img loading=\"lazy\" decoding=\"async\" class=\"alignnone size-large wp-image-2139\" src=\"https:\/\/agora.xtec.cat\/cfa-ramonllull\/wp-content\/uploads\/usu46\/2023\/05\/Segell-Logos-Pa\u0300gina-Horitzontal-1-1-1024x137.jpg\" alt=\"\" width=\"1024\" height=\"137\" srcset=\"https:\/\/agora.xtec.cat\/cfa-ramonllull\/wp-content\/uploads\/usu46\/2023\/05\/Segell-Logos-Pa\u0300gina-Horitzontal-1-1-1024x137.jpg 1024w, https:\/\/agora.xtec.cat\/cfa-ramonllull\/wp-content\/uploads\/usu46\/2023\/05\/Segell-Logos-Pa\u0300gina-Horitzontal-1-1-300x40.jpg 300w, https:\/\/agora.xtec.cat\/cfa-ramonllull\/wp-content\/uploads\/usu46\/2023\/05\/Segell-Logos-Pa\u0300gina-Horitzontal-1-1-768x102.jpg 768w, https:\/\/agora.xtec.cat\/cfa-ramonllull\/wp-content\/uploads\/usu46\/2023\/05\/Segell-Logos-Pa\u0300gina-Horitzontal-1-1-1536x205.jpg 1536w, https:\/\/agora.xtec.cat\/cfa-ramonllull\/wp-content\/uploads\/usu46\/2023\/05\/Segell-Logos-Pa\u0300gina-Horitzontal-1-1-2048x273.jpg 2048w\" sizes=\"auto, (max-width: 1024px) 100vw, 1024px\" \/><\/a><\/p>\n","protected":false},"excerpt":{"rendered":"<p>La Cultura Digital \u00e9s el conjunt d&#8217;accions, procediments, protocols i acords relacionats amb tots els \u00e0mbits digitals del centre.<br \/>\nLa Cultura Digital \u00e9s el marc que oferim al nostre Centre per al desenvolupament de l&#8217;EDC. Aquest marc fa viables i facilita l&#8217;assoliment dels objectius plantejats i&hellip;  <a href=\"https:\/\/agora.xtec.cat\/cfa-ramonllull\/estrategia-digital-de-centre\/cultura-digital\/\" title=\"Read Cultura Digital\">Llegeix m\u00e9s\u00bb<\/a><\/p>\n","protected":false},"author":1,"featured_media":0,"parent":2046,"menu_order":3,"comment_status":"closed","ping_status":"closed","template":"page-templates\/side-menu.php","meta":{"_bbp_topic_count":0,"_bbp_reply_count":0,"_bbp_total_topic_count":0,"_bbp_total_reply_count":0,"_bbp_voice_count":0,"_bbp_anonymous_reply_count":0,"_bbp_topic_count_hidden":0,"_bbp_reply_count_hidden":0,"_bbp_forum_subforum_count":0,"footnotes":""},"class_list":["post-2056","page","type-page","status-publish","hentry"],"post_mailing_queue_ids":[],"_links":{"self":[{"href":"https:\/\/agora.xtec.cat\/cfa-ramonllull\/wp-json\/wp\/v2\/pages\/2056","targetHints":{"allow":["GET"]}}],"collection":[{"href":"https:\/\/agora.xtec.cat\/cfa-ramonllull\/wp-json\/wp\/v2\/pages"}],"about":[{"href":"https:\/\/agora.xtec.cat\/cfa-ramonllull\/wp-json\/wp\/v2\/types\/page"}],"author":[{"embeddable":true,"href":"https:\/\/agora.xtec.cat\/cfa-ramonllull\/wp-json\/wp\/v2\/users\/1"}],"replies":[{"embeddable":true,"href":"https:\/\/agora.xtec.cat\/cfa-ramonllull\/wp-json\/wp\/v2\/comments?post=2056"}],"version-history":[{"count":6,"href":"https:\/\/agora.xtec.cat\/cfa-ramonllull\/wp-json\/wp\/v2\/pages\/2056\/revisions"}],"predecessor-version":[{"id":2416,"href":"https:\/\/agora.xtec.cat\/cfa-ramonllull\/wp-json\/wp\/v2\/pages\/2056\/revisions\/2416"}],"up":[{"embeddable":true,"href":"https:\/\/agora.xtec.cat\/cfa-ramonllull\/wp-json\/wp\/v2\/pages\/2046"}],"wp:attachment":[{"href":"https:\/\/agora.xtec.cat\/cfa-ramonllull\/wp-json\/wp\/v2\/media?parent=2056"}],"curies":[{"name":"wp","href":"https:\/\/api.w.org\/{rel}","templated":true}]}}