{"id":2055,"date":"2022-10-27T12:03:28","date_gmt":"2022-10-27T10:03:28","guid":{"rendered":"https:\/\/agora.xtec.cat\/cfa-ramonllull\/?page_id=2055"},"modified":"2023-05-31T11:30:39","modified_gmt":"2023-05-31T09:30:39","slug":"avaluacio","status":"publish","type":"page","link":"https:\/\/agora.xtec.cat\/cfa-ramonllull\/estrategia-digital-de-centre\/estrategia\/avaluacio\/","title":{"rendered":"Avaluaci\u00f3"},"content":{"rendered":"<p style=\"text-align: justify;\">El Centre ha planificat indicadors per al seguiment de l\u2019EDC que desenvoluparem durant els propers quatre cursos. La l\u00f2gica que es planteja aplicar en aquest seguiment consta de dos processos clau:<\/p>\n<ul style=\"text-align: justify;\">\n<li>Avaluaci\u00f3 de les activitats al termini de finalitzaci\u00f3 a trav\u00e9s de la validaci\u00f3 dels indicadors proposats.<\/li>\n<li>Seguiment anual dels objectius al tercer trimestre de cada un dels cursos que contempla l\u2019EDC a partir dels indicadors establerts.<\/li>\n<\/ul>\n<p style=\"text-align: justify;\">Aquest m\u00e8tode de seguiment ens permetr\u00e0 realitzar els ajustos oportuns al llarg de l\u2019EDC.<\/p>\n<p style=\"text-align: justify;\">Les eines de seguiment estan recollides al mateix document que hem emprat per a la planificaci\u00f3. En la graella de cada objectiu podrem recollir els resultats dels indicadors tant de les activitats com dels objectius i, a m\u00e9s, comptem amb una p\u00e0gina espec\u00edfica on hem recollit totes les eines d\u2019avaluaci\u00f3 que es requereixen per activar els indicadors. S\u2019\u00e9s conscient que en un centre escolar no es poden analitzar els resultats nom\u00e9s per la via directa de les dades, \u00e9s per aix\u00f2 que tamb\u00e9 es recolliran aquelles observacions que puguin donar context al proc\u00e9s de desenvolupament de l\u2019EDC.<\/p>\n<p><a href=\"https:\/\/agora.xtec.cat\/cfa-ramonllull\/wp-content\/uploads\/usu46\/2023\/05\/Segell-Logos-Pa\u0300gina-Horitzontal-1-1.jpg\"><img loading=\"lazy\" decoding=\"async\" class=\"alignnone size-large wp-image-2139\" src=\"https:\/\/agora.xtec.cat\/cfa-ramonllull\/wp-content\/uploads\/usu46\/2023\/05\/Segell-Logos-Pa\u0300gina-Horitzontal-1-1-1024x137.jpg\" alt=\"\" width=\"1024\" height=\"137\" srcset=\"https:\/\/agora.xtec.cat\/cfa-ramonllull\/wp-content\/uploads\/usu46\/2023\/05\/Segell-Logos-Pa\u0300gina-Horitzontal-1-1-1024x137.jpg 1024w, https:\/\/agora.xtec.cat\/cfa-ramonllull\/wp-content\/uploads\/usu46\/2023\/05\/Segell-Logos-Pa\u0300gina-Horitzontal-1-1-300x40.jpg 300w, https:\/\/agora.xtec.cat\/cfa-ramonllull\/wp-content\/uploads\/usu46\/2023\/05\/Segell-Logos-Pa\u0300gina-Horitzontal-1-1-768x102.jpg 768w, https:\/\/agora.xtec.cat\/cfa-ramonllull\/wp-content\/uploads\/usu46\/2023\/05\/Segell-Logos-Pa\u0300gina-Horitzontal-1-1-1536x205.jpg 1536w, https:\/\/agora.xtec.cat\/cfa-ramonllull\/wp-content\/uploads\/usu46\/2023\/05\/Segell-Logos-Pa\u0300gina-Horitzontal-1-1-2048x273.jpg 2048w\" sizes=\"auto, (max-width: 1024px) 100vw, 1024px\" \/><\/a><\/p>\n<p>&nbsp;<\/p>\n","protected":false},"excerpt":{"rendered":"<p>El Centre ha planificat indicadors per al seguiment de l\u2019EDC que desenvoluparem durant els propers quatre cursos. La l\u00f2gica que es planteja aplicar en aquest seguiment consta de dos processos clau:<\/p>\n<ul style=\"text-align: justify;\">\n<li>Avaluaci\u00f3 de les activitats al termini de finalitzaci\u00f3 a trav\u00e9s de la validaci\u00f3&hellip;  <a href=\"https:\/\/agora.xtec.cat\/cfa-ramonllull\/estrategia-digital-de-centre\/estrategia\/avaluacio\/\" title=\"Read Avaluaci\u00f3\">Llegeix m\u00e9s\u00bb<\/a><br \/>\n","protected":false},"author":1,"featured_media":0,"parent":2050,"menu_order":4,"comment_status":"closed","ping_status":"closed","template":"page-templates\/side-menu.php","meta":{"_bbp_topic_count":0,"_bbp_reply_count":0,"_bbp_total_topic_count":0,"_bbp_total_reply_count":0,"_bbp_voice_count":0,"_bbp_anonymous_reply_count":0,"_bbp_topic_count_hidden":0,"_bbp_reply_count_hidden":0,"_bbp_forum_subforum_count":0,"footnotes":""},"class_list":["post-2055","page","type-page","status-publish","hentry"],"post_mailing_queue_ids":[],"_links":{"self":[{"href":"https:\/\/agora.xtec.cat\/cfa-ramonllull\/wp-json\/wp\/v2\/pages\/2055","targetHints":{"allow":["GET"]}}],"collection":[{"href":"https:\/\/agora.xtec.cat\/cfa-ramonllull\/wp-json\/wp\/v2\/pages"}],"about":[{"href":"https:\/\/agora.xtec.cat\/cfa-ramonllull\/wp-json\/wp\/v2\/types\/page"}],"author":[{"embeddable":true,"href":"https:\/\/agora.xtec.cat\/cfa-ramonllull\/wp-json\/wp\/v2\/users\/1"}],"replies":[{"embeddable":true,"href":"https:\/\/agora.xtec.cat\/cfa-ramonllull\/wp-json\/wp\/v2\/comments?post=2055"}],"version-history":[{"count":4,"href":"https:\/\/agora.xtec.cat\/cfa-ramonllull\/wp-json\/wp\/v2\/pages\/2055\/revisions"}],"predecessor-version":[{"id":2150,"href":"https:\/\/agora.xtec.cat\/cfa-ramonllull\/wp-json\/wp\/v2\/pages\/2055\/revisions\/2150"}],"up":[{"embeddable":true,"href":"https:\/\/agora.xtec.cat\/cfa-ramonllull\/wp-json\/wp\/v2\/pages\/2050"}],"wp:attachment":[{"href":"https:\/\/agora.xtec.cat\/cfa-ramonllull\/wp-json\/wp\/v2\/media?parent=2055"}],"curies":[{"name":"wp","href":"https:\/\/api.w.org\/{rel}","templated":true}]}}