{"id":2054,"date":"2022-10-27T12:03:28","date_gmt":"2022-10-27T10:03:28","guid":{"rendered":"https:\/\/agora.xtec.cat\/cfa-ramonllull\/?page_id=2054"},"modified":"2023-07-16T20:52:49","modified_gmt":"2023-07-16T18:52:49","slug":"planificacio","status":"publish","type":"page","link":"https:\/\/agora.xtec.cat\/cfa-ramonllull\/estrategia-digital-de-centre\/estrategia\/planificacio\/","title":{"rendered":"Planificaci\u00f3"},"content":{"rendered":"<p style=\"text-align: justify;\">Per assolir els objectius establerts hem planificat una s\u00e8rie d&#8217;actuacions o activitats. A continuaci\u00f3 es detallen les activitats relacionades amb cada objectiu:<\/p>\n<ol>\n<li style=\"text-align: justify;\"><b>Sistematitzar l\u2019\u00fas de les tecnologies digitals a tots els ensenyaments, adaptant-les a les necessitats\u00a0 i caracter\u00edstiques de l\u2019alumnat per millorar l\u2019assoliment de la compet\u00e8ncia digital<\/b><\/li>\n<\/ol>\n<ul>\n<li style=\"list-style-type: none;\">\n<ol style=\"list-style-type: lower-alpha;\">\n<li style=\"font-weight: 400;\" aria-level=\"2\"><span style=\"font-weight: 400; color: #800080;\">Realitzaci\u00f3 d\u2019una diagnosi de les capacitats i necessitats de l\u2019alumnat en l\u2019\u00fas de les tecnologies digitals<\/span><\/li>\n<li style=\"font-weight: 400;\" aria-level=\"2\"><span style=\"font-weight: 400; color: #800080;\">Organitzaci\u00f3 d\u2019espais de coordinaci\u00f3 pedag\u00f2gica per a l\u2019intercanvi de recursos i experi\u00e8ncies en l\u2019\u00e0mbit digital<\/span><\/li>\n<li style=\"font-weight: 400;\" aria-level=\"2\"><span style=\"font-weight: 400; color: #800080;\">Planificaci\u00f3 i temporitzaci\u00f3 de l\u2019\u00fas de\u00a0 les tecnologies digitals adaptades a les caracter\u00edstiques de l\u2019alumnat\u00a0<\/span><\/li>\n<li style=\"font-weight: 400;\" aria-level=\"2\"><span style=\"font-weight: 400; color: #800080;\">Implementaci\u00f3 de l\u2019\u00fas de les tecnologies digitals i eines TAC adaptades a les caracter\u00edstiques de l\u2019alumnat<\/span><\/li>\n<\/ol>\n<\/li>\n<\/ul>\n<p style=\"text-align: justify;\"><b>2. Impulsar instruments d&#8217;avaluaci\u00f3 amb tecnologies digitals dins de l\u2019aula per tal d\u2019enriquir i fer m\u00e9s significatius el processos d&#8217;ensenyament-aprenentatge<\/b><\/p>\n<ol>\n<li style=\"list-style-type: none;\">\n<ol style=\"list-style-type: lower-alpha;\">\n<li style=\"font-weight: 400; text-align: justify;\" aria-level=\"2\"><span style=\"font-weight: 400; color: #800080;\">Disseny d\u2019activitats d\u2019avaluaci\u00f3 amb instruments d\u2019avaluaci\u00f3 digitals adaptades als diferents ensenyaments i nivells<\/span><\/li>\n<li style=\"font-weight: 400; text-align: justify;\" aria-level=\"2\"><span style=\"font-weight: 400; color: #800080;\">Establiment i gradaci\u00f3 dels criteris d\u2019avaluaci\u00f3<\/span><\/li>\n<li style=\"font-weight: 400; text-align: justify;\" aria-level=\"2\"><span style=\"font-weight: 400; color: #800080;\">Planificaci\u00f3 i temporitzaci\u00f3 de les activitats d&#8217;avaluaci\u00f3 dissenyades<\/span><\/li>\n<li style=\"font-weight: 400; text-align: justify;\" aria-level=\"2\"><span style=\"font-weight: 400; color: #800080;\">Implementaci\u00f3 d\u2019activitats d\u2019avaluaci\u00f3 amb instruments d\u2019avaluaci\u00f3 digitals a l\u2019aula\u00a0<\/span><\/li>\n<\/ol>\n<\/li>\n<\/ol>\n<p><b>3. Introduir l\u2019avaluaci\u00f3 formadora per mitj\u00e0 instruments d\u2019autoavaluaci\u00f3 i coavaluaci\u00f3 digitals<\/b><\/p>\n<ol>\n<li style=\"list-style-type: none;\">\n<ol style=\"list-style-type: lower-alpha;\">\n<li style=\"font-weight: 400; text-align: justify;\" aria-level=\"2\"><span style=\"font-weight: 400; color: #800080;\">Disseny d\u2019activitats d\u2019avaluaci\u00f3 formadora\u00a0<\/span><\/li>\n<li style=\"font-weight: 400; text-align: justify;\" aria-level=\"2\"><span style=\"font-weight: 400; color: #800080;\">Planificaci\u00f3 i temporitzaci\u00f3 d\u2019activitats d\u2019avaluaci\u00f3 formadora\u00a0<\/span><\/li>\n<li style=\"font-weight: 400; text-align: justify;\" aria-level=\"2\"><span style=\"font-weight: 400; color: #800080;\">Implementaci\u00f3 d\u2019activitats d\u2019avaluaci\u00f3 formadora\u00a0<\/span><\/li>\n<\/ol>\n<\/li>\n<\/ol>\n<p style=\"text-align: justify;\"><b>4. Fomentar la cultura, la participaci\u00f3 i el civisme digital responsable per tal d\u2019adaptar-se a les necessitats de la societat actual<\/b><\/p>\n<ol>\n<li style=\"list-style-type: none;\">\n<ol style=\"list-style-type: lower-alpha;\">\n<li style=\"font-weight: 400; text-align: justify;\" aria-level=\"2\"><span style=\"font-weight: 400; color: #800080;\">Elaboraci\u00f3 d\u2019un recull d\u2019activitats transversals per al foment de la cultura, la participaci\u00f3 i el civisme digitals<\/span><\/li>\n<li style=\"font-weight: 400; text-align: justify;\" aria-level=\"2\"><span style=\"font-weight: 400; color: #800080;\">Planificaci\u00f3 i temporitzaci\u00f3 de les activitats<\/span><\/li>\n<li style=\"font-weight: 400; text-align: justify;\" aria-level=\"2\"><span style=\"font-weight: 400; color: #800080;\">Implementaci\u00f3 de les activitats\u00a0<\/span><\/li>\n<\/ol>\n<\/li>\n<\/ol>\n<p><b>5. Impulsar i sistematitzar la realitzaci\u00f3 d\u2019activitats en suport digital per part de l&#8217;alumnat\u00a0<\/b><\/p>\n<ol>\n<li style=\"list-style-type: none;\">\n<ol style=\"list-style-type: lower-alpha;\">\n<li style=\"font-weight: 400; text-align: justify;\" aria-level=\"2\"><span style=\"font-weight: 400; color: #800080;\">Elaboraci\u00f3, planificaci\u00f3 i implementaci\u00f3 d&#8217;activitats d&#8217;ensenyament-aprenentatge en suport digital que impliquin la realitzaci\u00f3 de tasques per mitj\u00e0 de l&#8217;entorn virtual d&#8217;aprenentatge del centre<\/span><\/li>\n<li style=\"font-weight: 400; text-align: justify;\" aria-level=\"2\"><span style=\"font-weight: 400; color: #800080;\">Elaboraci\u00f3, planificaci\u00f3 i implementaci\u00f3 d&#8217;activitats d&#8217;expressi\u00f3 escrita en suport digital del diferents ensenyaments i nivells de llengua<\/span><\/li>\n<li style=\"font-weight: 400; text-align: justify;\" aria-level=\"2\"><span style=\"font-weight: 400; color: #800080;\">Elaboraci\u00f3, planificaci\u00f3 i implementaci\u00f3 d&#8217;activitats cooperatives que requereixin l&#8217;elaboraci\u00f3 d&#8217;un producte final en format digital (document de text, presentaci\u00f3 de continguts i\/o format multim\u00e8dia) en els diferents ensenyaments i nivells de llengua<\/span><\/li>\n<\/ol>\n<\/li>\n<\/ol>\n<p>&nbsp;<\/p>\n<p style=\"text-align: center;\" align=\"justify\"><strong>Cronograma de l&#8217;EDC: proposta de temporitzaci\u00f3 dels objectius i de les activitats<\/strong><\/p>\n<p align=\"justify\"><a href=\"https:\/\/agora.xtec.cat\/cfa-ramonllull\/wp-content\/uploads\/usu46\/2023\/05\/Cronograma.jpg\"><img loading=\"lazy\" decoding=\"async\" class=\"wp-image-2111 aligncenter\" src=\"https:\/\/agora.xtec.cat\/cfa-ramonllull\/wp-content\/uploads\/usu46\/2023\/05\/Cronograma-1024x791.jpg\" alt=\"\" width=\"883\" height=\"682\" srcset=\"https:\/\/agora.xtec.cat\/cfa-ramonllull\/wp-content\/uploads\/usu46\/2023\/05\/Cronograma-1024x791.jpg 1024w, https:\/\/agora.xtec.cat\/cfa-ramonllull\/wp-content\/uploads\/usu46\/2023\/05\/Cronograma-300x232.jpg 300w, https:\/\/agora.xtec.cat\/cfa-ramonllull\/wp-content\/uploads\/usu46\/2023\/05\/Cronograma-768x593.jpg 768w, https:\/\/agora.xtec.cat\/cfa-ramonllull\/wp-content\/uploads\/usu46\/2023\/05\/Cronograma.jpg 1100w\" sizes=\"auto, (max-width: 883px) 100vw, 883px\" \/><\/a><\/p>\n<p align=\"justify\"><a href=\"https:\/\/agora.xtec.cat\/cfa-ramonllull\/wp-content\/uploads\/usu46\/2023\/05\/Segell-Logos-Pa\u0300gina-Horitzontal-1-1.jpg\"><img loading=\"lazy\" decoding=\"async\" class=\"alignnone size-large wp-image-2139\" src=\"https:\/\/agora.xtec.cat\/cfa-ramonllull\/wp-content\/uploads\/usu46\/2023\/05\/Segell-Logos-Pa\u0300gina-Horitzontal-1-1-1024x137.jpg\" alt=\"\" width=\"1024\" height=\"137\" srcset=\"https:\/\/agora.xtec.cat\/cfa-ramonllull\/wp-content\/uploads\/usu46\/2023\/05\/Segell-Logos-Pa\u0300gina-Horitzontal-1-1-1024x137.jpg 1024w, https:\/\/agora.xtec.cat\/cfa-ramonllull\/wp-content\/uploads\/usu46\/2023\/05\/Segell-Logos-Pa\u0300gina-Horitzontal-1-1-300x40.jpg 300w, https:\/\/agora.xtec.cat\/cfa-ramonllull\/wp-content\/uploads\/usu46\/2023\/05\/Segell-Logos-Pa\u0300gina-Horitzontal-1-1-768x102.jpg 768w, https:\/\/agora.xtec.cat\/cfa-ramonllull\/wp-content\/uploads\/usu46\/2023\/05\/Segell-Logos-Pa\u0300gina-Horitzontal-1-1-1536x205.jpg 1536w, https:\/\/agora.xtec.cat\/cfa-ramonllull\/wp-content\/uploads\/usu46\/2023\/05\/Segell-Logos-Pa\u0300gina-Horitzontal-1-1-2048x273.jpg 2048w\" sizes=\"auto, (max-width: 1024px) 100vw, 1024px\" \/><\/a><\/p>\n","protected":false},"excerpt":{"rendered":"<p>Per assolir els objectius establerts hem planificat una s\u00e8rie d&#8217;actuacions o activitats. A continuaci\u00f3 es detallen les activitats relacionades amb cada objectiu:<\/p>\n<ol>\n<li style=\"text-align: justify;\">Sistematitzar l\u2019\u00fas de les tecnologies digitals a tots els ensenyaments, adaptant-les a les necessitats\u00a0 i caracter\u00edstiques de l\u2019alumnat per millorar l\u2019assoliment de&hellip;  <a href=\"https:\/\/agora.xtec.cat\/cfa-ramonllull\/estrategia-digital-de-centre\/estrategia\/planificacio\/\" title=\"Read Planificaci\u00f3\">Llegeix m\u00e9s\u00bb<\/a><br \/>\n","protected":false},"author":1,"featured_media":0,"parent":2050,"menu_order":3,"comment_status":"closed","ping_status":"closed","template":"page-templates\/side-menu.php","meta":{"_bbp_topic_count":0,"_bbp_reply_count":0,"_bbp_total_topic_count":0,"_bbp_total_reply_count":0,"_bbp_voice_count":0,"_bbp_anonymous_reply_count":0,"_bbp_topic_count_hidden":0,"_bbp_reply_count_hidden":0,"_bbp_forum_subforum_count":0,"footnotes":""},"class_list":["post-2054","page","type-page","status-publish","hentry"],"post_mailing_queue_ids":[],"_links":{"self":[{"href":"https:\/\/agora.xtec.cat\/cfa-ramonllull\/wp-json\/wp\/v2\/pages\/2054","targetHints":{"allow":["GET"]}}],"collection":[{"href":"https:\/\/agora.xtec.cat\/cfa-ramonllull\/wp-json\/wp\/v2\/pages"}],"about":[{"href":"https:\/\/agora.xtec.cat\/cfa-ramonllull\/wp-json\/wp\/v2\/types\/page"}],"author":[{"embeddable":true,"href":"https:\/\/agora.xtec.cat\/cfa-ramonllull\/wp-json\/wp\/v2\/users\/1"}],"replies":[{"embeddable":true,"href":"https:\/\/agora.xtec.cat\/cfa-ramonllull\/wp-json\/wp\/v2\/comments?post=2054"}],"version-history":[{"count":4,"href":"https:\/\/agora.xtec.cat\/cfa-ramonllull\/wp-json\/wp\/v2\/pages\/2054\/revisions"}],"predecessor-version":[{"id":2149,"href":"https:\/\/agora.xtec.cat\/cfa-ramonllull\/wp-json\/wp\/v2\/pages\/2054\/revisions\/2149"}],"up":[{"embeddable":true,"href":"https:\/\/agora.xtec.cat\/cfa-ramonllull\/wp-json\/wp\/v2\/pages\/2050"}],"wp:attachment":[{"href":"https:\/\/agora.xtec.cat\/cfa-ramonllull\/wp-json\/wp\/v2\/media?parent=2054"}],"curies":[{"name":"wp","href":"https:\/\/api.w.org\/{rel}","templated":true}]}}