{"id":2052,"date":"2022-10-27T12:03:28","date_gmt":"2022-10-27T10:03:28","guid":{"rendered":"https:\/\/agora.xtec.cat\/cfa-ramonllull\/?page_id=2052"},"modified":"2023-05-31T11:28:33","modified_gmt":"2023-05-31T09:28:33","slug":"diagnosi","status":"publish","type":"page","link":"https:\/\/agora.xtec.cat\/cfa-ramonllull\/estrategia-digital-de-centre\/estrategia\/diagnosi\/","title":{"rendered":"Diagnosi"},"content":{"rendered":"<p lang=\"ca-ES\" align=\"justify\"><span style=\"color: #404040;\"><span style=\"font-family: Arial, sans-serif;\"><span style=\"font-size: medium;\"><span style=\"color: #444444;\"><span style=\"font-family: Open Sans, Arial, Helvetica, sans-serif;\">A la primera fase de l\u2019Estrat\u00e8gia Digital de Centre, hem portat a terme una<strong> diagnosi actualitzada<\/strong> per mitj\u00e0 de les eines SELFIE (amb perspectiva global de centre) i SELFIE for teacher (enfocada a l&#8217;avaluaci\u00f3 de la CDD), <\/span><\/span><span style=\"color: #444444;\"><span style=\"font-family: Open Sans, Arial, Helvetica, sans-serif;\">on hem trobat<\/span><\/span> <span style=\"color: #444444;\"><span style=\"font-family: Open Sans, Arial, Helvetica, sans-serif;\">aquells <\/span><\/span><strong><span style=\"color: #444444;\"><span style=\"font-family: Open Sans, Arial, Helvetica, sans-serif;\">punts forts <\/span><\/span><\/strong><span style=\"color: #444444;\"><span style=\"font-family: Open Sans, Arial, Helvetica, sans-serif;\">que el centre ja est\u00e0 duent a terme i quins <\/span><\/span><strong><span style=\"color: #444444;\"><span style=\"font-family: Open Sans, Arial, Helvetica, sans-serif;\">ha de millorar<\/span><\/span><\/strong><span style=\"color: #444444;\"><span style=\"font-family: Open Sans, Arial, Helvetica, sans-serif;\">.<\/span><\/span><\/span><\/span><\/span><\/p>\n<p lang=\"ca-ES\" align=\"justify\"><a href=\"https:\/\/agora.xtec.cat\/cfa-ramonllull\/wp-content\/uploads\/usu46\/2022\/11\/Overview-of-areas.png\"><img loading=\"lazy\" decoding=\"async\" class=\"wp-image-2080 aligncenter\" src=\"https:\/\/agora.xtec.cat\/cfa-ramonllull\/wp-content\/uploads\/usu46\/2022\/11\/Overview-of-areas-742x1024.png\" alt=\"\" width=\"575\" height=\"793\" srcset=\"https:\/\/agora.xtec.cat\/cfa-ramonllull\/wp-content\/uploads\/usu46\/2022\/11\/Overview-of-areas-742x1024.png 742w, https:\/\/agora.xtec.cat\/cfa-ramonllull\/wp-content\/uploads\/usu46\/2022\/11\/Overview-of-areas-217x300.png 217w, https:\/\/agora.xtec.cat\/cfa-ramonllull\/wp-content\/uploads\/usu46\/2022\/11\/Overview-of-areas-768x1060.png 768w, https:\/\/agora.xtec.cat\/cfa-ramonllull\/wp-content\/uploads\/usu46\/2022\/11\/Overview-of-areas-1113x1536.png 1113w, https:\/\/agora.xtec.cat\/cfa-ramonllull\/wp-content\/uploads\/usu46\/2022\/11\/Overview-of-areas-1484x2048.png 1484w\" sizes=\"auto, (max-width: 575px) 100vw, 575px\" \/><\/a><span style=\"color: #404040;\"><span style=\"font-family: Arial, sans-serif;\"><span style=\"font-size: medium;\"><span lang=\"ca-ES\">L<\/span><\/span><\/span><\/span><span style=\"color: #404040;\"><span style=\"font-family: Arial, sans-serif;\"><span style=\"font-size: medium;\"><span lang=\"ca-ES\">a informaci\u00f3 recollida ofereix al centre una instant\u00e0nia de quin punt es troba actualment en relaci\u00f3 amb l&#8217;estrat\u00e8gia i la pr\u00e0ctica en l&#8217;\u00fas de les tecnologies digitals d&#8217;ensenyament i aprenentatge.<\/span><\/span><\/span><\/span><\/p>\n<p lang=\"ca-ES\" align=\"justify\"><span style=\"color: #404040;\"><span style=\"font-family: Arial, sans-serif;\"><span style=\"font-size: medium;\">Les xifres que hi figuren mostren la mitjana de les respostes dels membres de <strong>l&#8217;equip directiu, el professorat i l&#8217;alumnat<\/strong> en relaci\u00f3 amb cadascuna de les \u00e0rees. <\/span><\/span><\/span><\/p>\n<p lang=\"ca-ES\" align=\"justify\"><span style=\"color: #404040;\"><span style=\"font-family: Arial, sans-serif;\"><span style=\"font-size: medium;\">L\u2019an\u00e0lisi dels resultats ens ha ajudat a identificar i analitzar les<strong> fortaleses i les debilitats<\/strong>, el pas previ per desenvolupar la nostra<strong> Estrat\u00e8gia Digital de Centre<\/strong>.<\/span><\/span><\/span><\/p>\n<p lang=\"ca-ES\" align=\"justify\">Les dades a destacar s\u00f3n les seg\u00fcents:<\/p>\n<ul>\n<li>Pr\u00e0ctiques d\u2019avaluaci\u00f3 \u2192 2,5 sobre 5 (professorat i equip directiu). En els seg\u00fcents punts es pot veure com el centre ha optat per millorar les pr\u00e0ctiques d\u2019avaluaci\u00f3 digitals.<\/li>\n<li>Compet\u00e8ncies de l\u2019alumnat \u2192 2,7 sobre 5 (professorat i equip directiu). En els seg\u00fcents punts es pot veure com el centre ha optat per oferir m\u00e9s oportunitats per a la creaci\u00f3 de continguts digitals i el desenvolupament de compet\u00e8ncies vinculades al civisme digital.<\/li>\n<li>Implementaci\u00f3 a l\u2019aula \u2192 3,3 sobre 5. Per aix\u00f2 es fa una aposta per l&#8217;aplicaci\u00f3 de l\u2019\u00fas de les TAC i la personalitzaci\u00f3 a trav\u00e9s de recursos digitals com els EVA.<\/li>\n<\/ul>\n<p>A partir de l&#8217;an\u00e0lisi dels punts forts i febles detectats, s&#8217;han establert els objectius de la nostra EDC.<\/p>\n<p>&nbsp;<\/p>\n<table width=\"567\" cellspacing=\"0\" cellpadding=\"7\">\n<thead>\n<tr valign=\"top\">\n<td width=\"268\">\n<p lang=\"es-ES\" style=\"text-align: center;\" align=\"center\"><span style=\"font-family: Arial, sans-serif;\"><b>Punts forts<\/b><\/span><\/p>\n<\/td>\n<td width=\"268\">\n<p lang=\"es-ES\" align=\"center\"><span style=\"font-family: Arial, sans-serif;\"><b>Punts febles<\/b><\/span><\/p>\n<\/td>\n<\/tr>\n<\/thead>\n<tbody>\n<tr valign=\"top\">\n<td width=\"268\">\n<p lang=\"es-ES\" align=\"justify\"><span style=\"font-family: Arial, sans-serif;\"><b>A1. El centre ha anat elaborant estrat\u00e8gies en l&#8217;\u00e0mbit digital.<\/b><\/span><\/p>\n<p lang=\"es-ES\" align=\"justify\"><span style=\"font-family: Arial, sans-serif;\"><b>A2. El professorat col\u00b7labora amb el desenvolupament l&#8217;estrat\u00e8gia digital del centre.<\/b><\/span><\/p>\n<p lang=\"es-ES\" align=\"justify\"><span style=\"font-family: Arial, sans-serif;\"><b>C1. El centre t\u00e9 una bona infraestructura que recolza l&#8217;ensenyament en tecnologies digitals.<\/b><\/span><\/p>\n<p lang=\"es-ES\" align=\"justify\"><span style=\"font-family: Arial, sans-serif;\"><span lang=\"fr-FR\"><b>C2. El centre disposa de dispositius digitals per al seu \u00fas en l&#8217;ensenyament.<\/b><\/span><\/span><\/p>\n<p lang=\"es-ES\" align=\"justify\"><span style=\"font-family: Arial, sans-serif;\"><b>E3. El professorat del centre utilitza EVA al centre.<\/b><\/span><\/p>\n<\/td>\n<td width=\"268\">\n<p lang=\"es-ES\" style=\"text-align: justify;\" align=\"justify\"><span style=\"font-family: Arial, sans-serif;\"><b>F5. El professorat no utilitza habitualment tecnologies digitals per facilitar la col\u00b7laboraci\u00f3 entre l&#8217;alumnat.<\/b><\/span><\/p>\n<p lang=\"es-ES\" style=\"text-align: justify;\" align=\"justify\"><span style=\"font-family: Arial, sans-serif;\"><b>G1. El professorat no utilitza tecnologies digitals per avaluar les destreses de l&#8217;alumnat.<\/b><\/span><\/p>\n<p lang=\"es-ES\" style=\"text-align: justify;\" align=\"justify\"><span style=\"font-family: Arial, sans-serif;\"><b>G5. El professorat no utilitza l&#8217;autoavaluaci\u00f3 amb tecnologies digitals.<\/b><\/span><\/p>\n<p lang=\"es-ES\" style=\"text-align: justify;\" align=\"justify\"><span style=\"font-family: Arial, sans-serif;\"><b>G6. El professorat no utilitza la coavaluaci\u00f3 amb tecnologies digitals.<\/b><\/span><\/p>\n<p lang=\"es-ES\" style=\"text-align: justify;\" align=\"justify\"><span style=\"font-family: Arial, sans-serif;\"><b>H1. No tots els grups d&#8217;alumnat aprenen a actuar de manera segura a Internet.<\/b><\/span><\/p>\n<p lang=\"es-ES\" style=\"text-align: justify;\" align=\"justify\"><span style=\"font-family: Arial, sans-serif;\"><b>H3. No tots els grups d&#8217;alumnat actuen de manera responsable a Internet.<\/b><\/span><\/p>\n<p lang=\"es-ES\" style=\"text-align: justify;\" align=\"justify\"><span style=\"font-family: Arial, sans-serif;\"><b>H7. L&#8217;alumnat no apr\u00e8n a crear continguts digitals.<\/b><\/span><\/p>\n<\/td>\n<\/tr>\n<\/tbody>\n<\/table>\n<p lang=\"ca-ES\" align=\"justify\">Hem destacat aquells elements que s&#8217;han emprat per afrontar les principals debilitats. Buscant aix\u00ed els objectius amb major potencial per al centre, tant pel seu abast i impacte en el projecte educatiu, com per la seva viabilitat en el context actual de la comunitat educativa (alumnat, professorat i cultura digital de centre).<\/p>\n<p lang=\"ca-ES\" align=\"justify\"><a href=\"https:\/\/agora.xtec.cat\/cfa-ramonllull\/wp-content\/uploads\/usu46\/2023\/05\/Segell-Logos-Pa\u0300gina-Horitzontal-1-1.jpg\"><img loading=\"lazy\" decoding=\"async\" class=\"alignnone size-large wp-image-2139\" src=\"https:\/\/agora.xtec.cat\/cfa-ramonllull\/wp-content\/uploads\/usu46\/2023\/05\/Segell-Logos-Pa\u0300gina-Horitzontal-1-1-1024x137.jpg\" alt=\"\" width=\"1024\" height=\"137\" srcset=\"https:\/\/agora.xtec.cat\/cfa-ramonllull\/wp-content\/uploads\/usu46\/2023\/05\/Segell-Logos-Pa\u0300gina-Horitzontal-1-1-1024x137.jpg 1024w, https:\/\/agora.xtec.cat\/cfa-ramonllull\/wp-content\/uploads\/usu46\/2023\/05\/Segell-Logos-Pa\u0300gina-Horitzontal-1-1-300x40.jpg 300w, https:\/\/agora.xtec.cat\/cfa-ramonllull\/wp-content\/uploads\/usu46\/2023\/05\/Segell-Logos-Pa\u0300gina-Horitzontal-1-1-768x102.jpg 768w, https:\/\/agora.xtec.cat\/cfa-ramonllull\/wp-content\/uploads\/usu46\/2023\/05\/Segell-Logos-Pa\u0300gina-Horitzontal-1-1-1536x205.jpg 1536w, https:\/\/agora.xtec.cat\/cfa-ramonllull\/wp-content\/uploads\/usu46\/2023\/05\/Segell-Logos-Pa\u0300gina-Horitzontal-1-1-2048x273.jpg 2048w\" sizes=\"auto, (max-width: 1024px) 100vw, 1024px\" \/><\/a><\/p>\n","protected":false},"excerpt":{"rendered":"<p>A la primera fase de l\u2019Estrat\u00e8gia Digital de Centre, hem portat a terme una diagnosi actualitzada per mitj\u00e0 de les eines SELFIE (amb perspectiva global de centre) i SELFIE for teacher (enfocada a l&#8217;avaluaci\u00f3 de la CDD), on hem trobat aquells punts forts que el&hellip;  <a href=\"https:\/\/agora.xtec.cat\/cfa-ramonllull\/estrategia-digital-de-centre\/estrategia\/diagnosi\/\" title=\"Read Diagnosi\">Llegeix m\u00e9s\u00bb<\/a><\/p>\n","protected":false},"author":1,"featured_media":0,"parent":2050,"menu_order":1,"comment_status":"closed","ping_status":"closed","template":"page-templates\/side-menu.php","meta":{"_bbp_topic_count":0,"_bbp_reply_count":0,"_bbp_total_topic_count":0,"_bbp_total_reply_count":0,"_bbp_voice_count":0,"_bbp_anonymous_reply_count":0,"_bbp_topic_count_hidden":0,"_bbp_reply_count_hidden":0,"_bbp_forum_subforum_count":0,"footnotes":""},"class_list":["post-2052","page","type-page","status-publish","hentry"],"post_mailing_queue_ids":[],"_links":{"self":[{"href":"https:\/\/agora.xtec.cat\/cfa-ramonllull\/wp-json\/wp\/v2\/pages\/2052","targetHints":{"allow":["GET"]}}],"collection":[{"href":"https:\/\/agora.xtec.cat\/cfa-ramonllull\/wp-json\/wp\/v2\/pages"}],"about":[{"href":"https:\/\/agora.xtec.cat\/cfa-ramonllull\/wp-json\/wp\/v2\/types\/page"}],"author":[{"embeddable":true,"href":"https:\/\/agora.xtec.cat\/cfa-ramonllull\/wp-json\/wp\/v2\/users\/1"}],"replies":[{"embeddable":true,"href":"https:\/\/agora.xtec.cat\/cfa-ramonllull\/wp-json\/wp\/v2\/comments?post=2052"}],"version-history":[{"count":4,"href":"https:\/\/agora.xtec.cat\/cfa-ramonllull\/wp-json\/wp\/v2\/pages\/2052\/revisions"}],"predecessor-version":[{"id":2143,"href":"https:\/\/agora.xtec.cat\/cfa-ramonllull\/wp-json\/wp\/v2\/pages\/2052\/revisions\/2143"}],"up":[{"embeddable":true,"href":"https:\/\/agora.xtec.cat\/cfa-ramonllull\/wp-json\/wp\/v2\/pages\/2050"}],"wp:attachment":[{"href":"https:\/\/agora.xtec.cat\/cfa-ramonllull\/wp-json\/wp\/v2\/media?parent=2052"}],"curies":[{"name":"wp","href":"https:\/\/api.w.org\/{rel}","templated":true}]}}