{"id":2046,"date":"2022-10-27T11:57:22","date_gmt":"2022-10-27T09:57:22","guid":{"rendered":"https:\/\/agora.xtec.cat\/cfa-ramonllull\/?page_id=2046"},"modified":"2023-07-18T22:40:13","modified_gmt":"2023-07-18T20:40:13","slug":"estrategia-digital-de-centre","status":"publish","type":"page","link":"https:\/\/agora.xtec.cat\/cfa-ramonllull\/estrategia-digital-de-centre\/","title":{"rendered":"Estrat\u00e8gia Digital de Centre"},"content":{"rendered":"<p style=\"text-align: justify;\">L&#8217;<strong>Estrat\u00e8gia Digital de Centre<\/strong> (EDC) defineix i concreta les l\u00ednies d&#8217;actuaci\u00f3 d&#8217;un centre que fan possible que docents, alumnat i centre assoleixin la <strong>compet\u00e8ncia digital<\/strong>. Per aconseguir aquesta compet\u00e8ncia digital, l&#8217;EDC compr\u00e8n tots els \u00e0mbits del centre: <strong>organitzatius, metodol\u00f2gics, curriculars<\/strong> i<strong> comunicatius<\/strong>, els quals s&#8217;han de veure necess\u00e0riament implicats i, si escau, transformats, des d\u2019una perspectiva d&#8217;i<strong>nnovaci\u00f3<\/strong> i de <strong>millora cont\u00ednua<\/strong>.<\/p>\n<p style=\"text-align: justify;\">L&#8217;<strong>EDC<\/strong> es divideix en dues parts: l&#8217;<strong>Estrat\u00e8gia<\/strong> (planificaci\u00f3 que fem per aconseguir els objectius) i <strong>Cultura Digital<\/strong> (conjunt d&#8217;accions, procediments, protocols i acords relacionats amb tots els \u00e0mbits digitals del centre).<\/p>\n<p style=\"text-align: justify;\"><span class=\"C9DxTc \">L&#8217;<strong>EDC<\/strong> t\u00e9 com a referent el <\/span><a class=\"XqQF9c\" href=\"https:\/\/educacio.gencat.cat\/web\/.content\/home\/departament\/publicacions\/colleccions\/pla-educacio-digital\/pla-educacio-digital-catalunya\/pla-educacio-digital.pdf\" target=\"_blank\" rel=\"noopener\"><span class=\"C9DxTc aw5Odc \">Pla d\u2019educaci\u00f3 digital de Catalunya (PEDC)<\/span><\/a><span class=\"C9DxTc \">, on s\u2019indica la necessitat d\u2019assolir la fita d\u2019una societat digitalment competent, fent \u00e8mfasi en l\u2019equitat i tenint en compte l\u2019evoluci\u00f3 del context social i tecnol\u00f2gic<\/span><span class=\"C9DxTc \">.<\/span><\/p>\n<p>&nbsp;<\/p>\n<p><iframe loading=\"lazy\" src=\"\/\/www.youtube.com\/embed\/uS5UUZIYLPQ\" width=\"300\" height=\"168\" allowfullscreen=\"allowfullscreen\"><\/iframe><a href=\"https:\/\/agora.xtec.cat\/cfa-ramonllull\/wp-content\/uploads\/usu46\/2023\/07\/logo-Pla_educacio_digital_Catalunya.jpg\"><img loading=\"lazy\" decoding=\"async\" class=\"wp-image-2214 alignright\" src=\"https:\/\/agora.xtec.cat\/cfa-ramonllull\/wp-content\/uploads\/usu46\/2023\/07\/logo-Pla_educacio_digital_Catalunya.jpg\" alt=\"\" width=\"307\" height=\"169\" \/><\/a><a href=\"https:\/\/agora.xtec.cat\/cfa-ramonllull\/wp-content\/uploads\/usu46\/2023\/05\/Segell-Logos-Pa\u0300gina-Horitzontal-1-1.jpg\"><img loading=\"lazy\" decoding=\"async\" class=\"alignnone size-large wp-image-2139 aligncenter\" src=\"https:\/\/agora.xtec.cat\/cfa-ramonllull\/wp-content\/uploads\/usu46\/2023\/05\/Segell-Logos-Pa\u0300gina-Horitzontal-1-1-1024x137.jpg\" alt=\"\" width=\"1024\" height=\"137\" srcset=\"https:\/\/agora.xtec.cat\/cfa-ramonllull\/wp-content\/uploads\/usu46\/2023\/05\/Segell-Logos-Pa\u0300gina-Horitzontal-1-1-1024x137.jpg 1024w, https:\/\/agora.xtec.cat\/cfa-ramonllull\/wp-content\/uploads\/usu46\/2023\/05\/Segell-Logos-Pa\u0300gina-Horitzontal-1-1-300x40.jpg 300w, https:\/\/agora.xtec.cat\/cfa-ramonllull\/wp-content\/uploads\/usu46\/2023\/05\/Segell-Logos-Pa\u0300gina-Horitzontal-1-1-768x102.jpg 768w, https:\/\/agora.xtec.cat\/cfa-ramonllull\/wp-content\/uploads\/usu46\/2023\/05\/Segell-Logos-Pa\u0300gina-Horitzontal-1-1-1536x205.jpg 1536w, https:\/\/agora.xtec.cat\/cfa-ramonllull\/wp-content\/uploads\/usu46\/2023\/05\/Segell-Logos-Pa\u0300gina-Horitzontal-1-1-2048x273.jpg 2048w\" sizes=\"auto, (max-width: 1024px) 100vw, 1024px\" \/><\/a><\/p>\n","protected":false},"excerpt":{"rendered":"<p>L&#8217;Estrat\u00e8gia Digital de Centre (EDC) defineix i concreta les l\u00ednies d&#8217;actuaci\u00f3 d&#8217;un centre que fan possible que docents, alumnat i centre assoleixin la compet\u00e8ncia digital. Per aconseguir aquesta compet\u00e8ncia digital, l&#8217;EDC compr\u00e8n tots els \u00e0mbits del centre: organitzatius, metodol\u00f2gics, curriculars i comunicatius, els quals s&#8217;han&hellip;  <a href=\"https:\/\/agora.xtec.cat\/cfa-ramonllull\/estrategia-digital-de-centre\/\" title=\"Read Estrat\u00e8gia Digital de Centre\">Llegeix m\u00e9s\u00bb<\/a><\/p>\n","protected":false},"author":1,"featured_media":0,"parent":0,"menu_order":0,"comment_status":"closed","ping_status":"closed","template":"page-templates\/side-menu.php","meta":{"_bbp_topic_count":0,"_bbp_reply_count":0,"_bbp_total_topic_count":0,"_bbp_total_reply_count":0,"_bbp_voice_count":0,"_bbp_anonymous_reply_count":0,"_bbp_topic_count_hidden":0,"_bbp_reply_count_hidden":0,"_bbp_forum_subforum_count":0,"footnotes":""},"class_list":["post-2046","page","type-page","status-publish","hentry"],"post_mailing_queue_ids":[],"_links":{"self":[{"href":"https:\/\/agora.xtec.cat\/cfa-ramonllull\/wp-json\/wp\/v2\/pages\/2046","targetHints":{"allow":["GET"]}}],"collection":[{"href":"https:\/\/agora.xtec.cat\/cfa-ramonllull\/wp-json\/wp\/v2\/pages"}],"about":[{"href":"https:\/\/agora.xtec.cat\/cfa-ramonllull\/wp-json\/wp\/v2\/types\/page"}],"author":[{"embeddable":true,"href":"https:\/\/agora.xtec.cat\/cfa-ramonllull\/wp-json\/wp\/v2\/users\/1"}],"replies":[{"embeddable":true,"href":"https:\/\/agora.xtec.cat\/cfa-ramonllull\/wp-json\/wp\/v2\/comments?post=2046"}],"version-history":[{"count":4,"href":"https:\/\/agora.xtec.cat\/cfa-ramonllull\/wp-json\/wp\/v2\/pages\/2046\/revisions"}],"predecessor-version":[{"id":2253,"href":"https:\/\/agora.xtec.cat\/cfa-ramonllull\/wp-json\/wp\/v2\/pages\/2046\/revisions\/2253"}],"wp:attachment":[{"href":"https:\/\/agora.xtec.cat\/cfa-ramonllull\/wp-json\/wp\/v2\/media?parent=2046"}],"curies":[{"name":"wp","href":"https:\/\/api.w.org\/{rel}","templated":true}]}}