{"id":1414,"date":"2020-03-21T18:40:10","date_gmt":"2020-03-21T17:40:10","guid":{"rendered":"https:\/\/agora.xtec.cat\/cfa-ramonllull\/?page_id=1414"},"modified":"2024-07-10T19:43:42","modified_gmt":"2024-07-10T17:43:42","slug":"competic","status":"publish","type":"page","link":"https:\/\/agora.xtec.cat\/cfa-ramonllull\/serveis\/recursos\/competic\/","title":{"rendered":"COMPETIC"},"content":{"rendered":"<h5><span style=\"text-decoration: underline;\">Recursos i materials d&#8217;estudi:<\/span><\/h5>\n<ul>\n<li><a href=\"https:\/\/ioc.xtec.cat\/materials\/FP\/Materials\/AG_S_ADM\/ADM_AG_S_M05\/web\/html\/index.html\" target=\"_blank\" rel=\"noopener noreferrer\">Ofim\u00e0tica i proc\u00e9s de la informaci\u00f3<\/a><\/li>\n<li>Paquet d&#8217;ofim\u00e0tica &#8220;<a href=\"https:\/\/www.softcatala.org\/programes\/libreoffice\/\" target=\"_blank\" rel=\"noopener\">LibreOffice<\/a> en catal\u00e0&#8221;<\/li>\n<li>V\u00eddeo per <a href=\"https:\/\/www.youtube.com\/watch?v=sNy0sumb8sA\" target=\"_blank\" rel=\"noopener\">instal\u00b7lar LibreOffice<\/a> (5&#8217;43&#8221;)<\/li>\n<li><a href=\"https:\/\/ateneu.xtec.cat\/wikiform\/wikiexport\/pas\/index\" target=\"_blank\" rel=\"noopener\">Material de formaci\u00f3 (Departament d&#8217;Educaci\u00f3)<\/a><\/li>\n<li><span style=\"text-decoration: underline;\"><strong>COMPETIC 3:<\/strong><\/span>\n<ul>\n<li><span style=\"text-decoration: underline;\"><strong>Processador de textos Writer<\/strong><\/span>:\n<ul>\n<li><a href=\"http:\/\/pl2.escolapia.cat\/manual\/libreoffice%20nivell%20avan%C3%A7at.pdf\" target=\"_blank\" rel=\"noopener noreferrer\">Manual de Writer<\/a> avan\u00e7at<\/li>\n<li><a href=\"http:\/\/competiciii.blogspot.com\/2013\/01\/openofficewriter.html\" target=\"_blank\" rel=\"noopener noreferrer\">Bloc de suport a la <strong>Compet\u00e8ncia 4<\/strong><\/a>: Tractament de la informaci\u00f3 escrita<\/li>\n<li><a href=\"http:\/\/ateneu.xtec.cat\/wikiform\/wikiexport\/pas\/actic\/c4n3libre\/index\" target=\"_blank\" rel=\"noopener noreferrer\">Materials formatius<\/a> Ateneu<\/li>\n<\/ul>\n<\/li>\n<li><span style=\"text-decoration: underline;\"><strong>Full de c\u00e0lcul Calc<\/strong><\/span>:\n<ul>\n<li><a href=\"https:\/\/competiciii.blogspot.com\/2013\/01\/openofficecalc.html\" target=\"_blank\" rel=\"noopener noreferrer\">Bloc de suport a la <strong>Compet\u00e8ncia 6<\/strong><\/a>: Tractament de la informaci\u00f3 num\u00e8rica<\/li>\n<li>Formaci\u00f3 <a href=\"http:\/\/tecnologiaedu.uma.es\/index.php\/materiales\/25-curso-de-openoffice-calc-30\" target=\"_blank\" rel=\"noopener noreferrer\">Tecnologia educativa<\/a><\/li>\n<\/ul>\n<\/li>\n<li><span style=\"text-decoration: underline;\"><strong>Presentaci\u00f3 de continguts Impress:<\/strong><\/span>\n<ul>\n<li><a href=\"https:\/\/competiciii.blogspot.com\/2013\/05\/libreoficceimpress.html\" target=\"_blank\" rel=\"noopener noreferrer\">Bloc de suport a la <strong>Compet\u00e8ncia 8<\/strong><\/a>: Presentaci\u00f3 de continguts<\/li>\n<\/ul>\n<\/li>\n<\/ul>\n<\/li>\n<li><span style=\"text-decoration: underline;\"><strong>COMPETIC 2:<\/strong><\/span>\n<ul>\n<li><a href=\"https:\/\/competicii.blogspot.com\/2016\/03\/competic2.html\" target=\"_blank\" rel=\"noopener noreferrer\">Bloc de suport a <strong>COMPETIC 2<\/strong><\/a><\/li>\n<\/ul>\n<\/li>\n<li><span style=\"text-decoration: underline;\"><strong>COMPETIC 1:<\/strong><\/span>\n<ul>\n<li>Bloc de suport a <a href=\"https:\/\/ctic1.blogspot.com\/2016\/02\/competic1.html\" target=\"_blank\" rel=\"noopener noreferrer\"><strong>COMPETIC 1<\/strong><\/a><\/li>\n<\/ul>\n<\/li>\n<\/ul>\n<p>&nbsp;<\/p>\n","protected":false},"excerpt":{"rendered":"<p>Recursos i materials d&#8217;estudi:<\/p>\n<ul>\n<li><a href=\"https:\/\/ioc.xtec.cat\/materials\/FP\/Materials\/AG_S_ADM\/ADM_AG_S_M05\/web\/html\/index.html\" target=\"_blank\" rel=\"noopener noreferrer\">Ofim\u00e0tica i proc\u00e9s de la informaci\u00f3<\/a><\/li>\n<li>Paquet d&#8217;ofim\u00e0tica &#8220;<a href=\"https:\/\/www.softcatala.org\/programes\/libreoffice\/\" target=\"_blank\" rel=\"noopener\">LibreOffice<\/a> en catal\u00e0&#8221;<\/li>\n<li>V\u00eddeo per <a href=\"https:\/\/www.youtube.com\/watch?v=sNy0sumb8sA\" target=\"_blank\" rel=\"noopener\">instal\u00b7lar LibreOffice<\/a> (5&#8217;43&#8221;)<\/li>\n<li><a href=\"https:\/\/ateneu.xtec.cat\/wikiform\/wikiexport\/pas\/index\" target=\"_blank\" rel=\"noopener\">Material de formaci\u00f3 (Departament d&#8217;Educaci\u00f3)<\/a><\/li>\n<li>COMPETIC 3:\n<ul>\n<li>Processador de textos Writer:\n<ul>\n<li><a href=\"http:\/\/pl2.escolapia.cat\/manual\/libreoffice%20nivell%20avan%C3%A7at.pdf\" target=\"_blank\" rel=\"noopener noreferrer\">Manual de Writer<\/a> avan\u00e7at<\/li>\n<li><a&hellip;  <a href=\"https:\/\/agora.xtec.cat\/cfa-ramonllull\/serveis\/recursos\/competic\/\" title=\"Read COMPETIC\">Llegeix m\u00e9s\u00bb<\/a><br \/>\n","protected":false},"author":1,"featured_media":0,"parent":1352,"menu_order":4,"comment_status":"closed","ping_status":"closed","template":"page-templates\/side-menu.php","meta":{"_bbp_topic_count":0,"_bbp_reply_count":0,"_bbp_total_topic_count":0,"_bbp_total_reply_count":0,"_bbp_voice_count":0,"_bbp_anonymous_reply_count":0,"_bbp_topic_count_hidden":0,"_bbp_reply_count_hidden":0,"_bbp_forum_subforum_count":0,"footnotes":""},"class_list":["post-1414","page","type-page","status-publish","hentry"],"post_mailing_queue_ids":[],"_links":{"self":[{"href":"https:\/\/agora.xtec.cat\/cfa-ramonllull\/wp-json\/wp\/v2\/pages\/1414","targetHints":{"allow":["GET"]}}],"collection":[{"href":"https:\/\/agora.xtec.cat\/cfa-ramonllull\/wp-json\/wp\/v2\/pages"}],"about":[{"href":"https:\/\/agora.xtec.cat\/cfa-ramonllull\/wp-json\/wp\/v2\/types\/page"}],"author":[{"embeddable":true,"href":"https:\/\/agora.xtec.cat\/cfa-ramonllull\/wp-json\/wp\/v2\/users\/1"}],"replies":[{"embeddable":true,"href":"https:\/\/agora.xtec.cat\/cfa-ramonllull\/wp-json\/wp\/v2\/comments?post=1414"}],"version-history":[{"count":4,"href":"https:\/\/agora.xtec.cat\/cfa-ramonllull\/wp-json\/wp\/v2\/pages\/1414\/revisions"}],"predecessor-version":[{"id":1953,"href":"https:\/\/agora.xtec.cat\/cfa-ramonllull\/wp-json\/wp\/v2\/pages\/1414\/revisions\/1953"}],"up":[{"embeddable":true,"href":"https:\/\/agora.xtec.cat\/cfa-ramonllull\/wp-json\/wp\/v2\/pages\/1352"}],"wp:attachment":[{"href":"https:\/\/agora.xtec.cat\/cfa-ramonllull\/wp-json\/wp\/v2\/media?parent=1414"}],"curies":[{"name":"wp","href":"https:\/\/api.w.org\/{rel}","templated":true}]}}