{"id":1403,"date":"2020-03-21T17:52:02","date_gmt":"2020-03-21T16:52:02","guid":{"rendered":"https:\/\/agora.xtec.cat\/cfa-ramonllull\/?page_id=1403"},"modified":"2024-07-10T19:43:08","modified_gmt":"2024-07-10T17:43:08","slug":"proves-lliures-de-diferents-ensenyaments","status":"publish","type":"page","link":"https:\/\/agora.xtec.cat\/cfa-ramonllull\/serveis\/recursos\/proves-lliures-de-diferents-ensenyaments\/","title":{"rendered":"Proves lliures de diferents ensenyaments"},"content":{"rendered":"<h5><span style=\"text-decoration: underline;\">Ensenyaments en general:<\/span><\/h5>\n<ul>\n<li>Informaci\u00f3 <a href=\"http:\/\/ensenyament.gencat.cat\/ca\/serveis-tramits\/proves\/proves-lliures-obtencio-titols\/\" target=\"_blank\" rel=\"noopener noreferrer\">Proves lliures per a l&#8217;obtenci\u00f3 de t\u00edtols i certificats<\/a> (Instrumental, Graduat en Educaci\u00f3 Secund\u00e0ria -GES-, Idiomes, formaci\u00f3 professional i baccalaur\u00e9at).<\/li>\n<\/ul>\n<h5><span style=\"text-decoration: underline;\">Graduat en Educaci\u00f3 Secund\u00e0ria:<\/span><\/h5>\n<ul>\n<li>Models de<a href=\"http:\/\/ensenyament.gencat.cat\/ca\/serveis-tramits\/proves\/proves-lliures-obtencio-titols\/obtencio-geso-mes-18-anys\/mostres\/\" target=\"_blank\" rel=\"noopener noreferrer\"> proves lliures al GES<\/a>.<\/li>\n<li><a href=\"http:\/\/ensenyament.gencat.cat\/ca\/serveis-tramits\/proves\/proves-lliures-obtencio-titols\/obtencio-geso-mes-18-anys\/mostres\/\" target=\"_blank\" rel=\"noopener noreferrer\">M\u00e9s mostres de proves lliures de GES<\/a>.<\/li>\n<\/ul>\n","protected":false},"excerpt":{"rendered":"<p>Ensenyaments en general:<\/p>\n<ul>\n<li>Informaci\u00f3 <a href=\"http:\/\/ensenyament.gencat.cat\/ca\/serveis-tramits\/proves\/proves-lliures-obtencio-titols\/\" target=\"_blank\" rel=\"noopener noreferrer\">Proves lliures per a l&#8217;obtenci\u00f3 de t\u00edtols i certificats<\/a> (Instrumental, Graduat en Educaci\u00f3 Secund\u00e0ria -GES-, Idiomes, formaci\u00f3 professional i baccalaur\u00e9at).<\/li>\n<\/ul>\n<p>Graduat en Educaci\u00f3 Secund\u00e0ria:<\/p>\n<ul>\n<li>Models de<a href=\"http:\/\/ensenyament.gencat.cat\/ca\/serveis-tramits\/proves\/proves-lliures-obtencio-titols\/obtencio-geso-mes-18-anys\/mostres\/\" target=\"_blank\" rel=\"noopener noreferrer\"> proves lliures al GES<\/a>.<\/li>\n<li><a href=\"http:\/\/ensenyament.gencat.cat\/ca\/serveis-tramits\/proves\/proves-lliures-obtencio-titols\/obtencio-geso-mes-18-anys\/mostres\/\" target=\"_blank\" rel=\"noopener noreferrer\">M\u00e9s mostres de&hellip;  <a href=\"https:\/\/agora.xtec.cat\/cfa-ramonllull\/serveis\/recursos\/proves-lliures-de-diferents-ensenyaments\/\" title=\"Read Proves lliures de diferents ensenyaments\">Llegeix m\u00e9s\u00bb<\/a><br \/>\n","protected":false},"author":1,"featured_media":0,"parent":1352,"menu_order":3,"comment_status":"closed","ping_status":"closed","template":"page-templates\/side-menu.php","meta":{"_bbp_topic_count":0,"_bbp_reply_count":0,"_bbp_total_topic_count":0,"_bbp_total_reply_count":0,"_bbp_voice_count":0,"_bbp_anonymous_reply_count":0,"_bbp_topic_count_hidden":0,"_bbp_reply_count_hidden":0,"_bbp_forum_subforum_count":0,"footnotes":""},"class_list":["post-1403","page","type-page","status-publish","hentry"],"post_mailing_queue_ids":[],"_links":{"self":[{"href":"https:\/\/agora.xtec.cat\/cfa-ramonllull\/wp-json\/wp\/v2\/pages\/1403","targetHints":{"allow":["GET"]}}],"collection":[{"href":"https:\/\/agora.xtec.cat\/cfa-ramonllull\/wp-json\/wp\/v2\/pages"}],"about":[{"href":"https:\/\/agora.xtec.cat\/cfa-ramonllull\/wp-json\/wp\/v2\/types\/page"}],"author":[{"embeddable":true,"href":"https:\/\/agora.xtec.cat\/cfa-ramonllull\/wp-json\/wp\/v2\/users\/1"}],"replies":[{"embeddable":true,"href":"https:\/\/agora.xtec.cat\/cfa-ramonllull\/wp-json\/wp\/v2\/comments?post=1403"}],"version-history":[{"count":2,"href":"https:\/\/agora.xtec.cat\/cfa-ramonllull\/wp-json\/wp\/v2\/pages\/1403\/revisions"}],"predecessor-version":[{"id":1413,"href":"https:\/\/agora.xtec.cat\/cfa-ramonllull\/wp-json\/wp\/v2\/pages\/1403\/revisions\/1413"}],"up":[{"embeddable":true,"href":"https:\/\/agora.xtec.cat\/cfa-ramonllull\/wp-json\/wp\/v2\/pages\/1352"}],"wp:attachment":[{"href":"https:\/\/agora.xtec.cat\/cfa-ramonllull\/wp-json\/wp\/v2\/media?parent=1403"}],"curies":[{"name":"wp","href":"https:\/\/api.w.org\/{rel}","templated":true}]}}