{"id":1389,"date":"2020-03-21T17:28:14","date_gmt":"2020-03-21T16:28:14","guid":{"rendered":"https:\/\/agora.xtec.cat\/cfa-ramonllull\/?page_id=1389"},"modified":"2024-07-10T19:42:13","modified_gmt":"2024-07-10T17:42:13","slug":"proves-dacces-als-cicles-formatius-de-grau-mitja","status":"publish","type":"page","link":"https:\/\/agora.xtec.cat\/cfa-ramonllull\/serveis\/recursos\/proves-dacces-als-cicles-formatius-de-grau-mitja\/","title":{"rendered":"Proves d&#8217;Acc\u00e9s als Cicles Formatius de Grau Mitja"},"content":{"rendered":"<h5><span style=\"text-decoration: underline;\">Models d&#8217;ex\u00e0mens i solucions de cicles formatius:<\/span><\/h5>\n<ul>\n<li><a href=\"http:\/\/milaifontanals.cat\/examen\/examen.htm\" target=\"_blank\" rel=\"noopener noreferrer\">Grau Mitj\u00e0 i Grau Superior<\/a>.<\/li>\n<li><a href=\"https:\/\/educacio.gencat.cat\/ca\/serveis-tramits\/proves\/proves-acces\/gs-fp\/mostres\/\" target=\"_blank\" rel=\"noopener\">M\u00e9s mostres de proves d&#8217;acc\u00e9s als CFGS<\/a><\/li>\n<li><a href=\"https:\/\/www.xelu.net\/html\/materials\/materials_fitxa.php?idioma=catala&amp;materials_ID=24\" target=\"_blank\" rel=\"noopener noreferrer\">Grau Mitj\u00e0<\/a>.<\/li>\n<li><a href=\"http:\/\/ensenyament.gencat.cat\/ca\/serveis-tramits\/proves\/proves-acces\/gm-fp\/mostres\/\" target=\"_blank\" rel=\"noopener noreferrer\">M\u00e9s mostres de proves d&#8217;acc\u00e9s als CFGM<\/a><\/li>\n<\/ul>\n<p><strong><span style=\"text-decoration: underline;\">Material de suport a les PACFGM<\/span><\/strong>:<\/p>\n<ul>\n<li><a href=\"https:\/\/pacfgm.blogspot.com\/2019\/10\/socioeconomia.html\" target=\"_blank\" rel=\"noopener noreferrer\">Bloc de suport a la compet\u00e8ncia social i ciutadana de les PACFGM<\/a>\n<ul>\n<li><a href=\"https:\/\/agora.xtec.cat\/cfa-ramonllull\/wp-content\/uploads\/usu46\/2020\/03\/V\u00eddeos_hist\u00f2ria.pdf\" target=\"_blank\" rel=\"noopener noreferrer\">V\u00eddeos d&#8217;hist\u00f2ria<\/a><\/li>\n<\/ul>\n<\/li>\n<li>Compet\u00e8ncia d&#8217;interacci\u00f3 amb el m\u00f3n f\u00edsic:\n<ul>\n<li><a href=\"https:\/\/monfisic.blogspot.com\/2020\/10\/la-cellula.html\" target=\"_blank\" rel=\"noopener\">Biologia<\/a><\/li>\n<li><a href=\"https:\/\/monfisic.blogspot.com\/2020\/10\/fisica.html\" target=\"_blank\" rel=\"noopener\">F\u00edsica<\/a><\/li>\n<li><a href=\"https:\/\/monfisic.blogspot.com\/2020\/10\/quimica.html\" target=\"_blank\" rel=\"noopener\">Qu\u00edmica<\/a><\/li>\n<\/ul>\n<\/li>\n<\/ul>\n","protected":false},"excerpt":{"rendered":"<p>Models d&#8217;ex\u00e0mens i solucions de cicles formatius:<\/p>\n<ul>\n<li><a href=\"http:\/\/milaifontanals.cat\/examen\/examen.htm\" target=\"_blank\" rel=\"noopener noreferrer\">Grau Mitj\u00e0 i Grau Superior<\/a>.<\/li>\n<li><a href=\"https:\/\/educacio.gencat.cat\/ca\/serveis-tramits\/proves\/proves-acces\/gs-fp\/mostres\/\" target=\"_blank\" rel=\"noopener\">M\u00e9s mostres de proves d&#8217;acc\u00e9s als CFGS<\/a><\/li>\n<li><a href=\"https:\/\/www.xelu.net\/html\/materials\/materials_fitxa.php?idioma=catala&amp;materials_ID=24\" target=\"_blank\" rel=\"noopener noreferrer\">Grau Mitj\u00e0<\/a>.<\/li>\n<li><a href=\"http:\/\/ensenyament.gencat.cat\/ca\/serveis-tramits\/proves\/proves-acces\/gm-fp\/mostres\/\" target=\"_blank\" rel=\"noopener noreferrer\">M\u00e9s mostres de proves d&#8217;acc\u00e9s als CFGM<\/a><\/li>\n<\/ul>\n<p>Material de suport a les PACFGM:<\/p>\n<ul>\n<li><a href=\"https:\/\/pacfgm.blogspot.com\/2019\/10\/socioeconomia.html\"&hellip;  <a href=\"https:\/\/agora.xtec.cat\/cfa-ramonllull\/serveis\/recursos\/proves-dacces-als-cicles-formatius-de-grau-mitja\/\" title=\"Read Proves d&#8217;Acc\u00e9s als Cicles Formatius de Grau Mitja\">Llegeix m\u00e9s\u00bb<\/a><br \/>\n","protected":false},"author":1,"featured_media":0,"parent":1352,"menu_order":1,"comment_status":"closed","ping_status":"closed","template":"page-templates\/side-menu.php","meta":{"_bbp_topic_count":0,"_bbp_reply_count":0,"_bbp_total_topic_count":0,"_bbp_total_reply_count":0,"_bbp_voice_count":0,"_bbp_anonymous_reply_count":0,"_bbp_topic_count_hidden":0,"_bbp_reply_count_hidden":0,"_bbp_forum_subforum_count":0,"footnotes":""},"class_list":["post-1389","page","type-page","status-publish","hentry"],"post_mailing_queue_ids":[],"_links":{"self":[{"href":"https:\/\/agora.xtec.cat\/cfa-ramonllull\/wp-json\/wp\/v2\/pages\/1389","targetHints":{"allow":["GET"]}}],"collection":[{"href":"https:\/\/agora.xtec.cat\/cfa-ramonllull\/wp-json\/wp\/v2\/pages"}],"about":[{"href":"https:\/\/agora.xtec.cat\/cfa-ramonllull\/wp-json\/wp\/v2\/types\/page"}],"author":[{"embeddable":true,"href":"https:\/\/agora.xtec.cat\/cfa-ramonllull\/wp-json\/wp\/v2\/users\/1"}],"replies":[{"embeddable":true,"href":"https:\/\/agora.xtec.cat\/cfa-ramonllull\/wp-json\/wp\/v2\/comments?post=1389"}],"version-history":[{"count":4,"href":"https:\/\/agora.xtec.cat\/cfa-ramonllull\/wp-json\/wp\/v2\/pages\/1389\/revisions"}],"predecessor-version":[{"id":1917,"href":"https:\/\/agora.xtec.cat\/cfa-ramonllull\/wp-json\/wp\/v2\/pages\/1389\/revisions\/1917"}],"up":[{"embeddable":true,"href":"https:\/\/agora.xtec.cat\/cfa-ramonllull\/wp-json\/wp\/v2\/pages\/1352"}],"wp:attachment":[{"href":"https:\/\/agora.xtec.cat\/cfa-ramonllull\/wp-json\/wp\/v2\/media?parent=1389"}],"curies":[{"name":"wp","href":"https:\/\/api.w.org\/{rel}","templated":true}]}}