{"id":1352,"date":"2020-03-16T20:13:24","date_gmt":"2020-03-16T19:13:24","guid":{"rendered":"https:\/\/agora.xtec.cat\/cfa-ramonllull\/?page_id=1352"},"modified":"2026-04-09T17:00:06","modified_gmt":"2026-04-09T15:00:06","slug":"recursos","status":"publish","type":"page","link":"https:\/\/agora.xtec.cat\/cfa-ramonllull\/serveis\/recursos\/","title":{"rendered":"Recursos i materials per a l&#8217;estudi"},"content":{"rendered":"<p style=\"text-align: center;\"><iframe loading=\"lazy\" src=\"https:\/\/www.youtube.com\/embed\/PLjki7e14XU\" width=\"560\" height=\"315\" frameborder=\"0\"><\/iframe><\/p>\n<h3 style=\"text-align: center;\">Eines d&#8217;orientaci\u00f3 i recursos:<\/h3>\n<h4 style=\"text-align: center;\"><a href=\"http:\/\/queestudiar.gencat.cat\/ca\/estudis\/adults\" target=\"_blank\" rel=\"noopener noreferrer\">Qu\u00e8 \u00e9s la formaci\u00f3 d&#8217;adults?<\/a><\/h4>\n<h4 style=\"text-align: center;\"><a href=\"http:\/\/queestudiar.gencat.cat\/ca\/estudis\/cercador-estudis\/cercador-resultats\/cercador_fie_portlet_prueba\/\" target=\"_blank\" rel=\"noopener noreferrer\">Qu\u00e8 vull estudiar?<\/a><\/h4>\n<h4 style=\"text-align: center;\"><a href=\"http:\/\/queestudiar.gencat.cat\/ca\/orientacio\/joves\/conec-interessos\/questionari-autoconeixement\/\" target=\"_blank\" rel=\"noopener noreferrer\">Vols omplir el &#8220;Q\u00fcestionari d&#8217;autoconeixement&#8221;?<\/a><\/h4>\n<p>&nbsp;<\/p>\n<h4 style=\"text-align: left;\"><span style=\"text-decoration: underline;\">Materials i recursos pels diferents nivells de formaci\u00f3:<\/span><\/h4>\n<ul style=\"text-align: left;\">\n<li>Informaci\u00f3 <a href=\"http:\/\/ensenyament.gencat.cat\/ca\/serveis-tramits\/proves\/proves-acces\/\" target=\"_blank\" rel=\"noopener noreferrer\">Proves d&#8217;acc\u00e9s als cicles formatius<\/a>.<\/li>\n<li><a href=\"https:\/\/agora.xtec.cat\/cfa-ramonllull\/serveis\/recursos\/proves-dacces-als-cicles-formatius-de-grau-mitja\/\" target=\"_blank\" rel=\"noopener noreferrer\">Cicles Formatius de Grau Mitja<\/a><\/li>\n<li><a href=\"https:\/\/agora.xtec.cat\/cfa-ramonllull\/serveis\/recursos\/proves-dacces-als-cicles-formatius-de-grau-superior\/\" target=\"_blank\" rel=\"noopener noreferrer\">Cicles Formatius de Grau Superior<\/a><\/li>\n<li><a href=\"https:\/\/agora.xtec.cat\/cfa-ramonllull\/serveis\/recursos\/proves-lliures-de-diferents-ensenyaments\/\" target=\"_blank\" rel=\"noopener noreferrer\">Proves lliures de GES, Instrumental, Angl\u00e8s<\/a>&#8230;<\/li>\n<\/ul>\n<h5 style=\"text-align: left;\"><span style=\"text-decoration: underline;\">Butllet\u00ed informatiu del m\u00f3n educatiu:<\/span><\/h5>\n<ul>\n<li style=\"text-align: left;\"><a href=\"http:\/\/ensenyament.gencat.cat\/ca\/departament\/publicacions\/butlletins\/infoescola\/\" target=\"_blank\" rel=\"noopener noreferrer\">Bullet\u00ed Infoescola<\/a><\/li>\n<\/ul>\n","protected":false},"excerpt":{"rendered":"<p>Eines d&#8217;orientaci\u00f3 i recursos:<br \/>\n<a href=\"http:\/\/queestudiar.gencat.cat\/ca\/estudis\/adults\" target=\"_blank\" rel=\"noopener noreferrer\">Qu\u00e8 \u00e9s la formaci\u00f3 d&#8217;adults?<\/a><br \/>\n<a href=\"http:\/\/queestudiar.gencat.cat\/ca\/estudis\/cercador-estudis\/cercador-resultats\/cercador_fie_portlet_prueba\/\" target=\"_blank\" rel=\"noopener noreferrer\">Qu\u00e8 vull estudiar?<\/a><br \/>\n<a href=\"http:\/\/queestudiar.gencat.cat\/ca\/orientacio\/joves\/conec-interessos\/questionari-autoconeixement\/\" target=\"_blank\" rel=\"noopener noreferrer\">Vols omplir el &#8220;Q\u00fcestionari d&#8217;autoconeixement&#8221;?<\/a><br \/>\n&nbsp;<br \/>\nMaterials i recursos pels diferents nivells de formaci\u00f3:<\/p>\n<ul style=\"text-align: left;\">\n<li>Informaci\u00f3 <a href=\"http:\/\/ensenyament.gencat.cat\/ca\/serveis-tramits\/proves\/proves-acces\/\" target=\"_blank\" rel=\"noopener noreferrer\">Proves d&#8217;acc\u00e9s als cicles formatius<\/a>.<\/li>\n<li><a href=\"https:\/\/agora.xtec.cat\/cfa-ramonllull\/serveis\/recursos\/proves-dacces-als-cicles-formatius-de-grau-mitja\/\"&hellip;  <a href=\"https:\/\/agora.xtec.cat\/cfa-ramonllull\/serveis\/recursos\/\" title=\"Read Recursos i materials per a l&#8217;estudi\">Llegeix m\u00e9s\u00bb<\/a><br \/>\n","protected":false},"author":1,"featured_media":0,"parent":63,"menu_order":6,"comment_status":"closed","ping_status":"closed","template":"page-templates\/side-menu.php","meta":{"_bbp_topic_count":0,"_bbp_reply_count":0,"_bbp_total_topic_count":0,"_bbp_total_reply_count":0,"_bbp_voice_count":0,"_bbp_anonymous_reply_count":0,"_bbp_topic_count_hidden":0,"_bbp_reply_count_hidden":0,"_bbp_forum_subforum_count":0,"footnotes":""},"class_list":["post-1352","page","type-page","status-publish","hentry"],"post_mailing_queue_ids":[],"_links":{"self":[{"href":"https:\/\/agora.xtec.cat\/cfa-ramonllull\/wp-json\/wp\/v2\/pages\/1352","targetHints":{"allow":["GET"]}}],"collection":[{"href":"https:\/\/agora.xtec.cat\/cfa-ramonllull\/wp-json\/wp\/v2\/pages"}],"about":[{"href":"https:\/\/agora.xtec.cat\/cfa-ramonllull\/wp-json\/wp\/v2\/types\/page"}],"author":[{"embeddable":true,"href":"https:\/\/agora.xtec.cat\/cfa-ramonllull\/wp-json\/wp\/v2\/users\/1"}],"replies":[{"embeddable":true,"href":"https:\/\/agora.xtec.cat\/cfa-ramonllull\/wp-json\/wp\/v2\/comments?post=1352"}],"version-history":[{"count":4,"href":"https:\/\/agora.xtec.cat\/cfa-ramonllull\/wp-json\/wp\/v2\/pages\/1352\/revisions"}],"predecessor-version":[{"id":1748,"href":"https:\/\/agora.xtec.cat\/cfa-ramonllull\/wp-json\/wp\/v2\/pages\/1352\/revisions\/1748"}],"up":[{"embeddable":true,"href":"https:\/\/agora.xtec.cat\/cfa-ramonllull\/wp-json\/wp\/v2\/pages\/63"}],"wp:attachment":[{"href":"https:\/\/agora.xtec.cat\/cfa-ramonllull\/wp-json\/wp\/v2\/media?parent=1352"}],"curies":[{"name":"wp","href":"https:\/\/api.w.org\/{rel}","templated":true}]}}