{"id":322,"date":"2015-01-28T11:36:17","date_gmt":"2015-01-28T10:36:17","guid":{"rendered":"http:\/\/agora.xtec.cat\/cfa-pau-casals\/?page_id=322"},"modified":"2023-05-24T16:51:57","modified_gmt":"2023-05-24T14:51:57","slug":"a-la-universitat-per-a-majors-de-25-anys","status":"publish","type":"page","link":"https:\/\/agora.xtec.cat\/cfa-pau-casals\/ensenyaments\/ensenyaments-per-a-la-preparacio-de-proves-dacces\/a-la-universitat-per-a-majors-de-25-anys\/","title":{"rendered":"Preparaci\u00f3 per a l\u2019acc\u00e9s a la universitat per a m\u00e9s grans de 25 anys \/ 45 anys"},"content":{"rendered":"<p><span style=\"color: #008080;\"><strong>Descripci\u00f3<\/strong><\/span><\/p>\n<p>Aquests estudis preparen les persones m\u00e9s grans de 25 anys ( i de 45 anys) per a les proves d&#8217;acc\u00e9s a la universitat<\/p>\n<p><span style=\"color: #008080;\"><strong>Continguts<\/strong><\/span><\/p>\n<ul>\n<li><strong>Mat\u00e8ries de la fase general<\/strong>\u00a0(igual per a tots els candidats)<\/li>\n<\/ul>\n<p>a. Comentari de text<br \/>\nb. Llengua catalana<br \/>\nc. Llengua castellana<br \/>\nd. Llengua estrangera (a triar entre angl\u00e8s, franc\u00e8s, alemany, itali\u00e0 o portugu\u00e8s)<\/p>\n<p>Els exercicis de comentari de text, llengua catalana i llengua castellana s\u00f3n comuns a les proves per a m\u00e9s grans de 25 anys i les proves per a m\u00e9s grans de 45 anys.<\/p>\n<ul>\n<li><strong>Mat\u00e8ries de la fase espec\u00edfica<\/strong><\/li>\n<\/ul>\n<p>L&#8217;alumne ha d&#8217;escollir dues mat\u00e8ries relacionades amb una de les branques de coneixement, entorn de les quals s&#8217;organitzen els t\u00edtols universitaris de grau.<\/p>\n<ul>\n<li style=\"list-style-type: none;\">\n<ul>\n<li><strong>Relaci\u00f3 de branques i mat\u00e8ries<\/strong><\/li>\n<\/ul>\n<\/li>\n<\/ul>\n<table border=\"1\" cellspacing=\"1\" cellpadding=\"1\">\n<tbody>\n<tr>\n<td>Opcions d&#8217;acc\u00e9s<\/td>\n<td>Mat\u00e8ries<\/td>\n<\/tr>\n<tr>\n<td>A) Arts i humanitats<\/td>\n<td>Filosofia<br \/>\nGeografia<br \/>\nHist\u00f2ria contempor\u00e0nia<br \/>\nHist\u00f2ria de l&#8217;art<br \/>\nLiteratura<\/td>\n<\/tr>\n<tr>\n<td>B) Ci\u00e8ncies<\/td>\n<td>Biologia<br \/>\nF\u00edsica<br \/>\nMatem\u00e0tiques<br \/>\nQu\u00edmica<br \/>\nEstad\u00edstica<\/td>\n<\/tr>\n<tr>\n<td>C) Ci\u00e8ncies de la salut<\/td>\n<td>Biologia<br \/>\nEstad\u00edstica<br \/>\nF\u00edsica<br \/>\nMatem\u00e0tiques<br \/>\nQu\u00edmica<\/td>\n<\/tr>\n<tr>\n<td>D) Ci\u00e8ncies socials i jur\u00eddiques<\/td>\n<td>Economia de l&#8217;empresa<br \/>\nEstad\u00edstica<br \/>\nGeografia<br \/>\nHist\u00f2ria contempor\u00e0nia<br \/>\nMatem\u00e0tiques<\/td>\n<\/tr>\n<tr>\n<td>E) Enginyeria i arquitectura<\/td>\n<td>Dibuix t\u00e8cnic<br \/>\nEconomia de l&#8217;empresa<br \/>\nF\u00edsica<br \/>\nMatem\u00e0tiques<br \/>\nQu\u00edmica<\/td>\n<\/tr>\n<\/tbody>\n<\/table>\n<p><span style=\"color: #008080;\"><strong>Acc\u00e9s<\/strong><\/span><\/p>\n<p>Poden accedir a aquests estudis\u00a0les persones que reuneixen els requisits seg\u00fcents:.<\/p>\n<ul>\n<li>Tenir 25 anys en l&#8217;any natural en qu\u00e8 es realitza la prova.<\/li>\n<li>No tenir superada la PAU (o equivalent).<\/li>\n<li>No estar en possessi\u00f3 d&#8217;un t\u00edtol de t\u00e8cnic superior de formaci\u00f3 professional, d&#8217;arts pl\u00e0stiques i disseny, o d&#8217;esports (o equivalent).<\/li>\n<li>No tenir cap titulaci\u00f3 universit\u00e0ria.<\/li>\n<\/ul>\n<p><span style=\"color: #008080;\"><strong>Tr\u00e0mits<\/strong><\/span><\/p>\n<p>Per cursar aquest ensenyament cal formalitzar la preinscripci\u00f3 i la matr\u00edcula d\u2019acord amb el per\u00edode i criteris fixats pel Departament d\u2019Educaci\u00f3.<\/p>\n<p>L\u2019alumnat ha de fer una aportaci\u00f3 de 50\u20ac en concepte de les activitats pedag\u00f2giques i el material.<\/p>\n<p><span style=\"color: #008080;\"><strong>Continu\u00eftat<\/strong><\/span><\/p>\n<p>Grau universitari o cicles formatius de grau superior.<\/p>\n","protected":false},"excerpt":{"rendered":"<p>Descripci\u00f3<br \/>\nAquests estudis preparen les persones m\u00e9s grans de 25 anys ( i de 45 anys) per a les proves d&#8217;acc\u00e9s a la universitat<br \/>\nContinguts<\/p>\n<ul>\n<li>Mat\u00e8ries de la fase general\u00a0(igual per a tots els candidats)<\/li>\n<\/ul>\n<p>a. Comentari de text<br \/>\nb. Llengua catalana<br \/>\nc. Llengua castellana<br \/>\nd. Llengua estrangera (a triar entre angl\u00e8s,&hellip;  <a href=\"https:\/\/agora.xtec.cat\/cfa-pau-casals\/ensenyaments\/ensenyaments-per-a-la-preparacio-de-proves-dacces\/a-la-universitat-per-a-majors-de-25-anys\/\" title=\"Read Preparaci\u00f3 per a l\u2019acc\u00e9s a la universitat per a m\u00e9s grans de 25 anys \/ 45 anys\">Llegeix m\u00e9s\u00bb<\/a><\/p>\n","protected":false},"author":1,"featured_media":0,"parent":288,"menu_order":0,"comment_status":"closed","ping_status":"closed","template":"page-templates\/side-menu.php","meta":{"_bbp_topic_count":0,"_bbp_reply_count":0,"_bbp_total_topic_count":0,"_bbp_total_reply_count":0,"_bbp_voice_count":0,"_bbp_anonymous_reply_count":0,"_bbp_topic_count_hidden":0,"_bbp_reply_count_hidden":0,"_bbp_forum_subforum_count":0,"footnotes":""},"class_list":["post-322","page","type-page","status-publish","hentry"],"post_mailing_queue_ids":[],"_links":{"self":[{"href":"https:\/\/agora.xtec.cat\/cfa-pau-casals\/wp-json\/wp\/v2\/pages\/322","targetHints":{"allow":["GET"]}}],"collection":[{"href":"https:\/\/agora.xtec.cat\/cfa-pau-casals\/wp-json\/wp\/v2\/pages"}],"about":[{"href":"https:\/\/agora.xtec.cat\/cfa-pau-casals\/wp-json\/wp\/v2\/types\/page"}],"author":[{"embeddable":true,"href":"https:\/\/agora.xtec.cat\/cfa-pau-casals\/wp-json\/wp\/v2\/users\/1"}],"replies":[{"embeddable":true,"href":"https:\/\/agora.xtec.cat\/cfa-pau-casals\/wp-json\/wp\/v2\/comments?post=322"}],"version-history":[{"count":4,"href":"https:\/\/agora.xtec.cat\/cfa-pau-casals\/wp-json\/wp\/v2\/pages\/322\/revisions"}],"predecessor-version":[{"id":2631,"href":"https:\/\/agora.xtec.cat\/cfa-pau-casals\/wp-json\/wp\/v2\/pages\/322\/revisions\/2631"}],"up":[{"embeddable":true,"href":"https:\/\/agora.xtec.cat\/cfa-pau-casals\/wp-json\/wp\/v2\/pages\/288"}],"wp:attachment":[{"href":"https:\/\/agora.xtec.cat\/cfa-pau-casals\/wp-json\/wp\/v2\/media?parent=322"}],"curies":[{"name":"wp","href":"https:\/\/api.w.org\/{rel}","templated":true}]}}