{"id":320,"date":"2015-01-28T11:35:13","date_gmt":"2015-01-28T10:35:13","guid":{"rendered":"http:\/\/agora.xtec.cat\/cfa-pau-casals\/?page_id=320"},"modified":"2023-05-31T11:15:49","modified_gmt":"2023-05-31T09:15:49","slug":"a-cicles-formatius-de-grau-superior","status":"publish","type":"page","link":"https:\/\/agora.xtec.cat\/cfa-pau-casals\/ensenyaments\/ensenyaments-per-a-la-preparacio-de-proves-dacces\/a-cicles-formatius-de-grau-superior\/","title":{"rendered":"Preparaci\u00f3 per a les proves d\u2019acc\u00e9s a cicles formatius de grau superior"},"content":{"rendered":"<p><span style=\"color: #008080;\"><strong>Descripci\u00f3<\/strong><\/span><\/p>\n<p>Aquests estudis preparen per presentar-se a les proves d&#8217;acc\u00e9s als cicles de grau superior de formaci\u00f3 professional, d&#8217;arts pl\u00e0stiques i disseny i d&#8217;ensenyaments esportius. L&#8217;alumnat pot preparar la part comuna de la prova, la part espec\u00edfica, o totes dues.<\/p>\n<p>La durada m\u00ednima per a la preparaci\u00f3 de les proves d&#8217;acc\u00e9s al grau superior \u00e9s de 300 hores per a la part comuna i de 99 hores per a les dues mat\u00e8ries de la part espec\u00edfica.<\/p>\n<p><span style=\"color: #008080;\"><strong>Continguts<\/strong><\/span><\/p>\n<p><strong>Mat\u00e8ries de la part comuna<\/strong><\/p>\n<p>Llengua catalana i castellana<br \/>\nLlengua estrangera<br \/>\nMatem\u00e0tiques<br \/>\nHist\u00f2ria (\u00e9s mat\u00e8ria comuna nom\u00e9s per a les persones que vulguin accedir als ensenyaments art\u00edstics)<\/p>\n<p><strong>Mat\u00e8ries de la part espec\u00edfica<\/strong><\/p>\n<p>Segons la fam\u00edlia professional o cicle al qual l&#8217;alumne vol accedir, cal escollir dues mat\u00e8ries de les opcions A, B, C o D.<\/p>\n<p><img loading=\"lazy\" decoding=\"async\" class=\"aligncenter size-full wp-image-2632\" src=\"https:\/\/agora.xtec.cat\/cfa-pau-casals\/wp-content\/uploads\/usu2101\/2023\/05\/Llistat-families-professionals.jpg\" alt=\"\" width=\"492\" height=\"646\" srcset=\"https:\/\/agora.xtec.cat\/cfa-pau-casals\/wp-content\/uploads\/usu2101\/2023\/05\/Llistat-families-professionals.jpg 492w, https:\/\/agora.xtec.cat\/cfa-pau-casals\/wp-content\/uploads\/usu2101\/2023\/05\/Llistat-families-professionals-228x300.jpg 228w\" sizes=\"auto, (max-width: 492px) 100vw, 492px\" \/><\/p>\n<p>El nostre centre prepara\u00a0<strong>Biologia<\/strong>,<strong> F\u00edsica <\/strong>i<strong> Geografia<\/strong>. La resta es preparen telem\u00e0ticament amb l\u2019<a href=\"https:\/\/ioc.xtec.cat\/educacio\/acfgs\">IOC<\/a> (Institut Obert de Catalunya), i el centre s\u2019encarrega de gestionar la matr\u00edcula de l&#8217;alumnat que necessiti preparar-les i es porten a terme tutories peri\u00f2dicament de seguiment.<\/p>\n<p><span style=\"color: #008080;\"><strong>Acc\u00e9s<\/strong><\/span><\/p>\n<p>Poden accedir a aquests estudis les persones que tinguin m\u00e9s de 18 anys o els compleixen durant l&#8217;any natural en qu\u00e8 s&#8217;inicia la formaci\u00f3.<\/p>\n<p>Cal tenir en compte que per realitzar les proves d&#8217;acc\u00e9s als cicles formatius de grau superior s&#8217;han de tenir m\u00e9s de 19 anys o complir-los l&#8217;any natural en qu\u00e8 es realitza la prova.<\/p>\n<p><span style=\"color: #008080;\"><strong>Tr\u00e0mits<\/strong><\/span><\/p>\n<p>Per cursar aquest ensenyament cal formalitzar la preinscripci\u00f3 i la matr\u00edcula d\u2019acord amb el per\u00edode i criteris fixats pel Departament d\u2019Educaci\u00f3.<\/p>\n<p>L\u2019alumnat ha de fer una aportaci\u00f3 de 55\u20ac en concepte de les activitats pedag\u00f2giques i el material.<\/p>\n<p><span style=\"color: #008080;\"><strong>Continu\u00eftat<\/strong><\/span><\/p>\n<p>La qualificaci\u00f3 que s&#8217;obt\u00e9 en aquesta formaci\u00f3 es multiplica pel coeficient 0,20 i se suma a la nota de la prova d&#8217;acc\u00e9s.<\/p>\n<p>Permet accedir a cicles formatius de grau superior.<\/p>\n<p><span style=\"color: #008080;\"><strong>Normativa<\/strong><\/span><\/p>\n<ul>\n<li><a title=\"V\u00e9s al DOGC\" href=\"http:\/\/dogc.gencat.cat\/ca\/pdogc_canals_interns\/pdogc_resultats_fitxa\/index.html?action=fitxa&amp;mode=single&amp;documentId=567520&amp;language=es_ES&amp;newLang=ca_ES\" target=\"_blank\" rel=\"noopener noreferrer\">Resoluci\u00f3 EDU\/3983\/2010, de 9 de desembre,<\/a>\u00a0per la qual s&#8217;estableixen els temaris i els criteris d&#8217;avaluaci\u00f3 de les proves d&#8217;acc\u00e9s als cicles formatius de formaci\u00f3 professional inicial, als cicles formatius d&#8217;ensenyaments d&#8217;arts pl\u00e0stiques i disseny, i als cicles d&#8217;ensenyaments esportius (DOGC n\u00fam. 5778, de 20.12.2010)<\/li>\n<\/ul>\n","protected":false},"excerpt":{"rendered":"<p>Descripci\u00f3<br \/>\nAquests estudis preparen per presentar-se a les proves d&#8217;acc\u00e9s als cicles de grau superior de formaci\u00f3 professional, d&#8217;arts pl\u00e0stiques i disseny i d&#8217;ensenyaments esportius. L&#8217;alumnat pot preparar la part comuna de la prova, la part espec\u00edfica, o totes dues.<br \/>\nLa durada m\u00ednima per a la preparaci\u00f3&hellip;  <a href=\"https:\/\/agora.xtec.cat\/cfa-pau-casals\/ensenyaments\/ensenyaments-per-a-la-preparacio-de-proves-dacces\/a-cicles-formatius-de-grau-superior\/\" title=\"Read Preparaci\u00f3 per a les proves d\u2019acc\u00e9s a cicles formatius de grau superior\">Llegeix m\u00e9s\u00bb<\/a><\/p>\n","protected":false},"author":1,"featured_media":0,"parent":288,"menu_order":0,"comment_status":"closed","ping_status":"closed","template":"page-templates\/side-menu.php","meta":{"_bbp_topic_count":0,"_bbp_reply_count":0,"_bbp_total_topic_count":0,"_bbp_total_reply_count":0,"_bbp_voice_count":0,"_bbp_anonymous_reply_count":0,"_bbp_topic_count_hidden":0,"_bbp_reply_count_hidden":0,"_bbp_forum_subforum_count":0,"footnotes":""},"class_list":["post-320","page","type-page","status-publish","hentry"],"post_mailing_queue_ids":[],"_links":{"self":[{"href":"https:\/\/agora.xtec.cat\/cfa-pau-casals\/wp-json\/wp\/v2\/pages\/320","targetHints":{"allow":["GET"]}}],"collection":[{"href":"https:\/\/agora.xtec.cat\/cfa-pau-casals\/wp-json\/wp\/v2\/pages"}],"about":[{"href":"https:\/\/agora.xtec.cat\/cfa-pau-casals\/wp-json\/wp\/v2\/types\/page"}],"author":[{"embeddable":true,"href":"https:\/\/agora.xtec.cat\/cfa-pau-casals\/wp-json\/wp\/v2\/users\/1"}],"replies":[{"embeddable":true,"href":"https:\/\/agora.xtec.cat\/cfa-pau-casals\/wp-json\/wp\/v2\/comments?post=320"}],"version-history":[{"count":3,"href":"https:\/\/agora.xtec.cat\/cfa-pau-casals\/wp-json\/wp\/v2\/pages\/320\/revisions"}],"predecessor-version":[{"id":2636,"href":"https:\/\/agora.xtec.cat\/cfa-pau-casals\/wp-json\/wp\/v2\/pages\/320\/revisions\/2636"}],"up":[{"embeddable":true,"href":"https:\/\/agora.xtec.cat\/cfa-pau-casals\/wp-json\/wp\/v2\/pages\/288"}],"wp:attachment":[{"href":"https:\/\/agora.xtec.cat\/cfa-pau-casals\/wp-json\/wp\/v2\/media?parent=320"}],"curies":[{"name":"wp","href":"https:\/\/api.w.org\/{rel}","templated":true}]}}