{"id":312,"date":"2015-01-28T11:32:38","date_gmt":"2015-01-28T10:32:38","guid":{"rendered":"http:\/\/agora.xtec.cat\/cfa-pau-casals\/?page_id=312"},"modified":"2023-05-24T16:03:30","modified_gmt":"2023-05-24T14:03:30","slug":"llengua-anglesa","status":"publish","type":"page","link":"https:\/\/agora.xtec.cat\/cfa-pau-casals\/ensenyaments\/ensenyaments-transprofessionals\/llengua-anglesa\/","title":{"rendered":"Llengua anglesa"},"content":{"rendered":"<p><span style=\"color: #008080;\"><strong>Descripci\u00f3<\/strong><\/span><\/p>\n<p>Aquests estudis tenen com a objectiu que les persones adultes assoleixin un grau de compet\u00e8ncia b\u00e0sica per a comunicar-se en llengua anglesa i s&#8217;imparteixen en tres nivells: llengua anglesa nivell 1, 2 i 3, que corresponen als nivells A1, A2.1 i A2.2 del MECR (Marc europeu com\u00fa de refer\u00e8ncia per a les lleng\u00fces).<\/p>\n<ul>\n<li><strong>Llengua anglesa nivell 1<\/strong> (3 h\/setmana), que correspon al nivell A1 del MECR.<\/li>\n<li><strong>Llengua anglesa nivell 2<\/strong> (4 h\/setmana), que correspon al nivell A2 del MECR.<\/li>\n<li><strong>Llengua anglesa nivell 3<\/strong> (4 h\/setmana), que correspon al nivell A2.2 del MECR.<\/li>\n<\/ul>\n<p><span style=\"color: #008080;\"><strong>Continguts<\/strong><\/span><\/p>\n<p>En els tres nivells es treballen les habilitats de comprensi\u00f3 i expressi\u00f3 orals i escrites que permeten fer front a la major part de situacions ling\u00fc\u00edstiques de la vida quotidiana i comunicar-se de forma b\u00e0sica en un entorn pluriling\u00fce i multicultural.<\/p>\n<p>Vegeu el\u00a0<strong><a title=\"Ves al DOGC\" href=\"https:\/\/portaldogc.gencat.cat\/utilsEADOP\/PDF\/7652\/1683438.pdf\" target=\"_blank\" rel=\"noopener noreferrer\">curr\u00edculum<\/a><\/strong>\u00a0d&#8217;aquests estudis.<\/p>\n<p><span style=\"color: #008080;\"><strong>Acc\u00e9s<\/strong><\/span><\/p>\n<p>Poden accedir a aquests estudis totes les persones que tenen m\u00e9s de 18 anys o b\u00e9 els compleixen durant l&#8217;any natural en qu\u00e8 inicien la formaci\u00f3.<\/p>\n<p><span style=\"color: #008080;\"><strong>Tr\u00e0mits<\/strong><\/span><\/p>\n<p>Per cursar aquest ensenyament cal formalitzar la preinscripci\u00f3 i la matr\u00edcula d\u2019acord amb el per\u00edode i criteris fixats pel Departament d\u2019Educaci\u00f3.<\/p>\n<p>L\u2019alumnat ha de fer una aportaci\u00f3 de 30\u20ac en concepte de les activitats pedag\u00f2giques i el material.<\/p>\n<p><span style=\"color: #008080;\"><strong>Continu\u00eftat<\/strong><\/span><\/p>\n<p>Un cop finalitzats aquests estudis, es pot continuar la formaci\u00f3 en una escola oficial d&#8217;idiomes,\u00a0accedint al nivell de 3r sense haver de superar una prova de nivell.<\/p>\n<p><span style=\"color: #008080;\"><strong>Normativa<\/strong><\/span><\/p>\n<ul>\n<li><a title=\"Ves al DOGC\" href=\"https:\/\/portaldogc.gencat.cat\/utilsEADOP\/PDF\/7652\/1683438.pdf\" target=\"_blank\" rel=\"noopener noreferrer\">Resoluci\u00f3 ENS\/1403\/2018, de 21 de juny,<\/a>\u00a0per la qual s&#8217;estableix el curr\u00edculum de lleng\u00fces estrangeres als centres de formaci\u00f3 d&#8217;adults del Departament d&#8217;Ensenyament (DOGC n\u00fam. 7652, de 28.6.2018)<\/li>\n<\/ul>\n","protected":false},"excerpt":{"rendered":"<p>Descripci\u00f3<br \/>\nAquests estudis tenen com a objectiu que les persones adultes assoleixin un grau de compet\u00e8ncia b\u00e0sica per a comunicar-se en llengua anglesa i s&#8217;imparteixen en tres nivells: llengua anglesa nivell 1, 2 i 3, que corresponen als nivells A1, A2.1 i A2.2 del MECR (Marc&hellip;  <a href=\"https:\/\/agora.xtec.cat\/cfa-pau-casals\/ensenyaments\/ensenyaments-transprofessionals\/llengua-anglesa\/\" title=\"Read Llengua anglesa\">Llegeix m\u00e9s\u00bb<\/a><\/p>\n","protected":false},"author":1,"featured_media":0,"parent":286,"menu_order":0,"comment_status":"closed","ping_status":"closed","template":"page-templates\/side-menu.php","meta":{"_bbp_topic_count":0,"_bbp_reply_count":0,"_bbp_total_topic_count":0,"_bbp_total_reply_count":0,"_bbp_voice_count":0,"_bbp_anonymous_reply_count":0,"_bbp_topic_count_hidden":0,"_bbp_reply_count_hidden":0,"_bbp_forum_subforum_count":0,"footnotes":""},"class_list":["post-312","page","type-page","status-publish","hentry"],"post_mailing_queue_ids":[],"_links":{"self":[{"href":"https:\/\/agora.xtec.cat\/cfa-pau-casals\/wp-json\/wp\/v2\/pages\/312","targetHints":{"allow":["GET"]}}],"collection":[{"href":"https:\/\/agora.xtec.cat\/cfa-pau-casals\/wp-json\/wp\/v2\/pages"}],"about":[{"href":"https:\/\/agora.xtec.cat\/cfa-pau-casals\/wp-json\/wp\/v2\/types\/page"}],"author":[{"embeddable":true,"href":"https:\/\/agora.xtec.cat\/cfa-pau-casals\/wp-json\/wp\/v2\/users\/1"}],"replies":[{"embeddable":true,"href":"https:\/\/agora.xtec.cat\/cfa-pau-casals\/wp-json\/wp\/v2\/comments?post=312"}],"version-history":[{"count":3,"href":"https:\/\/agora.xtec.cat\/cfa-pau-casals\/wp-json\/wp\/v2\/pages\/312\/revisions"}],"predecessor-version":[{"id":2622,"href":"https:\/\/agora.xtec.cat\/cfa-pau-casals\/wp-json\/wp\/v2\/pages\/312\/revisions\/2622"}],"up":[{"embeddable":true,"href":"https:\/\/agora.xtec.cat\/cfa-pau-casals\/wp-json\/wp\/v2\/pages\/286"}],"wp:attachment":[{"href":"https:\/\/agora.xtec.cat\/cfa-pau-casals\/wp-json\/wp\/v2\/media?parent=312"}],"curies":[{"name":"wp","href":"https:\/\/api.w.org\/{rel}","templated":true}]}}