{"id":303,"date":"2015-01-28T11:23:05","date_gmt":"2015-01-28T10:23:05","guid":{"rendered":"http:\/\/agora.xtec.cat\/cfa-pau-casals\/?page_id=303"},"modified":"2023-05-24T16:44:30","modified_gmt":"2023-05-24T14:44:30","slug":"graduat-en-educacio-secundaria-per-adults","status":"publish","type":"page","link":"https:\/\/agora.xtec.cat\/cfa-pau-casals\/ensenyaments\/ensenyaments-per-a-la-preparacio-de-proves-dacces\/graduat-en-educacio-secundaria-per-adults\/","title":{"rendered":"Graduat en educaci\u00f3 secund\u00e0ria per a persones adultes (GESO)"},"content":{"rendered":"<p><span style=\"color: #008080;\"><strong>Descripci\u00f3<\/strong><\/span><\/p>\n<p>Aquests estudis permeten completar els ensenyaments b\u00e0sics i obtenir el t\u00edtol de graduat o graduada en educaci\u00f3 secund\u00e0ria obligat\u00f2ria (GESO). Es poden cursar de manera presencial en horari de mat\u00ed o tarda.<\/p>\n<p><span style=\"color: #008080;\"><strong>Continguts<\/strong><\/span><\/p>\n<p style=\"text-align: left;\">Els ensenyaments per a l\u2019obtenci\u00f3 del t\u00edtol de graduat o graduada en educaci\u00f3 secund\u00e0ria obligat\u00f2ria per a les persones adultes consisteixen en 34 m\u00f2duls amb una c\u00e0rrega lectiva de 35 hores per m\u00f2dul. La durada d\u2019aquests estudis \u00e9s de 1.190 hores. Els m\u00f2duls que estan relacionats amb l&#8217;\u00e0mbit de la comunicaci\u00f3, el cientificotenol\u00f2gic i el social es distribueixen en dos nivells:<\/p>\n<table class=\" aligncenter\" style=\"height: 706px; width: 944px; border-style: hidden;\" width=\"944\">\n<tbody>\n<tr style=\"height: 486px;\">\n<td style=\"width: 476px; height: 486px;\"><strong>M\u00f2duls del nivell I:<\/strong><\/p>\n<ul style=\"list-style-type: square;\">\n<li><strong>\u00c0mbit de la comunicaci\u00f3:\u00a0<\/strong>\n<ul>\n<li>Literatura<\/li>\n<li>Llengua catalana I<\/li>\n<li>Llengua castellana I<\/li>\n<li>Llengua estrangera: Angl\u00e8s I<\/li>\n<li>Llengua catalana II<\/li>\n<li>Llengua castellana II<\/li>\n<\/ul>\n<\/li>\n<li><strong>\u00c0mbit cientificotecnol\u00f2gic:<\/strong>\n<ul>\n<li>Matem\u00e0tiques<\/li>\n<li>Matem\u00e0tiques II<\/li>\n<li>F\u00edsica i qu\u00edmica I<\/li>\n<li>Ci\u00e8ncies naturals<\/li>\n<li>Educaci\u00f3 per a la salut<\/li>\n<\/ul>\n<\/li>\n<li><strong>\u00c0mbit social:<\/strong>\n<ul>\n<li>Ci\u00e8ncies socials I i educaci\u00f3 per a la ciutadania<\/li>\n<li>Geografia I<\/li>\n<li>Hist\u00f2ria I<\/li>\n<\/ul>\n<\/li>\n<\/ul>\n<p><strong>Total m\u00f2duls del 1r nivell a cursar<\/strong>: 14 comuns i 3 opcionals<\/td>\n<td style=\"width: 460px; height: 486px;\"><strong>M\u00f2duls del nivell II:<\/strong><\/p>\n<ul style=\"list-style-type: square;\">\n<li><strong>\u00c0mbit de la comunicaci\u00f3:\u00a0<\/strong>\n<ul>\n<li>Llengua catalana III<\/li>\n<li>Llengua castellana III<\/li>\n<li>Llengua estrangera: Angl\u00e8s II<\/li>\n<li>Llengua estrangera: Angl\u00e8s III<\/li>\n<li>Literatura catalana<\/li>\n<li>Literatura castellana<\/li>\n<\/ul>\n<\/li>\n<li><strong>\u00c0mbit cientificotecnol\u00f2gic:<\/strong>\n<ul>\n<li>Matem\u00e0tiques III<\/li>\n<li>Matem\u00e0tiques IV<\/li>\n<li>F\u00edsica i qu\u00edmica II<\/li>\n<li>Biologia i geologia<\/li>\n<li>Tecnologia<\/li>\n<\/ul>\n<\/li>\n<li><strong>\u00c0mbit social:<\/strong>\n<ul>\n<li>\n<div>Ci\u00e8ncies socials II i moviments migratoris<\/div>\n<\/li>\n<li>Geografia II<\/li>\n<li>Hist\u00f2ria II<\/li>\n<\/ul>\n<\/li>\n<\/ul>\n<p><strong>Total m\u00f2duls del 2n nivell a cursar<\/strong>: 14 comuns i 3 opcionals<\/td>\n<\/tr>\n<tr style=\"height: 210px;\">\n<td style=\"width: 476px; height: 210px;\">\n<div>\n<div><strong>M\u00f2duls\u00a0opcionals:<\/strong><\/div>\n<div><\/div>\n<\/div>\n<ul style=\"list-style-type: disc;\">\n<li><strong>\u00c0mbit de la comunicaci\u00f3:\u00a0<\/strong>\n<ul>\n<li>Llengua estrangera: Angl\u00e8s 0<\/li>\n<li>Taller d&#8217;escriptura creativa<\/li>\n<\/ul>\n<\/li>\n<li><strong>\u00c0mbit cientificotecnol\u00f2gic:<\/strong>\n<ul>\n<li>Tecnologies de la informaci\u00f3 i la comunicaci\u00f3<\/li>\n<\/ul>\n<\/li>\n<\/ul>\n<\/td>\n<td style=\"width: 460px; height: 210px;\">\n<div>\n<div><\/div>\n<div><strong>M\u00f2duls\u00a0opcionals:<\/strong><\/div>\n<div><\/div>\n<\/div>\n<ul style=\"list-style-type: disc;\">\n<li><strong>\u00c0mbit de la comunicaci\u00f3:\u00a0<\/strong>\n<ul>\n<li>Informaci\u00f3 i pensament cr\u00edtic<\/li>\n<li>Llengua i TIC<\/li>\n<\/ul>\n<\/li>\n<li><strong>\u00c0mbit cientificotecnol\u00f2gic:<\/strong>\n<ul>\n<li>Matem\u00e0tiques inicials<\/li>\n<\/ul>\n<\/li>\n<\/ul>\n<\/td>\n<\/tr>\n<\/tbody>\n<\/table>\n<p>&nbsp;<\/p>\n<p>&nbsp;<\/p>\n<p>&nbsp;<\/p>\n<p><span style=\"color: #008080;\"><strong>Acc\u00e9s<\/strong><\/span><\/p>\n<p>Amb car\u00e0cter general poden accedir a l&#8217;educaci\u00f3 d&#8217;adults les persones que han complert 18 anys o b\u00e9 els compleixen durant l\u2019any natural que inicien la formaci\u00f3.<\/p>\n<p>Tamb\u00e9 hi poden accedir les persones que compleixen com a m\u00ednim 16 anys l&#8217;any natural que inicien la formaci\u00f3 si tenen un contracte laboral que els impedeix assistir als centres educatius en r\u00e8gim ordinari o si s\u00f3n esportistes d&#8217;alt rendiment.<\/p>\n<p>Excepcionalment, el director\/a dels serveis territorials corresponents pot autoritzar, previ informe de la Inspecci\u00f3 d&#8217;Educaci\u00f3, la incorporaci\u00f3 d&#8217;alumnes majors de 16 anys que no compleixen els requisits anteriors per\u00f2 en els quals concorren circumst\u00e0ncies que els impedeixen assistir als centres educatius ordinaris o que no han estat escolaritzats en el sistema educatiu espanyol.<\/p>\n<p>Per tal de situar l&#8217;alumnat en el nivell que li correspon, valorar els coneixements previs de l&#8217;alumnat i orientar-lo, durant el per\u00edode de preinscripci\u00f3 o en el moment que l&#8217;alumne\/a accedeix al centre passa per una avaluaci\u00f3 inicial que consisteix en una entrevista personal i, si s&#8217;escau, per una prova de nivell. Durant aquest proc\u00e9s pot acreditar o convalidar coneixements per posteriorment iniciar els estudis d&#8217;acord amb un itinerari personalitzat.<\/p>\n<p><span style=\"color: #008080;\"><strong>Tr\u00e0mits<\/strong><\/span><\/p>\n<p>Per cursar aquest ensenyament cal formalitzar la preinscripci\u00f3 i la matr\u00edcula d\u2019acord amb el per\u00edode i criteris fixats pel Departament d\u2019Educaci\u00f3.<\/p>\n<p>Aix\u00ed mateix, atesa la flexibilitat i l&#8217;estructura modular d&#8217;aquests ensenyaments permet als centres tenir matr\u00edcula viva i acollir l&#8217;alumnat que vol cursar-los al llarg de tot el curs escolar i matricular-lo en el moment que hi hagin places vacants.<\/p>\n<p>L\u2019alumnat ha de fer una aportaci\u00f3 de 60\u20ac en concepte de les activitats pedag\u00f2giques i el material.<\/p>\n<p><span style=\"color: #008080;\"><strong>Continu\u00eftat<\/strong><\/span><\/p>\n<p>Les persones que superen aquesta formaci\u00f3 poden accedir als ensenyaments seg\u00fcents:<\/p>\n<ul>\n<li>el batxillerat,<\/li>\n<li>els cicles formatius de grau mitj\u00e0,<\/li>\n<li>la preparaci\u00f3 per a les proves d&#8217;acc\u00e9s als cicles formatius de grau superior (tenir els 19 anys o b\u00e9, complir-los l&#8217;any de la prova) i<\/li>\n<li>la preparaci\u00f3 per a les proves d&#8217;acc\u00e9s a la universitat per a les persones m\u00e9s grans de 25 anys.<\/li>\n<\/ul>\n<p><span style=\"color: #008080;\"><strong>Normativa<\/strong><\/span><\/p>\n<ul>\n<li><a href=\"https:\/\/dibaaps.diba.cat\/vnis\/temp\/CIDO_dogc_2009_11_20091102_09294021.pdf\" target=\"_blank\" rel=\"noopener noreferrer\">Decret 161\/2009, de 27 d&#8217;octubre,<\/a>\u00a0d&#8217;ordenaci\u00f3 dels ensenyaments de l&#8217;educaci\u00f3 secund\u00e0ria obligat\u00f2ria per a les persones adultes (DOGC n\u00fam. 5496, de 2.11.2009)<\/li>\n<li><a href=\"https:\/\/dibaaps.diba.cat\/vnis\/temp\/CIDO_dogc_2011_07_20110718_11161009.pdf\" target=\"_blank\" rel=\"noopener noreferrer\">Ordre ENS\/154\/2011, de 14 de juny,<\/a>\u00a0del procediment i els documents i requisits formals del proc\u00e9s d&#8217;avaluaci\u00f3 a l&#8217;educaci\u00f3 secund\u00e0ria obligat\u00f2ria per a les persones adultes (DOGC n\u00fam. 5922, de 18.7.2011)<\/li>\n<\/ul>\n","protected":false},"excerpt":{"rendered":"<p>Descripci\u00f3<br \/>\nAquests estudis permeten completar els ensenyaments b\u00e0sics i obtenir el t\u00edtol de graduat o graduada en educaci\u00f3 secund\u00e0ria obligat\u00f2ria (GESO). Es poden cursar de manera presencial en horari de mat\u00ed o tarda.<br \/>\nContinguts<br \/>\nEls ensenyaments per a l\u2019obtenci\u00f3 del t\u00edtol de graduat o graduada en educaci\u00f3 secund\u00e0ria&hellip;  <a href=\"https:\/\/agora.xtec.cat\/cfa-pau-casals\/ensenyaments\/ensenyaments-per-a-la-preparacio-de-proves-dacces\/graduat-en-educacio-secundaria-per-adults\/\" title=\"Read Graduat en educaci\u00f3 secund\u00e0ria per a persones adultes (GESO)\">Llegeix m\u00e9s\u00bb<\/a><\/p>\n","protected":false},"author":1,"featured_media":0,"parent":288,"menu_order":0,"comment_status":"closed","ping_status":"closed","template":"page-templates\/side-menu.php","meta":{"_bbp_topic_count":0,"_bbp_reply_count":0,"_bbp_total_topic_count":0,"_bbp_total_reply_count":0,"_bbp_voice_count":0,"_bbp_anonymous_reply_count":0,"_bbp_topic_count_hidden":0,"_bbp_reply_count_hidden":0,"_bbp_forum_subforum_count":0,"footnotes":""},"class_list":["post-303","page","type-page","status-publish","hentry"],"post_mailing_queue_ids":[],"_links":{"self":[{"href":"https:\/\/agora.xtec.cat\/cfa-pau-casals\/wp-json\/wp\/v2\/pages\/303","targetHints":{"allow":["GET"]}}],"collection":[{"href":"https:\/\/agora.xtec.cat\/cfa-pau-casals\/wp-json\/wp\/v2\/pages"}],"about":[{"href":"https:\/\/agora.xtec.cat\/cfa-pau-casals\/wp-json\/wp\/v2\/types\/page"}],"author":[{"embeddable":true,"href":"https:\/\/agora.xtec.cat\/cfa-pau-casals\/wp-json\/wp\/v2\/users\/1"}],"replies":[{"embeddable":true,"href":"https:\/\/agora.xtec.cat\/cfa-pau-casals\/wp-json\/wp\/v2\/comments?post=303"}],"version-history":[{"count":4,"href":"https:\/\/agora.xtec.cat\/cfa-pau-casals\/wp-json\/wp\/v2\/pages\/303\/revisions"}],"predecessor-version":[{"id":2627,"href":"https:\/\/agora.xtec.cat\/cfa-pau-casals\/wp-json\/wp\/v2\/pages\/303\/revisions\/2627"}],"up":[{"embeddable":true,"href":"https:\/\/agora.xtec.cat\/cfa-pau-casals\/wp-json\/wp\/v2\/pages\/288"}],"wp:attachment":[{"href":"https:\/\/agora.xtec.cat\/cfa-pau-casals\/wp-json\/wp\/v2\/media?parent=303"}],"curies":[{"name":"wp","href":"https:\/\/api.w.org\/{rel}","templated":true}]}}