{"id":301,"date":"2015-01-28T11:21:46","date_gmt":"2015-01-28T10:21:46","guid":{"rendered":"http:\/\/agora.xtec.cat\/cfa-pau-casals\/?page_id=301"},"modified":"2023-05-24T16:02:45","modified_gmt":"2023-05-24T14:02:45","slug":"formacio-instrumental","status":"publish","type":"page","link":"https:\/\/agora.xtec.cat\/cfa-pau-casals\/ensenyaments\/ensenyaments-inicials-i-formacio-basica\/formacio-instrumental\/","title":{"rendered":"Formaci\u00f3 instrumental"},"content":{"rendered":"<p><span style=\"color: #008080;\"><strong>Descripci\u00f3<\/strong><\/span><\/p>\n<p>L&#8217;objectiu d&#8217;aquests estudis \u00e9s proporcionar a les persones adultes els elements necessaris que els permetin l&#8217;adquisici\u00f3 progressiva de les compet\u00e8ncies clau per afavorir el seu desenvolupament personal i acad\u00e8mic i la integraci\u00f3 social i laboral.<\/p>\n<p>La superaci\u00f3 d&#8217;aquests estudis permet l&#8217;obtenci\u00f3 del certificat de formaci\u00f3 instrumental. Tamb\u00e9 l&#8217;assoliment d&#8217;un nivell A2 del MECR en les dues lleng\u00fces oficials i un coneixement equivalent al nivell de COMPETIC inicial.<\/p>\n<p>Cicles i nivells<\/p>\n<ul style=\"list-style-type: disc;\">\n<li><strong>1r cicle &#8211; 1r nivell<\/strong> (8 h\/setmana)<\/li>\n<li><strong>1r cicle &#8211; 2n nivell<\/strong> (6 h\/setmana)<\/li>\n<li><strong>2n cicle &#8211; 3r nivell<\/strong> (6 h\/setmana)<\/li>\n<li><strong>2n cicle &#8211; 4t nivell<\/strong> (8 h\/setmana)<\/li>\n<\/ul>\n<p><span style=\"color: #008080;\"><strong>Continguts<\/strong><\/span><\/p>\n<p><span style=\"font-family: inherit; font-size: 1em;\">La durada d&#8217;aquesta formaci\u00f3 \u00e9s de 980 hores. El nivell 1 i el nivell 4 de 280 hores i el nivell 2 i el nivell 3 de 210 hores.<\/span><\/p>\n<p><strong>\u00c0rees curriculars i compet\u00e8ncies<\/strong><\/p>\n<p>Els ensenyaments de formaci\u00f3 instrumental s&#8217;estructuren en tres \u00e0rees curriculars i dues compet\u00e8ncies transversals:<\/p>\n<ul class=\"llista-especial\">\n<li>\u00c0rea ling\u00fc\u00edstica<\/li>\n<li>\u00c0rea matem\u00e0tica<\/li>\n<li>\u00c0rea del medi natural, social i cultural<\/li>\n<li>Compet\u00e8ncia digital<\/li>\n<li>Compet\u00e8ncia personal, social i laboral<\/li>\n<\/ul>\n<p>Es treballen integrades al llarg dels dos cicles i es recomana que es concretin a partir de propostes d&#8217;aprenentatge globalitzades i competencials en les quals l&#8217;alumnat s&#8217;aproximi al coneixement des d&#8217;una perspectiva transversal, significativa i funcional.<\/p>\n<p><span style=\"color: #008080;\"><strong>Acc\u00e9s<\/strong><\/span><\/p>\n<p>Poden accedir a aquests estudis les persones m\u00e9s grans de 18 anys i les que els compleixen durant l&#8217;any natural en qu\u00e8 s&#8217;inicia la formaci\u00f3. Per tal de situar l&#8217;alumnat en el nivell que li correspon d&#8217;acord amb les seves compet\u00e8ncies, en el moment de la preinscripci\u00f3 el centre de formaci\u00f3 d&#8217;adults li far\u00e0 una prova de nivell.<\/p>\n<p><span style=\"color: #008080;\"><strong>Tr\u00e0mits<\/strong><\/span><\/p>\n<p>Per cursar aquest ensenyament cal formalitzar la preinscripci\u00f3 i la matr\u00edcula d&#8217;acord amb el per\u00edode i criteris fixats pel Departament d&#8217;Educaci\u00f3.<\/p>\n<p>L&#8217;alumnat ha de fer una aportaci\u00f3 de 30\u20ac en concepte de les activitats pedag\u00f2giques i el material.<\/p>\n<p><span style=\"color: #008080;\"><strong>Continu\u00eftat<\/strong><\/span><\/p>\n<p>Si es vol continuar la formaci\u00f3, es pot cursar l&#8217;educaci\u00f3 secund\u00e0ria per a les persones adultes o la preparaci\u00f3 per a les proves d&#8217;acc\u00e9s a cicles formatius.<\/p>\n<p><span style=\"color: #008080;\"><strong>Normativa<\/strong><\/span><\/p>\n<ul>\n<li><a title=\"Ves al DOGC\" href=\"https:\/\/dogc.gencat.cat\/ca\/document-del-dogc\/?documentId=938596\" target=\"_blank\" rel=\"noopener\">Ordre EDU\/217\/2022, de 23 de setembre<\/a>, per la qual s&#8217;estableix el curr\u00edculum de la formaci\u00f3 instrumental per a les persones adultes (DOGC n\u00fam. 8763, de 30.9.2022)<\/li>\n<\/ul>\n<p>&nbsp;<\/p>\n","protected":false},"excerpt":{"rendered":"<p>Descripci\u00f3<br \/>\nL&#8217;objectiu d&#8217;aquests estudis \u00e9s proporcionar a les persones adultes els elements necessaris que els permetin l&#8217;adquisici\u00f3 progressiva de les compet\u00e8ncies clau per afavorir el seu desenvolupament personal i acad\u00e8mic i la integraci\u00f3 social i laboral.<br \/>\nLa superaci\u00f3 d&#8217;aquests estudis permet l&#8217;obtenci\u00f3 del certificat de formaci\u00f3 instrumental.&hellip;  <a href=\"https:\/\/agora.xtec.cat\/cfa-pau-casals\/ensenyaments\/ensenyaments-inicials-i-formacio-basica\/formacio-instrumental\/\" title=\"Read Formaci\u00f3 instrumental\">Llegeix m\u00e9s\u00bb<\/a><\/p>\n","protected":false},"author":1,"featured_media":0,"parent":283,"menu_order":0,"comment_status":"closed","ping_status":"closed","template":"page-templates\/side-menu.php","meta":{"_bbp_topic_count":0,"_bbp_reply_count":0,"_bbp_total_topic_count":0,"_bbp_total_reply_count":0,"_bbp_voice_count":0,"_bbp_anonymous_reply_count":0,"_bbp_topic_count_hidden":0,"_bbp_reply_count_hidden":0,"_bbp_forum_subforum_count":0,"footnotes":""},"class_list":["post-301","page","type-page","status-publish","hentry"],"post_mailing_queue_ids":[],"_links":{"self":[{"href":"https:\/\/agora.xtec.cat\/cfa-pau-casals\/wp-json\/wp\/v2\/pages\/301","targetHints":{"allow":["GET"]}}],"collection":[{"href":"https:\/\/agora.xtec.cat\/cfa-pau-casals\/wp-json\/wp\/v2\/pages"}],"about":[{"href":"https:\/\/agora.xtec.cat\/cfa-pau-casals\/wp-json\/wp\/v2\/types\/page"}],"author":[{"embeddable":true,"href":"https:\/\/agora.xtec.cat\/cfa-pau-casals\/wp-json\/wp\/v2\/users\/1"}],"replies":[{"embeddable":true,"href":"https:\/\/agora.xtec.cat\/cfa-pau-casals\/wp-json\/wp\/v2\/comments?post=301"}],"version-history":[{"count":4,"href":"https:\/\/agora.xtec.cat\/cfa-pau-casals\/wp-json\/wp\/v2\/pages\/301\/revisions"}],"predecessor-version":[{"id":2621,"href":"https:\/\/agora.xtec.cat\/cfa-pau-casals\/wp-json\/wp\/v2\/pages\/301\/revisions\/2621"}],"up":[{"embeddable":true,"href":"https:\/\/agora.xtec.cat\/cfa-pau-casals\/wp-json\/wp\/v2\/pages\/283"}],"wp:attachment":[{"href":"https:\/\/agora.xtec.cat\/cfa-pau-casals\/wp-json\/wp\/v2\/media?parent=301"}],"curies":[{"name":"wp","href":"https:\/\/api.w.org\/{rel}","templated":true}]}}