{"id":296,"date":"2015-01-28T11:18:08","date_gmt":"2015-01-28T10:18:08","guid":{"rendered":"http:\/\/agora.xtec.cat\/cfa-pau-casals\/?page_id=296"},"modified":"2023-05-24T15:23:18","modified_gmt":"2023-05-24T13:23:18","slug":"llengua-catalana","status":"publish","type":"page","link":"https:\/\/agora.xtec.cat\/cfa-pau-casals\/ensenyaments\/ensenyaments-inicials-i-formacio-basica\/llengua-catalana\/","title":{"rendered":"Llengua catalana"},"content":{"rendered":"<p><span style=\"color: #008080;\"><strong>Descripci\u00f3<\/strong><\/span><\/p>\n<p>Aquests estudis tenen com a objectiu que les persones adultes assoleixin un grau de compet\u00e8ncia b\u00e0sica per a comunicar-se en llengua catalana i s&#8217;imparteixen en tres nivells: llengua catalana nivell 1, 2 i 3, que corresponen als nivells A1, A2 i B1 del MECR (Marc europeu com\u00fa de refer\u00e8ncia per a les lleng\u00fces).<\/p>\n<ul>\n<li><strong>Llengua catalana nivell 1<\/strong> (6 h\/setmana), que correspon al nivell A1 del MECR. (El curs de nivell 1 \u00e9s quadrimestral)<\/li>\n<li><strong>Llengua catalana nivell 2<\/strong>\u00a0(4 h\/setmana), que correspon al nivell A2 del MECR.<\/li>\n<li><strong>Llengua catalana nivell 3<\/strong> (4 h\/setmana), que correspon al nivell B1 del MECR.<\/li>\n<\/ul>\n<p><span style=\"color: #008080;\"><strong>Continguts<\/strong><\/span><\/p>\n<p>En els tres nivells es treballen les habilitats de comprensi\u00f3 i expressi\u00f3 orals i escrites que permeten fer front a la major part de situacions ling\u00fc\u00edstiques de la vida quotidiana.<\/p>\n<p>El nivell 1 t\u00e9 una durada de 105 hores, el nivell 2 i 3 tenen una durada de 140 hores, i finalitzat el curs, en el cas d\u2019haver superat el nivell, es rebr\u00e0 el certificat A1, A2 o B1 corresponent al Marc Europeu de les Lleng\u00fces.<\/p>\n<p><span style=\"color: #008080;\"><strong>Acc\u00e9s<\/strong><\/span><\/p>\n<p>Poden accedir a aquests estudis totes les persones que tenen m\u00e9s de 18 anys o b\u00e9 els compleixen durant l&#8217;any natural en qu\u00e8 inicien la formaci\u00f3.<\/p>\n<p><span style=\"color: #008080;\"><strong>Tr\u00e0mits<\/strong><\/span><\/p>\n<p>Per cursar aquest ensenyament cal formalitzar la preinscripci\u00f3 i la matr\u00edcula d\u2019acord amb el per\u00edode i criteris fixats pel Departament d\u2019Educaci\u00f3.<\/p>\n<p>L&#8217;alumnat ha de fer una aportaci\u00f3 de 30\u20ac en concepte de les activitats pedag\u00f2giques i el material.<\/p>\n<p><span style=\"color: #008080;\"><strong>Continu\u00eftat<\/strong><\/span><\/p>\n<p>Podeu trobar m\u00e9s informaci\u00f3 sobre l&#8217;aprenentatge de la llengua catalana a\u00a0<a href=\"http:\/\/llengua.gencat.cat\/ca\/serveis\/aprendre_catala\" target=\"_blank\" rel=\"noopener noreferrer\">Aprendre catal\u00e0<\/a>.<\/p>\n<p><span style=\"color: #008080;\"><strong>Normativa<\/strong><\/span><\/p>\n<ul>\n<li><a href=\"https:\/\/repositori.educacio.gencat.cat\/handle\/20.500.12694\/1554\" target=\"_blank\" rel=\"noopener noreferrer\">Resoluci\u00f3 de 10 de maig de 2013,<\/a>\u00a0per la qual s&#8217;estableixen els curr\u00edculums dels ensenyaments corresponents a llengua catalana i castellana, llengua occitana, denominada aran\u00e8s a l&#8217;Aran, i a les lleng\u00fces estrangeres, d&#8217;aplicaci\u00f3 als centres de formaci\u00f3 d&#8217;adults que depenen del Departament d&#8217;Ensenyament.<\/li>\n<\/ul>\n","protected":false},"excerpt":{"rendered":"<p>Descripci\u00f3<br \/>\nAquests estudis tenen com a objectiu que les persones adultes assoleixin un grau de compet\u00e8ncia b\u00e0sica per a comunicar-se en llengua catalana i s&#8217;imparteixen en tres nivells: llengua catalana nivell 1, 2 i 3, que corresponen als nivells A1, A2 i B1 del MECR (Marc&hellip;  <a href=\"https:\/\/agora.xtec.cat\/cfa-pau-casals\/ensenyaments\/ensenyaments-inicials-i-formacio-basica\/llengua-catalana\/\" title=\"Read Llengua catalana\">Llegeix m\u00e9s\u00bb<\/a><\/p>\n","protected":false},"author":1,"featured_media":0,"parent":283,"menu_order":0,"comment_status":"closed","ping_status":"closed","template":"page-templates\/side-menu.php","meta":{"_bbp_topic_count":0,"_bbp_reply_count":0,"_bbp_total_topic_count":0,"_bbp_total_reply_count":0,"_bbp_voice_count":0,"_bbp_anonymous_reply_count":0,"_bbp_topic_count_hidden":0,"_bbp_reply_count_hidden":0,"_bbp_forum_subforum_count":0,"footnotes":""},"class_list":["post-296","page","type-page","status-publish","hentry"],"post_mailing_queue_ids":[],"_links":{"self":[{"href":"https:\/\/agora.xtec.cat\/cfa-pau-casals\/wp-json\/wp\/v2\/pages\/296","targetHints":{"allow":["GET"]}}],"collection":[{"href":"https:\/\/agora.xtec.cat\/cfa-pau-casals\/wp-json\/wp\/v2\/pages"}],"about":[{"href":"https:\/\/agora.xtec.cat\/cfa-pau-casals\/wp-json\/wp\/v2\/types\/page"}],"author":[{"embeddable":true,"href":"https:\/\/agora.xtec.cat\/cfa-pau-casals\/wp-json\/wp\/v2\/users\/1"}],"replies":[{"embeddable":true,"href":"https:\/\/agora.xtec.cat\/cfa-pau-casals\/wp-json\/wp\/v2\/comments?post=296"}],"version-history":[{"count":4,"href":"https:\/\/agora.xtec.cat\/cfa-pau-casals\/wp-json\/wp\/v2\/pages\/296\/revisions"}],"predecessor-version":[{"id":2619,"href":"https:\/\/agora.xtec.cat\/cfa-pau-casals\/wp-json\/wp\/v2\/pages\/296\/revisions\/2619"}],"up":[{"embeddable":true,"href":"https:\/\/agora.xtec.cat\/cfa-pau-casals\/wp-json\/wp\/v2\/pages\/283"}],"wp:attachment":[{"href":"https:\/\/agora.xtec.cat\/cfa-pau-casals\/wp-json\/wp\/v2\/media?parent=296"}],"curies":[{"name":"wp","href":"https:\/\/api.w.org\/{rel}","templated":true}]}}