{"id":27,"date":"2014-09-17T16:24:03","date_gmt":"2014-09-17T16:24:03","guid":{"rendered":"http:\/\/agora.xtec.cat\/cfa-pau-casals\/?page_id=27"},"modified":"2021-04-28T13:00:42","modified_gmt":"2021-04-28T11:00:42","slug":"historia","status":"publish","type":"page","link":"https:\/\/agora.xtec.cat\/cfa-pau-casals\/el-centre\/historia\/","title":{"rendered":"Hist\u00f2ria"},"content":{"rendered":"<header>\n<p class=\"documentDescription description\">El Complex Cultural de L\u2019Escard\u00edvol est\u00e0 format per dos edificis: L\u2019Escard\u00edvol (Joaquim Blume, 28) i El Bullidor (Terrassa, 47); dues naus industrials paral\u00b7leles dividides per un passad\u00eds.<\/p>\n<\/header>\n<p id=\"viewlet-above-content-body\"><span style=\"font-family: inherit; font-size: 1em;\">La nau nord est\u00e0 feta de ma\u00f3 vist, amb un ritme de dobles finestres separades amb pilastres. Davant la nau sud, a la part central, hi ha una xemeneia.<\/span><\/p>\n<div id=\"content-core\">\n<div id=\"parent-fieldname-text\" class=\"\">\n<p class=\"\">L\u2019Escard\u00edvol \u00e9s una de les f\u00e0briques m\u00e9s antigues i importants que tenia la ciutat de Rub\u00ed i va arribar a acollir a 330 obrers. L&#8217;any 1835 hi havia en aquest lloc una filatura que el 1888 va esdevenir en una f\u00e0brica coneguda popularment com la \u201cPelleria\u201d (pelleteria), que desenvolupava una activitat industrial de tints i acabats.<\/p>\n<p class=\"\">El 1921 va ser adquirida per l\u2019empresa Rub\u00ed Industrial, i l\u2019arquitecte modernista Llu\u00eds Muncunill i Parellada va projectar la nau nord al 1923. Als anys quaranta va passar a mans de l&#8217;empresa Pich Aguilera i es va mantenir l\u2019activitat fins a la riuada de 1962, que es va endur bona part de la f\u00e0brica.<\/p>\n<p class=\"\">L\u2019any 1985 va ser adquirida i rehabilitada per l&#8217;Ajuntament de Rub\u00ed i es va donar un \u00fas cultural i educatiu, acollint la Biblioteca Mestre Mart\u00ed Tauler, l\u2019Escola d\u2019Art i Disseny, l\u2019Escola de M\u00fasica, R\u00e0dio Rub\u00ed, el Centre de Recursos Pedag\u00f2gics, l\u2019IES El Bullidor i els espais d\u2019assaig de l\u2019Esbart Dansaire de Rub\u00ed. L\u2019any 2010 els edificis van ser reformats amb el trasllat de la biblioteca, ampliant i millorant els espais de l\u2019Escola d\u2019Art i de l\u2019Escola de M\u00fasica, i donant cabuda tamb\u00e9 a l\u2019escola bressol Sol Solet i el <strong>Centre de Formaci\u00f3 de Persones Adultes Pau Casals<\/strong>.<\/p>\n<p style=\"text-align: center;\"><a href=\"https:\/\/agora.xtec.cat\/cfa-pau-casals\/wp-content\/uploads\/usu2101\/2021\/04\/horts-de-lescardivol-de-rubi-lany-1910.jpeg\"><img loading=\"lazy\" decoding=\"async\" class=\"aligncenter wp-image-1464 size-full\" src=\"https:\/\/agora.xtec.cat\/cfa-pau-casals\/wp-content\/uploads\/usu2101\/2021\/04\/horts-de-lescardivol-de-rubi-lany-1910.jpeg\" alt=\"\" width=\"760\" height=\"507\" srcset=\"https:\/\/agora.xtec.cat\/cfa-pau-casals\/wp-content\/uploads\/usu2101\/2021\/04\/horts-de-lescardivol-de-rubi-lany-1910.jpeg 760w, https:\/\/agora.xtec.cat\/cfa-pau-casals\/wp-content\/uploads\/usu2101\/2021\/04\/horts-de-lescardivol-de-rubi-lany-1910-300x200.jpeg 300w\" sizes=\"auto, (max-width: 760px) 100vw, 760px\" \/><\/a><\/p>\n<\/div>\n<\/div>\n","protected":false},"excerpt":{"rendered":"<p>El Complex Cultural de L\u2019Escard\u00edvol est\u00e0 format per dos edificis: L\u2019Escard\u00edvol (Joaquim Blume, 28) i El Bullidor (Terrassa, 47); dues naus industrials paral\u00b7leles dividides per un passad\u00eds.<\/p>\n<p>La nau nord est\u00e0 feta de ma\u00f3 vist, amb un ritme de dobles finestres separades amb pilastres. Davant la&hellip;  <a href=\"https:\/\/agora.xtec.cat\/cfa-pau-casals\/el-centre\/historia\/\" title=\"Read Hist\u00f2ria\">Llegeix m\u00e9s\u00bb<\/a><\/p>\n","protected":false},"author":1,"featured_media":0,"parent":261,"menu_order":20,"comment_status":"closed","ping_status":"closed","template":"page-templates\/side-menu.php","meta":{"_bbp_topic_count":0,"_bbp_reply_count":0,"_bbp_total_topic_count":0,"_bbp_total_reply_count":0,"_bbp_voice_count":0,"_bbp_anonymous_reply_count":0,"_bbp_topic_count_hidden":0,"_bbp_reply_count_hidden":0,"_bbp_forum_subforum_count":0,"footnotes":""},"class_list":["post-27","page","type-page","status-publish","hentry"],"post_mailing_queue_ids":[],"_links":{"self":[{"href":"https:\/\/agora.xtec.cat\/cfa-pau-casals\/wp-json\/wp\/v2\/pages\/27","targetHints":{"allow":["GET"]}}],"collection":[{"href":"https:\/\/agora.xtec.cat\/cfa-pau-casals\/wp-json\/wp\/v2\/pages"}],"about":[{"href":"https:\/\/agora.xtec.cat\/cfa-pau-casals\/wp-json\/wp\/v2\/types\/page"}],"author":[{"embeddable":true,"href":"https:\/\/agora.xtec.cat\/cfa-pau-casals\/wp-json\/wp\/v2\/users\/1"}],"replies":[{"embeddable":true,"href":"https:\/\/agora.xtec.cat\/cfa-pau-casals\/wp-json\/wp\/v2\/comments?post=27"}],"version-history":[{"count":3,"href":"https:\/\/agora.xtec.cat\/cfa-pau-casals\/wp-json\/wp\/v2\/pages\/27\/revisions"}],"predecessor-version":[{"id":1466,"href":"https:\/\/agora.xtec.cat\/cfa-pau-casals\/wp-json\/wp\/v2\/pages\/27\/revisions\/1466"}],"up":[{"embeddable":true,"href":"https:\/\/agora.xtec.cat\/cfa-pau-casals\/wp-json\/wp\/v2\/pages\/261"}],"wp:attachment":[{"href":"https:\/\/agora.xtec.cat\/cfa-pau-casals\/wp-json\/wp\/v2\/media?parent=27"}],"curies":[{"name":"wp","href":"https:\/\/api.w.org\/{rel}","templated":true}]}}