{"id":2479,"date":"2023-03-24T20:08:14","date_gmt":"2023-03-24T19:08:14","guid":{"rendered":"https:\/\/agora.xtec.cat\/cfa-pau-casals\/?page_id=2479"},"modified":"2023-03-24T20:22:49","modified_gmt":"2023-03-24T19:22:49","slug":"els-objectius","status":"publish","type":"page","link":"https:\/\/agora.xtec.cat\/cfa-pau-casals\/documents-de-centre\/estrategia-digital-de-centre\/estrategia\/els-objectius\/","title":{"rendered":"Objectius"},"content":{"rendered":"<ol>\n<li style=\"list-style-type: none;\">\n<ol>\n<li style=\"list-style-type: none;\">\n<ol>\n<li>Millorar la difusi\u00f3 del nostre Centre al municipi de Rub\u00ed, per compartir experi\u00e8ncies, activitats i recursos per tal de millorar les compet\u00e8ncies i les habilitats digitals de nostra comunitat educativa.<\/li>\n<li>Millorar els resultats acad\u00e8mics dels diversos ensenyaments a trav\u00e9s d&#8217;estrat\u00e8gies d&#8217;avaluaci\u00f3 competencial, empoderant a l&#8217;alumnat del seu proc\u00e9s d&#8217;aprenentatge al nostre centre.<\/li>\n<li>Millorar la participaci\u00f3 del centre per tal de fer-lo con\u00e8ixer al municipi.<\/li>\n<\/ol>\n<\/li>\n<\/ol>\n<\/li>\n<\/ol>\n<ol>\n<li style=\"list-style-type: none;\">\n<ol>\n<li style=\"list-style-type: none;\"><\/li>\n<\/ol>\n<\/li>\n<\/ol>\n<p><img loading=\"lazy\" decoding=\"async\" class=\"alignleft wp-image-2475 size-thumbnail\" src=\"https:\/\/agora.xtec.cat\/cfa-pau-casals\/wp-content\/uploads\/usu2101\/2023\/03\/fletxa_alta-70x150.png\" alt=\"\" width=\"70\" height=\"150\" \/> <a href=\"https:\/\/agora.xtec.cat\/cfa-pau-casals\/documents-de-centre\/estrategia-digital-de-centre\/estrategia\/la-planificacio\/\"><img loading=\"lazy\" decoding=\"async\" class=\"alignleft wp-image-2469 size-thumbnail\" src=\"https:\/\/agora.xtec.cat\/cfa-pau-casals\/wp-content\/uploads\/usu2101\/2023\/03\/planificacio-150x150.png\" alt=\"\" width=\"150\" height=\"150\" \/><\/a><\/p>\n","protected":false},"excerpt":{"rendered":"<ol>\n<li style=\"list-style-type: none;\">\n<ol>\n<li style=\"list-style-type: none;\">\n<ol>\n<li>Millorar la difusi\u00f3 del nostre Centre al municipi de Rub\u00ed, per compartir experi\u00e8ncies, activitats i recursos per tal de millorar les compet\u00e8ncies i les habilitats digitals de nostra comunitat educativa.<\/li>\n<li>Millorar els resultats acad\u00e8mics dels diversos ensenyaments a trav\u00e9s d&#8217;estrat\u00e8gies d&#8217;avaluaci\u00f3 competencial,&hellip;  <a href=\"https:\/\/agora.xtec.cat\/cfa-pau-casals\/documents-de-centre\/estrategia-digital-de-centre\/estrategia\/els-objectius\/\" title=\"Read Objectius\">Llegeix m\u00e9s\u00bb<\/a><br \/>\n","protected":false},"author":1,"featured_media":0,"parent":2306,"menu_order":0,"comment_status":"closed","ping_status":"closed","template":"","meta":{"_bbp_topic_count":0,"_bbp_reply_count":0,"_bbp_total_topic_count":0,"_bbp_total_reply_count":0,"_bbp_voice_count":0,"_bbp_anonymous_reply_count":0,"_bbp_topic_count_hidden":0,"_bbp_reply_count_hidden":0,"_bbp_forum_subforum_count":0,"footnotes":""},"class_list":["post-2479","page","type-page","status-publish","hentry"],"post_mailing_queue_ids":[],"_links":{"self":[{"href":"https:\/\/agora.xtec.cat\/cfa-pau-casals\/wp-json\/wp\/v2\/pages\/2479","targetHints":{"allow":["GET"]}}],"collection":[{"href":"https:\/\/agora.xtec.cat\/cfa-pau-casals\/wp-json\/wp\/v2\/pages"}],"about":[{"href":"https:\/\/agora.xtec.cat\/cfa-pau-casals\/wp-json\/wp\/v2\/types\/page"}],"author":[{"embeddable":true,"href":"https:\/\/agora.xtec.cat\/cfa-pau-casals\/wp-json\/wp\/v2\/users\/1"}],"replies":[{"embeddable":true,"href":"https:\/\/agora.xtec.cat\/cfa-pau-casals\/wp-json\/wp\/v2\/comments?post=2479"}],"version-history":[{"count":3,"href":"https:\/\/agora.xtec.cat\/cfa-pau-casals\/wp-json\/wp\/v2\/pages\/2479\/revisions"}],"predecessor-version":[{"id":2491,"href":"https:\/\/agora.xtec.cat\/cfa-pau-casals\/wp-json\/wp\/v2\/pages\/2479\/revisions\/2491"}],"up":[{"embeddable":true,"href":"https:\/\/agora.xtec.cat\/cfa-pau-casals\/wp-json\/wp\/v2\/pages\/2306"}],"wp:attachment":[{"href":"https:\/\/agora.xtec.cat\/cfa-pau-casals\/wp-json\/wp\/v2\/media?parent=2479"}],"curies":[{"name":"wp","href":"https:\/\/api.w.org\/{rel}","templated":true}]}}