{"id":1318,"date":"2021-03-26T19:41:51","date_gmt":"2021-03-26T18:41:51","guid":{"rendered":"https:\/\/agora.xtec.cat\/cfa-pau-casals\/?page_id=1318"},"modified":"2026-03-25T09:42:33","modified_gmt":"2026-03-25T08:42:33","slug":"preinscripcio-i-matricula-curs-2026-2027","status":"publish","type":"page","link":"https:\/\/agora.xtec.cat\/cfa-pau-casals\/preinscripcio-i-matricula-curs-2026-2027\/","title":{"rendered":"Preinscripci\u00f3 i matr\u00edcula curs 2026-2027"},"content":{"rendered":"<h5><a href=\"https:\/\/preinscripcio.gencat.cat\/ca\/estudis\/educacio-adults\/inici\/\"><img decoding=\"async\" class=\"aligncenter\" src=\"https:\/\/preinscripcio.gencat.cat\/web\/.content\/estudis\/educacio-adults\/inici\/carrusel\/adults_OK-bola1.png_223078711.png\" \/><\/a><\/h5>\n<h5><\/h5>\n<h5><b><span style=\"color: #008080;\"><strong>Informaci\u00f3 general<\/strong><\/span><\/b><\/h5>\n<p>Amb car\u00e0cter general, poden accedir a aquests ensenyaments les persones que han complert els 18 anys o b\u00e9 els compleixen durant l&#8217;any natural en qu\u00e8 inicien la formaci\u00f3. Tamb\u00e9 hi poden accedir les persones que compleixen com a m\u00ednim 16 anys l&#8217;any natural en qu\u00e8 inicien la formaci\u00f3 i es troben en alguna de les situacions seg\u00fcents: tenir un contracte laboral que els impedeix assistir als centres educatius en r\u00e8gim ordinari, ser esportista d&#8217;alt rendiment, o voler cursar la formaci\u00f3 per a les proves d&#8217;acc\u00e9s als cicles formatius de grau mitj\u00e0.<\/p>\n<p>del 19 de juny al 29 de juny de 2026: presentaci\u00f3 de sol\u00b7licituds<\/p>\n<h5><b><span style=\"color: #008080;\"><strong>Documentaci\u00f3 necess\u00e0ria<\/strong><\/span><\/b><\/h5>\n<p>Juntament amb la sol\u00b7licitud i en el termini establert, cal presentar la documentaci\u00f3 seg\u00fcent que identifica la persona sol\u00b7licitant:<\/p>\n<p>En tots els casos, original i c\u00f2pia del DNI, NIE o passaport de l&#8217;alumne\/a. Si es tracta d&#8217;estrangers comunitaris, document d&#8217;identitat del pa\u00eds d&#8217;origen.<br \/>\nSi l&#8217;alumne\/a \u00e9s menor d&#8217;edat:<\/p>\n<p>L&#8217;original i una c\u00f2pia de la certificaci\u00f3 electr\u00f2nica de la inscripci\u00f3 de naixement o llibre de fam\u00edlia o altres documents relatius a la filiaci\u00f3. Si est\u00e0 en situaci\u00f3 d&#8217;acolliment en fam\u00edlia o instituci\u00f3, la resoluci\u00f3 d&#8217;acolliment del Departament de Drets Socials.<br \/>\nL&#8217;original i una c\u00f2pia del DNI de la persona sol\u00b7licitant (pare, mare, tutor\/a o guardador\/a de fet) o si la persona sol\u00b7licitant \u00e9s estrangera, de la targeta de resid\u00e8ncia on consta el NIE o del passaport. Si es tracta d&#8217;estrangers comunitaris, document d&#8217;identitat del pa\u00eds membre de la Uni\u00f3 Europea.<br \/>\nDe manera extraordin\u00e0ria, les dades d&#8217;identificaci\u00f3 dels alumnes estrangers tamb\u00e9 es poden acreditar amb el document d&#8217;identitat o la documentaci\u00f3 alternativa del pa\u00eds d&#8217;origen que la persona pugui aportar. El director\/a o la persona titular del centre la valora i deixa const\u00e0ncia per escrit de la decisi\u00f3 adoptada.<\/p>\n<p>Segons les circumst\u00e0ncies al\u00b7legades per la persona sol\u00b7licitant, tamb\u00e9 cal presentar:<\/p>\n<p>Persones amb contracte laboral: el document que acrediti la seva afiliaci\u00f3 a la Seguretat Social (si no tenen obligaci\u00f3 d&#8217;estar afiliats, el certificat del familiar titular de l&#8217;empresa i la declaraci\u00f3 dels tutors legals).<br \/>\nPersones en proc\u00e9s d&#8217;obtenci\u00f3 d&#8217;un perm\u00eds de treball: la documentaci\u00f3 acreditativa corresponent.<br \/>\nEsportistes d&#8217;alt rendiment que comparteixen ensenyaments: el certificat acreditatiu expedit pel Consell Catal\u00e0 de l&#8217;Esport.<\/p>\n<p>Certificat de la qualificaci\u00f3 mitjana obtinguda els tres primers cursos de l&#8217;ESO.<\/p>\n<p>Persones que han cursat i superat un programa de formaci\u00f3 i inserci\u00f3 (PFI): el certificat en qu\u00e8 consti que l&#8217;han cursat.<\/p>\n<h5><b><span style=\"color: #008080;\"><strong>Normativa<\/strong><\/span><\/b><\/h5>\n<p><a href=\"https:\/\/portaldogc.gencat.cat\/utilsEADOP\/PDF\/9630\/2141883.pdf\">Resoluci\u00f3 EDF\/293\/2026, de 6 de febrer, per la qual s&#8217;aproven les normes de preinscripci\u00f3 i matr\u00edcula d&#8217;alumnes als centres del Servei d&#8217;Educaci\u00f3 de Catalunya i altres centres educatius, en els diversos ensenyaments sostinguts amb fons p\u00fablics, per al curs 2026-2027<\/a><\/p>\n","protected":false},"excerpt":{"rendered":"<p><a href=\"https:\/\/preinscripcio.gencat.cat\/ca\/estudis\/educacio-adults\/inici\/\"><\/a><\/p>\n<p>Informaci\u00f3 general<br \/>\nAmb car\u00e0cter general, poden accedir a aquests ensenyaments les persones que han complert els 18 anys o b\u00e9 els compleixen durant l&#8217;any natural en qu\u00e8 inicien la formaci\u00f3. Tamb\u00e9 hi poden accedir les persones que compleixen com a m\u00ednim 16 anys l&#8217;any natural&hellip;  <a href=\"https:\/\/agora.xtec.cat\/cfa-pau-casals\/preinscripcio-i-matricula-curs-2026-2027\/\" title=\"Read Preinscripci\u00f3 i matr\u00edcula curs 2026-2027\">Llegeix m\u00e9s\u00bb<\/a><\/p>\n","protected":false},"author":1,"featured_media":0,"parent":0,"menu_order":3,"comment_status":"closed","ping_status":"closed","template":"page-templates\/side-menu.php","meta":{"_bbp_topic_count":0,"_bbp_reply_count":0,"_bbp_total_topic_count":0,"_bbp_total_reply_count":0,"_bbp_voice_count":0,"_bbp_anonymous_reply_count":0,"_bbp_topic_count_hidden":0,"_bbp_reply_count_hidden":0,"_bbp_forum_subforum_count":0,"footnotes":""},"class_list":["post-1318","page","type-page","status-publish","hentry"],"post_mailing_queue_ids":[],"_links":{"self":[{"href":"https:\/\/agora.xtec.cat\/cfa-pau-casals\/wp-json\/wp\/v2\/pages\/1318","targetHints":{"allow":["GET"]}}],"collection":[{"href":"https:\/\/agora.xtec.cat\/cfa-pau-casals\/wp-json\/wp\/v2\/pages"}],"about":[{"href":"https:\/\/agora.xtec.cat\/cfa-pau-casals\/wp-json\/wp\/v2\/types\/page"}],"author":[{"embeddable":true,"href":"https:\/\/agora.xtec.cat\/cfa-pau-casals\/wp-json\/wp\/v2\/users\/1"}],"replies":[{"embeddable":true,"href":"https:\/\/agora.xtec.cat\/cfa-pau-casals\/wp-json\/wp\/v2\/comments?post=1318"}],"version-history":[{"count":6,"href":"https:\/\/agora.xtec.cat\/cfa-pau-casals\/wp-json\/wp\/v2\/pages\/1318\/revisions"}],"predecessor-version":[{"id":3234,"href":"https:\/\/agora.xtec.cat\/cfa-pau-casals\/wp-json\/wp\/v2\/pages\/1318\/revisions\/3234"}],"wp:attachment":[{"href":"https:\/\/agora.xtec.cat\/cfa-pau-casals\/wp-json\/wp\/v2\/media?parent=1318"}],"curies":[{"name":"wp","href":"https:\/\/api.w.org\/{rel}","templated":true}]}}