{"id":1313,"date":"2021-03-26T19:36:05","date_gmt":"2021-03-26T18:36:05","guid":{"rendered":"https:\/\/agora.xtec.cat\/cfa-pau-casals\/?page_id=1313"},"modified":"2021-03-26T20:00:05","modified_gmt":"2021-03-26T19:00:05","slug":"beques-per-a-ensenyaments-postobligatoris-no-universitaris","status":"publish","type":"page","link":"https:\/\/agora.xtec.cat\/cfa-pau-casals\/secretaria\/tramits-administratius\/beques-per-a-ensenyaments-postobligatoris-no-universitaris\/","title":{"rendered":"Beques per a ensenyaments postobligatoris no universitaris"},"content":{"rendered":"<p>Beques convocades pel Ministeri d&#8217;Educaci\u00f3 i Formaci\u00f3 Professional per a estudiants que cursen ensenyaments postobligatoris.<\/p>\n<p><strong><b><span style=\"color: #008080;\">A qui va dirigit<\/span><\/b><\/strong><\/p>\n<p>A estudiants dels seg\u00fcents\u00a0ensenyaments postobligatoris i superiors no universitaris:<\/p>\n<ul class=\"llista-especial\">\n<li>Primers i segons cursos de batxillerat<\/li>\n<li>Formaci\u00f3 professional de grau mitj\u00e0 i de grau superior<\/li>\n<li>Ensenyaments art\u00edstics professionals<\/li>\n<li>Ensenyaments esportius<\/li>\n<li>Ensenyaments art\u00edstics superiors<\/li>\n<li>Estudis religiosos superiors<\/li>\n<li>Estudis d&#8217;idiomes en escoles oficials (inclosa la modalitat de dist\u00e0ncia)<\/li>\n<li><strong>Cursos d&#8217;acc\u00e9s i cursos de preparaci\u00f3 per a les proves d&#8217;acc\u00e9s a la formaci\u00f3 professional i cursos de formaci\u00f3 espec\u00edfics per a l&#8217;acc\u00e9s als cicles de grau mitj\u00e0 i de grau superior impartits en centres p\u00fablics i en centres privats<\/strong><\/li>\n<li>Formaci\u00f3 professional b\u00e0sica<\/li>\n<\/ul>\n<p>Trobareu tota la informaci\u00f3 dels terminis, documentaci\u00f3, requisits, taxes i components i imports de les beques i com fer la sol\u00b7licitud per internet <strong><a href=\"http:\/\/educacio.gencat.cat\/ca\/tramits\/tramits-temes\/247-beques-ministerio-postobligatoris?category=&amp;moda=1\">aqu\u00ed<\/a><\/strong>.<\/p>\n<p>&nbsp;<\/p>\n","protected":false},"excerpt":{"rendered":"<p>Beques convocades pel Ministeri d&#8217;Educaci\u00f3 i Formaci\u00f3 Professional per a estudiants que cursen ensenyaments postobligatoris.<br \/>\nA qui va dirigit<br \/>\nA estudiants dels seg\u00fcents\u00a0ensenyaments postobligatoris i superiors no universitaris:<\/p>\n<ul class=\"llista-especial\">\n<li>Primers i segons cursos de batxillerat<\/li>\n<li>Formaci\u00f3 professional de grau mitj\u00e0 i de grau superior<\/li>\n<li>Ensenyaments art\u00edstics professionals<\/li>\n<li>Ensenyaments esportius<\/li>\n<li>Ensenyaments art\u00edstics superiors<\/li>\n<li>Estudis&hellip;  <a href=\"https:\/\/agora.xtec.cat\/cfa-pau-casals\/secretaria\/tramits-administratius\/beques-per-a-ensenyaments-postobligatoris-no-universitaris\/\" title=\"Read Beques per a ensenyaments postobligatoris no universitaris\">Llegeix m\u00e9s\u00bb<\/a><br \/>\n","protected":false},"author":1,"featured_media":0,"parent":1157,"menu_order":3,"comment_status":"closed","ping_status":"closed","template":"page-templates\/side-menu.php","meta":{"_bbp_topic_count":0,"_bbp_reply_count":0,"_bbp_total_topic_count":0,"_bbp_total_reply_count":0,"_bbp_voice_count":0,"_bbp_anonymous_reply_count":0,"_bbp_topic_count_hidden":0,"_bbp_reply_count_hidden":0,"_bbp_forum_subforum_count":0,"footnotes":""},"class_list":["post-1313","page","type-page","status-publish","hentry"],"post_mailing_queue_ids":[],"_links":{"self":[{"href":"https:\/\/agora.xtec.cat\/cfa-pau-casals\/wp-json\/wp\/v2\/pages\/1313","targetHints":{"allow":["GET"]}}],"collection":[{"href":"https:\/\/agora.xtec.cat\/cfa-pau-casals\/wp-json\/wp\/v2\/pages"}],"about":[{"href":"https:\/\/agora.xtec.cat\/cfa-pau-casals\/wp-json\/wp\/v2\/types\/page"}],"author":[{"embeddable":true,"href":"https:\/\/agora.xtec.cat\/cfa-pau-casals\/wp-json\/wp\/v2\/users\/1"}],"replies":[{"embeddable":true,"href":"https:\/\/agora.xtec.cat\/cfa-pau-casals\/wp-json\/wp\/v2\/comments?post=1313"}],"version-history":[{"count":3,"href":"https:\/\/agora.xtec.cat\/cfa-pau-casals\/wp-json\/wp\/v2\/pages\/1313\/revisions"}],"predecessor-version":[{"id":1331,"href":"https:\/\/agora.xtec.cat\/cfa-pau-casals\/wp-json\/wp\/v2\/pages\/1313\/revisions\/1331"}],"up":[{"embeddable":true,"href":"https:\/\/agora.xtec.cat\/cfa-pau-casals\/wp-json\/wp\/v2\/pages\/1157"}],"wp:attachment":[{"href":"https:\/\/agora.xtec.cat\/cfa-pau-casals\/wp-json\/wp\/v2\/media?parent=1313"}],"curies":[{"name":"wp","href":"https:\/\/api.w.org\/{rel}","templated":true}]}}