{"id":863,"date":"2015-09-16T10:23:05","date_gmt":"2015-09-16T09:23:05","guid":{"rendered":"http:\/\/agora.xtec.cat\/cfa-olivera\/?page_id=863"},"modified":"2015-09-18T16:09:29","modified_gmt":"2015-09-18T15:09:29","slug":"informacio-sobre-els-cicles-formatius-de-grau-mitja","status":"publish","type":"page","link":"https:\/\/agora.xtec.cat\/cfa-olivera\/informacio-sobre-els-cicles-formatius-de-grau-mitja\/","title":{"rendered":"Informaci\u00f3 sobre els CF de Grau Mitj\u00e0"},"content":{"rendered":"<h4><span style=\"color: #ffffff;\">\u00a0&#8211;<\/span><\/h4>\n<h4>1. Qu\u00e8 s\u00f3n els Cicles Formatius de Grau Mitj\u00e0?<\/h4>\n<p style=\"padding-left: 30px;\">Els cicles formatius de grau mitj\u00e0 s\u00f3n ensenyaments que preparen per a l\u2019exercici d\u2019una determinada professi\u00f3, \u00e9s una formaci\u00f3 espec\u00edfica de t\u00e8cnic o t\u00e8cnica en un sector professional, que dota d&#8217;un perfil t\u00e8cnic amb nivell d\u2019autonomia propi sota la supervisi\u00f3 d\u2019un responsable superior. La titulaci\u00f3 que s\u2019obt\u00e9 correspon a una qualificaci\u00f3 de nivell 2.<\/p>\n<p style=\"padding-left: 60px;\">&#8211; S\u2019agrupen en fam\u00edlies professionals i tenen una durada variable: n\u2019hi ha de 2.000, 1.700, 1.400 i 1.300 hores. Una part d\u2019aquestes hores es destina a la formaci\u00f3 en un centre educatiu i una altra part a la formaci\u00f3 pr\u00e0ctica en centres de treball.<\/p>\n<p style=\"padding-left: 60px;\">&#8211; Un cicle formatiu de 1.300 o de 1.400 hores correspon a un curs acad\u00e8mic, mentre que un cicle de 1.700 o de 2.000 hores correspon a dos cursos acad\u00e8mics.<\/p>\n<blockquote><p><strong>Amb la superaci\u00f3 d\u2019un cicle formatiu de grau mitj\u00e0 s\u2019obt\u00e9 el t\u00edtol de t\u00e8cnic o t\u00e8cnica.<\/strong><\/p><\/blockquote>\n<p>&nbsp;<\/p>\n<h4>2. Acc\u00e9s al grau i sortides<\/h4>\n<p>&nbsp;<\/p>\n<h6 style=\"padding-left: 30px;\">Pots accedir als estudis d\u2019un cicle de grau mitj\u00e0:<\/h6>\n<h4><img loading=\"lazy\" decoding=\"async\" class=\" alignright\" src=\"http:\/\/agora.xtec.cat\/cfa-olivera\/wp-content\/uploads\/usu306\/2015\/09\/itineraris-CF.png\" alt=\"\" width=\"290\" height=\"717\" \/><\/h4>\n<p style=\"padding-left: 60px;\">&#8211;\u00a0 Amb el t\u00edtol: de graduat en ensenyament secundari (ESO) el t\u00edtol de t\u00e8cnic auxiliar (FP1) o equivalent, o el t\u00edtol de t\u00e8cnic d&#8217;un\u00a0 cicle de grau mitj\u00e0 cursat amb anterioritat.<\/p>\n<p style=\"padding-left: 60px;\">&#8211; <strong>Sense t\u00edtol: Superant la prova d\u2019acc\u00e9s als cicles formatius de grau mitj\u00e0<\/strong><\/p>\n<p style=\"padding-left: 60px;\"><span style=\"color: #ffffff;\">&#8211;<\/span><\/p>\n<h6 style=\"padding-left: 30px;\">Sortides dels cicles formatius de grau mitj\u00e0<\/h6>\n<p style=\"padding-left: 60px;\">&#8211; accedir a un treball de t\u00e8cnic o t\u00e8cnica<\/p>\n<p style=\"padding-left: 60px;\">&#8211; cursar un altre cicle formatiu de grau mitj\u00e0,<\/p>\n<p style=\"padding-left: 60px;\">&#8211; accedir a un cicle formatiu de grau superior un cop superada la prova d\u2019acc\u00e9s.<\/p>\n<p style=\"padding-left: 60px;\">&#8211; accedir a un cicle formatiu de grau superior a trav\u00e9s del batxillerat amb mat\u00e8ries convalidades.<\/p>\n<p>&nbsp;<\/p>\n<h4>3. Cicles Formatius de Graus Mitj\u00e0<\/h4>\n<blockquote><p>Fes clic a la fam\u00edlia professional corresponent per a veure\u2019n els Cicles Formatius de Grau Mitj\u00e0 disponibles<\/p><\/blockquote>\n<table>\n<tbody>\n<tr>\n<td>\n<ul class=\"FW_sLlistaComu\">\n<li class=\"segon_nivell\">\n<div><a class=\"FW_sLinkNegreta FW_sInline FW_sMargin0\" title=\"Activitats f\u00edsiques i esportives\" href=\"http:\/\/queestudiar.gencat.cat\/ca\/estudis\/formacio_professional\/cicles\/grau_mitja\/activitats_fisiques_esportives\/\">Activitats f\u00edsiques i esportives <\/a><\/div>\n<\/li>\n<li class=\"segon_nivell\">\n<div><a class=\"FW_sLinkNegreta FW_sInline FW_sMargin0\" title=\"Administraci\u00f3 i gesti\u00f3\" href=\"http:\/\/queestudiar.gencat.cat\/ca\/estudis\/formacio_professional\/cicles\/grau_mitja\/administracio_gestio\/\">Administraci\u00f3 i gesti\u00f3 <\/a><\/div>\n<\/li>\n<li class=\"segon_nivell\">\n<div><a class=\"FW_sLinkNegreta FW_sInline FW_sMargin0\" title=\"Agr\u00e0ria\" href=\"http:\/\/queestudiar.gencat.cat\/ca\/estudis\/formacio_professional\/cicles\/grau_mitja\/agraria\/\">Agr\u00e0ria <\/a><\/div>\n<\/li>\n<li class=\"segon_nivell\">\n<div><a class=\"FW_sLinkNegreta FW_sInline FW_sMargin0\" title=\"Arts gr\u00e0fiques\" href=\"http:\/\/queestudiar.gencat.cat\/ca\/estudis\/formacio_professional\/cicles\/grau_mitja\/arts_grafiques\/\">Arts gr\u00e0fiques <\/a><\/div>\n<\/li>\n<li class=\"segon_nivell\">\n<div><a class=\"FW_sLinkNegreta FW_sInline FW_sMargin0\" title=\"Comer\u00e7 i m\u00e0rqueting\" href=\"http:\/\/queestudiar.gencat.cat\/ca\/estudis\/formacio_professional\/cicles\/grau_mitja\/comerc_marqueting\/\">Comer\u00e7 i m\u00e0rqueting <\/a><\/div>\n<\/li>\n<li class=\"segon_nivell\">\n<div><a class=\"FW_sLinkNegreta FW_sInline FW_sMargin0\" title=\"Edificaci\u00f3 i obra civil\" href=\"http:\/\/queestudiar.gencat.cat\/ca\/estudis\/formacio_professional\/cicles\/grau_mitja\/edificacio_obra_civil\/\">Edificaci\u00f3 i obra civil <\/a><\/div>\n<\/li>\n<li class=\"segon_nivell\">\n<div><a class=\"FW_sLinkNegreta FW_sInline FW_sMargin0\" title=\"Electricitat i electr\u00f2nica\" href=\"http:\/\/queestudiar.gencat.cat\/ca\/estudis\/formacio_professional\/cicles\/grau_mitja\/electricitat_electronica\/\">Electricitat i electr\u00f2nica <\/a><\/div>\n<\/li>\n<li class=\"segon_nivell\">\n<div><a class=\"FW_sLinkNegreta FW_sInline FW_sMargin0\" title=\"Energia i aigua\" href=\"http:\/\/queestudiar.gencat.cat\/ca\/estudis\/formacio_professional\/cicles\/grau_mitja\/energia_aigua\/\">Energia i aigua <\/a><\/div>\n<\/li>\n<li class=\"segon_nivell\">\n<div><a class=\"FW_sLinkNegreta FW_sInline FW_sMargin0\" title=\"Fabricaci\u00f3 mec\u00e0nica\" href=\"http:\/\/queestudiar.gencat.cat\/ca\/estudis\/formacio_professional\/cicles\/grau_mitja\/fabricacio_mecanica\/\">Fabricaci\u00f3 mec\u00e0nica <\/a><\/div>\n<\/li>\n<li class=\"segon_nivell\">\n<div><a class=\"FW_sLinkNegreta FW_sInline FW_sMargin0\" title=\"Fusta, moble i suro\" href=\"http:\/\/queestudiar.gencat.cat\/ca\/estudis\/formacio_professional\/cicles\/grau_mitja\/fusta_moble_suro\/\">Fusta, moble i suro <\/a><\/div>\n<\/li>\n<li class=\"segon_nivell\">\n<div><a class=\"FW_sLinkNegreta FW_sInline FW_sMargin0\" title=\"Hoteleria i turisme\" href=\"http:\/\/queestudiar.gencat.cat\/ca\/estudis\/formacio_professional\/cicles\/grau_mitja\/hoteleria_turisme\/\">Hoteleria i turisme <\/a><\/div>\n<\/li>\n<li class=\"segon_nivell\">\n<div><a class=\"FW_sLinkNegreta FW_sInline FW_sMargin0\" title=\"Imatge i so\" href=\"http:\/\/queestudiar.gencat.cat\/ca\/estudis\/formacio_professional\/cicles\/grau_mitja\/imatge_so\/\">Imatge i so <\/a><\/div>\n<\/li>\n<\/ul>\n<\/td>\n<td>\n<ul class=\"FW_sLlistaComu\">\n<li class=\"segon_nivell\">\n<div><a class=\"FW_sLinkNegreta FW_sInline FW_sMargin0\" title=\"Imatge personal\" href=\"http:\/\/queestudiar.gencat.cat\/ca\/estudis\/formacio_professional\/cicles\/grau_mitja\/imatge_personal\/\">Imatge personal <\/a><\/div>\n<\/li>\n<li class=\"segon_nivell\">\n<div><a class=\"FW_sLinkNegreta FW_sInline FW_sMargin0\" title=\"Ind\u00fastries aliment\u00e0ries\" href=\"http:\/\/queestudiar.gencat.cat\/ca\/estudis\/formacio_professional\/cicles\/grau_mitja\/industries_alimentaries\/\">Ind\u00fastries aliment\u00e0ries <\/a><\/div>\n<\/li>\n<li class=\"segon_nivell\">\n<div><a class=\"FW_sLinkNegreta FW_sInline FW_sMargin0\" title=\"Ind\u00fastries extractives\" href=\"http:\/\/queestudiar.gencat.cat\/ca\/estudis\/formacio_professional\/cicles\/grau_mitja\/industries_extractives\/\">Ind\u00fastries extractives <\/a><\/div>\n<\/li>\n<li class=\"segon_nivell\">\n<div><a class=\"FW_sLinkNegreta FW_sInline FW_sMargin0\" title=\"Inform\u00e0tica i comunicacions\" href=\"http:\/\/queestudiar.gencat.cat\/ca\/estudis\/formacio_professional\/cicles\/grau_mitja\/informatica_comunicacions\/\">Inform\u00e0tica i comunicacions <\/a><\/div>\n<\/li>\n<li class=\"segon_nivell\">\n<div><a class=\"FW_sLinkNegreta FW_sInline FW_sMargin0\" title=\"Instal\u00b7laci\u00f3 i manteniment\" href=\"http:\/\/queestudiar.gencat.cat\/ca\/estudis\/formacio_professional\/cicles\/grau_mitja\/instal_lacio_manteniment\/\">Instal\u00b7laci\u00f3 i manteniment <\/a><\/div>\n<\/li>\n<li class=\"segon_nivell\">\n<div><a class=\"FW_sLinkNegreta FW_sInline FW_sMargin0\" title=\"Maritimopesquera\" href=\"http:\/\/queestudiar.gencat.cat\/ca\/estudis\/formacio_professional\/cicles\/grau_mitja\/maritimopesquera\/\">Maritimopesquera <\/a><\/div>\n<\/li>\n<li class=\"segon_nivell\">\n<div><a class=\"FW_sLinkNegreta FW_sInline FW_sMargin0\" title=\"Qu\u00edmica\" href=\"http:\/\/queestudiar.gencat.cat\/ca\/estudis\/formacio_professional\/cicles\/grau_mitja\/quimica\/\">Qu\u00edmica <\/a><\/div>\n<\/li>\n<li class=\"segon_nivell\">\n<div><a class=\"FW_sLinkNegreta FW_sInline FW_sMargin0\" title=\"Sanitat\" href=\"http:\/\/queestudiar.gencat.cat\/ca\/estudis\/formacio_professional\/cicles\/grau_mitja\/sanitat\/\">Sanitat <\/a><\/div>\n<\/li>\n<li class=\"segon_nivell\">\n<div><a class=\"FW_sLinkNegreta FW_sInline FW_sMargin0\" title=\"Seguretat i medi ambient\" href=\"http:\/\/queestudiar.gencat.cat\/ca\/estudis\/formacio_professional\/cicles\/grau_mitja\/seguretat_medi_ambient\/\">Seguretat i medi ambient <\/a><\/div>\n<\/li>\n<li class=\"segon_nivell\">\n<div><a class=\"FW_sLinkNegreta FW_sInline FW_sMargin0\" title=\"Serveis socioculturals i a la comunitat\" href=\"http:\/\/queestudiar.gencat.cat\/ca\/estudis\/formacio_professional\/cicles\/grau_mitja\/serveis_socioculturals_comunitat\/\">Serveis socioculturals i a la comunitat <\/a><\/div>\n<\/li>\n<li class=\"segon_nivell\">\n<div><a class=\"FW_sLinkNegreta FW_sInline FW_sMargin0\" title=\"T\u00e8xtil, confecci\u00f3 i pell\" href=\"http:\/\/queestudiar.gencat.cat\/ca\/estudis\/formacio_professional\/cicles\/grau_mitja\/textil_confeccio_pell\/\">T\u00e8xtil, confecci\u00f3 i pell <\/a><\/div>\n<\/li>\n<li class=\"segon_nivell\">\n<div><a class=\"FW_sLinkNegreta FW_sInline FW_sMargin0\" title=\"Transport i manteniment de vehicles\" href=\"http:\/\/queestudiar.gencat.cat\/ca\/estudis\/formacio_professional\/cicles\/grau_mitja\/transport_manteniment_vehicles\/\">Transport i manteniment de vehicles <\/a><\/div>\n<\/li>\n<\/ul>\n<\/td>\n<\/tr>\n<\/tbody>\n<\/table>\n","protected":false},"excerpt":{"rendered":"<p>\u00a0&#8211;<br \/>\n1. Qu\u00e8 s\u00f3n els Cicles Formatius de Grau Mitj\u00e0?<br \/>\nEls cicles formatius de grau mitj\u00e0 s\u00f3n ensenyaments que preparen per a l\u2019exercici d\u2019una determinada professi\u00f3, \u00e9s una formaci\u00f3 espec\u00edfica de t\u00e8cnic o t\u00e8cnica en un sector professional, que dota d&#8217;un perfil t\u00e8cnic amb nivell d\u2019autonomia propi&hellip;  <a href=\"https:\/\/agora.xtec.cat\/cfa-olivera\/informacio-sobre-els-cicles-formatius-de-grau-mitja\/\" title=\"Read Informaci\u00f3 sobre els CF de Grau Mitj\u00e0\">Llegeix m\u00e9s\u00bb<\/a><\/p>\n","protected":false},"author":1,"featured_media":0,"parent":0,"menu_order":5,"comment_status":"closed","ping_status":"closed","template":"page-templates\/side-menu.php","meta":{"_bbp_topic_count":0,"_bbp_reply_count":0,"_bbp_total_topic_count":0,"_bbp_total_reply_count":0,"_bbp_voice_count":0,"_bbp_anonymous_reply_count":0,"_bbp_topic_count_hidden":0,"_bbp_reply_count_hidden":0,"_bbp_forum_subforum_count":0,"footnotes":""},"class_list":["post-863","page","type-page","status-publish","hentry"],"post_mailing_queue_ids":[],"_links":{"self":[{"href":"https:\/\/agora.xtec.cat\/cfa-olivera\/wp-json\/wp\/v2\/pages\/863","targetHints":{"allow":["GET"]}}],"collection":[{"href":"https:\/\/agora.xtec.cat\/cfa-olivera\/wp-json\/wp\/v2\/pages"}],"about":[{"href":"https:\/\/agora.xtec.cat\/cfa-olivera\/wp-json\/wp\/v2\/types\/page"}],"author":[{"embeddable":true,"href":"https:\/\/agora.xtec.cat\/cfa-olivera\/wp-json\/wp\/v2\/users\/1"}],"replies":[{"embeddable":true,"href":"https:\/\/agora.xtec.cat\/cfa-olivera\/wp-json\/wp\/v2\/comments?post=863"}],"version-history":[{"count":4,"href":"https:\/\/agora.xtec.cat\/cfa-olivera\/wp-json\/wp\/v2\/pages\/863\/revisions"}],"predecessor-version":[{"id":964,"href":"https:\/\/agora.xtec.cat\/cfa-olivera\/wp-json\/wp\/v2\/pages\/863\/revisions\/964"}],"wp:attachment":[{"href":"https:\/\/agora.xtec.cat\/cfa-olivera\/wp-json\/wp\/v2\/media?parent=863"}],"curies":[{"name":"wp","href":"https:\/\/api.w.org\/{rel}","templated":true}]}}