{"id":813,"date":"2015-09-15T18:29:00","date_gmt":"2015-09-15T17:29:00","guid":{"rendered":"http:\/\/agora.xtec.cat\/cfa-olivera\/?page_id=813"},"modified":"2015-10-11T19:05:58","modified_gmt":"2015-10-11T18:05:58","slug":"3-escriure-amb-lordinador","status":"publish","type":"page","link":"https:\/\/agora.xtec.cat\/cfa-olivera\/competic\/continguts-curs\/3-escriure-amb-lordinador\/","title":{"rendered":"3. Escriure amb l&#8217;ordinador"},"content":{"rendered":"<p><img loading=\"lazy\" decoding=\"async\" class=\" alignnone\" src=\"http:\/\/agora.xtec.cat\/cfa-olivera\/wp-content\/uploads\/usu306\/2015\/09\/nivell-inicial.png\" alt=\"\" width=\"710\" height=\"57\" \/><\/p>\n<h3 style=\"padding-left: 60px;\"><span style=\"color: #000000;\">A. L&#8217;\u00fas del teclat<\/span><\/h3>\n<p style=\"padding-left: 90px;\"><a href=\"https:\/\/app.box.com\/s\/51z4cvwb47vdxeydqpzze2ujbgal1o8r\" target=\"_blank\">DOSSIER EXERCICIS<\/a>\u00a0 |\u00a0 <a href=\"https:\/\/app.box.com\/s\/5jz2hs1txnjmbsuba6yx2yhlqa985d2q\" target=\"_blank\">ARXIUS NECESSARIS <\/a><\/p>\n<p style=\"padding-left: 90px;\"><a href=\"https:\/\/app.box.com\/s\/9q99a92kyn8pp819vqet0w6w5d28bsrg\" target=\"_blank\">ACTIVITATS INTERACTIVES\u00a0 TECLAT 1<\/a> |\u00a0 <a href=\"http:\/\/www.xtec.cat\/~figlesi2\/mecanografia\/teclat.htm\" target=\"_blank\">ACTIVITATS INTERACTIVES TECLAT 2<\/a><\/p>\n<p style=\"padding-left: 90px;\"><a href=\"http:\/\/www.societatdelainformacio.com\/alfabetitzacio\/\" target=\"_blank\">ACTIVITATS INTERACTIVES\u00a0 TECLAT I RATOL\u00cd<\/a>\u00a0 |\u00a0 <a href=\"http:\/\/www.edukanda.es\/mediatecaweb\/data\/zip\/271\/juegos_destreza\/index.html\" target=\"_blank\">JOCS AMB TECLAT I RATOL\u00cd<\/a><\/p>\n<p style=\"padding-left: 90px;\"><span style=\"color: #ffffff;\">&#8211;<\/span><\/p>\n<h3 style=\"padding-left: 60px;\"><span style=\"color: #000000;\">B. El processador de textos LibreOffice (I)<\/span><\/h3>\n<p style=\"padding-left: 90px;\"><a href=\"https:\/\/app.box.com\/s\/3m7gspcj30f2zxjufi7nhvgiyirzuv0b\" target=\"_blank\">DOSSIER EXERCICIS<\/a> | <a href=\"https:\/\/app.box.com\/s\/h5se7m1u9xxfuu7hzbvnlqlv3irpderu\" target=\"_blank\">ARXIUS NECESSARIS<\/a><\/p>\n<h3 style=\"padding-left: 90px;\"><span style=\"color: #000000;\">1. Introducci\u00f3<\/span><\/h3>\n<p style=\"padding-left: 90px;\">1.1. <a href=\"http:\/\/agora.xtec.cat\/cfa-olivera\/competic\/continguts-curs\/3-escriure-amb-lordinador\/libreoffice-writter\/1-1-elements-grafics\/\">Elements gr\u00e0fics<\/a><\/p>\n<h3 style=\"padding-left: 90px;\"><span style=\"color: #000000;\">2. El format de la lletra<\/span><\/h3>\n<p style=\"padding-left: 90px;\">2.1. <a href=\"http:\/\/agora.xtec.cat\/cfa-olivera\/competic\/continguts-curs\/3-escriure-amb-lordinador\/libreoffice-writter\/2-1-donar-format-a-la-lletra-tipus-de-lletra-mida-i-correccio\/\">Donar format a la lletra: tipus de lletra, mida i correcci\u00f3.<\/a><br \/>\n<span style=\"color: #333333;\">2.2. <\/span><a href=\"http:\/\/agora.xtec.cat\/cfa-olivera\/competic\/continguts-curs\/3-escriure-amb-lordinador\/libreoffice-writter\/2-2-com-tallar-copiar-i-enganxar-text\/\">Com tallar, copiar i enganxar text.<\/a><br \/>\n2.3. <a href=\"http:\/\/agora.xtec.cat\/cfa-olivera\/competic\/continguts-curs\/3-escriure-amb-lordinador\/libreoffice-writter\/2-3-mes-formats-de-lletra-negreta-cursiva-i-subratllat\/\">M\u00e9s formats de lletra: negreta, cursiva i subratllat.<\/a><br \/>\n2.4 <a href=\"http:\/\/agora.xtec.cat\/cfa-olivera\/competic\/continguts-curs\/3-escriure-amb-lordinador\/libreoffice-writter\/2-4-altres-maneres-de-donar-format-a-la-lletra-colors-subindex-i-superindex\/\">Altres maneres de donar format a la lletra: colors, sub\u00edndex i super\u00edndex.<\/a><\/p>\n<h3 style=\"padding-left: 90px;\"><span style=\"color: #000000;\">3. El format del text<\/span><\/h3>\n<p style=\"padding-left: 90px;\">3.1. <a href=\"http:\/\/agora.xtec.cat\/cfa-olivera\/competic\/continguts-curs\/3-escriure-amb-lordinador\/libreoffice-writter\/3-1-alineacio-sagnat-tabuladors-espais-i-espai-entre-linies\/\">Alineaci\u00f3, sagnat, tabuladors, espais i espai entre l\u00ednies.<\/a><br \/>\n3.2. <a href=\"http:\/\/agora.xtec.cat\/cfa-olivera\/competic\/continguts-curs\/3-escriure-amb-lordinador\/libreoffice-writter\/3-2-com-fer-llistes-numeracio-i-vinyetes\/\">Com fer llistes: numeraci\u00f3 i vinyetes<\/a><br \/>\n3.3. <a href=\"http:\/\/agora.xtec.cat\/cfa-olivera\/competic\/continguts-curs\/3-escriure-amb-lordinador\/libreoffice-writter\/3-3-com-fer-titols-encapcalaments-i-estils-de-paragraf\/\">Com fer t\u00edtols, encap\u00e7alaments i estils de par\u00e0graf.<\/a><\/p>\n<h3 style=\"padding-left: 90px;\"><span style=\"color: #000000;\">4. Treballant amb imatges (I)<\/span><\/h3>\n<p style=\"padding-left: 90px;\">4.1. <a href=\"http:\/\/agora.xtec.cat\/cfa-olivera\/competic\/continguts-curs\/3-escriure-amb-lordinador\/libreoffice-writter\/4-1-inserir-imatges-i-canviar-ne-la-mida\/\">Inserir imatges i canviar-ne la mida<\/a><br \/>\n4.2. <a href=\"http:\/\/agora.xtec.cat\/cfa-olivera\/competic\/continguts-curs\/3-escriure-amb-lordinador\/libreoffice-writter\/4-2-posicio-i-enclavatge-en-el-text-de-la-imatge\/\">Posici\u00f3 i enclavatge en el text de la imatge<\/a><\/p>\n<p><span style=\"color: #ffffff;\">&#8211;<\/span><\/p>\n<p><img loading=\"lazy\" decoding=\"async\" class=\" alignnone\" src=\"http:\/\/agora.xtec.cat\/cfa-olivera\/wp-content\/uploads\/usu306\/2015\/09\/nivell-intermedi.png\" alt=\"\" width=\"713\" height=\"62\" \/><\/p>\n<h3 style=\"padding-left: 60px;\"><span style=\"color: #000000;\">A. Mecanografia<\/span><\/h3>\n<p style=\"padding-left: 90px;\"><a href=\"http:\/\/www.mecanografia-online.com\/es\/aspx\/SelectExerciseWithSampleText.aspx\" target=\"_blank\">ACTIVITATS INTERACTIVES <\/a><\/p>\n<h3 style=\"padding-left: 60px;\"><span style=\"color: #000000;\">B. El processador de textos LibreOffice (ll)<\/span><\/h3>\n<h3 style=\"padding-left: 90px;\"><span style=\"color: #000000;\">5. El format de la p\u00e0gina<\/span><\/h3>\n<p style=\"padding-left: 90px;\">5.1. <a href=\"http:\/\/agora.xtec.cat\/cfa-olivera\/competic\/continguts-curs\/3-escriure-amb-lordinador\/libreoffice-writter\/5-1-mides-orientacio-verticalhoritzontal-marges-color-de-fons\/\">Mides, orientaci\u00f3 vertical\/horitzontal, marges, columnes, color de fons.<\/a><br \/>\n5.2. <a href=\"http:\/\/agora.xtec.cat\/cfa-olivera\/competic\/continguts-curs\/3-escriure-amb-lordinador\/libreoffice-writter\/5-2-com-inserir-salts-de-pagina-i-seccions\/\">Com inserir salts de p\u00e0gina i seccions.<\/a><br \/>\n5.3. <a href=\"http:\/\/agora.xtec.cat\/cfa-olivera\/competic\/continguts-curs\/3-escriure-amb-lordinador\/libreoffice-writter\/5-3-encapcalament-i-peu-de-pagina-numeracio\/\">Encap\u00e7alament i peu de p\u00e0gina. Numeraci\u00f3 de p\u00e0g.<\/a><br \/>\n5.4. <a href=\"http:\/\/agora.xtec.cat\/cfa-olivera\/competic\/continguts-curs\/3-escriure-amb-lordinador\/libreoffice-writter\/5-4-insercio-de-index-i-portada\/\">Inserci\u00f3 de index i portada<\/a><\/p>\n<h3 style=\"padding-left: 90px;\"><span style=\"color: #000000;\">6. Treballant amb imatges (II)<\/span><\/h3>\n<p style=\"padding-left: 90px;\">6.1. <a href=\"http:\/\/agora.xtec.cat\/cfa-olivera\/competic\/continguts-curs\/3-escriure-amb-lordinador\/libreoffice-writter\/6-1-vores-fons-i-enllacos\/\">Vores, fons i enlla\u00e7os<\/a><br \/>\n6.2. <a href=\"http:\/\/agora.xtec.cat\/cfa-olivera\/competic\/continguts-curs\/3-escriure-amb-lordinador\/libreoffice-writter\/6-2-peu-de-imatge-i-altres-opcions\/\">Peu de imatge i altres opcions<\/a><\/p>\n<h3 style=\"padding-left: 90px;\"><span style=\"color: #000000;\">7. Treballant amb taules<\/span><\/h3>\n<p style=\"padding-left: 90px;\">7.1. <a href=\"http:\/\/agora.xtec.cat\/cfa-olivera\/competic\/continguts-curs\/3-escriure-amb-lordinador\/libreoffice-writter\/7-1-format-de-la-taula\/\">Format de la taula.<\/a><br \/>\n7.2. <a href=\"http:\/\/agora.xtec.cat\/cfa-olivera\/competic\/continguts-curs\/3-escriure-amb-lordinador\/libreoffice-writter\/7-2-altres-formats-de-taula-i-posicio-del-text\/\">Altres formats de taula i posici\u00f3 del text.<\/a><br \/>\n7.3. <a href=\"http:\/\/agora.xtec.cat\/cfa-olivera\/competic\/continguts-curs\/3-escriure-amb-lordinador\/libreoffice-writter\/7-3-dividir-i-unir-cel%c2%b7les-i-taules\/\">Dividir i unir cel\u00b7les i taules.<\/a><br \/>\n7.4. <a href=\"http:\/\/agora.xtec.cat\/cfa-olivera\/competic\/continguts-curs\/3-escriure-amb-lordinador\/libreoffice-writter\/7-4-inserir-peu-de-taula-i-altres-opcions\/\">Inserir peu de taula i altres opcions.<\/a><\/p>\n<h3 style=\"padding-left: 90px;\"><span style=\"color: #000000;\">8. Treballant amb dibuixos i gr\u00e0fics<\/span><\/h3>\n<p style=\"padding-left: 90px;\">8.1 <a href=\"http:\/\/agora.xtec.cat\/cfa-olivera\/competic\/continguts-curs\/3-escriure-amb-lordinador\/libreoffice-writter\/8-1-diagrames-i-grafics\/\">Diagrames i gr\u00e0fics<\/a><br \/>\n8.2 <a href=\"http:\/\/agora.xtec.cat\/cfa-olivera\/competic\/continguts-curs\/3-escriure-amb-lordinador\/libreoffice-writter\/8-2-eines-de-dibuix-i-fontwork\/\">Eines de dibuix i FontWork.<\/a><\/p>\n<h3 style=\"padding-left: 90px;\"><span style=\"color: #000000;\">9. Inserir enlla\u00e7os i altres objectes multim\u00e8dia<\/span><\/h3>\n<p style=\"padding-left: 90px;\">9.1. <a href=\"http:\/\/agora.xtec.cat\/cfa-olivera\/competic\/continguts-curs\/3-escriure-amb-lordinador\/libreoffice-writter\/9-1-inserir-enllacos\/\">Inserir enlla\u00e7os<\/a><br \/>\n9.2. <a href=\"http:\/\/agora.xtec.cat\/cfa-olivera\/competic\/continguts-curs\/3-escriure-amb-lordinador\/libreoffice-writter\/9-2-inserir-altres-objectes-multimedia\/\">Inserir altres objectes multim\u00e8dia<\/a><\/p>\n<h3 style=\"padding-left: 90px;\"><span style=\"color: #000000;\">10. Presentar el treball<\/span><\/h3>\n<p style=\"padding-left: 90px;\">10.1. <a href=\"http:\/\/agora.xtec.cat\/cfa-olivera\/competic\/continguts-curs\/3-escriure-amb-lordinador\/libreoffice-writter\/10-1-revisio-de-lortografia\/\">Revisi\u00f3 de l\u2019ortografia i cercar mots<\/a><br \/>\n10.2. <a href=\"http:\/\/agora.xtec.cat\/cfa-olivera\/competic\/continguts-curs\/3-escriure-amb-lordinador\/libreoffice-writter\/10-2-inserir-lindex-i-la-portada\/\">Inserir l\u2019index i la portada<\/a><br \/>\n10.3. <a href=\"http:\/\/agora.xtec.cat\/cfa-olivera\/competic\/continguts-curs\/3-escriure-amb-lordinador\/libreoffice-writter\/10-3-com-imprimir-i-desar-en-pdf-o-altres-formats\/\">Com imprimir i desar en PDF o altres formats<\/a><\/p>\n<p>&nbsp;<\/p>\n","protected":false},"excerpt":{"rendered":"<p>A. L&#8217;\u00fas del teclat<br \/>\n<a href=\"https:\/\/app.box.com\/s\/51z4cvwb47vdxeydqpzze2ujbgal1o8r\" target=\"_blank\">DOSSIER EXERCICIS<\/a>\u00a0 |\u00a0 <a href=\"https:\/\/app.box.com\/s\/5jz2hs1txnjmbsuba6yx2yhlqa985d2q\" target=\"_blank\">ARXIUS NECESSARIS <\/a><br \/>\n<a href=\"https:\/\/app.box.com\/s\/9q99a92kyn8pp819vqet0w6w5d28bsrg\" target=\"_blank\">ACTIVITATS INTERACTIVES\u00a0 TECLAT 1<\/a> |\u00a0 <a href=\"http:\/\/www.xtec.cat\/~figlesi2\/mecanografia\/teclat.htm\" target=\"_blank\">ACTIVITATS INTERACTIVES TECLAT 2<\/a><br \/>\n<a href=\"http:\/\/www.societatdelainformacio.com\/alfabetitzacio\/\" target=\"_blank\">ACTIVITATS INTERACTIVES\u00a0 TECLAT I RATOL\u00cd<\/a>\u00a0 |\u00a0 <a href=\"http:\/\/www.edukanda.es\/mediatecaweb\/data\/zip\/271\/juegos_destreza\/index.html\" target=\"_blank\">JOCS AMB TECLAT I RATOL\u00cd<\/a><br \/>\n&#8211;<br \/>\nB. El processador de textos LibreOffice (I)<br \/>\n<a&hellip;  <a href=\"https:\/\/agora.xtec.cat\/cfa-olivera\/competic\/continguts-curs\/3-escriure-amb-lordinador\/\" title=\"Read 3. Escriure amb l&#8217;ordinador\">Llegeix m\u00e9s\u00bb<\/a><\/p>\n","protected":false},"author":1,"featured_media":0,"parent":803,"menu_order":0,"comment_status":"closed","ping_status":"closed","template":"page-templates\/side-menu.php","meta":{"_bbp_topic_count":0,"_bbp_reply_count":0,"_bbp_total_topic_count":0,"_bbp_total_reply_count":0,"_bbp_voice_count":0,"_bbp_anonymous_reply_count":0,"_bbp_topic_count_hidden":0,"_bbp_reply_count_hidden":0,"_bbp_forum_subforum_count":0,"footnotes":""},"class_list":["post-813","page","type-page","status-publish","hentry"],"post_mailing_queue_ids":[],"_links":{"self":[{"href":"https:\/\/agora.xtec.cat\/cfa-olivera\/wp-json\/wp\/v2\/pages\/813","targetHints":{"allow":["GET"]}}],"collection":[{"href":"https:\/\/agora.xtec.cat\/cfa-olivera\/wp-json\/wp\/v2\/pages"}],"about":[{"href":"https:\/\/agora.xtec.cat\/cfa-olivera\/wp-json\/wp\/v2\/types\/page"}],"author":[{"embeddable":true,"href":"https:\/\/agora.xtec.cat\/cfa-olivera\/wp-json\/wp\/v2\/users\/1"}],"replies":[{"embeddable":true,"href":"https:\/\/agora.xtec.cat\/cfa-olivera\/wp-json\/wp\/v2\/comments?post=813"}],"version-history":[{"count":4,"href":"https:\/\/agora.xtec.cat\/cfa-olivera\/wp-json\/wp\/v2\/pages\/813\/revisions"}],"predecessor-version":[{"id":1259,"href":"https:\/\/agora.xtec.cat\/cfa-olivera\/wp-json\/wp\/v2\/pages\/813\/revisions\/1259"}],"up":[{"embeddable":true,"href":"https:\/\/agora.xtec.cat\/cfa-olivera\/wp-json\/wp\/v2\/pages\/803"}],"wp:attachment":[{"href":"https:\/\/agora.xtec.cat\/cfa-olivera\/wp-json\/wp\/v2\/media?parent=813"}],"curies":[{"name":"wp","href":"https:\/\/api.w.org\/{rel}","templated":true}]}}