{"id":803,"date":"2015-09-15T18:09:26","date_gmt":"2015-09-15T17:09:26","guid":{"rendered":"http:\/\/agora.xtec.cat\/cfa-olivera\/?page_id=803"},"modified":"2015-12-16T16:54:06","modified_gmt":"2015-12-16T15:54:06","slug":"continguts-curs","status":"publish","type":"page","link":"https:\/\/agora.xtec.cat\/cfa-olivera\/competic\/continguts-curs\/","title":{"rendered":"Continguts del COMPETIC"},"content":{"rendered":"<p style=\"text-align: center;\">\n<p style=\"text-align: center;\">A continuaci\u00f3 diposes d&#8217;algus dels continguts que feu servir a classe.<\/p>\n<p style=\"text-align: center;\">Aquests continguts estan ordenats per tema, no per grup-classe, de manera que has de recordar quin tema esteu treballant!<\/p>\n<p style=\"text-align: center;\">Tamb\u00e9 pots tafanejar una mica els continguts d&#8217;altres grups \ud83d\ude09<\/p>\n<blockquote>\n<p style=\"text-align: center;\">Fes clic al men\u00fa inferior per accedir-hi.<\/p>\n<\/blockquote>\n<p style=\"text-align: center;\">\u00a0\r\n\t<div class=\"slideshow_container slideshow_container_style-light\" style=\"height: 150px; \" data-slideshow-id=\"804\" data-style-name=\"style-light\" data-style-version=\"2.3.1\" >\r\n\r\n\t\t\t\t\t<div class=\"slideshow_loading_icon\"><\/div>\r\n\t\t\r\n\t\t<div class=\"slideshow_content\" style=\"display: none;\">\r\n\r\n\t\t\t<div class=\"slideshow_view\">\r\n\t<div class=\"slideshow_slide slideshow_slide_text\" style=\"background-color: #98d66d;\">\r\n\t\t\t\t<div class=\"slideshow_title\" style=\"color: #ffffff;\">\r\n\t\t\t<a href=\"http:\/\/agora.xtec.cat\/cfa-olivera\/competic\/continguts-curs\/1-lordinador-i-lentorn-grafic\/\" target=\"_self\" style=\"color: #ffffff\" >\t\t\t\t1. L&#039;ordinador i l&#039;entorn gr\u00e0fic\t\t\t<\/a>\t\t<\/div>\r\n\t\t\r\n\t\t\t\t<div class=\"slideshow_description\" style=\"color: #ffffff;\">\r\n\t\t\t<a href=\"http:\/\/agora.xtec.cat\/cfa-olivera\/competic\/continguts-curs\/1-lordinador-i-lentorn-grafic\/\" target=\"_self\" style=\"color: #ffffff\" >\t\t\t\tIntroducci\u00f3 als elements b\u00e0sics de l&#039;ordinador i de la comunicaci\u00f3 amb aquest\t\t\t<\/a>\t\t<\/div>\r\n\t\t\r\n\t\t<a href=\"http:\/\/agora.xtec.cat\/cfa-olivera\/competic\/continguts-curs\/1-lordinador-i-lentorn-grafic\/\" target=\"_self\" style=\"color: #ffffff\"  class=\"slideshow_background_anchor\"><\/a>\r\n\t<\/div>\r\n\r\n\t<div class=\"slideshow_slide slideshow_slide_text\" style=\"background-color: #6e86c1;\">\r\n\t\t\t\t<div class=\"slideshow_title\" style=\"color: #dd3333;\">\r\n\t\t\t<a href=\"http:\/\/agora.xtec.cat\/cfa-olivera\/competic\/continguts-curs\/2-el-windows-us-i-configuracio\/\" target=\"_self\" style=\"color: #dd3333\" >\t\t\t\t2. Coneixent el Windows\t\t\t<\/a>\t\t<\/div>\r\n\t\t\r\n\t\t\t\t<div class=\"slideshow_description\" style=\"color: #dd3333;\">\r\n\t\t\t<a href=\"http:\/\/agora.xtec.cat\/cfa-olivera\/competic\/continguts-curs\/2-el-windows-us-i-configuracio\/\" target=\"_self\" style=\"color: #dd3333\" >\t\t\t\tElements b\u00e0sics i concepte del Windows, personalitzaci\u00f3 de l&#039;entorn i gesti\u00f3 d&#039;arxius\t\t\t<\/a>\t\t<\/div>\r\n\t\t\r\n\t\t<a href=\"http:\/\/agora.xtec.cat\/cfa-olivera\/competic\/continguts-curs\/2-el-windows-us-i-configuracio\/\" target=\"_self\" style=\"color: #dd3333\"  class=\"slideshow_background_anchor\"><\/a>\r\n\t<\/div>\r\n\r\n\t<div class=\"slideshow_slide slideshow_slide_text\" style=\"background-color: #ddb677;\">\r\n\t\t\t\t<div class=\"slideshow_title\" style=\"color: #ffffff;\">\r\n\t\t\t<a href=\"http:\/\/agora.xtec.cat\/cfa-olivera\/competic\/continguts-curs\/3-escriure-amb-lordinador\/\" target=\"_self\" style=\"color: #ffffff\" >\t\t\t\t3. Escriure amb l&#039;ordinador\t\t\t<\/a>\t\t<\/div>\r\n\t\t\r\n\t\t\t\t<div class=\"slideshow_description\" style=\"color: #ffffff;\">\r\n\t\t\t<a href=\"http:\/\/agora.xtec.cat\/cfa-olivera\/competic\/continguts-curs\/3-escriure-amb-lordinador\/\" target=\"_self\" style=\"color: #ffffff\" >\t\t\t\t\u00das del teclat i del processador de textos LibreOffice\t\t\t<\/a>\t\t<\/div>\r\n\t\t\r\n\t\t<a href=\"http:\/\/agora.xtec.cat\/cfa-olivera\/competic\/continguts-curs\/3-escriure-amb-lordinador\/\" target=\"_self\" style=\"color: #ffffff\"  class=\"slideshow_background_anchor\"><\/a>\r\n\t<\/div>\r\n<div style=\"clear: both;\"><\/div><\/div><div class=\"slideshow_view\">\r\n\t<div class=\"slideshow_slide slideshow_slide_text\" style=\"background-color: #ba91e2;\">\r\n\t\t\t\t<div class=\"slideshow_title\" style=\"color: #ffffff;\">\r\n\t\t\t<a href=\"http:\/\/agora.xtec.cat\/cfa-olivera\/competic\/continguts-curs\/4-el-mon-dinternet\/\" target=\"_self\" style=\"color: #ffffff\" >\t\t\t\t4. Internet\t\t\t<\/a>\t\t<\/div>\r\n\t\t\r\n\t\t\t\t<div class=\"slideshow_description\" style=\"color: #ffffff;\">\r\n\t\t\t<a href=\"http:\/\/agora.xtec.cat\/cfa-olivera\/competic\/continguts-curs\/4-el-mon-dinternet\/\" target=\"_self\" style=\"color: #ffffff\" >\t\t\t\tCorreu electr\u00f2nic, cerques a la web, seguretat, portals i serveis web, xarxes socials.\t\t\t<\/a>\t\t<\/div>\r\n\t\t\r\n\t\t<a href=\"http:\/\/agora.xtec.cat\/cfa-olivera\/competic\/continguts-curs\/4-el-mon-dinternet\/\" target=\"_self\" style=\"color: #ffffff\"  class=\"slideshow_background_anchor\"><\/a>\r\n\t<\/div>\r\n\r\n\t<div class=\"slideshow_slide slideshow_slide_text\" style=\"background-color: #dd8282;\">\r\n\t\t\t\t<div class=\"slideshow_title\" style=\"color: #ffffff;\">\r\n\t\t\t<a href=\"http:\/\/agora.xtec.cat\/cfa-olivera\/competic\/continguts-curs\/5-multimedia\/\" target=\"_self\" style=\"color: #ffffff\" >\t\t\t\t5. Fotos, v\u00eddeo i m\u00fasica\t\t\t<\/a>\t\t<\/div>\r\n\t\t\r\n\t\t\t\t<div class=\"slideshow_description\" style=\"color: #ffffff;\">\r\n\t\t\t<a href=\"http:\/\/agora.xtec.cat\/cfa-olivera\/competic\/continguts-curs\/5-multimedia\/\" target=\"_self\" style=\"color: #ffffff\" >\t\t\t\tGesti\u00f3 i edici\u00f3 de fotografia i video\t\t\t<\/a>\t\t<\/div>\r\n\t\t\r\n\t\t<a href=\"http:\/\/agora.xtec.cat\/cfa-olivera\/competic\/continguts-curs\/5-multimedia\/\" target=\"_self\" style=\"color: #ffffff\"  class=\"slideshow_background_anchor\"><\/a>\r\n\t<\/div>\r\n<div style=\"clear: both;\"><\/div><\/div>\r\n\t\t<\/div>\r\n\r\n\t\t<div class=\"slideshow_controlPanel slideshow_transparent\" style=\"display: none;\"><ul><li class=\"slideshow_togglePlay\" data-play-text=\"Visualitza\" data-pause-text=\"Pausa\"><\/li><\/ul><\/div>\r\n\r\n\t\t<div class=\"slideshow_button slideshow_previous slideshow_transparent\" role=\"button\" data-previous-text=\"Anterior\" style=\"display: none;\"><\/div>\r\n\t\t<div class=\"slideshow_button slideshow_next slideshow_transparent\" role=\"button\" data-next-text=\"Seg\u00fcent\" style=\"display: none;\"><\/div>\r\n\r\n\t\t<div class=\"slideshow_pagination\" style=\"display: none;\" data-go-to-text=\"V\u00e9s a la diapositiva\"><div class=\"slideshow_pagination_center\"><\/div><\/div>\r\n\r\n\t\t<!-- WordPress Slideshow Version 2.3.1 -->\r\n\r\n\t\t\t<\/div>\r\n\r\n<\/p>\n","protected":false},"excerpt":{"rendered":"<p>A continuaci\u00f3 diposes d&#8217;algus dels continguts que feu servir a classe.<br \/>\nAquests continguts estan ordenats per tema, no per grup-classe, de manera que has de recordar quin tema esteu treballant!<br \/>\nTamb\u00e9 pots tafanejar una mica els continguts d&#8217;altres grups \ud83d\ude09<\/p>\n<p>Fes clic al men\u00fa inferior per accedir-hi.<\/p>\n<p>\u00a0<\/p>\n<p>\t\t\t<a href=\"http:\/\/agora.xtec.cat\/cfa-olivera\/competic\/continguts-curs\/1-lordinador-i-lentorn-grafic\/\"&hellip;  <a href=\"https:\/\/agora.xtec.cat\/cfa-olivera\/competic\/continguts-curs\/\" title=\"Read Continguts del COMPETIC\">Llegeix m\u00e9s\u00bb<\/a><\/p>\n","protected":false},"author":1,"featured_media":0,"parent":316,"menu_order":0,"comment_status":"closed","ping_status":"closed","template":"page-templates\/side-menu.php","meta":{"_bbp_topic_count":0,"_bbp_reply_count":0,"_bbp_total_topic_count":0,"_bbp_total_reply_count":0,"_bbp_voice_count":0,"_bbp_anonymous_reply_count":0,"_bbp_topic_count_hidden":0,"_bbp_reply_count_hidden":0,"_bbp_forum_subforum_count":0,"footnotes":""},"class_list":["post-803","page","type-page","status-publish","hentry"],"post_mailing_queue_ids":[],"_links":{"self":[{"href":"https:\/\/agora.xtec.cat\/cfa-olivera\/wp-json\/wp\/v2\/pages\/803","targetHints":{"allow":["GET"]}}],"collection":[{"href":"https:\/\/agora.xtec.cat\/cfa-olivera\/wp-json\/wp\/v2\/pages"}],"about":[{"href":"https:\/\/agora.xtec.cat\/cfa-olivera\/wp-json\/wp\/v2\/types\/page"}],"author":[{"embeddable":true,"href":"https:\/\/agora.xtec.cat\/cfa-olivera\/wp-json\/wp\/v2\/users\/1"}],"replies":[{"embeddable":true,"href":"https:\/\/agora.xtec.cat\/cfa-olivera\/wp-json\/wp\/v2\/comments?post=803"}],"version-history":[{"count":4,"href":"https:\/\/agora.xtec.cat\/cfa-olivera\/wp-json\/wp\/v2\/pages\/803\/revisions"}],"predecessor-version":[{"id":2048,"href":"https:\/\/agora.xtec.cat\/cfa-olivera\/wp-json\/wp\/v2\/pages\/803\/revisions\/2048"}],"up":[{"embeddable":true,"href":"https:\/\/agora.xtec.cat\/cfa-olivera\/wp-json\/wp\/v2\/pages\/316"}],"wp:attachment":[{"href":"https:\/\/agora.xtec.cat\/cfa-olivera\/wp-json\/wp\/v2\/media?parent=803"}],"curies":[{"name":"wp","href":"https:\/\/api.w.org\/{rel}","templated":true}]}}