{"id":451,"date":"2015-05-10T23:36:39","date_gmt":"2015-05-10T22:36:39","guid":{"rendered":"http:\/\/agora.xtec.cat\/cfa-olivera\/?page_id=451"},"modified":"2015-10-09T19:07:37","modified_gmt":"2015-10-09T18:07:37","slug":"recursos-utils","status":"publish","type":"page","link":"https:\/\/agora.xtec.cat\/cfa-olivera\/competic\/recursos-utils\/","title":{"rendered":"Recursos \u00fatils"},"content":{"rendered":"<div><\/div>\n<blockquote>\n<div>En aquesta secci\u00f3 trobareu un recull de recursos ordenats per nivell.<\/div>\n<div>Alguns d&#8217;aquests recursos tamb\u00e9 hi s\u00f3n a l&#8217;apartat &#8220;continguts de COMPETIC&#8221;<\/div>\n<\/blockquote>\n<div><\/div>\n<div><\/div>\n<div>\n<table>\n<tbody>\n<tr>\n<td>\n<div><b><span style=\"font-size: x-large;\"><u>COMPETIC INICIAL<\/u><\/span><\/b><\/div>\n<div><\/div>\n<div><\/div>\n<div><span style=\"font-size: large;\"><a href=\"http:\/\/www.juntadeandalucia.es\/educacion\/adistancia\/avep\/course\/view.php?id=93\" target=\"_blank\" rel=\"nofollow\">CURSO TIC B\u00c1SICO<\/a><\/span><span style=\"font-size: x-large;\">\u00a0*****<\/span><\/div>\n<div><span style=\"font-family: trebuchet ms,sans-serif; font-size: medium;\">Curs en l\u00ednia d&#8217;introducci\u00f3 a l&#8217;\u00fas b\u00e0sic de l&#8217;ordinador, el correu, la m\u00fasica, les fotos&#8230; Amb suport\u00a0te\u00f2ric\u00a0i activitats pr\u00e0ctiques. \u00a0<\/span><\/div>\n<div><span style=\"font-size: medium;\">\u00a0<\/span><\/div>\n<div>\u2691\u00a0<span style=\"font-family: arial,sans-serif; font-size: large;\"><a href=\"http:\/\/www.edukanda.es\/mediatecaweb\/data\/zip\/271\/juegos_destreza\/index.html\" target=\"_blank\" rel=\"nofollow\">JOCS RATOL\u00cd\/TECLAT<\/a> <\/span><span style=\"font-family: arial,sans-serif; font-size: xx-large;\">****<\/span><\/div>\n<div><span style=\"color: #eeeeee; font-family: trebuchet ms,sans-serif; font-size: medium;\">M\u00e9s de 15 jocs interactius per a practicar amb el teclat i el ratol\u00ed.<\/span><\/div>\n<div><span style=\"color: #eeeeee; font-family: arial,sans-serif; font-size: x-large;\">\u00a0<\/span><\/div>\n<div>\u2691\u00a0<span style=\"color: #eeeeee; font-family: arial,sans-serif; font-size: large;\"><a href=\"http:\/\/www.pbclibrary.org\/raton\/mousercise.htm\" target=\"_blank\" rel=\"nofollow\">RATONEANDO<\/a> <\/span><span style=\"color: #eeeeee; font-family: arial,sans-serif; font-size: xx-large;\">**<\/span><\/div>\n<div><span style=\"color: #eeeeee; font-family: trebuchet ms,sans-serif; font-size: medium;\">Conjunts d&#8217;activitats per practicar amb el ratol\u00ed i amb elements interactius com icones o enlla\u00e7os<\/span><\/div>\n<div><span style=\"color: #eeeeee; font-family: arial,sans-serif; font-size: x-large;\">\u00a0<\/span><\/div>\n<div>\u2691\u00a0<span style=\"color: #eeeeee; font-family: arial,sans-serif; font-size: large;\"><a href=\"http:\/\/www.societatdelainformacio.com\/alfabetitzacio\/\" target=\"_blank\" rel=\"nofollow\">APRENDRE A ESCRIURE<\/a>\u00a0<\/span><span style=\"color: #eeeeee; font-family: arial,sans-serif; font-size: xx-large;\">****<\/span><\/div>\n<div><span style=\"color: #eeeeee; font-family: trebuchet ms,sans-serif; font-size: medium;\">Conjunt d&#8217;activitats per aprendre a escriure amb el teclat. Inclou accents i tecles modificadores.\u00a0<\/span><\/div>\n<div><span style=\"color: #eeeeee; font-family: arial,sans-serif; font-size: x-large;\">\u00a0<\/span><\/div>\n<div>\u2691\u00a0<span style=\"color: #eeeeee; font-family: arial,sans-serif; font-size: large;\"><a href=\"http:\/\/www.mecanografia-online.com\/es\/aspx\/SelectExerciseWithSampleText.aspx\" target=\"_blank\" rel=\"nofollow\">MECANOGRAFIA ON-LINE<\/a> <\/span><span style=\"color: #eeeeee; font-family: arial,sans-serif; font-size: xx-large;\">****<\/span><\/div>\n<div><span style=\"color: #eeeeee; font-family: trebuchet ms,sans-serif; font-size: medium;\">Exercici de practica de mecanografia, tant amb lletres soltes com amb\u00a0texts.<\/span><\/div>\n<div><span style=\"color: #eeeeee; font-family: trebuchet ms,sans-serif; font-size: medium;\">\u00a0<\/span><\/div>\n<div><span style=\"color: #eeeeee; font-family: trebuchet ms,sans-serif; font-size: medium;\">\u00a0<\/span><\/div>\n<div><span style=\"font-size: large;\"><a href=\"http:\/\/agora.xtec.cat\/cfa-elstarongers\/moodle\/pluginfile.php\/1331\/mod_resource\/content\/1\/ratoli.html\" target=\"_blank\" rel=\"nofollow\">10 JOCS PR\u00c0CTICA RATOL\u00cd<\/a> ****<\/span><\/div>\n<div><span style=\"font-size: large;\">Fer clic, moure,\u00a0arrossegar i guanyar rapidesa amb el ratol\u00ed. En catal\u00e0 i alguna cosa en angl\u00e8s.\u00a0<\/span><\/div>\n<div><span style=\"font-size: large;\">\u00a0<\/span><\/div>\n<div><span style=\"font-size: large;\"><a href=\"http:\/\/agora.xtec.cat\/cfa-elstarongers\/moodle\/pluginfile.php\/1332\/mod_resource\/content\/5\/mousepractice.html\" target=\"_blank\" rel=\"nofollow\">EXERCICIS PR\u00c0CTICA RATOL\u00cd<\/a> ****<\/span><\/div>\n<div><span style=\"font-size: large;\">Fer clic, arrossegar dibuixar&#8230; en catal\u00e0.\u00a0<\/span><\/div>\n<div><span style=\"font-size: large;\">\u00a0<\/span><\/div>\n<div><span style=\"font-size: large;\"><a href=\"http:\/\/www.xtec.cat\/%7Efiglesi2\/mecanografia\/teclat.htm\" target=\"_blank\" rel=\"nofollow\">COM FUNCIONA EL TECLAT<\/a> ****<\/span><\/div>\n<div><span style=\"font-size: large;\">Molt centrat en car\u00e0cters especials com accents, apostrofs o signes de puntuaci\u00f3. Tamb\u00e9 tecles de funci\u00f3 i modificadores.<\/span><\/div>\n<div><span style=\"font-size: large;\">\u00a0<\/span><\/div>\n<div><span style=\"font-size: large;\"><a href=\"http:\/\/www.xtec.cat\/%7Efiglesi2\/ciutats\/\" rel=\"nofollow\">CIUTATS DEL M\u00d3N<\/a> ***<\/span><\/div>\n<div><span style=\"font-size: large;\">Activitat per a con\u00e8ixer el funcionament dels men\u00fas desplegables.<\/span><\/div>\n<div><\/div>\n<div><\/div>\n<div><\/div>\n<div><\/div>\n<\/td>\n<td>\n<div><span style=\"font-size: x-large;\"><b><u>COMPETIC 1 <\/u><\/b><\/span><\/p>\n<div><\/div>\n<div>\u2692\u00a0<a href=\"http:\/\/www.symbaloo.com\/home\/mix\/13eOcLjTaQ\" target=\"_blank\" rel=\"nofollow\"><span style=\"font-size: large;\">SYMBALOO<\/span><\/a><span style=\"font-size: x-large;\">\u00a0<\/span> <span style=\"font-size: xx-large;\"><span style=\"font-size: large;\"><span style=\"font-size: medium;\"><span style=\"font-size: xx-large;\"><span style=\"font-size: large;\"><span style=\"font-size: x-large;\"><b>\u00a0 \u00a0****<\/b><\/span><\/span><\/span><\/span><\/span><\/span><\/div>\n<div><span style=\"font-family: trebuchet ms,sans-serif; font-size: medium;\">Eina que permet tenir l&#8217;acc\u00e9s a llocs webs des d&#8217;un mateix panell. Molt visual.<\/span><\/div>\n<div><span style=\"font-family: trebuchet ms,sans-serif; font-size: medium;\">\u00a0<\/span><\/div>\n<div><span style=\"font-family: trebuchet ms,sans-serif; font-size: medium;\">\u00a0<\/span><\/div>\n<div><span style=\"font-family: trebuchet ms,sans-serif; font-size: medium;\"><a href=\"http:\/\/www.aulaclic.es\/windows7\/index.htm\" target=\"_blank\" rel=\"nofollow\"><span style=\"font-size: large;\">CURS DE WINDOWS 7 <\/span><\/a><br \/>\n<\/span><\/div>\n<div><span style=\"font-size: medium;\"><span style=\"font-size: medium;\">Curs de windows 7 amb videotutorials. Molt complert. En espa\u00f1ol.<\/span><\/span><\/div>\n<div><span style=\"font-size: large;\"><a href=\"http:\/\/www.librosvivos.net\/smtc\/PagPorFormulario.asp?idIdioma=ES&amp;TemaClave=1271&amp;est=0\" target=\"_blank\" rel=\"nofollow\">QU\u00c8 \u00c9S INTERNET?<\/a> ****<\/span><\/div>\n<div><span style=\"font-size: medium;\">Material que introdueix el concepte d&#8217;Internet, presenta els navegadors i mostra com copiar text des d&#8217;un lloc web.<\/span><\/div>\n<div><span style=\"font-size: large;\"><a href=\"http:\/\/www.goear.com\/\" target=\"_blank\" rel=\"nofollow\">GOEAR <\/a><\/span><\/div>\n<div><span style=\"font-size: medium;\">Portal de m\u00fasica on-line on podem pujar els nostres arxius d&#8217;\u00e0udio f\u00e0cilment. <\/span><\/div>\n<p><a href=\"https:\/\/sites.google.com\/a\/xtec.cat\/racodelestudiant\/home\/competic\/goog_1697094666\"><br \/>\n<\/a><\/p>\n<div><span style=\"font-size: large;\"><a href=\"http:\/\/www.slideshare.net\/MariLuzGuenagaGmez\/google-drive-ofimtica-en-la-nube-formacin\" target=\"_blank\" rel=\"nofollow\">QU\u00c8 \u00c9S\u00a0EL GOOGLE DRIVE<\/a><\/span><\/div>\n<div><span style=\"font-size: medium;\">Presentaci\u00f3 que ens mostra qu\u00e8 \u00e9s, quines opciones t\u00e9 icom funciona el Google Drive<\/span><\/div>\n<div><span style=\"font-size: large;\"><a href=\"http:\/\/www.slideshare.net\/irenegonzalez\/crear-un-formulario-con-google-drive-41623517\" target=\"_blank\" rel=\"nofollow\">COM FER FORMULARIS AMB EL DRIVE<\/a><\/span><\/div>\n<div><span style=\"font-size: medium;\">Presentaci\u00f3 que explica pas a pas com fer formularis i enquestes amb el Google Drive.<\/span><br \/>\n<span style=\"font-size: large;\"><br \/>\n<\/span><\/div>\n<div><span style=\"font-size: large;\"><a href=\"http:\/\/miniops.ioc.cat\/8\/index.html\" target=\"_blank\" rel=\"nofollow\">SEGURETAT I PRIVACITAT A LA XARXA (MINIOP)<\/a><\/span><\/div>\n<div><span style=\"font-size: medium;\">Informaci\u00f3 rellevant, actual i en\u00a0 diferents formats sobre el tema i proposta d&#8217;activitats relacionades. <\/span><br \/>\n<a href=\"https:\/\/sites.google.com\/a\/xtec.cat\/racodelestudiant\/home\/competic\/goog_1697094676\"><span style=\"font-size: large;\"><br \/>\n<\/span><\/a><\/div>\n<div><span style=\"font-size: large;\"><a href=\"http:\/\/miniops.ioc.cat\/2\/index.html\" target=\"_blank\" rel=\"nofollow\">COM FER CERCQUES, CERCADORS I LLOCS WEB CONFIABLES<\/a><\/span> (MiniOP)<\/div>\n<div><span style=\"font-size: medium;\">Informaci\u00f3 i activitats per ajudar a comprendre millor qu\u00e8 \u00e9s fer una cerca, con\u00e8ixer els motors de cerca i tenir criteri per destriar llocs web.<\/span><\/div>\n<div>\n<p><a href=\"http:\/\/miniops.ioc.cat\/4\/index.html\" target=\"_blank\" rel=\"nofollow\"><span style=\"font-size: large;\">COM PLANIFICAR UN VIATGE<\/span><\/a> (MiniOP)<br \/>\n<span style=\"font-size: medium;\">Informaci\u00f3 rellevant, actual i en\u00a0 diferents formats sobre el tema i proposta d&#8217;activitats relacionades. <\/span><\/p>\n<\/div>\n<\/div>\n<\/td>\n<td>\n<div>\n<div>\n<div>\n<div>\n<div>\n<div>\n<div>\n<div>\n<div>\n<div><b><span style=\"font-size: x-large;\"><u>COMPETIC 2<\/u><\/span><\/b><\/div>\n<div><\/div>\n<div><\/div>\n<div>\u2691\u265b\u00a0<span style=\"font-size: large;\"><a href=\"https:\/\/sites.google.com\/a\/xtec.cat\/gestorscontinguts\/\" target=\"_blank\" rel=\"nofollow\">WEBQUEST CONTINGUTS <\/a><\/span><span style=\"font-size: large;\">\u00a0 \u00a0\u00a0<\/span><span style=\"font-size: x-large;\">***<\/span><\/div>\n<div><span style=\"font-family: trebuchet ms,sans-serif; font-size: medium;\">WebQuest (conjunt d&#8217;activitats de recerca d&#8217;informaci\u00f3) dedicada al m\u00f3n dels serveis 2.0 d&#8217;Internet i a la publicaci\u00f3 de continguts.<\/span><\/div>\n<div><span style=\"font-family: trebuchet ms,sans-serif; font-size: medium;\">\u00a0<\/span><\/div>\n<div><span style=\"font-family: trebuchet ms,sans-serif; font-size: medium;\">\u00a0<\/span><\/div>\n<div><span style=\"font-size: large;\"><a href=\"http:\/\/xtec.cat\/%7Efiglesi2\/gimp\/gimp.htm\" rel=\"nofollow\">TUTORIALS DE GIMP\u00a0<\/a><\/span><\/div>\n<div>Tutorials i activitats per exercitar-se en l&#8217;\u00fas del GIMP, un programa d&#8217;edici\u00f3 d&#8217;imatges gratu\u00eft.<\/div>\n<div><span style=\"font-size: large;\"><a href=\"http:\/\/fotoflexer.com\/app\/index.php?lang=es-ES\" target=\"_blank\" rel=\"nofollow\">FOTOFLEXER<\/a><\/span><\/div>\n<div>Editor d&#8217;imatges on-line en espa\u00f1ol.<a href=\"https:\/\/sites.google.com\/a\/xtec.cat\/racodelestudiant\/home\/competic\/goog_1697094635\"><br \/>\n<\/a><\/div>\n<div><span style=\"font-size: large;\"><a href=\"http:\/\/audio-joiner.com\/es\/\" target=\"_blank\" rel=\"nofollow\">JUNTAR CAN\u00c7ONS\/AUDIO<\/a><\/span> en un fitxer<\/div>\n<div><span style=\"font-size: medium;\">Aplicaci\u00f3 on-line per a juntar o unir dos arxius d&#8217;audio, ja siguin can\u00e7ons o veu. <\/span><\/div>\n<\/div>\n<p><span style=\"font-size: large;\"><a href=\"http:\/\/es.wix.com\/\" target=\"_blank\" rel=\"nofollow\">CREAR P\u00c0GINES WEB AMB WIX<\/a><\/span><\/p>\n<\/div>\n<p><span style=\"font-size: medium;\">Editor de p\u00e0gines web senzilles per\u00f2 amb estil. <\/span><\/p>\n<\/div>\n<p><span style=\"font-size: large;\"><a href=\"http:\/\/www.youtube-mp3.org\/es\" target=\"_blank\" rel=\"nofollow\">EXTREURE AUDIO D&#8217;UN VIDEO DE YOUTUBE<\/a><\/span><\/p>\n<\/div>\n<p><span style=\"font-size: medium;\">Aplicaci\u00f3 on-line que serveix per extreure l&#8217;audio d&#8217;un v\u00eddeo del Youtube. <\/span><\/p>\n<\/div>\n<p><span style=\"font-size: large;\"><a href=\"https:\/\/studio.stupeflix.com\/fr\/\" target=\"_blank\" rel=\"nofollow\">SUPERFLIX &#8211; EDITOR DE V\u00cdDEO ON-LINE<\/a><\/span><\/p>\n<\/div>\n<p><span style=\"font-size: medium;\">Aplicaci\u00f3 on-line molts senzilla i amb resultats espectaculars. Nom\u00e9s en angl\u00e8s o franc\u00e8s. <\/span><\/p>\n<\/div>\n<p><span style=\"font-size: large;\"><a href=\"http:\/\/miniops.ioc.cat\/1\/index.html\" target=\"_blank\" rel=\"nofollow\">COM FER UN BON V\u00cdDEO (MiniOP)<\/a><\/span><\/p>\n<p><span style=\"font-size: medium;\">Nocions b\u00e0sqiues sobre gravaci\u00f3 de v\u00eddeo: tema, estil, plans, seq\u00fc\u00e8ncies&#8230; i tamb\u00e9 sobre eines d&#8217;edici\u00f3 de v\u00eddeo. <\/span><\/p>\n<\/div>\n<\/div>\n<\/td>\n<\/tr>\n<\/tbody>\n<\/table>\n<\/div>\n<div><\/div>\n<div><\/div>\n<div><\/div>\n","protected":false},"excerpt":{"rendered":"<p>En aquesta secci\u00f3 trobareu un recull de recursos ordenats per nivell.<br \/>\nAlguns d&#8217;aquests recursos tamb\u00e9 hi s\u00f3n a l&#8217;apartat &#8220;continguts de COMPETIC&#8221;<\/p>\n<p>COMPETIC INICIAL<\/p>\n<p><a href=\"http:\/\/www.juntadeandalucia.es\/educacion\/adistancia\/avep\/course\/view.php?id=93\" target=\"_blank\" rel=\"nofollow\">CURSO TIC B\u00c1SICO<\/a>\u00a0*****<br \/>\nCurs en l\u00ednia d&#8217;introducci\u00f3 a l&#8217;\u00fas b\u00e0sic de l&#8217;ordinador, el correu, la m\u00fasica, les fotos&#8230; Amb suport\u00a0te\u00f2ric\u00a0i activitats pr\u00e0ctiques.&hellip;  <a href=\"https:\/\/agora.xtec.cat\/cfa-olivera\/competic\/recursos-utils\/\" title=\"Read Recursos \u00fatils\">Llegeix m\u00e9s\u00bb<\/a><\/p>\n","protected":false},"author":1,"featured_media":0,"parent":316,"menu_order":0,"comment_status":"closed","ping_status":"closed","template":"page-templates\/side-menu.php","meta":{"_bbp_topic_count":0,"_bbp_reply_count":0,"_bbp_total_topic_count":0,"_bbp_total_reply_count":0,"_bbp_voice_count":0,"_bbp_anonymous_reply_count":0,"_bbp_topic_count_hidden":0,"_bbp_reply_count_hidden":0,"_bbp_forum_subforum_count":0,"footnotes":""},"class_list":["post-451","page","type-page","status-publish","hentry"],"post_mailing_queue_ids":[],"_links":{"self":[{"href":"https:\/\/agora.xtec.cat\/cfa-olivera\/wp-json\/wp\/v2\/pages\/451","targetHints":{"allow":["GET"]}}],"collection":[{"href":"https:\/\/agora.xtec.cat\/cfa-olivera\/wp-json\/wp\/v2\/pages"}],"about":[{"href":"https:\/\/agora.xtec.cat\/cfa-olivera\/wp-json\/wp\/v2\/types\/page"}],"author":[{"embeddable":true,"href":"https:\/\/agora.xtec.cat\/cfa-olivera\/wp-json\/wp\/v2\/users\/1"}],"replies":[{"embeddable":true,"href":"https:\/\/agora.xtec.cat\/cfa-olivera\/wp-json\/wp\/v2\/comments?post=451"}],"version-history":[{"count":3,"href":"https:\/\/agora.xtec.cat\/cfa-olivera\/wp-json\/wp\/v2\/pages\/451\/revisions"}],"predecessor-version":[{"id":1253,"href":"https:\/\/agora.xtec.cat\/cfa-olivera\/wp-json\/wp\/v2\/pages\/451\/revisions\/1253"}],"up":[{"embeddable":true,"href":"https:\/\/agora.xtec.cat\/cfa-olivera\/wp-json\/wp\/v2\/pages\/316"}],"wp:attachment":[{"href":"https:\/\/agora.xtec.cat\/cfa-olivera\/wp-json\/wp\/v2\/media?parent=451"}],"curies":[{"name":"wp","href":"https:\/\/api.w.org\/{rel}","templated":true}]}}