{"id":2129,"date":"2017-02-20T18:35:34","date_gmt":"2017-02-20T17:35:34","guid":{"rendered":"http:\/\/agora.xtec.cat\/cfa-olivera\/?page_id=2129"},"modified":"2017-02-20T18:42:28","modified_gmt":"2017-02-20T17:42:28","slug":"activitat-1-introduccio-al-full-de-calcul-del-google-drive","status":"publish","type":"page","link":"https:\/\/agora.xtec.cat\/cfa-olivera\/competic\/continguts-curs\/introduccio-al-full-de-calcul-del-google-drive\/activitat-1-introduccio-al-full-de-calcul-del-google-drive\/","title":{"rendered":"Activitat 1 &#8211; Introducci\u00f3 al full de c\u00e0lcul del Google Drive"},"content":{"rendered":"<p>1.- Llegeix atentament la introducci\u00f3 d<a href=\"https:\/\/gsuite.google.es\/learning-center\/products\/sheets\/get-started\/\" target=\"_blank\">&#8216;aquesta p\u00e0gina<\/a>. <strong>Para especial atenci\u00f3 al punt 2!<\/strong><\/p>\n<p>2.- Mira aquest v\u00eddeo d&#8217;introducci\u00f3<\/p>\n<p><iframe loading=\"lazy\" src=\"https:\/\/www.youtube.com\/embed\/lDX1F4KM6GM\" width=\"560\" height=\"315\" frameborder=\"0\" allowfullscreen=\"allowfullscreen\"><\/iframe><\/p>\n<p>3.- Obre el teu Drive i fes la mateixa taula que han fet al v\u00eddeo seguint aquestes passes:<\/p>\n<p style=\"padding-left: 30px;\">a) Selecciona des de la cel\u00b7la B4 a la H10 i posa les vores de color negre fent servir la icona &#8220;bordes&#8221;<\/p>\n<p style=\"padding-left: 30px;\">b) Selecciona la primera columna (\u00e9s a dir, la B) i posa-li un fons gris. Fes el mateix amb la primera fila (la 4)<\/p>\n<p style=\"padding-left: 30px;\">c) Introdueix la informaci\u00f3 b\u00e0sica: el nom dels alumnes a la columna B i les assignatures, promig i observacions a la fila 4.<\/p>\n<p style=\"padding-left: 30px;\">d) Posa les notes als alumnes: no cal que siguin les mateixes que al v\u00eddeo.<\/p>\n<p style=\"padding-left: 30px;\">e) Per calcular la columna de &#8220;PROMEDIO&#8221; segueix atentament les instruccions del v\u00eddeo al minut 4:35.<\/p>\n<p style=\"padding-left: 30px;\">f) La columna OBSERVACIONES la deixarem en blanc.<\/p>\n<p>4.- Un cop acabat, comprova que li havies posat el nom al document i comparteix-lo amb el professor.<\/p>\n<p>&nbsp;<\/p>\n","protected":false},"excerpt":{"rendered":"<p>1.- Llegeix atentament la introducci\u00f3 d<a href=\"https:\/\/gsuite.google.es\/learning-center\/products\/sheets\/get-started\/\" target=\"_blank\">&#8216;aquesta p\u00e0gina<\/a>. Para especial atenci\u00f3 al punt 2!<br \/>\n2.- Mira aquest v\u00eddeo d&#8217;introducci\u00f3<\/p>\n<p>3.- Obre el teu Drive i fes la mateixa taula que han fet al v\u00eddeo seguint aquestes passes:<br \/>\na) Selecciona des de la cel\u00b7la B4 a la H10&hellip;  <a href=\"https:\/\/agora.xtec.cat\/cfa-olivera\/competic\/continguts-curs\/introduccio-al-full-de-calcul-del-google-drive\/activitat-1-introduccio-al-full-de-calcul-del-google-drive\/\" title=\"Read Activitat 1 &#8211; Introducci\u00f3 al full de c\u00e0lcul del Google Drive\">Llegeix m\u00e9s\u00bb<\/a><\/p>\n","protected":false},"author":1,"featured_media":0,"parent":2127,"menu_order":0,"comment_status":"closed","ping_status":"closed","template":"page-templates\/side-menu.php","meta":{"_bbp_topic_count":0,"_bbp_reply_count":0,"_bbp_total_topic_count":0,"_bbp_total_reply_count":0,"_bbp_voice_count":0,"_bbp_anonymous_reply_count":0,"_bbp_topic_count_hidden":0,"_bbp_reply_count_hidden":0,"_bbp_forum_subforum_count":0,"footnotes":""},"class_list":["post-2129","page","type-page","status-publish","hentry"],"post_mailing_queue_ids":[],"_links":{"self":[{"href":"https:\/\/agora.xtec.cat\/cfa-olivera\/wp-json\/wp\/v2\/pages\/2129","targetHints":{"allow":["GET"]}}],"collection":[{"href":"https:\/\/agora.xtec.cat\/cfa-olivera\/wp-json\/wp\/v2\/pages"}],"about":[{"href":"https:\/\/agora.xtec.cat\/cfa-olivera\/wp-json\/wp\/v2\/types\/page"}],"author":[{"embeddable":true,"href":"https:\/\/agora.xtec.cat\/cfa-olivera\/wp-json\/wp\/v2\/users\/1"}],"replies":[{"embeddable":true,"href":"https:\/\/agora.xtec.cat\/cfa-olivera\/wp-json\/wp\/v2\/comments?post=2129"}],"version-history":[{"count":2,"href":"https:\/\/agora.xtec.cat\/cfa-olivera\/wp-json\/wp\/v2\/pages\/2129\/revisions"}],"predecessor-version":[{"id":2131,"href":"https:\/\/agora.xtec.cat\/cfa-olivera\/wp-json\/wp\/v2\/pages\/2129\/revisions\/2131"}],"up":[{"embeddable":true,"href":"https:\/\/agora.xtec.cat\/cfa-olivera\/wp-json\/wp\/v2\/pages\/2127"}],"wp:attachment":[{"href":"https:\/\/agora.xtec.cat\/cfa-olivera\/wp-json\/wp\/v2\/media?parent=2129"}],"curies":[{"name":"wp","href":"https:\/\/api.w.org\/{rel}","templated":true}]}}