{"id":2056,"date":"2016-02-18T00:01:40","date_gmt":"2016-02-17T23:01:40","guid":{"rendered":"http:\/\/agora.xtec.cat\/cfa-olivera\/?page_id=2056"},"modified":"2016-02-23T15:16:44","modified_gmt":"2016-02-23T14:16:44","slug":"projecte-2-creem-una-empresa","status":"publish","type":"page","link":"https:\/\/agora.xtec.cat\/cfa-olivera\/competic\/competic-3-projectes\/projecte-2-creem-una-empresa\/","title":{"rendered":"Projecte 2: creem una empresa"},"content":{"rendered":"<p style=\"text-align: center;\">En aquest projecte desenvoluparem alguns dels elements b\u00e0sics de comunicaci\u00f3 i promoci\u00f3 en el proc\u00e9s de creaci\u00f3 d&#8217;una empresa. Aquesta empresa operar\u00e0 a Internet i caldr\u00e0 triar entre una empresa que ofereix viatges i\/o excursions a un p\u00fablic concret o b\u00e9 a destinacions concretes o b\u00e9 una empresa de venta de llibres electr\u00f2nics i\/o m\u00fasica digital i\/o pel\u00b7l\u00edcules on-line.<\/p>\n<p style=\"text-align: center;\"><strong>Cal que et plantegis el nom de l&#8217;empresa, un esl\u00f2gan i sobretot quin enfocament tindr\u00e0 (tipus de producte, p\u00fablic a qui van dirigits&#8230;).<\/strong><\/p>\n<p>&nbsp;<\/p>\n<h4 style=\"padding-left: 30px;\"><span style=\"color: #000000;\">ACTIVITAT 1: OBTENCI\u00d3 D&#8217;UN LOGOTIP<\/span><\/h4>\n<h6 style=\"padding-left: 60px;\">EXERCICI 1: <a href=\"http:\/\/cmfaoliv.5gbfree.com\/COMPETIC%203\/Projecte%202\/Logotips\/demo.html\" target=\"_blank\">V\u00cdDEO<\/a> | <a href=\"http:\/\/cmfaoliv.5gbfree.com\/COMPETIC%203\/Projecte%202\/Logotips\/tutorial.html\" target=\"_blank\">TUTORIAL<\/a> | <a href=\"http:\/\/cmfaoliv.5gbfree.com\/COMPETIC%203\/Projecte%202\/Logotips\/test.html\" target=\"_blank\">TEST<\/a> |<\/h6>\n<p style=\"padding-left: 60px;\">.<\/p>\n<h4 style=\"padding-left: 30px;\"><span style=\"color: #000000;\">ACTIVITAT 2: CREACI\u00d3 D&#8217;ANUNCIS PER A REVISTA<\/span><\/h4>\n<h6 style=\"padding-left: 60px;\">EXERCICI 1: <a href=\"http:\/\/cmfaoliv.5gbfree.com\/COMPETIC%203\/Projecte%202\/Anunci%201\/demo.html\" target=\"_blank\">V\u00cdDEO<\/a> | <a href=\"http:\/\/cmfaoliv.5gbfree.com\/COMPETIC%203\/Projecte%202\/Anunci%201\/tutorial.html\" target=\"_blank\">TUTORIAL<\/a> | <a href=\"http:\/\/cmfaoliv.5gbfree.com\/COMPETIC%203\/Projecte%202\/Anunci%201\/test.html\" target=\"_blank\">TEST<\/a><\/h6>\n<h6 style=\"padding-left: 60px;\">EXERCICI 2: <a href=\"http:\/\/cmfaoliv.5gbfree.com\/COMPETIC%203\/Projecte%202\/Anunci%202\/demo.html\" target=\"_blank\">V\u00cdDEO<\/a> | <a href=\"http:\/\/cmfaoliv.5gbfree.com\/COMPETIC%203\/Projecte%202\/Anunci%202\/tutorial.html\" target=\"_blank\">TUTORIAL<\/a> | <a href=\"http:\/\/cmfaoliv.5gbfree.com\/COMPETIC%203\/Projecte%202\/Anunci%202\/test.html\" target=\"_blank\">TEST<\/a><\/h6>\n<p style=\"padding-left: 60px;\">.<\/p>\n<h4 style=\"padding-left: 30px;\"><span style=\"color: #000000;\">ACTIVITAT 3: PRESENTACI\u00d3 FETA AMB SWAY<br \/>\n<\/span><\/h4>\n<p style=\"padding-left: 60px;\">\n<h6 style=\"padding-left: 60px;\"><span style=\"color: #000000;\">EXERCICI 1: <a href=\"https:\/\/sway.com\/IeWBi21m1uI5EuA5\">VEURE SWAY<\/a><br \/>\n<\/span><\/h6>\n<p style=\"padding-left: 60px;\"><span style=\"color: #ffffff;\">.<\/span><\/p>\n<h4 style=\"padding-left: 30px;\"><span style=\"color: #ffffff;\">ACTIVITAT 4: FULL DE C\u00c0LCUL<\/span><\/h4>\n<h6 style=\"padding-left: 60px;\"><span style=\"color: #ffffff;\">EXERCICI 1: V\u00cdDEO | TUTORIAL | TEST | BAIXAR<\/span><\/h6>\n<p style=\"padding-left: 60px;\"><span style=\"color: #ffffff;\">.<\/span><\/p>\n<h4 style=\"padding-left: 30px;\"><span style=\"color: #ffffff;\">ACTIVITAT 5: CAT\u00c0LEG SERVEIS<\/span><\/h4>\n<h6 style=\"padding-left: 60px;\"><span style=\"color: #ffffff;\">EXERCICI 1: V\u00cdDEO | TUTORIAL | TEST | BAIXAR<\/span><\/h6>\n<p style=\"padding-left: 60px;\"><span style=\"color: #ffffff;\">.<\/span><\/p>\n<h4 style=\"padding-left: 30px;\"><span style=\"color: #ffffff;\">ACTIVITAT 6: ANUNCI D&#8217;\u00c0UDIO I DE VIDEO<\/span><\/h4>\n<h6 style=\"padding-left: 60px;\"><span style=\"color: #ffffff;\">EXERCICI 1: V\u00cdDEO | TUTORIAL | TEST | BAIXAR<\/span><\/h6>\n<p style=\"padding-left: 60px;\"><span style=\"color: #ffffff;\">.<\/span><\/p>\n<h4 style=\"padding-left: 30px;\"><span style=\"color: #ffffff;\">ACTIVITAT 7: CREACI\u00d3 DE FORMULARI DE SATISFACCI\u00d3<\/span><\/h4>\n<h6 style=\"padding-left: 60px;\"><span style=\"color: #ffffff;\">EXERCICI 1: V\u00cdDEO | TUTORIAL | TEST | BAIXAR<\/span><\/h6>\n<p style=\"padding-left: 60px;\"><span style=\"color: #ffffff;\">.<\/span><\/p>\n<h4 style=\"padding-left: 30px;\"><span style=\"color: #ffffff;\">ACTIVITAT 8: CREACI\u00d3 DE LLOC WEB<\/span><\/h4>\n<h6 style=\"padding-left: 60px;\"><span style=\"color: #ffffff;\">EXERCICI 1: V\u00cdDEO | TUTORIAL | TEST | BAIXAR<\/span><\/h6>\n","protected":false},"excerpt":{"rendered":"<p>En aquest projecte desenvoluparem alguns dels elements b\u00e0sics de comunicaci\u00f3 i promoci\u00f3 en el proc\u00e9s de creaci\u00f3 d&#8217;una empresa. Aquesta empresa operar\u00e0 a Internet i caldr\u00e0 triar entre una empresa que ofereix viatges i\/o excursions a un p\u00fablic concret o b\u00e9 a destinacions concretes o&hellip;  <a href=\"https:\/\/agora.xtec.cat\/cfa-olivera\/competic\/competic-3-projectes\/projecte-2-creem-una-empresa\/\" title=\"Read Projecte 2: creem una empresa\">Llegeix m\u00e9s\u00bb<\/a><\/p>\n","protected":false},"author":1,"featured_media":0,"parent":1034,"menu_order":0,"comment_status":"closed","ping_status":"closed","template":"page-templates\/side-menu.php","meta":{"_bbp_topic_count":0,"_bbp_reply_count":0,"_bbp_total_topic_count":0,"_bbp_total_reply_count":0,"_bbp_voice_count":0,"_bbp_anonymous_reply_count":0,"_bbp_topic_count_hidden":0,"_bbp_reply_count_hidden":0,"_bbp_forum_subforum_count":0,"footnotes":""},"class_list":["post-2056","page","type-page","status-publish","hentry"],"post_mailing_queue_ids":[],"_links":{"self":[{"href":"https:\/\/agora.xtec.cat\/cfa-olivera\/wp-json\/wp\/v2\/pages\/2056","targetHints":{"allow":["GET"]}}],"collection":[{"href":"https:\/\/agora.xtec.cat\/cfa-olivera\/wp-json\/wp\/v2\/pages"}],"about":[{"href":"https:\/\/agora.xtec.cat\/cfa-olivera\/wp-json\/wp\/v2\/types\/page"}],"author":[{"embeddable":true,"href":"https:\/\/agora.xtec.cat\/cfa-olivera\/wp-json\/wp\/v2\/users\/1"}],"replies":[{"embeddable":true,"href":"https:\/\/agora.xtec.cat\/cfa-olivera\/wp-json\/wp\/v2\/comments?post=2056"}],"version-history":[{"count":4,"href":"https:\/\/agora.xtec.cat\/cfa-olivera\/wp-json\/wp\/v2\/pages\/2056\/revisions"}],"predecessor-version":[{"id":2066,"href":"https:\/\/agora.xtec.cat\/cfa-olivera\/wp-json\/wp\/v2\/pages\/2056\/revisions\/2066"}],"up":[{"embeddable":true,"href":"https:\/\/agora.xtec.cat\/cfa-olivera\/wp-json\/wp\/v2\/pages\/1034"}],"wp:attachment":[{"href":"https:\/\/agora.xtec.cat\/cfa-olivera\/wp-json\/wp\/v2\/media?parent=2056"}],"curies":[{"name":"wp","href":"https:\/\/api.w.org\/{rel}","templated":true}]}}