{"id":1089,"date":"2015-09-30T19:27:26","date_gmt":"2015-09-30T18:27:26","guid":{"rendered":"http:\/\/agora.xtec.cat\/cfa-olivera\/?page_id=1089"},"modified":"2015-09-30T19:27:26","modified_gmt":"2015-09-30T18:27:26","slug":"5-3-encapcalament-i-peu-de-pagina-numeracio","status":"publish","type":"page","link":"https:\/\/agora.xtec.cat\/cfa-olivera\/competic\/continguts-curs\/3-escriure-amb-lordinador\/libreoffice-writter\/5-3-encapcalament-i-peu-de-pagina-numeracio\/","title":{"rendered":"5.3. Encap\u00e7alament i peu de p\u00e0gina. Numeraci\u00f3"},"content":{"rendered":"<p>&nbsp;<\/p>\n<p>&nbsp;<\/p>\n<p style=\"padding-left: 120px;\"><iframe loading=\"lazy\" src=\"https:\/\/www.youtube.com\/embed\/eJi5FJLJsPs?showinfo=0\" width=\"640\" height=\"360\" frameborder=\"0\" allowfullscreen=\"allowfullscreen\"><\/iframe><\/p>\n<p>&nbsp;<\/p>\n<p style=\"padding-left: 90px;\">\n","protected":false},"excerpt":{"rendered":"<p>&nbsp;<br \/>\n&nbsp;<\/p>\n<p>&nbsp;<\/p>\n","protected":false},"author":1,"featured_media":0,"parent":1058,"menu_order":0,"comment_status":"closed","ping_status":"closed","template":"page-templates\/side-menu.php","meta":{"_bbp_topic_count":0,"_bbp_reply_count":0,"_bbp_total_topic_count":0,"_bbp_total_reply_count":0,"_bbp_voice_count":0,"_bbp_anonymous_reply_count":0,"_bbp_topic_count_hidden":0,"_bbp_reply_count_hidden":0,"_bbp_forum_subforum_count":0,"footnotes":""},"class_list":["post-1089","page","type-page","status-publish","hentry"],"post_mailing_queue_ids":[],"_links":{"self":[{"href":"https:\/\/agora.xtec.cat\/cfa-olivera\/wp-json\/wp\/v2\/pages\/1089","targetHints":{"allow":["GET"]}}],"collection":[{"href":"https:\/\/agora.xtec.cat\/cfa-olivera\/wp-json\/wp\/v2\/pages"}],"about":[{"href":"https:\/\/agora.xtec.cat\/cfa-olivera\/wp-json\/wp\/v2\/types\/page"}],"author":[{"embeddable":true,"href":"https:\/\/agora.xtec.cat\/cfa-olivera\/wp-json\/wp\/v2\/users\/1"}],"replies":[{"embeddable":true,"href":"https:\/\/agora.xtec.cat\/cfa-olivera\/wp-json\/wp\/v2\/comments?post=1089"}],"version-history":[{"count":1,"href":"https:\/\/agora.xtec.cat\/cfa-olivera\/wp-json\/wp\/v2\/pages\/1089\/revisions"}],"predecessor-version":[{"id":1090,"href":"https:\/\/agora.xtec.cat\/cfa-olivera\/wp-json\/wp\/v2\/pages\/1089\/revisions\/1090"}],"up":[{"embeddable":true,"href":"https:\/\/agora.xtec.cat\/cfa-olivera\/wp-json\/wp\/v2\/pages\/1058"}],"wp:attachment":[{"href":"https:\/\/agora.xtec.cat\/cfa-olivera\/wp-json\/wp\/v2\/media?parent=1089"}],"curies":[{"name":"wp","href":"https:\/\/api.w.org\/{rel}","templated":true}]}}