{"id":1058,"date":"2015-09-30T18:53:46","date_gmt":"2015-09-30T17:53:46","guid":{"rendered":"http:\/\/agora.xtec.cat\/cfa-olivera\/?page_id=1058"},"modified":"2015-09-30T22:34:52","modified_gmt":"2015-09-30T21:34:52","slug":"libreoffice-writter","status":"publish","type":"page","link":"https:\/\/agora.xtec.cat\/cfa-olivera\/competic\/continguts-curs\/3-escriure-amb-lordinador\/libreoffice-writter\/","title":{"rendered":"LibreOffice Writter"},"content":{"rendered":"<p>&nbsp;<\/p>\n<h3 style=\"padding-left: 90px;\"><span style=\"color: #000000;\">1. Introducci\u00f3<\/span><\/h3>\n<p style=\"padding-left: 90px;\">1.1. <a href=\"http:\/\/agora.xtec.cat\/cfa-olivera\/competic\/continguts-curs\/3-escriure-amb-lordinador\/libreoffice-writter\/1-1-elements-grafics\/\">Elements gr\u00e0fics<\/a><\/p>\n<h3 style=\"padding-left: 90px;\"><span style=\"color: #000000;\">2. El format de la lletra<\/span><\/h3>\n<p style=\"padding-left: 90px;\">2.1. <a href=\"http:\/\/agora.xtec.cat\/cfa-olivera\/competic\/continguts-curs\/3-escriure-amb-lordinador\/libreoffice-writter\/2-1-donar-format-a-la-lletra-tipus-de-lletra-mida-i-correccio\/\">Donar format a la lletra: tipus de lletra, mida i correcci\u00f3.<\/a><br \/>\n<span style=\"color: #333333;\">2.2. <\/span><a href=\"http:\/\/agora.xtec.cat\/cfa-olivera\/competic\/continguts-curs\/3-escriure-amb-lordinador\/libreoffice-writter\/2-2-com-tallar-copiar-i-enganxar-text\/\">Com tallar, copiar i enganxar text.<\/a><br \/>\n2.3. <a href=\"http:\/\/agora.xtec.cat\/cfa-olivera\/competic\/continguts-curs\/3-escriure-amb-lordinador\/libreoffice-writter\/2-3-mes-formats-de-lletra-negreta-cursiva-i-subratllat\/\">M\u00e9s formats de lletra: negreta, cursiva i subratllat.<\/a><br \/>\n2.4 <a href=\"http:\/\/agora.xtec.cat\/cfa-olivera\/competic\/continguts-curs\/3-escriure-amb-lordinador\/libreoffice-writter\/2-4-altres-maneres-de-donar-format-a-la-lletra-colors-subindex-i-superindex\/\">Altres maneres de donar format a la lletra: colors, sub\u00edndex i super\u00edndex.<\/a><\/p>\n<h3 style=\"padding-left: 90px;\"><span style=\"color: #000000;\">3. El format del text<\/span><\/h3>\n<p style=\"padding-left: 90px;\">3.1. <a href=\"http:\/\/agora.xtec.cat\/cfa-olivera\/competic\/continguts-curs\/3-escriure-amb-lordinador\/libreoffice-writter\/3-1-alineacio-sagnat-tabuladors-espais-i-espai-entre-linies\/\">Alineaci\u00f3, sagnat, tabuladors, espais i espai entre l\u00ednies.<\/a><br \/>\n3.2. <a href=\"http:\/\/agora.xtec.cat\/cfa-olivera\/competic\/continguts-curs\/3-escriure-amb-lordinador\/libreoffice-writter\/3-2-com-fer-llistes-numeracio-i-vinyetes\/\">Com fer llistes: numeraci\u00f3 i vinyetes<\/a><br \/>\n3.3. <a href=\"http:\/\/agora.xtec.cat\/cfa-olivera\/competic\/continguts-curs\/3-escriure-amb-lordinador\/libreoffice-writter\/3-3-com-fer-titols-encapcalaments-i-estils-de-paragraf\/\">Com fer t\u00edtols, encap\u00e7alaments i estils de par\u00e0graf.<\/a><\/p>\n<h3 style=\"padding-left: 90px;\"><span style=\"color: #000000;\">4. Treballant amb imatges (I)<\/span><\/h3>\n<p style=\"padding-left: 90px;\">4.1. <a href=\"http:\/\/agora.xtec.cat\/cfa-olivera\/competic\/continguts-curs\/3-escriure-amb-lordinador\/libreoffice-writter\/4-1-inserir-imatges-i-canviar-ne-la-mida\/\">Inserir imatges i canviar-ne la mida<\/a><br \/>\n4.2. <a href=\"http:\/\/agora.xtec.cat\/cfa-olivera\/competic\/continguts-curs\/3-escriure-amb-lordinador\/libreoffice-writter\/4-2-posicio-i-enclavatge-en-el-text-de-la-imatge\/\">Posici\u00f3 i enclavatge en el text de la imatge<\/a><\/p>\n<h3 style=\"padding-left: 90px;\"><span style=\"color: #000000;\">5. El format de la p\u00e0gina<\/span><\/h3>\n<p style=\"padding-left: 90px;\">5.1. <a href=\"http:\/\/agora.xtec.cat\/cfa-olivera\/competic\/continguts-curs\/3-escriure-amb-lordinador\/libreoffice-writter\/5-1-mides-orientacio-verticalhoritzontal-marges-color-de-fons\/\">Mides, orientaci\u00f3 vertical\/horitzontal, marges, color de fons.<\/a><br \/>\n5.2. <a href=\"http:\/\/agora.xtec.cat\/cfa-olivera\/competic\/continguts-curs\/3-escriure-amb-lordinador\/libreoffice-writter\/5-2-com-inserir-salts-de-pagina-i-seccions\/\">Com inserir salts de p\u00e0gina i seccions.<\/a><br \/>\n5.3. <a href=\"http:\/\/agora.xtec.cat\/cfa-olivera\/competic\/continguts-curs\/3-escriure-amb-lordinador\/libreoffice-writter\/5-3-encapcalament-i-peu-de-pagina-numeracio\/\">Encap\u00e7alament i peu de p\u00e0gina. Numeraci\u00f3 de p\u00e0g.<\/a><br \/>\n5.4. <a href=\"http:\/\/agora.xtec.cat\/cfa-olivera\/competic\/continguts-curs\/3-escriure-amb-lordinador\/libreoffice-writter\/5-4-insercio-de-index-i-portada\/\">Inserci\u00f3 de index i portada<\/a><\/p>\n<h3 style=\"padding-left: 90px;\"><span style=\"color: #000000;\">6. Treballant amb imatges (II)<\/span><\/h3>\n<p style=\"padding-left: 90px;\">6.1. <a href=\"http:\/\/agora.xtec.cat\/cfa-olivera\/competic\/continguts-curs\/3-escriure-amb-lordinador\/libreoffice-writter\/6-1-vores-fons-i-enllacos\/\">Vores, fons i enlla\u00e7os<\/a><br \/>\n6.2. <a href=\"http:\/\/agora.xtec.cat\/cfa-olivera\/competic\/continguts-curs\/3-escriure-amb-lordinador\/libreoffice-writter\/6-2-peu-de-imatge-i-altres-opcions\/\">Peu de imatge i altres opcions<\/a><\/p>\n<h3 style=\"padding-left: 90px;\"><span style=\"color: #000000;\">7. Treballant amb taules<\/span><\/h3>\n<p style=\"padding-left: 90px;\">7.1. <a href=\"http:\/\/agora.xtec.cat\/cfa-olivera\/competic\/continguts-curs\/3-escriure-amb-lordinador\/libreoffice-writter\/7-1-format-de-la-taula\/\">Format de la taula.<\/a><br \/>\n7.2. <a href=\"http:\/\/agora.xtec.cat\/cfa-olivera\/competic\/continguts-curs\/3-escriure-amb-lordinador\/libreoffice-writter\/7-2-altres-formats-de-taula-i-posicio-del-text\/\">Altres formats de taula i posici\u00f3 del text.<\/a><br \/>\n7.3. <a href=\"http:\/\/agora.xtec.cat\/cfa-olivera\/competic\/continguts-curs\/3-escriure-amb-lordinador\/libreoffice-writter\/7-3-dividir-i-unir-cel%c2%b7les-i-taules\/\">Dividir i unir cel\u00b7les i taules.<\/a><br \/>\n7.4. <a href=\"http:\/\/agora.xtec.cat\/cfa-olivera\/competic\/continguts-curs\/3-escriure-amb-lordinador\/libreoffice-writter\/7-4-inserir-peu-de-taula-i-altres-opcions\/\">Inserir peu de taula i altres opcions.<\/a><\/p>\n<h3 style=\"padding-left: 90px;\"><span style=\"color: #000000;\">8. Treballant amb dibuixos i gr\u00e0fics<\/span><\/h3>\n<p style=\"padding-left: 90px;\">8.1 <a href=\"http:\/\/agora.xtec.cat\/cfa-olivera\/competic\/continguts-curs\/3-escriure-amb-lordinador\/libreoffice-writter\/8-1-diagrames-i-grafics\/\">Diagrames i gr\u00e0fics<\/a><br \/>\n8.2 <a href=\"http:\/\/agora.xtec.cat\/cfa-olivera\/competic\/continguts-curs\/3-escriure-amb-lordinador\/libreoffice-writter\/8-2-eines-de-dibuix-i-fontwork\/\">Eines de dibuix i FontWork.<\/a><\/p>\n<h3 style=\"padding-left: 90px;\"><span style=\"color: #000000;\">9. Inserir enlla\u00e7os i altres objectes multim\u00e8dia<\/span><\/h3>\n<p style=\"padding-left: 90px;\">9.1. <a href=\"http:\/\/agora.xtec.cat\/cfa-olivera\/competic\/continguts-curs\/3-escriure-amb-lordinador\/libreoffice-writter\/9-1-inserir-enllacos\/\">Inserir enlla\u00e7os<\/a><br \/>\n9.2. <a href=\"http:\/\/agora.xtec.cat\/cfa-olivera\/competic\/continguts-curs\/3-escriure-amb-lordinador\/libreoffice-writter\/9-2-inserir-altres-objectes-multimedia\/\">Inserir altres objectes multim\u00e8dia<\/a><\/p>\n<h3 style=\"padding-left: 90px;\"><span style=\"color: #000000;\">10. Presentar el treball<\/span><\/h3>\n<p style=\"padding-left: 90px;\">10.1. <a href=\"http:\/\/agora.xtec.cat\/cfa-olivera\/competic\/continguts-curs\/3-escriure-amb-lordinador\/libreoffice-writter\/10-1-revisio-de-lortografia\/\">Revisi\u00f3 de l\u2019ortografia i cercar mots<\/a><br \/>\n10.2. <a href=\"http:\/\/agora.xtec.cat\/cfa-olivera\/competic\/continguts-curs\/3-escriure-amb-lordinador\/libreoffice-writter\/10-2-inserir-lindex-i-la-portada\/\">Inserir l\u2019index i la portada<\/a><br \/>\n10.3. <a href=\"http:\/\/agora.xtec.cat\/cfa-olivera\/competic\/continguts-curs\/3-escriure-amb-lordinador\/libreoffice-writter\/10-3-com-imprimir-i-desar-en-pdf-o-altres-formats\/\">Com imprimir i desar en PDF o altres formats<\/a><\/p>\n<p style=\"padding-left: 90px;\">\n","protected":false},"excerpt":{"rendered":"<p>&nbsp;<br \/>\n1. Introducci\u00f3<br \/>\n1.1. <a href=\"http:\/\/agora.xtec.cat\/cfa-olivera\/competic\/continguts-curs\/3-escriure-amb-lordinador\/libreoffice-writter\/1-1-elements-grafics\/\">Elements gr\u00e0fics<\/a><br \/>\n2. El format de la lletra<br \/>\n2.1. <a href=\"http:\/\/agora.xtec.cat\/cfa-olivera\/competic\/continguts-curs\/3-escriure-amb-lordinador\/libreoffice-writter\/2-1-donar-format-a-la-lletra-tipus-de-lletra-mida-i-correccio\/\">Donar format a la lletra: tipus de lletra, mida i correcci\u00f3.<\/a><br \/>\n2.2. <a href=\"http:\/\/agora.xtec.cat\/cfa-olivera\/competic\/continguts-curs\/3-escriure-amb-lordinador\/libreoffice-writter\/2-2-com-tallar-copiar-i-enganxar-text\/\">Com tallar, copiar i enganxar text.<\/a><br \/>\n2.3. <a href=\"http:\/\/agora.xtec.cat\/cfa-olivera\/competic\/continguts-curs\/3-escriure-amb-lordinador\/libreoffice-writter\/2-3-mes-formats-de-lletra-negreta-cursiva-i-subratllat\/\">M\u00e9s formats de lletra: negreta, cursiva i subratllat.<\/a><br \/>\n2.4 <a href=\"http:\/\/agora.xtec.cat\/cfa-olivera\/competic\/continguts-curs\/3-escriure-amb-lordinador\/libreoffice-writter\/2-4-altres-maneres-de-donar-format-a-la-lletra-colors-subindex-i-superindex\/\">Altres maneres de donar format a&hellip;  <a href=\"https:\/\/agora.xtec.cat\/cfa-olivera\/competic\/continguts-curs\/3-escriure-amb-lordinador\/libreoffice-writter\/\" title=\"Read LibreOffice Writter\">Llegeix m\u00e9s\u00bb<\/a><\/p>\n","protected":false},"author":1,"featured_media":0,"parent":813,"menu_order":0,"comment_status":"closed","ping_status":"closed","template":"page-templates\/side-menu.php","meta":{"_bbp_topic_count":0,"_bbp_reply_count":0,"_bbp_total_topic_count":0,"_bbp_total_reply_count":0,"_bbp_voice_count":0,"_bbp_anonymous_reply_count":0,"_bbp_topic_count_hidden":0,"_bbp_reply_count_hidden":0,"_bbp_forum_subforum_count":0,"footnotes":""},"class_list":["post-1058","page","type-page","status-publish","hentry"],"post_mailing_queue_ids":[],"_links":{"self":[{"href":"https:\/\/agora.xtec.cat\/cfa-olivera\/wp-json\/wp\/v2\/pages\/1058","targetHints":{"allow":["GET"]}}],"collection":[{"href":"https:\/\/agora.xtec.cat\/cfa-olivera\/wp-json\/wp\/v2\/pages"}],"about":[{"href":"https:\/\/agora.xtec.cat\/cfa-olivera\/wp-json\/wp\/v2\/types\/page"}],"author":[{"embeddable":true,"href":"https:\/\/agora.xtec.cat\/cfa-olivera\/wp-json\/wp\/v2\/users\/1"}],"replies":[{"embeddable":true,"href":"https:\/\/agora.xtec.cat\/cfa-olivera\/wp-json\/wp\/v2\/comments?post=1058"}],"version-history":[{"count":3,"href":"https:\/\/agora.xtec.cat\/cfa-olivera\/wp-json\/wp\/v2\/pages\/1058\/revisions"}],"predecessor-version":[{"id":1137,"href":"https:\/\/agora.xtec.cat\/cfa-olivera\/wp-json\/wp\/v2\/pages\/1058\/revisions\/1137"}],"up":[{"embeddable":true,"href":"https:\/\/agora.xtec.cat\/cfa-olivera\/wp-json\/wp\/v2\/pages\/813"}],"wp:attachment":[{"href":"https:\/\/agora.xtec.cat\/cfa-olivera\/wp-json\/wp\/v2\/media?parent=1058"}],"curies":[{"name":"wp","href":"https:\/\/api.w.org\/{rel}","templated":true}]}}