{"id":1038,"date":"2015-09-29T17:58:36","date_gmt":"2015-09-29T16:58:36","guid":{"rendered":"http:\/\/agora.xtec.cat\/cfa-olivera\/?page_id=1038"},"modified":"2015-09-29T17:59:10","modified_gmt":"2015-09-29T16:59:10","slug":"presentacio","status":"publish","type":"page","link":"https:\/\/agora.xtec.cat\/cfa-olivera\/competic\/competic-3-projectes\/presentacio\/","title":{"rendered":"Presentaci\u00f3"},"content":{"rendered":"<h3>1. Plantejament<\/h3>\n<p>El curs de &#8220;COMPETIC Projectes&#8221; es caracteritza per:<\/p>\n<ul>\n<li>Els continguts s&#8217;estructuren al voltant d&#8217;un projecte que cada alumne desenvolupa de forma lliure. S&#8217;hi donen indicacions per\u00f2 l&#8217;alumne ha de plantejar el projecte de forma aut\u00f2noma.<\/li>\n<li>Els projectes compten amb un m\u00ednim de requisists i indicacions que s&#8217;han de complir per poder ser presentats.<\/li>\n<li>Els projectes presentats seran publicats en paper o en format virtual a les revistes i llocs web de l&#8217;Escola, o a Internet.<\/li>\n<li>Els alumnes que presenten el projecte poden optar a fer la prova final de cadascun, la qual permet obtenir la certificaci\u00f3 oficial COMPETIC &#8211; ACTIC de la Generalitat de Catalunya.<\/li>\n<\/ul>\n<h3><\/h3>\n<blockquote><p><strong>Aix\u00ed, en aquest curs:<\/strong><\/p>\n<p><strong>El m\u00e9s important no \u00e9s SABER sin\u00f3 FER: es tracta de fer servir els coneixements ja adquirits en cursos anteriors<\/strong><\/p>\n<p><strong>El m\u00e9s important no \u00e9s APRENDRE DE MEM\u00d2RIA sin\u00f3 A SER AUT\u00d4NOM: es tracta de saber on buscar la informaci\u00f3, no de memoritzar-la tota.<\/strong><\/p><\/blockquote>\n<p>&nbsp;<\/p>\n<h3>2. Projectes<\/h3>\n<p><img loading=\"lazy\" decoding=\"async\" class=\"aligncenter\" src=\"http:\/\/agora.xtec.cat\/cfa-olivera\/wp-content\/uploads\/usu306\/2015\/09\/intro.png\" alt=\"\" width=\"526\" height=\"765\" \/><\/p>\n<p>&nbsp;<\/p>\n<h3><\/h3>\n<h3>3. La certificaci\u00f3 COMPETIC &#8211; ACTIC<\/h3>\n<p>La sigla ACTIC correspon a la denominaci\u00f3 \u201cacreditaci\u00f3 de compet\u00e8ncies en tecnologies de la informaci\u00f3 i la comunicaci\u00f3\u201d.<\/p>\n<p>L\u2019ACTIC \u00e9s la certificaci\u00f3 acreditativa de la compet\u00e8ncia digital, entesa com la combinaci\u00f3 de coneixements, habilitats i actituds en l\u2019\u00e0mbit de les tecnologies de la informaci\u00f3 i la comunicaci\u00f3 que les persones despleguen en situacions reals per assolir objectius determinats amb efic\u00e0cia i efici\u00e8ncia.<\/p>\n<p>El certificat ACTIC consisteix en un document digital en format PDF signat electr\u00f2nicament per la Direcci\u00f3 General de Telecomunicacions i Societat de la Informaci\u00f3<\/p>\n<ul>\n<li>El certificat COMPETIC 1 equival al certificat b\u00e0sic de l\u2019ACTIC.<\/li>\n<li>El certificat COMPETIC 2 equival al certificat mitj\u00e0 de l\u2019ACTIC.<\/li>\n<\/ul>\n<p>&nbsp;<\/p>\n<p>&nbsp;<\/p>\n<p><img loading=\"lazy\" decoding=\"async\" class=\"aligncenter\" src=\"http:\/\/acticweb.gencat.cat\/web\/sites\/actic\/.content\/01_informacio\/imatges\/arxius\/qacredita.jpg_1698165886.jpg\" alt=\"\" width=\"600\" height=\"339\" \/><\/p>\n<p>&nbsp;<\/p>\n<p>&nbsp;<\/p>\n","protected":false},"excerpt":{"rendered":"<p>1. Plantejament<br \/>\nEl curs de &#8220;COMPETIC Projectes&#8221; es caracteritza per:<\/p>\n<ul>\n<li>Els continguts s&#8217;estructuren al voltant d&#8217;un projecte que cada alumne desenvolupa de forma lliure. S&#8217;hi donen indicacions per\u00f2 l&#8217;alumne ha de plantejar el projecte de forma aut\u00f2noma.<\/li>\n<li>Els projectes compten amb un m\u00ednim de requisists i indicacions que&hellip;  <a href=\"https:\/\/agora.xtec.cat\/cfa-olivera\/competic\/competic-3-projectes\/presentacio\/\" title=\"Read Presentaci\u00f3\">Llegeix m\u00e9s\u00bb<\/a><br \/>\n","protected":false},"author":1,"featured_media":0,"parent":1034,"menu_order":0,"comment_status":"closed","ping_status":"closed","template":"page-templates\/side-menu.php","meta":{"_bbp_topic_count":0,"_bbp_reply_count":0,"_bbp_total_topic_count":0,"_bbp_total_reply_count":0,"_bbp_voice_count":0,"_bbp_anonymous_reply_count":0,"_bbp_topic_count_hidden":0,"_bbp_reply_count_hidden":0,"_bbp_forum_subforum_count":0,"footnotes":""},"class_list":["post-1038","page","type-page","status-publish","hentry"],"post_mailing_queue_ids":[],"_links":{"self":[{"href":"https:\/\/agora.xtec.cat\/cfa-olivera\/wp-json\/wp\/v2\/pages\/1038","targetHints":{"allow":["GET"]}}],"collection":[{"href":"https:\/\/agora.xtec.cat\/cfa-olivera\/wp-json\/wp\/v2\/pages"}],"about":[{"href":"https:\/\/agora.xtec.cat\/cfa-olivera\/wp-json\/wp\/v2\/types\/page"}],"author":[{"embeddable":true,"href":"https:\/\/agora.xtec.cat\/cfa-olivera\/wp-json\/wp\/v2\/users\/1"}],"replies":[{"embeddable":true,"href":"https:\/\/agora.xtec.cat\/cfa-olivera\/wp-json\/wp\/v2\/comments?post=1038"}],"version-history":[{"count":2,"href":"https:\/\/agora.xtec.cat\/cfa-olivera\/wp-json\/wp\/v2\/pages\/1038\/revisions"}],"predecessor-version":[{"id":1041,"href":"https:\/\/agora.xtec.cat\/cfa-olivera\/wp-json\/wp\/v2\/pages\/1038\/revisions\/1041"}],"up":[{"embeddable":true,"href":"https:\/\/agora.xtec.cat\/cfa-olivera\/wp-json\/wp\/v2\/pages\/1034"}],"wp:attachment":[{"href":"https:\/\/agora.xtec.cat\/cfa-olivera\/wp-json\/wp\/v2\/media?parent=1038"}],"curies":[{"name":"wp","href":"https:\/\/api.w.org\/{rel}","templated":true}]}}