{"id":303,"date":"2015-01-28T11:23:05","date_gmt":"2015-01-28T10:23:05","guid":{"rendered":"http:\/\/agora.xtec.cat\/cfa-montseny\/?page_id=303"},"modified":"2021-11-03T12:40:03","modified_gmt":"2021-11-03T11:40:03","slug":"graduat-en-educacio-secundaria-per-adults","status":"publish","type":"page","link":"https:\/\/agora.xtec.cat\/cfa-montseny\/ensenyaments\/ensenyaments-inicials-i-formacio-basica\/graduat-en-educacio-secundaria-per-adults\/","title":{"rendered":"Graduat en educaci\u00f3 secund\u00e0ria per a persones adultes (GESO)"},"content":{"rendered":"<p>Els estudis en\u00a0<strong>educaci\u00f3 secund\u00e0ria per a persones adultes<\/strong>\u00a0estan adre\u00e7ats a aquelles persones que volen assolir els estudis b\u00e0sics per poder accedir al m\u00f3n laboral. En acabar el seu itinerari formatiu al centre, l&#8217;alumnat obt\u00e9 el t\u00edtol de graduat o graduada en educaci\u00f3 secund\u00e0ria obligat\u00f2ria (GESO).<\/p>\n<p><strong>Nivells<\/strong><\/p>\n<ul>\n<li>Els estudis s&#8217;estructuren en m\u00f2duls trimestrals (mat\u00e8ries) organitzats en dos cursos:\n<ul>\n<li>GES 1<\/li>\n<li>GES 2<\/li>\n<\/ul>\n<\/li>\n<\/ul>\n<p><strong>Durada<\/strong><\/p>\n<ul>\n<li>De setembre a juny<\/li>\n<\/ul>\n<p><strong>Requisits<br \/>\n<\/strong><\/p>\n<ul>\n<li>Tenir uns coneixements b\u00e0sics que permetin seguir els ensenyaments de GESO amb \u00e8xit.<\/li>\n<li>Tenir 18 anys o b\u00e9 complir-los durant l&#8217;any natural en qu\u00e8 s&#8217;inicia la formaci\u00f3.<\/li>\n<li>Tamb\u00e9 hi poden accedir les persones m\u00e9s grans de 16 anys o que els compleixin durant l&#8217;any natural en qu\u00e8 inicien la formaci\u00f3 si es troben en alguna de les situacions seg\u00fcents:\n<ul>\n<li>Tenir contracte laboral que impedeix assistir als centres educatius en r\u00e8gim ordinari.<\/li>\n<li>Trobar-se en proc\u00e9s d&#8217;obtenci\u00f3 d&#8217;un perm\u00eds de treball.<\/li>\n<li>Ser esportista d&#8217;alt nivell.<\/li>\n<li>Haver cursat un programa de formaci\u00f3 inicial.<\/li>\n<li>Participar en el programa d&#8217;experi\u00e8ncia professional per a l&#8217;ocupaci\u00f3 juvenil a Catalunya &#8220;Joves per l&#8217;ocupaci\u00f3&#8221;<\/li>\n<\/ul>\n<\/li>\n<\/ul>\n<p><strong>Convalidacions i acreditacions<\/strong><\/p>\n<ul>\n<li>La superaci\u00f3 d&#8217;una prova d&#8217;avaluaci\u00f3 inicial (PAI) permet acreditar\u00a0part del curr\u00edculum.<\/li>\n<li>Les assignatures superades de l&#8217;ESO permeten convalidar part de curr\u00edculum.<\/li>\n<\/ul>\n<p><strong>Curr\u00edculum<br \/>\n<\/strong><\/p>\n<ul>\n<li>\u00a0<a href=\"http:\/\/dogc.gencat.cat\/ca\/pdogc_canals_interns\/pdogc_resultats_fitxa\/?documentId=504619&amp;action=fitxa\">Decret d&#8217;ordenaci\u00f3 dels ensenyaments de l&#8217;educaci\u00f3 secund\u00e0ria obligat\u00f2ria per a persones adultes<\/a><\/li>\n<\/ul>\n<p><strong>Aula virtual<\/strong><\/p>\n<ul>\n<li><a href=\"http:\/\/agora.xtec.cat\/cfa-montseny\/moodle\/\">Moodle del CFA Montseny<\/a><\/li>\n<\/ul>\n<p><strong>Avaluaci\u00f3<\/strong><\/p>\n<ul>\n<li>Cada m\u00f2dul t\u00e9 una durada trimestral.<\/li>\n<li>\u00danicament t\u00e9\u00a0dret a l&#8217;avaluaci\u00f3 l&#8217;alumnat que hagi assolit el 80% d&#8217;assist\u00e8ncia.<\/li>\n<li>El professorat de cada m\u00f2dul fa una avaluaci\u00f3 cont\u00ednua del progr\u00e9s de l&#8217;alumnat.<\/li>\n<li>Cada m\u00f2dul es puntua de 0 a 10, sent 5 la nota m\u00ednima per aprovar.<\/li>\n<\/ul>\n<p><strong>Promoci\u00f3 de curs i\/o obtenci\u00f3 de certificaci\u00f3<\/strong><\/p>\n<ul>\n<li>L&#8217;alumnat obt\u00e9 el t\u00edtol de graduada o graduat en educaci\u00f3 secund\u00e0ria obligat\u00f2ria (GESO) en superar tots els m\u00f2duls trimestrals del seu itinerari formatiu.<\/li>\n<\/ul>\n<ul>\n<li>La titulaci\u00f3 permet accedir a determinats concursos d&#8217;oposici\u00f3 de les diverses administracions p\u00fabliques.<\/li>\n<li>Tamb\u00e9 permet accedir als ensenyaments seg\u00fcents:\n<ul>\n<li>batxillerat<\/li>\n<li>cicles formatius de grau mitj\u00e0<\/li>\n<li>preparaci\u00f3 per a les proves d&#8217;acc\u00e9s als cicles formatius\u00a0de grau superior<\/li>\n<li>preparaci\u00f3 per a les proves d&#8217;acc\u00e9s a la universitat per\u00a0a les persones m\u00e9s grans de 25 anys.<\/li>\n<\/ul>\n<\/li>\n<\/ul>\n<p><strong>Franja hor\u00e0ria\u00a0 pel curs 2021-2022<br \/>\n<\/strong><\/p>\n<ul>\n<li>GES 1 : matins de 9 a 13h. 5 dies a la setmana<\/li>\n<li>GES 2: matins de 9 a 13h. 5 dies a la setmana<\/li>\n<\/ul>\n<p>&nbsp;<\/p>\n","protected":false},"excerpt":{"rendered":"<p>Els estudis en\u00a0educaci\u00f3 secund\u00e0ria per a persones adultes\u00a0estan adre\u00e7ats a aquelles persones que volen assolir els estudis b\u00e0sics per poder accedir al m\u00f3n laboral. En acabar el seu itinerari formatiu al centre, l&#8217;alumnat obt\u00e9 el t\u00edtol de graduat o graduada en educaci\u00f3 secund\u00e0ria obligat\u00f2ria (GESO).<br \/>\nNivells<\/p>\n<ul>\n<li>Els&hellip;  <a href=\"https:\/\/agora.xtec.cat\/cfa-montseny\/ensenyaments\/ensenyaments-inicials-i-formacio-basica\/graduat-en-educacio-secundaria-per-adults\/\" title=\"Read Graduat en educaci\u00f3 secund\u00e0ria per a persones adultes (GESO)\">Llegeix m\u00e9s\u00bb<\/a><br \/>\n","protected":false},"author":1,"featured_media":0,"parent":283,"menu_order":0,"comment_status":"closed","ping_status":"closed","template":"page-templates\/side-menu.php","meta":{"_bbp_topic_count":0,"_bbp_reply_count":0,"_bbp_total_topic_count":0,"_bbp_total_reply_count":0,"_bbp_voice_count":0,"_bbp_anonymous_reply_count":0,"_bbp_topic_count_hidden":0,"_bbp_reply_count_hidden":0,"_bbp_forum_subforum_count":0,"footnotes":""},"class_list":["post-303","page","type-page","status-publish","hentry"],"post_mailing_queue_ids":[],"_links":{"self":[{"href":"https:\/\/agora.xtec.cat\/cfa-montseny\/wp-json\/wp\/v2\/pages\/303","targetHints":{"allow":["GET"]}}],"collection":[{"href":"https:\/\/agora.xtec.cat\/cfa-montseny\/wp-json\/wp\/v2\/pages"}],"about":[{"href":"https:\/\/agora.xtec.cat\/cfa-montseny\/wp-json\/wp\/v2\/types\/page"}],"author":[{"embeddable":true,"href":"https:\/\/agora.xtec.cat\/cfa-montseny\/wp-json\/wp\/v2\/users\/1"}],"replies":[{"embeddable":true,"href":"https:\/\/agora.xtec.cat\/cfa-montseny\/wp-json\/wp\/v2\/comments?post=303"}],"version-history":[{"count":4,"href":"https:\/\/agora.xtec.cat\/cfa-montseny\/wp-json\/wp\/v2\/pages\/303\/revisions"}],"predecessor-version":[{"id":3475,"href":"https:\/\/agora.xtec.cat\/cfa-montseny\/wp-json\/wp\/v2\/pages\/303\/revisions\/3475"}],"up":[{"embeddable":true,"href":"https:\/\/agora.xtec.cat\/cfa-montseny\/wp-json\/wp\/v2\/pages\/283"}],"wp:attachment":[{"href":"https:\/\/agora.xtec.cat\/cfa-montseny\/wp-json\/wp\/v2\/media?parent=303"}],"curies":[{"name":"wp","href":"https:\/\/api.w.org\/{rel}","templated":true}]}}