{"id":301,"date":"2015-01-28T11:21:46","date_gmt":"2015-01-28T10:21:46","guid":{"rendered":"http:\/\/agora.xtec.cat\/cfa-montseny\/?page_id=301"},"modified":"2021-11-03T12:38:45","modified_gmt":"2021-11-03T11:38:45","slug":"formacio-instrumental","status":"publish","type":"page","link":"https:\/\/agora.xtec.cat\/cfa-montseny\/ensenyaments\/ensenyaments-inicials-i-formacio-basica\/formacio-instrumental\/","title":{"rendered":"Formaci\u00f3 instrumental"},"content":{"rendered":"<p>L&#8217;objectiu d&#8217;aquests estudis \u00e9s que les persones adultes aprenguin a llegir, escriure i fer c\u00e0lculs elementals. La superaci\u00f3 d&#8217;aquests cursos equival al nivell d&#8217;estudis primaris.<\/p>\n<p><strong>Nivells<\/strong><\/p>\n<ul>\n<li>Instrumental 1<\/li>\n<li>Instrumental 2<\/li>\n<li>Instrumental 3<\/li>\n<\/ul>\n<p><strong>Durada<\/strong><\/p>\n<ul>\n<li>De setembre a juny<\/li>\n<\/ul>\n<p><strong>Requisits<\/strong><\/p>\n<ul>\n<li>Poden accedir a aquests estudis totes les persones que tenen m\u00e9s de 18 anys o b\u00e9 els compleixen durant l&#8217;any natural en qu\u00e8 s&#8217;inicia la formaci\u00f3.<\/li>\n<\/ul>\n<p><strong>Convalidacions i acreditacions<\/strong><\/p>\n<ul>\n<li>Es fa una prova de nivell inicial (PAI) per determinar el nivell de l&#8217;alumnat i assignar-lo al grup corresponent.<\/li>\n<\/ul>\n<p><strong>Curr\u00edculum<\/strong><\/p>\n<ul>\n<li>Els continguts d&#8217;aquesta formaci\u00f3 s&#8217;organitzen en tres <strong>nivells<\/strong>:\n<ul>\n<li>el primer nivell, en qu\u00e8 l&#8217;aprenentatge se centra en l&#8217;adquisici\u00f3 dels mecanismes fonamentals de lectura i escriptura i de c\u00e0lcul, a m\u00e9s de nocions elementals sobre l&#8217;entorn social i natural;<\/li>\n<li>el segon nivell, en qu\u00e8 l&#8217;objectiu central \u00e9s consolidar aquests mecanismes i\u00a0els\u00a0coneixements que expliquen l&#8217;entorn, i<\/li>\n<li>el tercer nivell, en el qual s&#8217;amplien els coneixements anteriors fins a assolir els objectius generals del cicle.<\/li>\n<\/ul>\n<\/li>\n<\/ul>\n<ul>\n<li>Cada nivell inclou tres <strong>\u00e0rees de coneixement<\/strong>:\n<ul>\n<li>llengua,<\/li>\n<li>matem\u00e0tiques i<\/li>\n<li>ci\u00e8ncies socials i naturals.<\/li>\n<\/ul>\n<\/li>\n<\/ul>\n<ul>\n<li>La durada aproximada d&#8217;aquesta formaci\u00f3 \u00e9s de\u00a01.100 hores. Aix\u00f2 no obstant, segons els coneixements previs, les necessitats formatives, i els ritmes d&#8217;aprenentatge de l&#8217;alumnat, la durada pot ser m\u00e9s llarga o menys.<\/li>\n<\/ul>\n<p><strong>Avaluaci\u00f3<\/strong><\/p>\n<ul>\n<li>El professorat fa una avaluaci\u00f3 continua de l&#8217;alumnat al llarg del curs.<\/li>\n<li>L&#8217;alumnat obt\u00e9 una nota, el juny, que determina si \u00e9s Apte o No apte i si pot passar de nivell o pel contrari ha de tornar a cursar el mateix nivell el curs vinent.<\/li>\n<\/ul>\n<p><strong>Promoci\u00f3 de curs i\/o obtenci\u00f3 de certificaci\u00f3<\/strong><\/p>\n<ul>\n<li>La superaci\u00f3 d&#8217;Instrumental 3 permet a l&#8217;alumnat continuar la seva formaci\u00f3 en Llengua catalana.<\/li>\n<\/ul>\n<p><strong>Franja hor\u00e0ria pel curs 2021-2022<br \/>\n<\/strong><\/p>\n<ul>\n<li>Instrumental 1: un grup al mat\u00ed i un grup a la tarda<\/li>\n<li>Instrumental : un grup al mat\u00ed i un grup a la tarda<\/li>\n<li>Instrumental 3: Un grup al mat\u00ed i un grup a la tarda<\/li>\n<\/ul>\n<p>&nbsp;<\/p>\n<p>&nbsp;<\/p>\n","protected":false},"excerpt":{"rendered":"<p>L&#8217;objectiu d&#8217;aquests estudis \u00e9s que les persones adultes aprenguin a llegir, escriure i fer c\u00e0lculs elementals. La superaci\u00f3 d&#8217;aquests cursos equival al nivell d&#8217;estudis primaris.<br \/>\nNivells<\/p>\n<ul>\n<li>Instrumental 1<\/li>\n<li>Instrumental 2<\/li>\n<li>Instrumental 3<\/li>\n<\/ul>\n<p>Durada<\/p>\n<ul>\n<li>De setembre a juny<\/li>\n<\/ul>\n<p>Requisits<\/p>\n<ul>\n<li>Poden accedir a aquests estudis totes les persones que tenen m\u00e9s de 18 anys o&hellip;  <a href=\"https:\/\/agora.xtec.cat\/cfa-montseny\/ensenyaments\/ensenyaments-inicials-i-formacio-basica\/formacio-instrumental\/\" title=\"Read Formaci\u00f3 instrumental\">Llegeix m\u00e9s\u00bb<\/a><br \/>\n","protected":false},"author":1,"featured_media":0,"parent":283,"menu_order":0,"comment_status":"closed","ping_status":"closed","template":"page-templates\/side-menu.php","meta":{"_bbp_topic_count":0,"_bbp_reply_count":0,"_bbp_total_topic_count":0,"_bbp_total_reply_count":0,"_bbp_voice_count":0,"_bbp_anonymous_reply_count":0,"_bbp_topic_count_hidden":0,"_bbp_reply_count_hidden":0,"_bbp_forum_subforum_count":0,"footnotes":""},"class_list":["post-301","page","type-page","status-publish","hentry"],"post_mailing_queue_ids":[],"_links":{"self":[{"href":"https:\/\/agora.xtec.cat\/cfa-montseny\/wp-json\/wp\/v2\/pages\/301","targetHints":{"allow":["GET"]}}],"collection":[{"href":"https:\/\/agora.xtec.cat\/cfa-montseny\/wp-json\/wp\/v2\/pages"}],"about":[{"href":"https:\/\/agora.xtec.cat\/cfa-montseny\/wp-json\/wp\/v2\/types\/page"}],"author":[{"embeddable":true,"href":"https:\/\/agora.xtec.cat\/cfa-montseny\/wp-json\/wp\/v2\/users\/1"}],"replies":[{"embeddable":true,"href":"https:\/\/agora.xtec.cat\/cfa-montseny\/wp-json\/wp\/v2\/comments?post=301"}],"version-history":[{"count":4,"href":"https:\/\/agora.xtec.cat\/cfa-montseny\/wp-json\/wp\/v2\/pages\/301\/revisions"}],"predecessor-version":[{"id":3473,"href":"https:\/\/agora.xtec.cat\/cfa-montseny\/wp-json\/wp\/v2\/pages\/301\/revisions\/3473"}],"up":[{"embeddable":true,"href":"https:\/\/agora.xtec.cat\/cfa-montseny\/wp-json\/wp\/v2\/pages\/283"}],"wp:attachment":[{"href":"https:\/\/agora.xtec.cat\/cfa-montseny\/wp-json\/wp\/v2\/media?parent=301"}],"curies":[{"name":"wp","href":"https:\/\/api.w.org\/{rel}","templated":true}]}}